{"id":117,"date":"2024-06-12T05:06:31","date_gmt":"2024-06-12T05:06:31","guid":{"rendered":"https:\/\/rfid-laundry-tag.com\/?post_type=product&#038;p=117"},"modified":"2024-08-14T16:49:35","modified_gmt":"2024-08-14T16:49:35","slug":"rfid-laundry-tag-pps-em4305","status":"publish","type":"product","link":"https:\/\/rfid-laundry-tag.com\/hr\/rfid-laundry-tag-pps-em4305\/","title":{"rendered":"RFID oznaka za pranje rublja-PPS -EM4305"},"content":{"rendered":"<div class=\"J_module\">\n<div class=\"ife-detail-decorate-table\">\n<table style=\"border-collapse: collapse; width: 451.23pt;\" border=\"0\" width=\"752\" cellspacing=\"0\" cellpadding=\"0\">\n<tbody>\n<tr style=\"height: 28.00pt;\">\n<td class=\"et2\" style=\"height: 28.00pt; width: 138.60pt;\" width=\"231\" height=\"46\">Ime proizvoda<\/td>\n<td class=\"et3\" style=\"width: 312.60pt;\" width=\"521\">RFID oznaka za pranje rublja-PPS -EM4305<\/td>\n<\/tr>\n<tr style=\"height: 14.40pt;\">\n<td class=\"et3\" style=\"height: 14.40pt; width: 138.60pt;\" width=\"231\" height=\"24\">Materijal<\/td>\n<td class=\"et3\" style=\"width: 312.60pt;\" width=\"521\">PPS<\/td>\n<\/tr>\n<tr style=\"height: 14.40pt;\">\n<td class=\"et3\" style=\"height: 14.40pt; width: 138.60pt;\" width=\"231\" height=\"24\">Boja<\/td>\n<td class=\"et3\" style=\"width: 312.60pt;\" width=\"521\">Crno<\/td>\n<\/tr>\n<tr style=\"height: 14.40pt;\">\n<td class=\"et3\" style=\"height: 14.40pt; width: 138.60pt;\" width=\"231\" height=\"24\">MOQ<\/td>\n<td class=\"et3\" style=\"width: 312.60pt;\" width=\"521\">500kom<\/td>\n<\/tr>\n<tr style=\"height: 42.00pt;\">\n<td class=\"et3\" style=\"height: 42.00pt; width: 138.60pt;\" width=\"231\" height=\"70\">Proizvo\u0111a\u010d\/\u010dip<\/td>\n<td class=\"et3\" style=\"width: 312.60pt;\" width=\"521\">EM4200, TK4100, EM4305, T5577 itd<\/td>\n<\/tr>\n<tr style=\"height: 14.40pt;\">\n<td class=\"et3\" style=\"height: 14.40pt; width: 138.60pt;\" width=\"231\" height=\"24\">Frekvencija<\/td>\n<td class=\"et3\" style=\"width: 312.60pt;\" width=\"521\">125 kHz<\/td>\n<\/tr>\n<tr style=\"height: 70.00pt;\">\n<td class=\"et3\" style=\"height: 70.00pt; width: 138.60pt;\" width=\"231\" height=\"116\">Veli\u010dina<\/td>\n<td class=\"et3\" style=\"width: 312.60pt;\" width=\"521\">Promjer 14 mm, Promjer 15 mm, Promjer 18 mm, Promjer 20 mm,<\/p>\n<p>Dia22mm, Dia24mm, Dia30mm itd<\/td>\n<\/tr>\n<tr style=\"height: 14.40pt;\">\n<td class=\"et3\" style=\"height: 14.40pt; width: 138.60pt;\" width=\"231\" height=\"24\">Pro\u010ditajte Udaljenost<\/td>\n<td class=\"et3\" style=\"width: 312.60pt;\" width=\"521\">1~5 cm<\/td>\n<\/tr>\n<tr style=\"height: 14.40pt;\">\n<td class=\"et3\" style=\"height: 14.40pt; width: 138.60pt;\" width=\"231\" height=\"24\">Na\u010din rada<\/td>\n<td class=\"et3\" style=\"width: 312.60pt;\" width=\"521\">pasivno<\/td>\n<\/tr>\n<tr style=\"height: 14.40pt;\">\n<td class=\"et3\" style=\"height: 14.40pt; width: 138.60pt;\" width=\"231\" height=\"24\">Radna temperatura<\/td>\n<td class=\"et3\" style=\"width: 312.60pt;\" width=\"521\">-25<span class=\"font0\">\u2103<\/span><span class=\"font2\">~+110<\/span><span class=\"font0\">\u2103<\/span><\/td>\n<\/tr>\n<tr style=\"height: 14.40pt;\">\n<td class=\"et3\" style=\"height: 14.40pt; width: 138.60pt;\" width=\"231\" height=\"24\">Temperatura skladi\u0161tenja<\/td>\n<td class=\"et3\" style=\"width: 312.60pt;\" width=\"521\">-40<span class=\"font0\">\u2103<\/span><span class=\"font2\">~+85<\/span><span class=\"font0\">\u2103<\/span><\/td>\n<\/tr>\n<tr style=\"height: 73.00pt;\">\n<td class=\"et4\" style=\"height: 73.00pt;\" height=\"121\">Radne specifikacije<\/td>\n<td class=\"et3\" style=\"width: 312.60pt;\" width=\"521\">Vodootporan; otporan na uranjanje u slanu vodu, alkohol, ulje, 10%HCL; Amonijak; udar i vibracije<\/td>\n<\/tr>\n<tr style=\"height: 14.40pt;\">\n<td class=\"et3\" style=\"height: 14.40pt; width: 138.60pt;\" width=\"231\" height=\"24\">Zna\u010dajke<\/td>\n<td class=\"et3\" style=\"width: 312.60pt;\" width=\"521\">vodootporan, periv, otporan na visoke temperature<\/td>\n<\/tr>\n<tr style=\"height: 14.40pt;\">\n<td class=\"et3\" style=\"height: 14.40pt; width: 138.60pt;\" width=\"231\" height=\"24\">Prijave<\/td>\n<td class=\"et3\" style=\"width: 312.60pt;\" width=\"521\">upravljanje praonicama i pra\u0107enje<\/td>\n<\/tr>\n<\/tbody>\n<\/table>\n<\/div>\n<\/div>\n<div class=\"J_module\">\n<div class=\"detail-decorate-json-renderer-container\">\n<div class=\"magic-1\">\n<div>\n<div><\/div>\n<\/div>\n<div class=\"magic-2\">\n<div>\n<div class=\"auto-hide-last-sibling-br paragraph_1252f paragraph-element\">\n<div class=\"auto-hide-last-sibling-br paragraph_1252f paragraph-element\"><strong>125kHz PPS RFID oznake za pranje rublja<\/strong> donose brojne prednosti kada su integrirani u RFID rje\u0161enja za oznake za rublje.<\/div>\n<div class=\"auto-hide-last-sibling-br paragraph_1252f paragraph-element\">Me\u0111u tim prednostima su:<\/div>\n<ol class=\"auto-hide-last-sibling-br\">\n<li>Tvorni\u010dke cijene osiguravaju isplativa rje\u0161enja.<\/li>\n<li>Zajam\u010dena kvaliteta, uz 100% testiranje provedeno prije otpreme.<\/li>\n<li>Dugotrajna pouzdanost, certificirana za vi\u0161e od 200 ciklusa pranja ili s 2-godi\u0161njim jamstvom trajanja nakon isporuke.<\/li>\n<li>Iznimna izdr\u017eljivost, s otporno\u0161\u0107u na vodu, toplinu, pritisak i izlo\u017eenost kemikalijama.<\/li>\n<li>Tako\u0111er nudimo besplatni uzorak za osiguranje kvalitete i testiranje.<\/li>\n<\/ol>\n<div class=\"auto-hide-last-sibling-br paragraph_1252f paragraph-element\"><strong>RFID oznaka za pranje rublja-PPS -EM4305 Primjene:<\/strong><\/div>\n<ol class=\"auto-hide-last-sibling-br\">\n<li>\n<div class=\"auto-hide-last-sibling-br paragraph_1252f paragraph-element\">Industrijske praonice rublja: u industrijskoj areni kori\u0161tenje RFID gumba za oznaku rublja olak\u0161ava pra\u0107enje velikih koli\u010dina rublja.<\/div>\n<\/li>\n<li>\n<div class=\"auto-hide-last-sibling-br paragraph_1252f paragraph-element\">Bolnice i hoteli: ove ustanove \u010desto obavljaju zadatke pranja velikih koli\u010dina rublja gdje su se ove oznake pokazale klju\u010dnima u pobolj\u0161anju u\u010dinkovitosti i pojednostavljenju upravljanja zalihama.<\/div>\n<\/li>\n<li>\n<div class=\"auto-hide-last-sibling-br paragraph_1252f paragraph-element\">Iznajmljivanje posteljine: Tvrtke koje nude usluge iznajmljivanja posteljine usvajaju ove oznake kako bi pojednostavnile upravljanje zalihama i osigurale kontrolu kvalitete.<\/div>\n<\/li>\n<\/ol>\n<\/div>\n<\/div>\n<\/div>\n<\/div>\n<\/div>\n<\/div>","protected":false},"excerpt":{"rendered":"<div class=\"auto-hide-last-sibling-br paragraph_1252f paragraph-element\">RFID oznaka za pranje rublja-PPS -EM4305 namjerno je dizajnirana da izdr\u017ei uranjanje u vodu, toplinski kontakt, stres i izlo\u017eenost kemijskim tvarima, \u0161to ih \u010dini prikladnima za zahtjevne okolnosti. Ove oznake nalaze primarnu primjenu u pra\u0107enju inventara i validaciji u nizu objekata kao \u0161to su zdravstveni centri, obrazovne organizacije, hoteli i sli\u010dne ustanove.<\/div>\n<div class=\"auto-hide-last-sibling-br paragraph_1252f paragraph-element\"><\/div>","protected":false},"featured_media":147,"template":"","meta":{"_kad_post_transparent":"default","_kad_post_title":"","_kad_post_layout":"default","_kad_post_sidebar_id":"","_kad_post_content_style":"default","_kad_post_vertical_padding":"default","_kad_post_feature":"","_kad_post_feature_position":"","_kad_post_header":false,"_kad_post_footer":false,"_kad_post_classname":""},"product_brand":[],"product_cat":[21,18],"product_tag":[52,49,70,71],"class_list":{"0":"post-117","1":"product","2":"type-product","3":"status-publish","4":"has-post-thumbnail","6":"product_cat-pps-rfid-laundry-tag","7":"product_cat-125khz-rfid-laundry-tag","8":"product_tag-125khz-pps-rfid-laundry-tag","9":"product_tag-button-rfid-tag","10":"product_tag-rfid-laundry-tag-pps-em4305","11":"product_tag-rfid-tag-pps","13":"first","14":"instock","15":"featured","16":"shipping-taxable","17":"product-type-simple","18":"entry","19":"content-bg","20":"loop-entry"},"_links":{"self":[{"href":"https:\/\/rfid-laundry-tag.com\/hr\/wp-json\/wp\/v2\/product\/117","targetHints":{"allow":["GET"]}}],"collection":[{"href":"https:\/\/rfid-laundry-tag.com\/hr\/wp-json\/wp\/v2\/product"}],"about":[{"href":"https:\/\/rfid-laundry-tag.com\/hr\/wp-json\/wp\/v2\/types\/product"}],"version-history":[{"count":2,"href":"https:\/\/rfid-laundry-tag.com\/hr\/wp-json\/wp\/v2\/product\/117\/revisions"}],"predecessor-version":[{"id":1339,"href":"https:\/\/rfid-laundry-tag.com\/hr\/wp-json\/wp\/v2\/product\/117\/revisions\/1339"}],"wp:featuredmedia":[{"embeddable":true,"href":"https:\/\/rfid-laundry-tag.com\/hr\/wp-json\/wp\/v2\/media\/147"}],"wp:attachment":[{"href":"https:\/\/rfid-laundry-tag.com\/hr\/wp-json\/wp\/v2\/media?parent=117"}],"wp:term":[{"taxonomy":"product_brand","embeddable":true,"href":"https:\/\/rfid-laundry-tag.com\/hr\/wp-json\/wp\/v2\/product_brand?post=117"},{"taxonomy":"product_cat","embeddable":true,"href":"https:\/\/rfid-laundry-tag.com\/hr\/wp-json\/wp\/v2\/product_cat?post=117"},{"taxonomy":"product_tag","embeddable":true,"href":"https:\/\/rfid-laundry-tag.com\/hr\/wp-json\/wp\/v2\/product_tag?post=117"}],"curies":[{"name":"radni list","href":"https:\/\/api.w.org\/{rel}","templated":true}]}}