{"id":86,"date":"2024-06-11T17:44:19","date_gmt":"2024-06-11T17:44:19","guid":{"rendered":"https:\/\/rfid-laundry-tag.com\/?post_type=product&#038;p=86"},"modified":"2024-06-11T17:52:29","modified_gmt":"2024-06-11T17:52:29","slug":"125khz-pps-rfid-laundry-tag","status":"publish","type":"product","link":"https:\/\/rfid-laundry-tag.com\/fr\/125khz-pps-rfid-laundry-tag\/","title":{"rendered":"\u00c9tiquette de blanchisserie PPS RFID 125 kHz"},"content":{"rendered":"<div class=\"J_module\">\n<div class=\"ife-detail-decorate-table\">\n<table style=\"border-collapse: collapse; width: 451.23pt;\" border=\"0\" width=\"752\" cellspacing=\"0\" cellpadding=\"0\">\n<tbody>\n<tr style=\"height: 28.00pt;\">\n<td class=\"et2\" style=\"height: 28.00pt; width: 138.60pt;\" width=\"231\" height=\"46\">Nom de l&#039;article<\/td>\n<td class=\"et3\" style=\"width: 312.60pt;\" width=\"521\">\u00c9tiquette de blanchisserie PPS RFID 125 kHz<\/td>\n<\/tr>\n<tr style=\"height: 14.40pt;\">\n<td class=\"et3\" style=\"height: 14.40pt; width: 138.60pt;\" width=\"231\" height=\"24\">Mat\u00e9riel<\/td>\n<td class=\"et3\" style=\"width: 312.60pt;\" width=\"521\">PPS<\/td>\n<\/tr>\n<tr style=\"height: 14.40pt;\">\n<td class=\"et3\" style=\"height: 14.40pt; width: 138.60pt;\" width=\"231\" height=\"24\">Couleur<\/td>\n<td class=\"et3\" style=\"width: 312.60pt;\" width=\"521\">Noir<\/td>\n<\/tr>\n<tr style=\"height: 14.40pt;\">\n<td class=\"et3\" style=\"height: 14.40pt; width: 138.60pt;\" width=\"231\" height=\"24\">MOQ<\/td>\n<td class=\"et3\" style=\"width: 312.60pt;\" width=\"521\">500 pi\u00e8ces<\/td>\n<\/tr>\n<tr style=\"height: 42.00pt;\">\n<td class=\"et3\" style=\"height: 42.00pt; width: 138.60pt;\" width=\"231\" height=\"70\">Fabricant\/puce<\/td>\n<td class=\"et3\" style=\"width: 312.60pt;\" width=\"521\">EM4200, TK4100, EM4305, T5577, etc.<\/td>\n<\/tr>\n<tr style=\"height: 14.40pt;\">\n<td class=\"et3\" style=\"height: 14.40pt; width: 138.60pt;\" width=\"231\" height=\"24\">Fr\u00e9quence<\/td>\n<td class=\"et3\" style=\"width: 312.60pt;\" width=\"521\">125 kHz<\/td>\n<\/tr>\n<tr style=\"height: 70.00pt;\">\n<td class=\"et3\" style=\"height: 70.00pt; width: 138.60pt;\" width=\"231\" height=\"116\">Taille<\/td>\n<td class=\"et3\" style=\"width: 312.60pt;\" width=\"521\">Dia14mm, Dia15mm, Dia18mm, Dia20mm, Dia22mm, Dia24mm, Dia30mm etc.<\/td>\n<\/tr>\n<tr style=\"height: 14.40pt;\">\n<td class=\"et3\" style=\"height: 14.40pt; width: 138.60pt;\" width=\"231\" height=\"24\">Lire la distance<\/td>\n<td class=\"et3\" style=\"width: 312.60pt;\" width=\"521\">1 ~ 5 cm<\/td>\n<\/tr>\n<tr style=\"height: 14.40pt;\">\n<td class=\"et3\" style=\"height: 14.40pt; width: 138.60pt;\" width=\"231\" height=\"24\">En mode travail<\/td>\n<td class=\"et3\" style=\"width: 312.60pt;\" width=\"521\">passif<\/td>\n<\/tr>\n<tr style=\"height: 14.40pt;\">\n<td class=\"et3\" style=\"height: 14.40pt; width: 138.60pt;\" width=\"231\" height=\"24\">Temp\u00e9rature de fonctionnement<\/td>\n<td class=\"et3\" style=\"width: 312.60pt;\" width=\"521\">-25<span class=\"font0\">\u2103<\/span><span class=\"font2\">~+110<\/span><span class=\"font0\">\u2103<\/span><\/td>\n<\/tr>\n<tr style=\"height: 14.40pt;\">\n<td class=\"et3\" style=\"height: 14.40pt; width: 138.60pt;\" width=\"231\" height=\"24\">Temp\u00e9rature de stockage<\/td>\n<td class=\"et3\" style=\"width: 312.60pt;\" width=\"521\">-40<span class=\"font0\">\u2103<\/span><span class=\"font2\">~+85<\/span><span class=\"font0\">\u2103<\/span><\/td>\n<\/tr>\n<tr style=\"height: 73.00pt;\">\n<td class=\"et4\" style=\"height: 73.00pt;\" height=\"121\">Sp\u00e9cifications de fonctionnement<\/td>\n<td class=\"et3\" style=\"width: 312.60pt;\" width=\"521\">Imperm\u00e9able; r\u00e9sistant \u00e0 l&#039;immersion dans l&#039;eau sal\u00e9e, l&#039;alcool, l&#039;huile, 10%HCL\u00a0; Ammoniac; chocs et vibrations<\/td>\n<\/tr>\n<tr style=\"height: 14.40pt;\">\n<td class=\"et3\" style=\"height: 14.40pt; width: 138.60pt;\" width=\"231\" height=\"24\">Caract\u00e9ristiques<\/td>\n<td class=\"et3\" style=\"width: 312.60pt;\" width=\"521\">imperm\u00e9able, lavable, r\u00e9sistance aux hautes temp\u00e9ratures<\/td>\n<\/tr>\n<tr style=\"height: 14.40pt;\">\n<td class=\"et3\" style=\"height: 14.40pt; width: 138.60pt;\" width=\"231\" height=\"24\">Applications<\/td>\n<td class=\"et3\" style=\"width: 312.60pt;\" width=\"521\">gestion et suivi du linge<\/td>\n<\/tr>\n<\/tbody>\n<\/table>\n<\/div>\n<\/div>\n<div class=\"J_module\">\n<div class=\"detail-decorate-json-renderer-container\">\n<div class=\"magic-1\">\n<div>\n<div><\/div>\n<\/div>\n<div class=\"magic-2\">\n<div>\n<div class=\"auto-hide-last-sibling-br paragraph_1252f paragraph-element\">\n<div class=\"auto-hide-last-sibling-br paragraph_1252f paragraph-element\">Les \u00e9tiquettes de blanchisserie RFID PPS 125 kHz offrent de nombreux avantages lorsqu&#039;elles sont int\u00e9gr\u00e9es aux solutions d&#039;\u00e9tiquettes de blanchisserie RFID.<\/div>\n<div class=\"auto-hide-last-sibling-br paragraph_1252f paragraph-element\">Parmi ces avantages figurent :<\/div>\n<p>&nbsp;<\/p>\n<ol class=\"auto-hide-last-sibling-br\">\n<li>La tarification directe en usine garantit des solutions rentables.<\/li>\n<li>Qualit\u00e9 garantie, avec des tests 100% effectu\u00e9s avant exp\u00e9dition.<\/li>\n<li>Fiabilit\u00e9 durable, certifi\u00e9e pour d\u00e9passer 200 cycles de lavage ou b\u00e9n\u00e9ficiant d&#039;une garantie de dur\u00e9e de vie de 2 ans apr\u00e8s exp\u00e9dition.<\/li>\n<li>Durabilit\u00e9 exceptionnelle, avec r\u00e9sistance \u00e0 l\u2019eau, \u00e0 la chaleur, \u00e0 la pression et \u00e0 l\u2019exposition aux produits chimiques.<\/li>\n<li>Nous fournissons \u00e9galement un \u00e9chantillon gratuit pour l\u2019assurance qualit\u00e9 et les tests.<\/li>\n<\/ol>\n<div class=\"auto-hide-last-sibling-br paragraph_1252f paragraph-element\">Applications d&#039;\u00e9tiquettes de boutons RFID\u00a0:<\/div>\n<p>&nbsp;<\/p>\n<ol class=\"auto-hide-last-sibling-br\">\n<li>\n<div class=\"auto-hide-last-sibling-br paragraph_1252f paragraph-element\">Blanchisseries industrielles\u00a0: dans le domaine industriel, l&#039;utilisation de boutons d&#039;\u00e9tiquettes RFID pour le linge facilite le suivi de quantit\u00e9s massives de linge.<\/div>\n<\/li>\n<li>\n<div class=\"auto-hide-last-sibling-br paragraph_1252f paragraph-element\">H\u00f4pitaux et h\u00f4tels\u00a0: ces institutions g\u00e8rent souvent des t\u00e2ches de blanchisserie \u00e0 volume important pour lesquelles ces \u00e9tiquettes se sont r\u00e9v\u00e9l\u00e9es essentielles pour am\u00e9liorer l&#039;efficacit\u00e9 et rationaliser la gestion des stocks.<\/div>\n<\/li>\n<li>\n<div class=\"auto-hide-last-sibling-br paragraph_1252f paragraph-element\">Location de linge : les entreprises qui proposent des services de location de linge adoptent ces \u00e9tiquettes pour simplifier la gestion des stocks et assurer le contr\u00f4le de la qualit\u00e9.<\/div>\n<\/li>\n<\/ol>\n<\/div>\n<\/div>\n<\/div>\n<\/div>\n<\/div>\n<\/div>","protected":false},"excerpt":{"rendered":"<div class=\"auto-hide-last-sibling-br paragraph_1252f paragraph-element\">L&#039;\u00e9tiquette RFID bouton PPS 125 kHz, largement connue sous le nom d&#039;\u00e9tiquette bouton RFID, est un dispositif de construction dense destin\u00e9 aux applications qui exigent des \u00e9tiquettes r\u00e9sistantes aux conditions difficiles. Nous proposons un assortiment d&#039;\u00e9tiquettes RFID pour le linge qui utilisent les fr\u00e9quences LF 125 kHz, HF 13,56 MHz, en plus des fr\u00e9quences UHF Gen 2.<\/div>\n<div class=\"auto-hide-last-sibling-br paragraph_1252f paragraph-element\">Ces \u00e9tiquettes RFID de blanchisserie sont con\u00e7ues pour durer dans les flux de travail exigeants des h\u00f4tels et des institutions, offrant r\u00e9silience et adaptabilit\u00e9 \u00e0 diverses m\u00e9thodes telles que le lavage, le s\u00e9chage, le nettoyage \u00e0 sec et le repassage.<\/div>","protected":false},"featured_media":87,"template":"","meta":{"_kad_post_transparent":"default","_kad_post_title":"","_kad_post_layout":"default","_kad_post_sidebar_id":"","_kad_post_content_style":"default","_kad_post_vertical_padding":"default","_kad_post_feature":"","_kad_post_feature_position":"","_kad_post_header":false,"_kad_post_footer":false,"_kad_post_classname":""},"product_brand":[],"product_cat":[21,18],"product_tag":[52,51,49],"class_list":{"0":"post-86","1":"product","2":"type-product","3":"status-publish","4":"has-post-thumbnail","6":"product_cat-pps-rfid-laundry-tag","7":"product_cat-125khz-rfid-laundry-tag","8":"product_tag-125khz-pps-rfid-laundry-tag","9":"product_tag-125khz-rfid-laundry-tag","10":"product_tag-button-rfid-tag","12":"first","13":"instock","14":"shipping-taxable","15":"product-type-simple","16":"entry","17":"content-bg","18":"loop-entry"},"_links":{"self":[{"href":"https:\/\/rfid-laundry-tag.com\/fr\/wp-json\/wp\/v2\/product\/86","targetHints":{"allow":["GET"]}}],"collection":[{"href":"https:\/\/rfid-laundry-tag.com\/fr\/wp-json\/wp\/v2\/product"}],"about":[{"href":"https:\/\/rfid-laundry-tag.com\/fr\/wp-json\/wp\/v2\/types\/product"}],"version-history":[{"count":0,"href":"https:\/\/rfid-laundry-tag.com\/fr\/wp-json\/wp\/v2\/product\/86\/revisions"}],"wp:featuredmedia":[{"embeddable":true,"href":"https:\/\/rfid-laundry-tag.com\/fr\/wp-json\/wp\/v2\/media\/87"}],"wp:attachment":[{"href":"https:\/\/rfid-laundry-tag.com\/fr\/wp-json\/wp\/v2\/media?parent=86"}],"wp:term":[{"taxonomy":"product_brand","embeddable":true,"href":"https:\/\/rfid-laundry-tag.com\/fr\/wp-json\/wp\/v2\/product_brand?post=86"},{"taxonomy":"product_cat","embeddable":true,"href":"https:\/\/rfid-laundry-tag.com\/fr\/wp-json\/wp\/v2\/product_cat?post=86"},{"taxonomy":"product_tag","embeddable":true,"href":"https:\/\/rfid-laundry-tag.com\/fr\/wp-json\/wp\/v2\/product_tag?post=86"}],"curies":[{"name":"wp","href":"https:\/\/api.w.org\/{rel}","templated":true}]}}