{"id":74,"date":"2024-06-11T15:58:40","date_gmt":"2024-06-11T15:58:40","guid":{"rendered":"https:\/\/rfid-laundry-tag.com\/?post_type=product&#038;p=74"},"modified":"2024-06-11T16:34:14","modified_gmt":"2024-06-11T16:34:14","slug":"pps-rfid-washable-laundry-tags","status":"publish","type":"product","link":"https:\/\/rfid-laundry-tag.com\/fr\/pps-rfid-washable-laundry-tags\/","title":{"rendered":"\u00c9tiquettes \u00e0 linge lavables PPS RFID"},"content":{"rendered":"<div class=\"J_module\">\n<div class=\"ife-detail-decorate-table\">\n<table class=\"has-title all magic-6\">\n<tbody>\n<tr>\n<td colspan=\"1\" rowspan=\"1\">\n<div class=\"magic-7\" data-spm-anchor-id=\"a2700.details.0.i45.77607d98vZbcDU\"><span class=\"magic-8\" style=\"color: #363535;\">Nom de l&#039;article<\/span><\/div>\n<\/td>\n<td colspan=\"1\" rowspan=\"1\">\n<div class=\"magic-9\"><span class=\"magic-8\">\u00c9tiquettes \u00e0 linge lavables PPS RFID<\/span><\/div>\n<\/td>\n<\/tr>\n<tr>\n<td colspan=\"1\" rowspan=\"1\">\n<div class=\"magic-7\"><span class=\"magic-10\" data-spm-anchor-id=\"a2700.pc-decorate.0.i10.28d333330XLbTD\"><span class=\"magic-8\">Mat\u00e9riel<\/span><\/span><\/div>\n<\/td>\n<td colspan=\"1\" rowspan=\"1\">\n<div class=\"magic-9\"><span class=\"magic-8\">PPS<\/span><\/div>\n<\/td>\n<\/tr>\n<tr>\n<td colspan=\"1\" rowspan=\"1\">\n<div class=\"magic-7\"><span class=\"magic-8\">Couleur<\/span><\/div>\n<\/td>\n<td colspan=\"1\" rowspan=\"1\">\n<div class=\"magic-9\"><span class=\"magic-8\">Noir<\/span><\/div>\n<\/td>\n<\/tr>\n<tr>\n<td colspan=\"1\" rowspan=\"1\">MOQ<\/td>\n<td colspan=\"1\" rowspan=\"1\">500 pi\u00e8ces<\/td>\n<\/tr>\n<tr>\n<td colspan=\"1\" rowspan=\"1\">\n<div class=\"magic-7\"><span class=\"magic-8\">Fabricant\/puce<\/span><\/div>\n<\/td>\n<td colspan=\"1\" rowspan=\"1\">\n<div class=\"magic-9\"><span class=\"magic-8\">NXP UCODE 8,UCODE 9\/NTAG213,Mifare 1k\/EM4305,T5577 etc.<\/span><\/div>\n<\/td>\n<\/tr>\n<tr>\n<td colspan=\"1\" rowspan=\"1\">\n<div class=\"magic-7\"><span class=\"magic-8\">Fr\u00e9quence<\/span><\/div>\n<\/td>\n<td colspan=\"1\" rowspan=\"1\">\n<div class=\"magic-9\"><span class=\"magic-8\">860-960 MHz\/13,56 MHz\/125 kHz<\/span><\/div>\n<\/td>\n<\/tr>\n<tr>\n<td colspan=\"1\" rowspan=\"1\">\n<div class=\"magic-7\"><span class=\"magic-8\">M\u00e9moire<\/span><\/div>\n<\/td>\n<td colspan=\"1\" rowspan=\"1\">\n<div class=\"magic-9\"><span class=\"magic-8\">96 bits\/128 bits\/144 octets<\/span><\/div>\n<\/td>\n<\/tr>\n<tr>\n<td colspan=\"1\" rowspan=\"1\">\n<div class=\"magic-7\"><span class=\"magic-8\">Lire la distance<\/span><\/div>\n<\/td>\n<td colspan=\"1\" rowspan=\"1\">\n<div class=\"magic-9\"><span class=\"magic-8\">1-6 m\/1~5 cm\/1~2 cm<\/span><\/div>\n<\/td>\n<\/tr>\n<tr>\n<td colspan=\"1\" rowspan=\"1\">\n<div class=\"magic-7\"><span class=\"magic-8\">En mode travail<\/span><\/div>\n<\/td>\n<td colspan=\"1\" rowspan=\"1\">\n<div class=\"magic-9\"><span class=\"magic-8\">passif<\/span><\/div>\n<\/td>\n<\/tr>\n<tr>\n<td colspan=\"1\" rowspan=\"1\">\n<div class=\"magic-7\"><span class=\"magic-8\">Temp\u00e9rature de fonctionnement<\/span><\/div>\n<\/td>\n<td colspan=\"1\" rowspan=\"1\">\n<div class=\"magic-9\"><span class=\"magic-8\">-25 \u2103 ~ + 110 \u2103<\/span><\/div>\n<\/td>\n<\/tr>\n<tr>\n<td colspan=\"1\" rowspan=\"1\">\n<div class=\"magic-7\"><span class=\"magic-8\">Temp\u00e9rature de stockage<\/span><\/div>\n<\/td>\n<td colspan=\"1\" rowspan=\"1\">\n<div class=\"magic-9\"><span class=\"magic-8\">-40 \u2103 ~ + 85 \u2103<\/span><\/div>\n<\/td>\n<\/tr>\n<tr>\n<td colspan=\"1\" rowspan=\"1\">\n<div class=\"magic-7\">\n<div><span class=\"magic-8\">\u00a0<\/span><\/div>\n<p><span class=\"magic-8\">R\u00e9sistance \u00e0 la temp\u00e9rature \u00e0 court terme<\/span><\/p>\n<\/div>\n<\/td>\n<td colspan=\"1\" rowspan=\"1\">\n<div class=\"magic-9\"><span class=\"magic-8\">lavage : 90\u2103, 15 minutes\u00a0; pr\u00e9-s\u00e9chage du convertisseur\u00a0: 180 \u2103, 30 minutes, 200 fois\u00a0; repassage : 180 \u2103, 10 secondes, 200 fois ; haut<br \/>\nst\u00e9rilisation \u00e0 temp\u00e9rature\u00a0: 135 \u2103, 20 minutes<\/span><\/div>\n<\/td>\n<\/tr>\n<tr>\n<td colspan=\"1\" rowspan=\"1\">\n<div class=\"magic-7\"><span class=\"magic-8\">Caract\u00e9ristiques<\/span><\/div>\n<\/td>\n<td colspan=\"1\" rowspan=\"1\">\n<div class=\"magic-9\"><span class=\"magic-8\">imperm\u00e9able, lavable, r\u00e9sistance aux hautes temp\u00e9ratures<\/span><\/div>\n<\/td>\n<\/tr>\n<tr>\n<td colspan=\"1\" rowspan=\"1\">\n<div class=\"magic-7\"><span class=\"magic-8\">Vie<\/span><\/div>\n<\/td>\n<td colspan=\"1\" rowspan=\"1\">\n<div class=\"magic-9\"><span class=\"magic-8\">laver 200 fois ou 3 ans<\/span><\/div>\n<\/td>\n<\/tr>\n<tr>\n<td colspan=\"1\" rowspan=\"1\">\n<div class=\"magic-7\"><span class=\"magic-8\">Applications<\/span><\/div>\n<\/td>\n<td colspan=\"1\" rowspan=\"1\">\n<div class=\"magic-9\"><span class=\"magic-8\">gestion et suivi du linge<\/span><\/div>\n<\/td>\n<\/tr>\n<\/tbody>\n<\/table>\n<\/div>\n<\/div>\n<div class=\"J_module\">\n<div class=\"detail-decorate-json-renderer-container\">\n<div class=\"magic-1\">\n<div class=\"magic-2\">\n<div class=\"magic-3\">\n<div><\/div>\n<\/div>\n<div>\n<div><\/div>\n<\/div>\n<\/div>\n<p><strong>Options de puce\u00a0:<\/strong><\/p>\n<ul>\n<li><strong>NXPUCODE 8\/9\u00a0:<\/strong>\u00a0Puces \u00e9conomiques id\u00e9ales pour le suivi et l&#039;identification de base, offrant une port\u00e9e de lecture allant jusqu&#039;\u00e0 10 m\u00e8tres.<\/li>\n<li><strong>NTAG213\u00a0:<\/strong>\u00a0Puce compatible NFC qui permet la communication avec les smartphones et autres appareils NFC, parfaite pour les applications telles que les paiements sans contact ou l&#039;acc\u00e8s aux informations sur les produits.<\/li>\n<li><strong>Mifare1k\u00a0:<\/strong>\u00a0Puce s\u00e9curis\u00e9e avec de fortes fonctionnalit\u00e9s de cryptage et d&#039;authentification, adapt\u00e9e au contr\u00f4le d&#039;acc\u00e8s et au stockage s\u00e9curis\u00e9 des donn\u00e9es.<\/li>\n<li><strong>EM4305\u00a0:<\/strong>\u00a0Puce \u00e0 faible co\u00fbt pour les applications de contr\u00f4le d&#039;acc\u00e8s de base avec une port\u00e9e de lecture allant jusqu&#039;\u00e0 1 m\u00e8tre.<\/li>\n<li><strong>T5577\u00a0:<\/strong>\u00a0Une autre puce \u00e0 faible co\u00fbt pour les syst\u00e8mes de contr\u00f4le d&#039;acc\u00e8s et de billetterie, offrant une port\u00e9e de lecture allant jusqu&#039;\u00e0 1 m\u00e8tre.<\/li>\n<\/ul>\n<div class=\"magic-2\">\n<div>\n<div class=\"auto-hide-last-sibling-br paragraph_1252f paragraph-element\"><strong>Applications\u00a0<\/strong><\/div>\n<ol class=\"auto-hide-last-sibling-br\">\n<li>\n<div class=\"auto-hide-last-sibling-br paragraph_1252f paragraph-element\">Blanchisseries industrielles\u00a0: Dans le secteur industriel, le suivi de grandes quantit\u00e9s de linge devient une t\u00e2che sans effort gr\u00e2ce \u00e0 l&#039;utilisation des boutons d&#039;\u00e9tiquettes RFID pour le linge.<\/div>\n<\/li>\n<li>\n<div class=\"auto-hide-last-sibling-br paragraph_1252f paragraph-element\">H\u00f4pitaux et h\u00f4tels\u00a0: ces \u00e9tablissements sont souvent confront\u00e9s \u00e0 des op\u00e9rations de blanchisserie \u00e0 grand volume o\u00f9 ces \u00e9tiquettes se sont av\u00e9r\u00e9es essentielles \u00e0 l&#039;am\u00e9lioration de l&#039;efficacit\u00e9 et de la gestion des stocks.<\/div>\n<\/li>\n<li>\n<div class=\"auto-hide-last-sibling-br paragraph_1252f paragraph-element\">Location de linge : les entreprises fournissant des services de location de linge utilisent ces \u00e9tiquettes pour simplifier la gestion des stocks et maintenir le contr\u00f4le de la qualit\u00e9.<\/div>\n<\/li>\n<\/ol>\n<div class=\"auto-hide-last-sibling-br paragraph_1252f paragraph-element\">Nous proposons un assortiment d&#039;\u00e9tiquettes de blanchisserie RFID sur les fr\u00e9quences 125 kHz LF, 13,56 MHz HF et Gen 2 UHF, r\u00e9pondant \u00e0 chacun de vos besoins uniques. Nos \u00e9tiquettes, con\u00e7ues avec une r\u00e9silience et une variabilit\u00e9 de taille, peuvent supporter sans effort les processus de blanchisserie institutionnels chauds. Les \u00e9tiquettes RFID de blanchisserie r\u00e9sistent aux proc\u00e9dures de blanchisserie exigeantes dans les h\u00f4tels et les institutions, offrant une durabilit\u00e9 qui r\u00e9siste au lavage, au s\u00e9chage, au nettoyage \u00e0 sec et au repassage.<\/div>\n<p>&nbsp;<\/p>\n<div class=\"auto-hide-last-sibling-br paragraph_1252f paragraph-element\">Le mat\u00e9riau PPS utilis\u00e9 rend ces \u00e9tiquettes capables de r\u00e9sister \u00e0 l&#039;eau, \u00e0 la chaleur, \u00e0 la pression et \u00e0 l&#039;exposition aux produits chimiques. Ils sont id\u00e9aux pour v\u00e9rifier et ex\u00e9cuter des processus d\u2019inventaire dans les \u00e9tablissements de sant\u00e9, les segments des v\u00eatements de travail, les h\u00f4pitaux, les \u00e9coles et les h\u00f4tels. Ces \u00e9tiquettes peuvent \u00eatre cousues en douceur sur divers articles textiles tels que des draps, des serviettes et d&#039;autres v\u00eatements, ou plac\u00e9es dans des enceintes.<\/div>\n<p>&nbsp;<\/p>\n<div class=\"auto-hide-last-sibling-br paragraph_1252f paragraph-element\">Profitez de nos solutions d&#039;\u00e9tiquettes de blanchisserie RFID et b\u00e9n\u00e9ficiez d&#039;avantages tels que des prix directs en usine, des tests approfondis avant exp\u00e9dition, une garantie de plus de 200 cycles de lavage ou une dur\u00e9e de vie de 2 ans apr\u00e8s l&#039;exp\u00e9dition et une r\u00e9sistance \u00e0 l&#039;eau, \u00e0 la chaleur, \u00e0 la pression et aux produits chimiques.<\/div>\n<div class=\"auto-hide-last-sibling-br paragraph_1252f paragraph-element\"><\/div>\n<\/div>\n<\/div>\n<\/div>\n<\/div>\n<\/div>","protected":false},"excerpt":{"rendered":"<p>L&#039;\u00e9tiquette bouton RFID, \u00e9galement connue sous le nom d&#039;\u00e9tiquettes \u00e0 linge lavables PPS RFID, est un dispositif robuste et sur mesure, particuli\u00e8rement con\u00e7u pour les applications n\u00e9cessitant des \u00e9tiquettes capables de r\u00e9sister aux environnements difficiles. Malgr\u00e9 la popularit\u00e9 des transpondeurs de blanchisserie UHF sur le march\u00e9, il existe des cas o\u00f9 des \u00e9tiquettes de bouton RFID compatibles avec les applications mobiles sont n\u00e9cessaires. Les transpondeurs de blanchisserie RFID de type bouton r\u00e9pondent efficacement \u00e0 ces besoins. Leur polyvalence et leurs fonctionnalit\u00e9s sup\u00e9rieures offrent des avantages consid\u00e9rables dans le suivi et l\u2019identification des textiles et de la blanchisserie industrielle dans divers secteurs.<\/p>","protected":false},"featured_media":75,"template":"","meta":{"_kad_post_transparent":"default","_kad_post_title":"","_kad_post_layout":"default","_kad_post_sidebar_id":"","_kad_post_content_style":"default","_kad_post_vertical_padding":"default","_kad_post_feature":"","_kad_post_feature_position":"","_kad_post_header":false,"_kad_post_footer":false,"_kad_post_classname":""},"product_brand":[],"product_cat":[21],"product_tag":[43,35,44],"class_list":{"0":"post-74","1":"product","2":"type-product","3":"status-publish","4":"has-post-thumbnail","6":"product_cat-pps-rfid-laundry-tag","7":"product_tag-pps-rfid-washable-laundry-tags","8":"product_tag-rfid-button","9":"product_tag-rfid-washable-laundry-tags","11":"first","12":"instock","13":"shipping-taxable","14":"product-type-simple","15":"entry","16":"content-bg","17":"loop-entry"},"_links":{"self":[{"href":"https:\/\/rfid-laundry-tag.com\/fr\/wp-json\/wp\/v2\/product\/74","targetHints":{"allow":["GET"]}}],"collection":[{"href":"https:\/\/rfid-laundry-tag.com\/fr\/wp-json\/wp\/v2\/product"}],"about":[{"href":"https:\/\/rfid-laundry-tag.com\/fr\/wp-json\/wp\/v2\/types\/product"}],"version-history":[{"count":0,"href":"https:\/\/rfid-laundry-tag.com\/fr\/wp-json\/wp\/v2\/product\/74\/revisions"}],"wp:featuredmedia":[{"embeddable":true,"href":"https:\/\/rfid-laundry-tag.com\/fr\/wp-json\/wp\/v2\/media\/75"}],"wp:attachment":[{"href":"https:\/\/rfid-laundry-tag.com\/fr\/wp-json\/wp\/v2\/media?parent=74"}],"wp:term":[{"taxonomy":"product_brand","embeddable":true,"href":"https:\/\/rfid-laundry-tag.com\/fr\/wp-json\/wp\/v2\/product_brand?post=74"},{"taxonomy":"product_cat","embeddable":true,"href":"https:\/\/rfid-laundry-tag.com\/fr\/wp-json\/wp\/v2\/product_cat?post=74"},{"taxonomy":"product_tag","embeddable":true,"href":"https:\/\/rfid-laundry-tag.com\/fr\/wp-json\/wp\/v2\/product_tag?post=74"}],"curies":[{"name":"wp","href":"https:\/\/api.w.org\/{rel}","templated":true}]}}