{"id":731,"date":"2024-07-16T17:14:51","date_gmt":"2024-07-16T17:14:51","guid":{"rendered":"https:\/\/rfid-laundry-tag.com\/?post_type=product&#038;p=731"},"modified":"2024-08-14T16:37:34","modified_gmt":"2024-08-14T16:37:34","slug":"uhf-rfid-dry-inlays-with-nxp-ucode-9","status":"publish","type":"product","link":"https:\/\/rfid-laundry-tag.com\/fr\/uhf-rfid-dry-inlays-with-nxp-ucode-9\/","title":{"rendered":"Inlays secs RFID UHF avec NXP Ucode 9"},"content":{"rendered":"<h2>Inlays secs RFID UHF avec NXP-Ucode 9<\/h2>\n<ul>\n<li><strong>Fr\u00e9quence:<\/strong>\u00a0860-960 MHz<\/li>\n<li><strong>Protocole:<\/strong>\u00a0ISO18000-6C<\/li>\n<li><strong>Plage de lecture :<\/strong>\u00a0Longue port\u00e9e de lecture (jusqu&#039;\u00e0 10 m\u00e8tres)<\/li>\n<li><strong>Options de puce\u00a0:<\/strong>\n<ul>\n<li><strong>NXP-Ucode9:<\/strong>\u00a0Puce haute performance avec fonctionnalit\u00e9s de s\u00e9curit\u00e9 am\u00e9lior\u00e9es.<\/li>\n<li><strong>Autres options :<\/strong>\u00a0Alien H3, Monza R6, NXP-Ucode8, NXP-Ucode7<\/li>\n<\/ul>\n<\/li>\n<\/ul>\n<p><strong>Options de personnalisation\u00a0:<\/strong><\/p>\n<p>Nous proposons une gamme d&#039;options de personnalisation pour les inlays RFID, notamment\u00a0:<\/p>\n<ul>\n<li><strong>Mat\u00e9riels:<\/strong>\u00a0Papier couch\u00e9, PVC, PET, papier fragile, etc.<\/li>\n<li><strong>Taille:<\/strong>\u00a0Taille personnalis\u00e9e pour s&#039;adapter aux dimensions sp\u00e9cifiques du produit.<\/li>\n<li><strong>Impression:<\/strong>\u00a0Impression de logo, impression de num\u00e9ros, impression de codes-barres.<\/li>\n<li><strong>Codage et cryptage :<\/strong>\u00a0Stockage et communication s\u00e9curis\u00e9s des donn\u00e9es.<\/li>\n<\/ul>\n<p><strong>Incrustations RFID<\/strong>\u00a0sont le c\u0153ur d&#039;un syst\u00e8me RFID, contenant la puce \u00e9lectronique (CI) et l&#039;antenne qui permettent la communication avec un lecteur. Ils sont class\u00e9s en deux types principaux en fonction de leur construction :<\/p>\n<p><strong>1. Incrustations s\u00e8ches RFID :<\/strong><\/p>\n<ul>\n<li><strong>Description:<\/strong>\u00a0Les incrustations s\u00e8ches sont con\u00e7ues pour \u00eatre int\u00e9gr\u00e9es directement dans des mat\u00e9riaux ou des substrats. Elles ne comportent pas de support adh\u00e9sif, ce qui les rend id\u00e9ales pour les applications n\u00e9cessitant une fixation permanente. Elles sont souvent dot\u00e9es d&#039;une surface lamin\u00e9e.<\/li>\n<li><strong>Principales caract\u00e9ristiques:<\/strong>\n<ul>\n<li><strong>Sans adh\u00e9sif :<\/strong>\u00a0\u00c9limine le besoin d\u2019\u00e9tapes adh\u00e9sives suppl\u00e9mentaires.<\/li>\n<li><strong>Int\u00e9gration directe :<\/strong>\u00a0Facilement incorpor\u00e9 dans les produits, les emballages ou d\u2019autres mat\u00e9riaux.<\/li>\n<li><strong>Construction durable :<\/strong>\u00a0R\u00e9sistants \u00e0 l\u2019usure, ils sont donc adapt\u00e9s aux environnements exigeants.<\/li>\n<\/ul>\n<\/li>\n<\/ul>\n<p><strong>2. Incrustations humides RFID :<\/strong><\/p>\n<ul>\n<li><strong>Description:<\/strong>\u00a0Les incrustations humides sont dot\u00e9es d&#039;un support adh\u00e9sif, ce qui permet de les appliquer directement sur un produit ou de les convertir en \u00e9tiquettes intelligentes. Cela en fait une solution \u00e9conomique pour l&#039;\u00e9tiquetage de gros volumes.<\/li>\n<li><strong>Principales caract\u00e9ristiques:<\/strong>\n<ul>\n<li><strong>Support adh\u00e9sif :<\/strong>\u00a0Permet une application facile sur diverses surfaces.<\/li>\n<li><strong>Rentable :<\/strong>\u00a0Id\u00e9al pour les projets d\u2019\u00e9tiquetage \u00e0 volume \u00e9lev\u00e9.<\/li>\n<li><strong>Applications polyvalentes :<\/strong>\u00a0Convient aux produits n\u00e9cessitant un \u00e9tiquetage temporaire ou permanent.<\/li>\n<\/ul>\n<\/li>\n<\/ul>","protected":false},"excerpt":{"rendered":"<p>Inlays secs RFID UHF avec NXP Ucode 9 pour une s\u00e9curit\u00e9 et un stockage des donn\u00e9es am\u00e9lior\u00e9s. Int\u00e9gration directe dans les mat\u00e9riaux.<\/p>","protected":false},"featured_media":732,"template":"","meta":{"_kad_post_transparent":"default","_kad_post_title":"","_kad_post_layout":"default","_kad_post_sidebar_id":"","_kad_post_content_style":"default","_kad_post_vertical_padding":"default","_kad_post_feature":"","_kad_post_feature_position":"","_kad_post_header":false,"_kad_post_footer":false,"_kad_post_classname":""},"product_brand":[],"product_cat":[189,54],"product_tag":[192,191],"class_list":{"0":"post-731","1":"product","2":"type-product","3":"status-publish","4":"has-post-thumbnail","6":"product_cat-rfid-inlay","7":"product_cat-hot-selling-rfid-tags","8":"product_tag-uhf-rfid-dry-inlays","9":"product_tag-uhf-rfid-dry-inlays-with-nxp-ucode-9","11":"first","12":"instock","13":"shipping-taxable","14":"product-type-simple","15":"entry","16":"content-bg","17":"loop-entry"},"_links":{"self":[{"href":"https:\/\/rfid-laundry-tag.com\/fr\/wp-json\/wp\/v2\/product\/731","targetHints":{"allow":["GET"]}}],"collection":[{"href":"https:\/\/rfid-laundry-tag.com\/fr\/wp-json\/wp\/v2\/product"}],"about":[{"href":"https:\/\/rfid-laundry-tag.com\/fr\/wp-json\/wp\/v2\/types\/product"}],"version-history":[{"count":4,"href":"https:\/\/rfid-laundry-tag.com\/fr\/wp-json\/wp\/v2\/product\/731\/revisions"}],"predecessor-version":[{"id":1329,"href":"https:\/\/rfid-laundry-tag.com\/fr\/wp-json\/wp\/v2\/product\/731\/revisions\/1329"}],"wp:featuredmedia":[{"embeddable":true,"href":"https:\/\/rfid-laundry-tag.com\/fr\/wp-json\/wp\/v2\/media\/732"}],"wp:attachment":[{"href":"https:\/\/rfid-laundry-tag.com\/fr\/wp-json\/wp\/v2\/media?parent=731"}],"wp:term":[{"taxonomy":"product_brand","embeddable":true,"href":"https:\/\/rfid-laundry-tag.com\/fr\/wp-json\/wp\/v2\/product_brand?post=731"},{"taxonomy":"product_cat","embeddable":true,"href":"https:\/\/rfid-laundry-tag.com\/fr\/wp-json\/wp\/v2\/product_cat?post=731"},{"taxonomy":"product_tag","embeddable":true,"href":"https:\/\/rfid-laundry-tag.com\/fr\/wp-json\/wp\/v2\/product_tag?post=731"}],"curies":[{"name":"wp","href":"https:\/\/api.w.org\/{rel}","templated":true}]}}