{"id":727,"date":"2024-07-16T17:02:27","date_gmt":"2024-07-16T17:02:27","guid":{"rendered":"https:\/\/rfid-laundry-tag.com\/?post_type=product&#038;p=727"},"modified":"2024-09-16T05:10:50","modified_gmt":"2024-09-16T05:10:50","slug":"alien-h9-9662-rfid-inlay-sticker","status":"publish","type":"product","link":"https:\/\/rfid-laundry-tag.com\/fr\/alien-h9-9662-rfid-inlay-sticker\/","title":{"rendered":"Autocollant RFID Alien H9 9662"},"content":{"rendered":"<h2>Autocollant RFID Alien H9 9662<\/h2>\n<p><strong>Fr\u00e9quence:<\/strong>\u00a0UHF 860-960 MHz<br \/>\n<strong>\u00c9br\u00e9cher:<\/strong> Alien Higgs-3, Alien H9<br \/>\n<strong>Protocole:<\/strong>\u00a0EPC Classe 1 Gen2, ISO18000-6C<br \/>\n<strong>M\u00e9moire:<\/strong><\/p>\n<ul>\n<li>EPC: 96 bits<\/li>\n<li>TID: 32 bits<\/li>\n<li>Utilisateur : 512 bits<br \/>\n<strong>Distance de lecture :<\/strong>\u00a01 \u00e0 8 m\u00e8tres (selon le lecteur)<\/li>\n<\/ul>\n<p><strong>Dimensions:<\/strong> 82,50 x 25,40 mm<br \/>\n<strong>Formats :<\/strong> Marqueterie s\u00e8che, marqueterie humide<br \/>\nFabrication de haute qualit\u00e9 pour des performances fiables dans des environnements complexes.<\/p>\n<h4 class=\"alternative\">Points forts des puces Alien H9<\/h4>\n<ul>\n<li>Conforme aux normes GS1 Classe 1 Gen 2 et ISO\/IEC 18000-6C<\/li>\n<li>Fonctionnement mondial dans les bandes RFID UHF (840-960 MHz)<\/li>\n<li>1024 bits de m\u00e9moire NVM\/RAM<\/li>\n<li>Jusqu&#039;\u00e0 496 bits EPC (nominalement 96 bits)<\/li>\n<li>Jusqu&#039;\u00e0 688 bits utilisateur<\/li>\n<li>TID unique de 48 bits<\/li>\n<li>Acc\u00e8s 32 bits et Kill Pass 32 bits-<br \/>\nmots<\/li>\n<li>Pr\u00e9programm\u00e9 avec un unique, inalt\u00e9rable-<br \/>\nnum\u00e9ro de s\u00e9rie 48 bits<\/li>\n<li>La m\u00e9moire utilisateur peut \u00eatre bloqu\u00e9e de mani\u00e8re permanente<br \/>\nMot de passe verrouill\u00e9 et lu pro-<br \/>\nprot\u00e9g\u00e9 dans des blocs de 256 bits<\/li>\n<li>Fonctionnement \u00e0 faible consommation pour la lecture et<br \/>\nprogramme<\/li>\n<li>QuickWrite\u2122 \/ BlastWrite\u2122 \u2013 Haute vitesse<br \/>\npuce et programmation de masse<\/li>\n<li>Authentification dynamiqueTM anti-clonage \/<br \/>\ntechnologie anti-contrefa\u00e7on<\/li>\n<li>Port\u00e9e de fonctionnement exceptionnelle, jusqu&#039;\u00e0 13 m<br \/>\navec antenne appropri\u00e9e.<\/li>\n<\/ul>\n<p><strong>Applications :<\/strong><\/p>\n<ul>\n<li>Gestion de la cha\u00eene d&#039;approvisionnement<\/li>\n<li>Logistique de distribution<\/li>\n<li>Authentification du produit<\/li>\n<li>Inventaire et suivi des actifs<\/li>\n<li>Manutention et suivi des bagages<\/li>\n<\/ul>\n<p><strong>Principales caract\u00e9ristiques:<\/strong><\/p>\n<ul>\n<li>Autocollant d&#039;incrustation RFID UHF haute performance<\/li>\n<li>Longue port\u00e9e de lecture et performances fiables<\/li>\n<li>Convient \u00e0 diverses applications n\u00e9cessitant un suivi RFID robuste<\/li>\n<li>Utilise le protocole standard de l&#039;industrie EPC Classe 1 Gen2<\/li>\n<\/ul>\n<p><strong>Note:<\/strong>\u00a0La distance de lecture r\u00e9elle peut varier en fonction de facteurs tels que la puissance du lecteur, la conception de l&#039;antenne, les conditions environnementales et l&#039;orientation de l&#039;\u00e9tiquette.<\/p>\n<h2>Foire aux questions : Autocollant RFID Alien H9 9662<\/h2>\n<p><strong>G\u00e9n\u00e9ral<\/strong><\/p>\n<ol>\n<li><strong>Quelle est la port\u00e9e de lecture de l&#039;autocollant RFID Alien H9 9662 ?<\/strong><br \/>\nLa port\u00e9e de lecture de l&#039;autocollant RFID Alien H9 9662 peut varier en fonction de facteurs tels que le lecteur utilis\u00e9, la configuration de l&#039;antenne et les conditions environnementales.<\/li>\n<li><strong>Quelle est la fr\u00e9quence de fonctionnement de l&#039;autocollant RFID Alien H9 9662 ?<\/strong><br \/>\nL&#039;autocollant d&#039;incrustation RFID Alien H9 9662 fonctionne dans la gamme de fr\u00e9quences UHF de 865-868 MHz.<\/li>\n<li><strong>L&#039;inlay est-il compatible avec le protocole EPC Classe 1 Gen2 ?<\/strong><br \/>\nOui, l&#039;autocollant RFID Alien H9 9662 est compatible avec le protocole EPC Classe 1 Gen2.<\/li>\n<li><strong>Quelles sont les dimensions de l&#039;autocollant RFID Alien H9 9662 ?<\/strong><br \/>\nToutes les tailles peuvent \u00eatre personnalis\u00e9es.<\/li>\n<li><strong>L&#039;incrustation est-elle disponible dans diff\u00e9rents formats comme l&#039;incrustation s\u00e8che ou humide ?<\/strong><br \/>\nOui, l&#039;incrustation est disponible en format sec ou humide.<\/li>\n<li><strong>Comment l&#039;autocollant RFID Alien H9 9662 se comporte-t-il dans des environnements complexes ?<\/strong><br \/>\nL&#039;autocollant RFID Alien H9 9662 est con\u00e7u pour fonctionner correctement dans des environnements complexes. Cependant, des facteurs tels que les interf\u00e9rences m\u00e9talliques, l&#039;humidit\u00e9 et la temp\u00e9rature peuvent affecter la port\u00e9e de lecture.<\/li>\n<\/ol>\n<p><strong>Commande et disponibilit\u00e9<\/strong><\/p>\n<ol>\n<li><strong>O\u00f9 puis-je acheter l&#039;autocollant RFID Alien H9 9662 ?<\/strong><br \/>\nOui, nous pouvons vendre l&#039;inlay RFID, nous avons plus de 12 ans d&#039;exp\u00e9rience dans la fabrication.<\/li>\n<li><strong>Quel est le d\u00e9lai de livraison des commandes ?<\/strong><br \/>\nMentionnez le d\u00e9lai typique de traitement des commandes. Comme d&#039;habitude, il est d&#039;environ 10 jours<\/li>\n<li><strong>Existe-t-il des quantit\u00e9s minimum de commande ?<\/strong><br \/>\n1000 pi\u00e8ces<\/li>\n<li><strong>Est-il possible d&#039;obtenir un \u00e9chantillon de l&#039;autocollant RFID Alien H9 9662 ?<\/strong><br \/>\nOui, des \u00e9chantillons gratuits<\/li>\n<\/ol>\n<p>&nbsp;<\/p>","protected":false},"excerpt":{"rendered":"<p>Autocollant d&#039;incrustation RFID Alien H9 9662 : incrustation RFID UHF haute performance pour la gestion de la cha\u00eene d&#039;approvisionnement, le suivi des actifs et bien plus encore.<\/p>","protected":false},"featured_media":728,"template":"","meta":{"_kad_post_transparent":"default","_kad_post_title":"","_kad_post_layout":"default","_kad_post_sidebar_id":"","_kad_post_content_style":"default","_kad_post_vertical_padding":"default","_kad_post_feature":"","_kad_post_feature_position":"","_kad_post_header":false,"_kad_post_footer":false,"_kad_post_classname":""},"product_brand":[],"product_cat":[189,54],"product_tag":[266,267,108],"class_list":{"0":"post-727","1":"product","2":"type-product","3":"status-publish","4":"has-post-thumbnail","6":"product_cat-rfid-inlay","7":"product_cat-hot-selling-rfid-tags","8":"product_tag-9662-rfid-inlay-sticker","9":"product_tag-h9-rfid-inlay","10":"product_tag-rfid-inlay","12":"first","13":"instock","14":"shipping-taxable","15":"product-type-simple","16":"entry","17":"content-bg","18":"loop-entry"},"_links":{"self":[{"href":"https:\/\/rfid-laundry-tag.com\/fr\/wp-json\/wp\/v2\/product\/727","targetHints":{"allow":["GET"]}}],"collection":[{"href":"https:\/\/rfid-laundry-tag.com\/fr\/wp-json\/wp\/v2\/product"}],"about":[{"href":"https:\/\/rfid-laundry-tag.com\/fr\/wp-json\/wp\/v2\/types\/product"}],"version-history":[{"count":2,"href":"https:\/\/rfid-laundry-tag.com\/fr\/wp-json\/wp\/v2\/product\/727\/revisions"}],"predecessor-version":[{"id":730,"href":"https:\/\/rfid-laundry-tag.com\/fr\/wp-json\/wp\/v2\/product\/727\/revisions\/730"}],"wp:featuredmedia":[{"embeddable":true,"href":"https:\/\/rfid-laundry-tag.com\/fr\/wp-json\/wp\/v2\/media\/728"}],"wp:attachment":[{"href":"https:\/\/rfid-laundry-tag.com\/fr\/wp-json\/wp\/v2\/media?parent=727"}],"wp:term":[{"taxonomy":"product_brand","embeddable":true,"href":"https:\/\/rfid-laundry-tag.com\/fr\/wp-json\/wp\/v2\/product_brand?post=727"},{"taxonomy":"product_cat","embeddable":true,"href":"https:\/\/rfid-laundry-tag.com\/fr\/wp-json\/wp\/v2\/product_cat?post=727"},{"taxonomy":"product_tag","embeddable":true,"href":"https:\/\/rfid-laundry-tag.com\/fr\/wp-json\/wp\/v2\/product_tag?post=727"}],"curies":[{"name":"wp","href":"https:\/\/api.w.org\/{rel}","templated":true}]}}