{"id":723,"date":"2024-07-16T16:29:22","date_gmt":"2024-07-16T16:29:22","guid":{"rendered":"https:\/\/rfid-laundry-tag.com\/?post_type=product&#038;p=723"},"modified":"2024-08-14T16:40:29","modified_gmt":"2024-08-14T16:40:29","slug":"uhf-rfid-inlay-monza-m4-chips","status":"publish","type":"product","link":"https:\/\/rfid-laundry-tag.com\/fr\/uhf-rfid-inlay-monza-m4-chips\/","title":{"rendered":"Puces RFID UHF Monza M4"},"content":{"rendered":"<div>\n<ul>\n<li><strong>Nom du produit:<\/strong>\u00a0Puces Monza M4\/M5 d&#039;incrustation RFID UHF<\/li>\n<li><strong>Mat\u00e9riel:<\/strong>\u00a0Papier couch\u00e9, PET, etc.<\/li>\n<li><strong>\u00c9br\u00e9cher:<\/strong>\u00a0Monza M4\/M5<\/li>\n<li><strong>Couleur:<\/strong>\u00a0Blanc<\/li>\n<li><strong>Protocole:<\/strong>\u00a0EPC mondial Classe 1 Gen2 ISO\/IEC 18000-6C<\/li>\n<li><strong>Fr\u00e9quence:<\/strong>\u00a0860-960Mhz<\/li>\n<li><strong>Gamme de lecteurs :<\/strong>\u00a06M~12M (selon l&#039;environnement et la distance de lecture-\u00e9criture)<\/li>\n<li><strong>M\u00e9thode de travail:<\/strong>\u00a0Passif<\/li>\n<li><strong>Travail Recyclage :<\/strong>\u00a0&gt;100000 fois<\/li>\n<li><strong>Application:<\/strong>\u00a0Tra\u00e7abilit\u00e9 anti-contrefa\u00e7on, transmission de donn\u00e9es.<\/li>\n<\/ul>\n<p><strong>Description des puces UHF RFID Inlay Monza M4 :<\/strong><\/p>\n<p>Ces inlays RFID UHF, dot\u00e9s de puces Monza M4\/M5, sont con\u00e7us pour une vari\u00e9t\u00e9 d&#039;applications exigeant une transmission de donn\u00e9es fiable et des mesures anti-contrefa\u00e7on.<\/p>\n<p><strong>Principales caract\u00e9ristiques:<\/strong><\/p>\n<ul>\n<li><strong>Durable:<\/strong>\u00a0Construit avec des mat\u00e9riaux de haute qualit\u00e9 pour une dur\u00e9e de vie prolong\u00e9e.<\/li>\n<li><strong>Fiable:<\/strong>\u00a0Offre des performances robustes pour une capture de donn\u00e9es pr\u00e9cise.<\/li>\n<li><strong>Polyvalent:<\/strong>\u00a0Convient \u00e0 diverses applications, notamment le suivi des stocks, la gestion des actifs et la surveillance de la cha\u00eene d&#039;approvisionnement.<\/li>\n<li><strong>S\u00e9curis\u00e9:<\/strong>\u00a0Contribue aux efforts de lutte contre la contrefa\u00e7on et garantit l\u2019authenticit\u00e9 des produits.<\/li>\n<\/ul>\n<h2>Puces UHF RFID Inlay Monza M4\/M5 : questions fr\u00e9quemment pos\u00e9es<\/h2>\n<p><strong>1. Quelle est la diff\u00e9rence entre les puces Monza M4 et Monza M5 ?<\/strong><\/p>\n<p>Les puces Monza M4 et M5 sont toutes deux des puces RFID UHF hautes performances. La principale diff\u00e9rence r\u00e9side dans leur capacit\u00e9 de m\u00e9moire :<\/p>\n<ul>\n<li><strong>Monza M4 :<\/strong>\u00a0Offre 128 bits de m\u00e9moire utilisateur.<\/li>\n<li><strong>Monza M5 :<\/strong>\u00a0Offre 512 bits de m\u00e9moire utilisateur.<\/li>\n<\/ul>\n<p>Cela signifie que le Monza M5 peut stocker beaucoup plus de donn\u00e9es, ce qui le rend id\u00e9al pour les applications n\u00e9cessitant un stockage de donn\u00e9es important.<\/p>\n<p><strong>2. Quels sont les avantages de l\u2019utilisation des puces UHF RFID Inlay Monza M4 ?<\/strong><\/p>\n<p>Les puces Monza M4\/M5 offrent de nombreux avantages :<\/p>\n<ul>\n<li><strong>Plage de lecture \u00e9lev\u00e9e\u00a0:<\/strong>\u00a0Ils offrent d&#039;excellentes port\u00e9es de lecture, s&#039;\u00e9tendant jusqu&#039;\u00e0 12 m\u00e8tres dans des conditions optimales.<\/li>\n<li><strong>Vitesses de lecture\/\u00e9criture rapides\u00a0:<\/strong>\u00a0Ces puces permettent un acc\u00e8s rapide aux donn\u00e9es, simplifiant ainsi les op\u00e9rations.<\/li>\n<li><strong>Performances am\u00e9lior\u00e9es\u00a0:<\/strong>\u00a0Ils offrent des performances fiables et constantes dans des environnements difficiles.<\/li>\n<li><strong>S\u00e9curit\u00e9 des donn\u00e9es :<\/strong>\u00a0Les puces int\u00e8grent des fonctionnalit\u00e9s de s\u00e9curit\u00e9 pour prot\u00e9ger les donn\u00e9es sensibles.<\/li>\n<\/ul>\n<p><strong>3. Quels types d&#039;applications conviennent aux inlays RFID Monza M4\/M5 ?<\/strong><\/p>\n<p>Ces incrustations conviennent parfaitement \u00e0 une large gamme d&#039;applications, notamment\u00a0:<\/p>\n<ul>\n<li><strong>Gestion des stocks :<\/strong>\u00a0Suivi des niveaux de stock et des mouvements de produits dans les entrep\u00f4ts et les magasins de d\u00e9tail.<\/li>\n<li><strong>Suivi des actifs :<\/strong>\u00a0Surveillance des actifs, des \u00e9quipements et des outils dans divers contextes.<\/li>\n<li><strong>Gestion de la cha\u00eene d&#039;approvisionnement:<\/strong>\u00a0Am\u00e9liorer la visibilit\u00e9 et la transparence de la cha\u00eene d\u2019approvisionnement.<\/li>\n<li><strong>Lutte contre la contrefa\u00e7on :<\/strong>\u00a0Pr\u00e9venir la contrefa\u00e7on des produits et garantir leur authenticit\u00e9.<\/li>\n<li><strong>Contr\u00f4le d&#039;acc\u00e8s :<\/strong>\u00a0Gestion des acc\u00e8s aux zones s\u00e9curis\u00e9es ou aux espaces restreints.<\/li>\n<\/ul>\n<p><strong>4. Comment puis-je choisir l\u2019inlay RFID adapt\u00e9 \u00e0 mon application sp\u00e9cifique ?<\/strong><\/p>\n<p>Le choix optimal de l&#039;insert RFID d\u00e9pend des exigences sp\u00e9cifiques de votre application :<\/p>\n<ul>\n<li><strong>Besoins de stockage de donn\u00e9es\u00a0:<\/strong>\u00a0Si vous avez besoin de stocker des donn\u00e9es volumineuses, pensez au Monza M5 avec sa plus grande capacit\u00e9 de m\u00e9moire.<\/li>\n<li><strong>Plage de lecture :<\/strong>\u00a0D\u00e9terminez la plage de lecture requise pour garantir une identification correcte de l&#039;\u00e9tiquette.<\/li>\n<li><strong>Conditions environnementales :<\/strong>\u00a0Tenez compte de l\u2019environnement d\u2019exploitation (temp\u00e9rature, humidit\u00e9, etc.) pour s\u00e9lectionner une incrustation robuste.<\/li>\n<li><strong>Type d&#039;application :<\/strong>\u00a0L&#039;application sp\u00e9cifique (par exemple, le suivi des stocks, la gestion des actifs) influencera le choix de l&#039;incrustation.<\/li>\n<\/ul>\n<p><strong>5. Quels sont les co\u00fbts typiques associ\u00e9s aux inlays RFID utilisant des puces Monza M4\/M5 ?<\/strong><\/p>\n<p>Le co\u00fbt des inlays RFID varie en fonction de facteurs tels que le type de puce, la conception de l&#039;inlay, la quantit\u00e9 command\u00e9e et les fonctionnalit\u00e9s suppl\u00e9mentaires. Contactez les fabricants ou fournisseurs de RFID pour obtenir des informations tarifaires pr\u00e9cises.<\/p>\n<p><strong>6. Les inlays Monza M4\/M5 sont-ils compatibles avec les lecteurs RFID standard ?<\/strong><\/p>\n<p>Oui, ces incrustations sont con\u00e7ues pour fonctionner avec les lecteurs RFID standard de l&#039;industrie fonctionnant dans la gamme de fr\u00e9quences UHF.<\/p>\n<p><strong>7. O\u00f9 puis-je acheter des inlays RFID Monza M4\/M5 ?<\/strong><\/p>\n<p>Les inlays RFID avec puces Monza M4\/M5 sont largement disponibles aupr\u00e8s de divers fabricants et fournisseurs sp\u00e9cialis\u00e9s dans la technologie RFID.<\/p>\n<p><strong>8. Existe-t-il des ressources disponibles pour m\u2019aider \u00e0 en savoir plus sur la technologie RFID\u00a0?<\/strong><\/p>\n<p>Oui, vous pouvez trouver de nombreuses ressources en ligne et via les associations industrielles RFID :<\/p>\n<ul>\n<li><strong>Journal RFID :<\/strong>\u00a0Une source majeure d&#039;actualit\u00e9s et d&#039;informations sur la RFID.<\/li>\n<li><strong>Association de l&#039;industrie RFID (RFIDIA) :<\/strong>\u00a0Une organisation mondiale promouvant l&#039;utilisation de la technologie RFID.<\/li>\n<li><strong>Sites Web des fabricants :<\/strong>\u00a0Consultez les sites Web des principaux fabricants de puces RFID pour obtenir de la documentation technique et de l\u2019assistance.<\/li>\n<\/ul>\n<\/div>\n<div class=\"auto-hide-last-sibling-br paragraph_9dc5f paragraph-element\"><\/div>\n<div class=\"auto-hide-last-sibling-br paragraph_9dc5f paragraph-element\"><\/div>","protected":false},"excerpt":{"rendered":"<p>Puces UHF RFID Inlay Monza M4 pour l&#039;inventaire, le suivi des actifs et la lutte contre la contrefa\u00e7on. Port\u00e9es de lecture \u00e9lev\u00e9es, acc\u00e8s rapide aux donn\u00e9es et performances robustes.<\/p>","protected":false},"featured_media":724,"template":"","meta":{"_kad_post_transparent":"default","_kad_post_title":"","_kad_post_layout":"default","_kad_post_sidebar_id":"","_kad_post_content_style":"default","_kad_post_vertical_padding":"default","_kad_post_feature":"","_kad_post_feature_position":"","_kad_post_header":false,"_kad_post_footer":false,"_kad_post_classname":""},"product_brand":[],"product_cat":[54,189],"product_tag":[108,190],"class_list":{"0":"post-723","1":"product","2":"type-product","3":"status-publish","4":"has-post-thumbnail","6":"product_cat-hot-selling-rfid-tags","7":"product_cat-rfid-inlay","8":"product_tag-rfid-inlay","9":"product_tag-uhf-rfid-inlay-monza-m4-m5-chips","11":"first","12":"instock","13":"shipping-taxable","14":"product-type-simple","15":"entry","16":"content-bg","17":"loop-entry"},"_links":{"self":[{"href":"https:\/\/rfid-laundry-tag.com\/fr\/wp-json\/wp\/v2\/product\/723","targetHints":{"allow":["GET"]}}],"collection":[{"href":"https:\/\/rfid-laundry-tag.com\/fr\/wp-json\/wp\/v2\/product"}],"about":[{"href":"https:\/\/rfid-laundry-tag.com\/fr\/wp-json\/wp\/v2\/types\/product"}],"version-history":[{"count":4,"href":"https:\/\/rfid-laundry-tag.com\/fr\/wp-json\/wp\/v2\/product\/723\/revisions"}],"predecessor-version":[{"id":1331,"href":"https:\/\/rfid-laundry-tag.com\/fr\/wp-json\/wp\/v2\/product\/723\/revisions\/1331"}],"wp:featuredmedia":[{"embeddable":true,"href":"https:\/\/rfid-laundry-tag.com\/fr\/wp-json\/wp\/v2\/media\/724"}],"wp:attachment":[{"href":"https:\/\/rfid-laundry-tag.com\/fr\/wp-json\/wp\/v2\/media?parent=723"}],"wp:term":[{"taxonomy":"product_brand","embeddable":true,"href":"https:\/\/rfid-laundry-tag.com\/fr\/wp-json\/wp\/v2\/product_brand?post=723"},{"taxonomy":"product_cat","embeddable":true,"href":"https:\/\/rfid-laundry-tag.com\/fr\/wp-json\/wp\/v2\/product_cat?post=723"},{"taxonomy":"product_tag","embeddable":true,"href":"https:\/\/rfid-laundry-tag.com\/fr\/wp-json\/wp\/v2\/product_tag?post=723"}],"curies":[{"name":"wp","href":"https:\/\/api.w.org\/{rel}","templated":true}]}}