{"id":72,"date":"2024-06-11T15:41:08","date_gmt":"2024-06-11T15:41:08","guid":{"rendered":"https:\/\/rfid-laundry-tag.com\/?post_type=product&#038;p=72"},"modified":"2024-06-11T16:35:12","modified_gmt":"2024-06-11T16:35:12","slug":"pps-nfc-laundry-tag-ntag213","status":"publish","type":"product","link":"https:\/\/rfid-laundry-tag.com\/fr\/pps-nfc-laundry-tag-ntag213\/","title":{"rendered":"\u00c9tiquette de blanchisserie PPS NFC-Ntag213"},"content":{"rendered":"<div class=\"J_module\">\n<div class=\"ife-detail-decorate-table\">\n<table class=\"has-title all magic-6\">\n<tbody>\n<tr>\n<td colspan=\"1\" rowspan=\"1\">\n<div class=\"magic-7\" data-spm-anchor-id=\"a2700.details.0.i45.77607d98vZbcDU\"><span class=\"magic-8\" style=\"color: #363535;\">Nom de l&#039;article<\/span><\/div>\n<\/td>\n<td colspan=\"1\" rowspan=\"1\">\n<div class=\"magic-9\">\u00c9tiquette de blanchisserie PPS NFC-Ntag213<\/div>\n<\/td>\n<\/tr>\n<tr>\n<td colspan=\"1\" rowspan=\"1\">\n<div class=\"magic-7\"><span class=\"magic-10\" data-spm-anchor-id=\"a2700.pc-decorate.0.i10.28d333330XLbTD\"><span class=\"magic-8\">Mat\u00e9riel<\/span><\/span><\/div>\n<\/td>\n<td colspan=\"1\" rowspan=\"1\">\n<div class=\"magic-9\"><span class=\"magic-8\">PPS<\/span><\/div>\n<\/td>\n<\/tr>\n<tr>\n<td colspan=\"1\" rowspan=\"1\">\n<div class=\"magic-7\"><span class=\"magic-8\">Couleur<\/span><\/div>\n<\/td>\n<td colspan=\"1\" rowspan=\"1\">\n<div class=\"magic-9\"><span class=\"magic-8\">Noir, jaune, etc.<\/span><\/div>\n<\/td>\n<\/tr>\n<tr>\n<td colspan=\"1\" rowspan=\"1\">MOQ<\/td>\n<td colspan=\"1\" rowspan=\"1\">500 pi\u00e8ces<\/td>\n<\/tr>\n<tr>\n<td colspan=\"1\" rowspan=\"1\">\n<div class=\"magic-7\"><span class=\"magic-8\">Fabricant\/puce<\/span><\/div>\n<\/td>\n<td colspan=\"1\" rowspan=\"1\">\n<div class=\"magic-9\"><span class=\"magic-8\">NXP Ntag213 <\/span><\/div>\n<\/td>\n<\/tr>\n<tr>\n<td colspan=\"1\" rowspan=\"1\">\n<div class=\"magic-7\"><span class=\"magic-8\">Fr\u00e9quence<\/span><\/div>\n<\/td>\n<td colspan=\"1\" rowspan=\"1\">\n<div class=\"magic-9\"><span class=\"magic-8\">13,56 MHz<\/span><\/div>\n<\/td>\n<\/tr>\n<tr>\n<td colspan=\"1\" rowspan=\"1\">\n<div class=\"magic-7\"><span class=\"magic-8\">M\u00e9moire<\/span><\/div>\n<\/td>\n<td colspan=\"1\" rowspan=\"1\">\n<div class=\"magic-9\"><span class=\"magic-8\">144 octets<\/span><\/div>\n<\/td>\n<\/tr>\n<tr>\n<td colspan=\"1\" rowspan=\"1\">\n<div class=\"magic-7\"><span class=\"magic-8\">Lire la distance<\/span><\/div>\n<\/td>\n<td colspan=\"1\" rowspan=\"1\">\n<div class=\"magic-9\"><span class=\"magic-8\">1 ~ 5 cm<\/span><\/div>\n<\/td>\n<\/tr>\n<tr>\n<td colspan=\"1\" rowspan=\"1\">\n<div class=\"magic-7\"><span class=\"magic-8\">En mode travail<\/span><\/div>\n<\/td>\n<td colspan=\"1\" rowspan=\"1\">\n<div class=\"magic-9\"><span class=\"magic-8\">passif<\/span><\/div>\n<\/td>\n<\/tr>\n<tr>\n<td colspan=\"1\" rowspan=\"1\">\n<div class=\"magic-7\"><span class=\"magic-8\">Temp\u00e9rature de fonctionnement<\/span><\/div>\n<\/td>\n<td colspan=\"1\" rowspan=\"1\">\n<div class=\"magic-9\"><span class=\"magic-8\">-25 \u2103 ~ + 110 \u2103<\/span><\/div>\n<\/td>\n<\/tr>\n<tr>\n<td colspan=\"1\" rowspan=\"1\">\n<div class=\"magic-7\"><span class=\"magic-8\">Temp\u00e9rature de stockage<\/span><\/div>\n<\/td>\n<td colspan=\"1\" rowspan=\"1\">\n<div class=\"magic-9\"><span class=\"magic-8\">-40 \u2103 ~ + 85 \u2103<\/span><\/div>\n<\/td>\n<\/tr>\n<tr>\n<td colspan=\"1\" rowspan=\"1\">\n<div class=\"magic-7\">\n<div><span class=\"magic-8\">\u00a0<\/span><\/div>\n<p><span class=\"magic-8\">R\u00e9sistance \u00e0 la temp\u00e9rature \u00e0 court terme<\/span><\/p>\n<\/div>\n<\/td>\n<td colspan=\"1\" rowspan=\"1\">\n<div class=\"magic-9\"><span class=\"magic-8\">lavage : 90\u2103, 15 minutes\u00a0; pr\u00e9-s\u00e9chage du convertisseur\u00a0: 180 \u2103, 30 minutes, 200 fois\u00a0; repassage : 180 \u2103, 10 secondes, 200 fois ; haut<br \/>\nst\u00e9rilisation \u00e0 temp\u00e9rature\u00a0: 135 \u2103, 20 minutes<\/span><\/div>\n<\/td>\n<\/tr>\n<tr>\n<td colspan=\"1\" rowspan=\"1\">\n<div class=\"magic-7\"><span class=\"magic-8\">Caract\u00e9ristiques<\/span><\/div>\n<\/td>\n<td colspan=\"1\" rowspan=\"1\">\n<div class=\"magic-9\"><span class=\"magic-8\">imperm\u00e9able, lavable, r\u00e9sistance aux hautes temp\u00e9ratures<\/span><\/div>\n<\/td>\n<\/tr>\n<tr>\n<td colspan=\"1\" rowspan=\"1\">\n<div class=\"magic-7\"><span class=\"magic-8\">Vie<\/span><\/div>\n<\/td>\n<td colspan=\"1\" rowspan=\"1\">\n<div class=\"magic-9\"><span class=\"magic-8\">laver 200 fois ou 3 ans<\/span><\/div>\n<\/td>\n<\/tr>\n<tr>\n<td colspan=\"1\" rowspan=\"1\">\n<div class=\"magic-7\"><span class=\"magic-8\">Applications<\/span><\/div>\n<\/td>\n<td colspan=\"1\" rowspan=\"1\">\n<div class=\"magic-9\"><span class=\"magic-8\">gestion et suivi du linge<\/span><\/div>\n<\/td>\n<\/tr>\n<\/tbody>\n<\/table>\n<\/div>\n<\/div>\n<div class=\"J_module\">\n<div class=\"detail-decorate-json-renderer-container\">\n<div class=\"magic-1\">\n<div>\n<div><\/div>\n<div class=\"auto-hide-last-sibling-br paragraph_1252f paragraph-element\"><strong>Puce NTAG213 d&#039;\u00e9tiquette de blanchisserie NFC<\/strong><\/div>\n<ul class=\"auto-hide-last-sibling-br\">\n<li>Fabricant : NXP Semiconducteurs<\/li>\n<li>Type de puce : NTAG213 (ISO\/IEC 14443 A)<\/li>\n<li>M\u00e9moire\u00a0: 144 octets de m\u00e9moire totale, divis\u00e9s en 42 pages (4 octets chacune)<\/li>\n<li>Autoriser la lecture et l&#039;\u00e9criture<\/li>\n<li>Fonction miroir UID ASCII<\/li>\n<li>Signature d&#039;originalit\u00e9 int\u00e9gr\u00e9e<\/li>\n<li>Conforme aux balises NFC Forum Type 2<\/li>\n<\/ul>\n<\/div>\n<div class=\"magic-2\">\n<div class=\"auto-hide-last-sibling-br paragraph_1252f paragraph-element\">\n<div class=\"auto-hide-last-sibling-br paragraph_1252f paragraph-element\">Les \u00e9tiquettes de blanchisserie PPS NFC avec puces NTAG213 constituent un excellent choix pour les environnements qui n\u00e9cessitent une durabilit\u00e9 \u00e9lev\u00e9e et un suivi fiable, tels que les blanchisseries commerciales et industrielles, les entrep\u00f4ts et les entreprises de logistique. Gr\u00e2ce \u00e0 leur bo\u00eetier en plastique PPS robuste, ils peuvent r\u00e9sister efficacement aux d\u00e9fis environnementaux tels que l&#039;humidit\u00e9, les huiles, les produits chimiques, les pressions et les temp\u00e9ratures \u00e9lev\u00e9es.<\/div>\n<p>&nbsp;<\/p>\n<div class=\"auto-hide-last-sibling-br paragraph_1252f paragraph-element\">Les principaux avantages de l&#039;\u00e9tiquette de blanchisserie NFC avec puces NTAG213 incluent\u00a0:<\/div>\n<p>&nbsp;<\/p>\n<div class=\"auto-hide-last-sibling-br paragraph_1252f paragraph-element\"><strong>M\u00e9moire prot\u00e9g\u00e9e par mot de passe\u00a0:<\/strong>\u00a0Avec la fonction de protection par mot de passe du NTAG213, vous pouvez s\u00e9curiser les donn\u00e9es stock\u00e9es dans la balise, en ajoutant une couche de s\u00e9curit\u00e9 suppl\u00e9mentaire pour emp\u00eacher tout acc\u00e8s ou modification non autoris\u00e9.<\/div>\n<p>&nbsp;<\/p>\n<div class=\"auto-hide-last-sibling-br paragraph_1252f paragraph-element\"><strong>Excellente distance de num\u00e9risation\u00a0:<\/strong>\u00a0M\u00eame si le NFC est con\u00e7u pour les communications \u00e0 courte port\u00e9e, la puce NTAG213 a \u00e9t\u00e9 d\u00e9velopp\u00e9e pour offrir une excellente distance de num\u00e9risation, permettant un suivi des articles plus rapide et plus pr\u00e9cis.<\/div>\n<p>&nbsp;<\/p>\n<div class=\"auto-hide-last-sibling-br paragraph_1252f paragraph-element\"><strong>V\u00e9ritable fonction anti-collision\u00a0:<\/strong>\u00a0Cette fonctionnalit\u00e9 permet au lecteur de num\u00e9riser et d&#039;interagir avec plusieurs balises simultan\u00e9ment. Cela s&#039;av\u00e8re pratique dans les situations o\u00f9 un grand nombre d&#039;articles doivent \u00eatre suivis en m\u00eame temps, comme dans le cas de lots de linge ou de palettes dans des entrep\u00f4ts.<\/div>\n<p>&nbsp;<\/p>\n<div class=\"auto-hide-last-sibling-br paragraph_1252f paragraph-element\"><strong>Application flexible\u00a0:<\/strong>\u00a0Les \u00e9tiquettes NFC PPS Laundry peuvent \u00eatre cousues sur du tissu ou fix\u00e9es sur diverses surfaces, ce qui les rend polyvalentes pour suivre non seulement le linge, mais \u00e9galement les outils, \u00e9quipements ou tout autre article devant r\u00e9sister \u00e0 des conditions difficiles.<\/div>\n<div class=\"auto-hide-last-sibling-br paragraph_1252f paragraph-element\"><\/div>\n<\/div>\n<\/div>\n<\/div>\n<\/div>\n<\/div>","protected":false},"excerpt":{"rendered":"<div class=\"auto-hide-last-sibling-br paragraph_1252f paragraph-element\">L&#039;\u00e9tiquette de blanchisserie PPS RFID, plus largement connue sous le nom d&#039;\u00e9tiquette de blanchisserie NFC, est con\u00e7ue express\u00e9ment pour les applications n\u00e9cessitant une \u00e9tiquette robuste capable de supporter des conditions op\u00e9rationnelles rigoureuses. Actuellement, le march\u00e9 grand public se tourne vers les transpondeurs de blanchisserie UHF. N\u00e9anmoins, certaines circonstances n\u00e9cessitent des \u00e9tiquettes de blanchisserie NFC compatibles avec les applications mobiles. Ces transpondeurs de blanchisserie de type bouton RFID r\u00e9pondent parfaitement \u00e0 ces exigences.<\/div>","protected":false},"featured_media":73,"template":"","meta":{"_kad_post_transparent":"default","_kad_post_title":"","_kad_post_layout":"default","_kad_post_sidebar_id":"","_kad_post_content_style":"default","_kad_post_vertical_padding":"default","_kad_post_feature":"","_kad_post_feature_position":"","_kad_post_header":false,"_kad_post_footer":false,"_kad_post_classname":""},"product_brand":[],"product_cat":[21,17],"product_tag":[37,42,35],"class_list":{"0":"post-72","1":"product","2":"type-product","3":"status-publish","4":"has-post-thumbnail","6":"product_cat-pps-rfid-laundry-tag","7":"product_cat-nfc-rfid-laundry-tag","8":"product_tag-nfc-button","9":"product_tag-pps-nfc-laundry-tag","10":"product_tag-rfid-button","12":"first","13":"instock","14":"shipping-taxable","15":"product-type-simple","16":"entry","17":"content-bg","18":"loop-entry"},"_links":{"self":[{"href":"https:\/\/rfid-laundry-tag.com\/fr\/wp-json\/wp\/v2\/product\/72","targetHints":{"allow":["GET"]}}],"collection":[{"href":"https:\/\/rfid-laundry-tag.com\/fr\/wp-json\/wp\/v2\/product"}],"about":[{"href":"https:\/\/rfid-laundry-tag.com\/fr\/wp-json\/wp\/v2\/types\/product"}],"version-history":[{"count":0,"href":"https:\/\/rfid-laundry-tag.com\/fr\/wp-json\/wp\/v2\/product\/72\/revisions"}],"wp:featuredmedia":[{"embeddable":true,"href":"https:\/\/rfid-laundry-tag.com\/fr\/wp-json\/wp\/v2\/media\/73"}],"wp:attachment":[{"href":"https:\/\/rfid-laundry-tag.com\/fr\/wp-json\/wp\/v2\/media?parent=72"}],"wp:term":[{"taxonomy":"product_brand","embeddable":true,"href":"https:\/\/rfid-laundry-tag.com\/fr\/wp-json\/wp\/v2\/product_brand?post=72"},{"taxonomy":"product_cat","embeddable":true,"href":"https:\/\/rfid-laundry-tag.com\/fr\/wp-json\/wp\/v2\/product_cat?post=72"},{"taxonomy":"product_tag","embeddable":true,"href":"https:\/\/rfid-laundry-tag.com\/fr\/wp-json\/wp\/v2\/product_tag?post=72"}],"curies":[{"name":"wp","href":"https:\/\/api.w.org\/{rel}","templated":true}]}}