{"id":70,"date":"2024-06-11T14:43:51","date_gmt":"2024-06-11T14:43:51","guid":{"rendered":"https:\/\/rfid-laundry-tag.com\/?post_type=product&#038;p=70"},"modified":"2024-06-14T13:38:47","modified_gmt":"2024-06-14T13:38:47","slug":"uhf-rfid-laundry-tag-pps-material","status":"publish","type":"product","link":"https:\/\/rfid-laundry-tag.com\/fr\/uhf-rfid-laundry-tag-pps-material\/","title":{"rendered":"\u00c9tiquette de blanchisserie UHF RFID | Mat\u00e9riau PPS"},"content":{"rendered":"<div class=\"J_module\">\n<div class=\"ife-detail-decorate-table\">\n<table class=\"has-title all magic-6\">\n<tbody>\n<tr>\n<td colspan=\"1\" rowspan=\"1\">\n<div class=\"magic-7\" data-spm-anchor-id=\"a2700.details.0.i45.77607d98vZbcDU\"><span class=\"magic-8\" style=\"color: #363535;\">Nom de l&#039;article<\/span><\/div>\n<\/td>\n<td colspan=\"1\" rowspan=\"1\">\n<div class=\"magic-9\"><span class=\"magic-8\">\u00c9tiquette de blanchisserie RFID UHF PPS<\/span><\/div>\n<\/td>\n<\/tr>\n<tr>\n<td colspan=\"1\" rowspan=\"1\">\n<div class=\"magic-7\"><span class=\"magic-10\" data-spm-anchor-id=\"a2700.pc-decorate.0.i10.28d333330XLbTD\"><span class=\"magic-8\">Mat\u00e9riel<\/span><\/span><\/div>\n<\/td>\n<td colspan=\"1\" rowspan=\"1\">\n<div class=\"magic-9\"><span class=\"magic-8\">PPS<\/span><\/div>\n<\/td>\n<\/tr>\n<tr>\n<td colspan=\"1\" rowspan=\"1\">\n<div class=\"magic-7\"><span class=\"magic-8\">Couleur<\/span><\/div>\n<\/td>\n<td colspan=\"1\" rowspan=\"1\">\n<div class=\"magic-9\"><span class=\"magic-8\">Noir<\/span><\/div>\n<\/td>\n<\/tr>\n<tr>\n<td colspan=\"1\" rowspan=\"1\">MOQ<\/td>\n<td colspan=\"1\" rowspan=\"1\">500 pi\u00e8ces<\/td>\n<\/tr>\n<tr>\n<td colspan=\"1\" rowspan=\"1\">\n<div class=\"magic-7\"><span class=\"magic-8\">Fabricant\/puce<\/span><\/div>\n<\/td>\n<td colspan=\"1\" rowspan=\"1\">\n<div class=\"magic-9\"><span class=\"magic-8\">NXP UCODE 8, UCODE 9<\/span><\/div>\n<\/td>\n<\/tr>\n<tr>\n<td colspan=\"1\" rowspan=\"1\">\n<div class=\"magic-7\"><span class=\"magic-8\">Fr\u00e9quence<\/span><\/div>\n<\/td>\n<td colspan=\"1\" rowspan=\"1\">\n<div class=\"magic-9\"><span class=\"magic-8\">860-960 MHz\/<\/span><\/div>\n<\/td>\n<\/tr>\n<tr>\n<td colspan=\"1\" rowspan=\"1\">\n<div class=\"magic-7\"><span class=\"magic-8\">M\u00e9moire<\/span><\/div>\n<\/td>\n<td colspan=\"1\" rowspan=\"1\">\n<div class=\"magic-9\"><span class=\"magic-8\">96 bits\/128 bits<\/span><\/div>\n<\/td>\n<\/tr>\n<tr>\n<td colspan=\"1\" rowspan=\"1\">\n<div class=\"magic-7\"><span class=\"magic-8\">Lire la distance<\/span><\/div>\n<\/td>\n<td colspan=\"1\" rowspan=\"1\">\n<div class=\"magic-9\"><span class=\"magic-8\">1-6m<\/span><\/div>\n<\/td>\n<\/tr>\n<tr>\n<td colspan=\"1\" rowspan=\"1\">\n<div class=\"magic-7\"><span class=\"magic-8\">En mode travail<\/span><\/div>\n<\/td>\n<td colspan=\"1\" rowspan=\"1\">\n<div class=\"magic-9\"><span class=\"magic-8\">passif<\/span><\/div>\n<\/td>\n<\/tr>\n<tr>\n<td colspan=\"1\" rowspan=\"1\">\n<div class=\"magic-7\"><span class=\"magic-8\">Temp\u00e9rature de fonctionnement<\/span><\/div>\n<\/td>\n<td colspan=\"1\" rowspan=\"1\">\n<div class=\"magic-9\"><span class=\"magic-8\">-25 \u2103 ~ + 110 \u2103<\/span><\/div>\n<\/td>\n<\/tr>\n<tr>\n<td colspan=\"1\" rowspan=\"1\">\n<div class=\"magic-7\"><span class=\"magic-8\">Temp\u00e9rature de stockage<\/span><\/div>\n<\/td>\n<td colspan=\"1\" rowspan=\"1\">\n<div class=\"magic-9\"><span class=\"magic-8\">-40 \u2103 ~ + 85 \u2103<\/span><\/div>\n<\/td>\n<\/tr>\n<tr>\n<td colspan=\"1\" rowspan=\"1\">\n<div class=\"magic-7\">\n<div><span class=\"magic-8\">\u00a0<\/span><\/div>\n<p><span class=\"magic-8\">R\u00e9sistance \u00e0 la temp\u00e9rature \u00e0 court terme<\/span><\/p>\n<\/div>\n<\/td>\n<td colspan=\"1\" rowspan=\"1\">\n<div class=\"magic-9\"><span class=\"magic-8\">lavage : 90\u2103, 15 minutes\u00a0; pr\u00e9-s\u00e9chage du convertisseur\u00a0: 180 \u2103, 30 minutes, 200 fois\u00a0; repassage : 180 \u2103, 10 secondes, 200 fois ; haut<br \/>\nst\u00e9rilisation \u00e0 temp\u00e9rature\u00a0: 135 \u2103, 20 minutes<\/span><\/div>\n<\/td>\n<\/tr>\n<tr>\n<td colspan=\"1\" rowspan=\"1\">\n<div class=\"magic-7\"><span class=\"magic-8\">Caract\u00e9ristiques<\/span><\/div>\n<\/td>\n<td colspan=\"1\" rowspan=\"1\">\n<div class=\"magic-9\"><span class=\"magic-8\">imperm\u00e9able, lavable, r\u00e9sistance aux hautes temp\u00e9ratures<\/span><\/div>\n<\/td>\n<\/tr>\n<tr>\n<td colspan=\"1\" rowspan=\"1\">\n<div class=\"magic-7\"><span class=\"magic-8\">Vie<\/span><\/div>\n<\/td>\n<td colspan=\"1\" rowspan=\"1\">\n<div class=\"magic-9\"><span class=\"magic-8\">laver 200 fois ou 3 ans<\/span><\/div>\n<\/td>\n<\/tr>\n<tr>\n<td colspan=\"1\" rowspan=\"1\">\n<div class=\"magic-7\"><span class=\"magic-8\">Applications<\/span><\/div>\n<\/td>\n<td colspan=\"1\" rowspan=\"1\">\n<div class=\"magic-9\"><span class=\"magic-8\">gestion et suivi du linge<\/span><\/div>\n<\/td>\n<\/tr>\n<\/tbody>\n<\/table>\n<\/div>\n<\/div>\n<div class=\"J_module\">\n<div class=\"detail-decorate-json-renderer-container\">\n<div class=\"magic-1\">\n<div class=\"magic-2\">\n<div class=\"magic-3\">\n<div><\/div>\n<div class=\"magic-4\">\n<div><strong>\u00c9tiquette de bouton RFID<\/strong><\/div>\n<div><\/div>\n<\/div>\n<\/div>\n<div>\n<div class=\"auto-hide-last-sibling-br paragraph_1252f paragraph-element\">Les \u00e9tiquettes de blanchisserie r\u00e9sistantes aux hautes temp\u00e9ratures PPS constituent une excellente solution de suivi pour les environnements commerciaux tels que les cantines et les restaurants o\u00f9 de grands volumes de vaisselle sont constamment manipul\u00e9s.<\/div>\n<\/div>\n<div>\n<div><\/div>\n<\/div>\n<\/div>\n<p><strong>Options de puce\u00a0:<\/strong><\/p>\n<p><strong>UCODE 8 de NXP<\/strong> Les circuits int\u00e9gr\u00e9s UCODE 8\/8m et UCODE 8m sont des produits de la famille UCODE. Les UCODE 8\/8m offrent des performances et des fonctionnalit\u00e9s \u00e9lev\u00e9es pour une utilisation dans les applications d&#039;\u00e9tiquetage RFID les plus exigeantes.<\/p>\n<p>Particuli\u00e8rement adapt\u00e9 aux applications de gestion des stocks, comme par exemple dans le commerce de d\u00e9tail et la mode, avec ses performances RF \u00e9prouv\u00e9es pour tout format donn\u00e9, UCODE 8\/8m permet une longue distance de lecture et un inventaire rapide d&#039;une population dense d&#039;\u00e9tiquettes RFID. Gr\u00e2ce \u00e0 sa conception \u00e0 large bande, il offre la possibilit\u00e9 de fabriquer de v\u00e9ritables \u00e9tiquettes RFID mondiales avec des performances \u00e9lev\u00e9es par rapport aux r\u00e9glementations mondiales.<\/p>\n<p>L&#039;appareil fournit \u00e9galement une fonction d&#039;auto-ajustement, un indicateur d&#039;\u00e9tat du produit pour l&#039;application de surveillance \u00e9lectronique des articles (EAS), un EPC 96 bits pr\u00e9-s\u00e9rialis\u00e9, un identifiant de marque et la commande de plainte EPC Gen2v2 Untraceable.<\/p>\n<div id=\"featuresXsp\" class=\"features-list toggle-opacity in\">\n<div class=\"features-xsp\">\n<div class=\"collapse-mobile ste-list\">\n<h3>Caract\u00e9ristiques principales<\/h3>\n<ul class=\"boxes\">\n<li>Sensibilit\u00e9 de lecture -23dBm<\/li>\n<li>Sensibilit\u00e9 d&#039;\u00e9criture -18 dBm<\/li>\n<li>Fonctionnalit\u00e9 innovante\n<ul>\n<li>Auto-ajustement<\/li>\n<li>Sauvegarde de la m\u00e9moire<\/li>\n<li>Introuvable<\/li>\n<li>Pr\u00e9-s\u00e9rialisation pour EPC 96 bits<\/li>\n<li>Indicateur d&#039;\u00e9tat du produit int\u00e9gr\u00e9 (PSF)<\/li>\n<\/ul>\n<\/li>\n<li>Compatible avec une antenne \u00e0 fente unique<\/li>\n<li>Jusqu&#039;\u00e0 128 bits EPC<\/li>\n<li>Identifiant d&#039;\u00e9tiquette unique (TID) de 96 bits verrouill\u00e9 en usine, y compris le num\u00e9ro de s\u00e9rie unique de 48 bits<\/li>\n<li>EPC Gen2v2<\/li>\n<\/ul>\n<\/div>\n<div class=\"collapse-mobile ste-list\">\n<h3>M\u00e9moire<\/h3>\n<ul class=\"boxes\">\n<li>M\u00e9moire EPC 128 bits\/96 bits (UCODE 8\/UCODE 8m)<\/li>\n<li>Prend en charge la pr\u00e9-s\u00e9rialisation pour EPC 96 bits<\/li>\n<li>Identifiant de balise 96 bits (TID) verrouill\u00e9 en usine<\/li>\n<li>Num\u00e9ro de s\u00e9rie unique de 48 bits cod\u00e9 en usine dans le TID<\/li>\n<li>M\u00e9moire utilisateur 0 bit\/32 bits (UCODE 8\/UCODE 8m)<\/li>\n<li>Mot de passe de 32 bits pour d\u00e9sactiver d\u00e9finitivement la balise<\/li>\n<li>Mot de passe d&#039;acc\u00e8s 32 bits<\/li>\n<li>Large plage de temp\u00e9rature de fonctionnement : -40\u00a0<sup>\u00b0<\/sup>C jusqu&#039;\u00e0 +85\u00a0<sup>\u00b0<\/sup>C<\/li>\n<li>EPC Gen2v2<\/li>\n<\/ul>\n<p><strong>UCODE 9 de NXP<\/strong><\/p>\n<p>Avec UCODE 9, les applications d&#039;\u00e9tiquetage RFID RAIN exigeantes b\u00e9n\u00e9ficient d&#039;un coup de pouce, permettant aux d\u00e9taillants et aux entreprises de logistique intelligente d&#039;acc\u00e9l\u00e9rer leur adoption de l&#039;IoT.<\/p>\n<p>Gr\u00e2ce \u00e0 ses performances accrues, UCODE 9 permet des inventaires plus efficaces. De plus, UCODE 9 permet de r\u00e9utiliser les conceptions d&#039;antennes int\u00e9gr\u00e9es UCODE 8 existantes, ce qui offre un chemin de migration facile de UCODE 8 \u00e0 UCODE 9.<\/p>\n<p>Ses performances de puce sup\u00e9rieures permettent des conceptions d&#039;incrustations plus petites, ce qui contribue \u00e0 r\u00e9duire l&#039;utilisation de plastique et d&#039;aluminium, favorisant ainsi la durabilit\u00e9 environnementale.<\/p>\n<div class=\"collapse-mobile ste-list\">\n<h3>Caract\u00e9ristiques principales<\/h3>\n<ul class=\"boxes\">\n<li>Sensibilit\u00e9 de lecture : -24 dBm<\/li>\n<li>Sensibilit\u00e9 d&#039;\u00e9criture : -22 dBm<\/li>\n<li>Vitesse d&#039;encodage : 32 bits en 0,96 ms<\/li>\n<li>Antenne de remplacement pour UCODE 8<\/li>\n<li>Auto-ajustement<\/li>\n<li>Sauvegarde de la m\u00e9moire<\/li>\n<li>Pr\u00e9-s\u00e9rialisation de l&#039;EPC 96 bits<\/li>\n<\/ul>\n<\/div>\n<div class=\"collapse-mobile ste-list\">\n<h3>M\u00e9moire<\/h3>\n<ul class=\"boxes\">\n<li>96 bits de m\u00e9moire EPC<\/li>\n<li>Prend en charge la pr\u00e9-s\u00e9rialisation de l&#039;EPC 96 bits<\/li>\n<li>Identifiant de balise 96 bits (TID) verrouill\u00e9 en usine<\/li>\n<li>Num\u00e9ro de s\u00e9rie unique de 48 bits cod\u00e9 en usine dans le TID<\/li>\n<li>Mot de passe de 32 bits pour d\u00e9sactiver d\u00e9finitivement la balise<\/li>\n<li>Large plage de temp\u00e9rature de fonctionnement : -40 \u00b0C \u00e0 +85 \u00b0C<\/li>\n<li>Endurance de 100\u00a0000 cycles d&#039;\u00e9criture<\/li>\n<li>Conservation des donn\u00e9es pendant 20 ans<\/li>\n<\/ul>\n<\/div>\n<div class=\"collapse-mobile ste-list\">\n<h3>Fonctionnalit\u00e9s prises en charge<\/h3>\n<ul class=\"boxes\">\n<li>Toutes les commandes obligatoires de la sp\u00e9cification globale EPC Gen2 v2.1 sont impl\u00e9ment\u00e9es, y compris\u00a0:\n<ul>\n<li>Commande de mise \u00e0 mort<\/li>\n<\/ul>\n<\/li>\n<li>Les commandes facultatives suivantes sont impl\u00e9ment\u00e9es conform\u00e9ment \u00e0 la sp\u00e9cification EPC\n<ul>\n<li>\u00c9criture en bloc (2 mots, 32 bits)<\/li>\n<\/ul>\n<\/li>\n<li>Auto-ajustement pour une optimisation automatis\u00e9e des performances des balises<\/li>\n<li>Verrouillage permanent<\/li>\n<\/ul>\n<\/div>\n<\/div>\n<div class=\"collapse-mobile ste-list\"><\/div>\n<\/div>\n<\/div>\n<div class=\"magic-2\">\n<div>\n<div class=\"auto-hide-last-sibling-br paragraph_1252f paragraph-element\"><\/div>\n<div class=\"auto-hide-last-sibling-br paragraph_1252f paragraph-element\"><strong>Applications de l&#039;\u00e9tiquette bouton RFID<\/strong><\/div>\n<ol class=\"auto-hide-last-sibling-br\">\n<li>\n<div class=\"auto-hide-last-sibling-br paragraph_1252f paragraph-element\">Blanchisseries industrielles\u00a0: Dans le secteur industriel, le suivi de grandes quantit\u00e9s de linge devient une t\u00e2che sans effort gr\u00e2ce \u00e0 l&#039;utilisation des boutons d&#039;\u00e9tiquettes RFID pour le linge.<\/div>\n<\/li>\n<li>\n<div class=\"auto-hide-last-sibling-br paragraph_1252f paragraph-element\">H\u00f4pitaux et h\u00f4tels\u00a0: ces \u00e9tablissements sont souvent confront\u00e9s \u00e0 des op\u00e9rations de blanchisserie \u00e0 grand volume o\u00f9 ces \u00e9tiquettes se sont av\u00e9r\u00e9es essentielles \u00e0 l&#039;am\u00e9lioration de l&#039;efficacit\u00e9 et de la gestion des stocks.<\/div>\n<\/li>\n<li>\n<div class=\"auto-hide-last-sibling-br paragraph_1252f paragraph-element\">Location de linge : les entreprises fournissant des services de location de linge utilisent ces \u00e9tiquettes pour simplifier la gestion des stocks et maintenir le contr\u00f4le de la qualit\u00e9.<\/div>\n<\/li>\n<\/ol>\n<div class=\"auto-hide-last-sibling-br paragraph_1252f paragraph-element\"><\/div>\n<\/div>\n<\/div>\n<\/div>\n<\/div>\n<\/div>","protected":false},"excerpt":{"rendered":"<div class=\"auto-hide-last-sibling-br paragraph_1252f paragraph-element\">Commun\u00e9ment connue sous le nom d&#039;\u00e9tiquette bouton RFID, l&#039;\u00e9tiquette de blanchisserie RFID UHF est un dispositif durable sur mesure destin\u00e9 aux fonctions exigeant des \u00e9tiquettes r\u00e9silientes dans des conditions difficiles. Les transpondeurs de blanchisserie UHF dominent actuellement le march\u00e9, bien qu&#039;il existe des cas o\u00f9 des \u00e9tiquettes de bouton RFID synchronis\u00e9es avec les applications mobiles sont n\u00e9cessaires. Ces transpondeurs de blanchisserie RFID en forme de bouton s&#039;adaptent parfaitement \u00e0 cette facture. Gr\u00e2ce \u00e0 leur adaptabilit\u00e9 et leurs performances exceptionnelles, ils offrent d\u2019immenses avantages en mati\u00e8re de suivi et d\u2019identification des textiles industriels et du linge dans divers secteurs.<\/div>","protected":false},"featured_media":71,"template":"","meta":{"_kad_post_transparent":"default","_kad_post_title":"","_kad_post_layout":"default","_kad_post_sidebar_id":"","_kad_post_content_style":"default","_kad_post_vertical_padding":"default","_kad_post_feature":"","_kad_post_feature_position":"","_kad_post_header":false,"_kad_post_footer":false,"_kad_post_classname":""},"product_brand":[],"product_cat":[21,16],"product_tag":[41,35,33,30],"class_list":{"0":"post-70","1":"product","2":"type-product","3":"status-publish","4":"has-post-thumbnail","6":"product_cat-pps-rfid-laundry-tag","7":"product_cat-uhf-rfid-laundry-tags","8":"product_tag-pps-uhf-rfid-laundry-tag","9":"product_tag-rfid-button","10":"product_tag-rfid-laundry-tag-button","11":"product_tag-uhf-rfid-laundry-tag","13":"first","14":"instock","15":"shipping-taxable","16":"product-type-simple","17":"entry","18":"content-bg","19":"loop-entry"},"_links":{"self":[{"href":"https:\/\/rfid-laundry-tag.com\/fr\/wp-json\/wp\/v2\/product\/70","targetHints":{"allow":["GET"]}}],"collection":[{"href":"https:\/\/rfid-laundry-tag.com\/fr\/wp-json\/wp\/v2\/product"}],"about":[{"href":"https:\/\/rfid-laundry-tag.com\/fr\/wp-json\/wp\/v2\/types\/product"}],"version-history":[{"count":1,"href":"https:\/\/rfid-laundry-tag.com\/fr\/wp-json\/wp\/v2\/product\/70\/revisions"}],"predecessor-version":[{"id":150,"href":"https:\/\/rfid-laundry-tag.com\/fr\/wp-json\/wp\/v2\/product\/70\/revisions\/150"}],"wp:featuredmedia":[{"embeddable":true,"href":"https:\/\/rfid-laundry-tag.com\/fr\/wp-json\/wp\/v2\/media\/71"}],"wp:attachment":[{"href":"https:\/\/rfid-laundry-tag.com\/fr\/wp-json\/wp\/v2\/media?parent=70"}],"wp:term":[{"taxonomy":"product_brand","embeddable":true,"href":"https:\/\/rfid-laundry-tag.com\/fr\/wp-json\/wp\/v2\/product_brand?post=70"},{"taxonomy":"product_cat","embeddable":true,"href":"https:\/\/rfid-laundry-tag.com\/fr\/wp-json\/wp\/v2\/product_cat?post=70"},{"taxonomy":"product_tag","embeddable":true,"href":"https:\/\/rfid-laundry-tag.com\/fr\/wp-json\/wp\/v2\/product_tag?post=70"}],"curies":[{"name":"wp","href":"https:\/\/api.w.org\/{rel}","templated":true}]}}