{"id":62,"date":"2024-06-10T16:32:32","date_gmt":"2024-06-10T16:32:32","guid":{"rendered":"https:\/\/rfid-laundry-tag.com\/?post_type=product&#038;p=62"},"modified":"2024-06-10T16:32:32","modified_gmt":"2024-06-10T16:32:32","slug":"rfid-laundry-tag-button","status":"publish","type":"product","link":"https:\/\/rfid-laundry-tag.com\/fr\/rfid-laundry-tag-button\/","title":{"rendered":"Bouton d&#039;\u00e9tiquette de blanchisserie RFID"},"content":{"rendered":"<div class=\"J_module\">\n<div class=\"ife-detail-decorate-table\">\n<table class=\"has-title all magic-6\">\n<tbody>\n<tr>\n<td colspan=\"1\" rowspan=\"1\">\n<div class=\"magic-7\" data-spm-anchor-id=\"a2700.details.0.i45.77607d98vZbcDU\"><span class=\"magic-8\" style=\"color: #363535;\">Nom de l&#039;article<\/span><\/div>\n<\/td>\n<td colspan=\"1\" rowspan=\"1\">\n<div class=\"magic-9\"><span class=\"magic-8\">Bouton d&#039;\u00e9tiquette de blanchisserie RFID<\/span><\/div>\n<\/td>\n<\/tr>\n<tr>\n<td colspan=\"1\" rowspan=\"1\">\n<div class=\"magic-7\"><span class=\"magic-10\" data-spm-anchor-id=\"a2700.pc-decorate.0.i10.28d333330XLbTD\"><span class=\"magic-8\">Mat\u00e9riel<\/span><\/span><\/div>\n<\/td>\n<td colspan=\"1\" rowspan=\"1\">\n<div class=\"magic-9\"><span class=\"magic-8\">PPS<\/span><\/div>\n<\/td>\n<\/tr>\n<tr>\n<td colspan=\"1\" rowspan=\"1\">\n<div class=\"magic-7\"><span class=\"magic-8\">Couleur<\/span><\/div>\n<\/td>\n<td colspan=\"1\" rowspan=\"1\">\n<div class=\"magic-9\"><span class=\"magic-8\">Noir, jaune, etc.<\/span><\/div>\n<\/td>\n<\/tr>\n<tr>\n<td colspan=\"1\" rowspan=\"1\">MOQ<\/td>\n<td colspan=\"1\" rowspan=\"1\">500 pi\u00e8ces<\/td>\n<\/tr>\n<tr>\n<td colspan=\"1\" rowspan=\"1\">\n<div class=\"magic-7\"><span class=\"magic-8\">Fabricant\/puce<\/span><\/div>\n<\/td>\n<td colspan=\"1\" rowspan=\"1\">\n<div class=\"magic-9\"><span class=\"magic-8\">NXPUCODE 8,UCODE 9\/NTAG213\/EM4305,T5577 etc.<\/span><\/div>\n<\/td>\n<\/tr>\n<tr>\n<td colspan=\"1\" rowspan=\"1\">\n<div class=\"magic-7\"><span class=\"magic-8\">Fr\u00e9quence<\/span><\/div>\n<\/td>\n<td colspan=\"1\" rowspan=\"1\">\n<div class=\"magic-9\"><span class=\"magic-8\">860-960 MHz\/13,56 MHz\/125 kHz<\/span><\/div>\n<\/td>\n<\/tr>\n<tr>\n<td colspan=\"1\" rowspan=\"1\">\n<div class=\"magic-7\"><span class=\"magic-8\">M\u00e9moire<\/span><\/div>\n<\/td>\n<td colspan=\"1\" rowspan=\"1\">\n<div class=\"magic-9\"><span class=\"magic-8\">96 bits\/128 bits\/144 octets<\/span><\/div>\n<\/td>\n<\/tr>\n<tr>\n<td colspan=\"1\" rowspan=\"1\">\n<div class=\"magic-7\"><span class=\"magic-8\">Lire la distance<\/span><\/div>\n<\/td>\n<td colspan=\"1\" rowspan=\"1\">\n<div class=\"magic-9\"><span class=\"magic-8\">1-6 m\/1~5 cm\/1~2 cm<\/span><\/div>\n<\/td>\n<\/tr>\n<tr>\n<td colspan=\"1\" rowspan=\"1\">\n<div class=\"magic-7\"><span class=\"magic-8\">En mode travail<\/span><\/div>\n<\/td>\n<td colspan=\"1\" rowspan=\"1\">\n<div class=\"magic-9\"><span class=\"magic-8\">passif<\/span><\/div>\n<\/td>\n<\/tr>\n<tr>\n<td colspan=\"1\" rowspan=\"1\">\n<div class=\"magic-7\"><span class=\"magic-8\">Temp\u00e9rature de fonctionnement<\/span><\/div>\n<\/td>\n<td colspan=\"1\" rowspan=\"1\">\n<div class=\"magic-9\"><span class=\"magic-8\">-25 \u2103 ~ + 110 \u2103<\/span><\/div>\n<\/td>\n<\/tr>\n<tr>\n<td colspan=\"1\" rowspan=\"1\">\n<div class=\"magic-7\"><span class=\"magic-8\">Temp\u00e9rature de stockage<\/span><\/div>\n<\/td>\n<td colspan=\"1\" rowspan=\"1\">\n<div class=\"magic-9\"><span class=\"magic-8\">-40 \u2103 ~ + 85 \u2103<\/span><\/div>\n<\/td>\n<\/tr>\n<tr>\n<td colspan=\"1\" rowspan=\"1\">\n<div class=\"magic-7\">\n<div><span class=\"magic-8\">\u00a0<\/span><\/div>\n<p><span class=\"magic-8\">R\u00e9sistance \u00e0 la temp\u00e9rature \u00e0 court terme<\/span><\/div>\n<\/td>\n<td colspan=\"1\" rowspan=\"1\">\n<div class=\"magic-9\"><span class=\"magic-8\">lavage : 90\u2103, 15 minutes\u00a0; pr\u00e9-s\u00e9chage du convertisseur\u00a0: 180 \u2103, 30 minutes, 200 fois\u00a0; repassage : 180 \u2103, 10 secondes, 200 fois ; haut<br \/>\nst\u00e9rilisation \u00e0 temp\u00e9rature\u00a0: 135 \u2103, 20 minutes<\/span><\/div>\n<\/td>\n<\/tr>\n<tr>\n<td colspan=\"1\" rowspan=\"1\">\n<div class=\"magic-7\"><span class=\"magic-8\">Caract\u00e9ristiques<\/span><\/div>\n<\/td>\n<td colspan=\"1\" rowspan=\"1\">\n<div class=\"magic-9\"><span class=\"magic-8\">imperm\u00e9able, lavable, r\u00e9sistance aux hautes temp\u00e9ratures<\/span><\/div>\n<\/td>\n<\/tr>\n<tr>\n<td colspan=\"1\" rowspan=\"1\">\n<div class=\"magic-7\"><span class=\"magic-8\">Vie<\/span><\/div>\n<\/td>\n<td colspan=\"1\" rowspan=\"1\">\n<div class=\"magic-9\"><span class=\"magic-8\">laver 200 fois ou 3 ans<\/span><\/div>\n<\/td>\n<\/tr>\n<tr>\n<td colspan=\"1\" rowspan=\"1\">\n<div class=\"magic-7\"><span class=\"magic-8\">Applications<\/span><\/div>\n<\/td>\n<td colspan=\"1\" rowspan=\"1\">\n<div class=\"magic-9\"><span class=\"magic-8\">gestion et suivi du linge<\/span><\/div>\n<\/td>\n<\/tr>\n<\/tbody>\n<\/table>\n<\/div>\n<\/div>\n<div class=\"J_module\">\n<div class=\"detail-decorate-json-renderer-container\">\n<div class=\"magic-1\">\n<div class=\"magic-2\">\n<div class=\"magic-3\">\n<div><\/div>\n<div class=\"magic-4\"><span class=\"magic-5\" style=\"color: #2196ed;\"><b class=\"magic-10\">Bouton d&#039;\u00e9tiquette de blanchisserie RFID<\/b><\/span><\/p>\n<div><\/div>\n<\/div>\n<\/div>\n<div>\n<div class=\"auto-hide-last-sibling-br paragraph_1252f paragraph-element\">Les \u00e9tiquettes de blanchisserie r\u00e9sistantes aux hautes temp\u00e9ratures PPS constituent une excellente solution de suivi pour les environnements commerciaux tels que les cantines et les restaurants o\u00f9 de grands volumes de vaisselle sont constamment manipul\u00e9s :<\/div>\n<p><br class=\"container_e695a wrapper_ad07b undefined\" \/><\/p>\n<ol class=\"auto-hide-last-sibling-br\">\n<li>\n<div class=\"auto-hide-last-sibling-br paragraph_1252f paragraph-element\">Suivi impeccable : L&#039;apposition sur chaque pi\u00e8ce de vaisselle d&#039;une \u00e9tiquette RFID contenant des informations d&#039;identification uniques (telles que le type d&#039;article, le fabricant et la date d&#039;achat) permet de suivre la progression de chaque article tout au long du processus de lavage de la vaisselle via des lecteurs RFID.<\/div>\n<\/li>\n<li>\n<div class=\"auto-hide-last-sibling-br paragraph_1252f paragraph-element\">Durabilit\u00e9 \u00e9lev\u00e9e : les \u00e9tiquettes RFID r\u00e9sistantes aux hautes temp\u00e9ratures de PPS r\u00e9sistent sans probl\u00e8me aux temp\u00e9ratures \u00e9lev\u00e9es et aux produits chimiques agressifs. Elles sont m\u00e9ticuleusement con\u00e7ues pour r\u00e9sister \u00e0 de telles conditions, ce qui en fait un choix id\u00e9al pour le suivi de la vaisselle dans les installations de lavage de vaisselle commerciales.<\/div>\n<\/li>\n<li>\n<div class=\"auto-hide-last-sibling-br paragraph_1252f paragraph-element\">Gestion efficace des stocks : une fois nettoy\u00e9es, d\u00e9sinfect\u00e9es et stock\u00e9es pour \u00eatre r\u00e9utilis\u00e9es, les \u00e9tiquettes RFID permettent de suivre facilement la disponibilit\u00e9 et l&#039;emplacement de chaque article. Cela garantit un approvisionnement suffisamment constant de vaisselle propre, \u00e9liminant ainsi le risque de p\u00e9nurie ou de mauvaise manipulation.<\/div>\n<\/li>\n<li>\n<div class=\"auto-hide-last-sibling-br paragraph_1252f paragraph-element\">Logistique am\u00e9lior\u00e9e : la mise en \u0153uvre des \u00e9tiquettes RFID PPS Laundry rationalise la gestion des stocks et des proc\u00e9dures logistiques dans les environnements \u00e0 haute temp\u00e9rature, tels que les lave-vaisselle commerciaux.<\/div>\n<\/li>\n<\/ol>\n<div class=\"auto-hide-last-sibling-br paragraph_1252f paragraph-element\"><strong>Avantages du bouton de blanchisserie RFID<\/strong><\/div>\n<ol class=\"auto-hide-last-sibling-br\">\n<li>\n<div class=\"auto-hide-last-sibling-br paragraph_1252f paragraph-element\">Suivi efficace : les boutons d&#039;\u00e9tiquette de blanchisserie RFID simplifient le suivi des articles vestimentaires tout au long du processus de blanchisserie, am\u00e9liorant ainsi l&#039;efficacit\u00e9 op\u00e9rationnelle et la productivit\u00e9.<\/div>\n<\/li>\n<li>\n<div class=\"auto-hide-last-sibling-br paragraph_1252f paragraph-element\">Encourage l&#039;automatisation : ces boutons aident \u00e0 r\u00e9duire la n\u00e9cessit\u00e9 du travail manuel et les erreurs potentielles qui y sont associ\u00e9es, favorisant ainsi un syst\u00e8me efficace et automatis\u00e9.<\/div>\n<\/li>\n<li>\n<div class=\"auto-hide-last-sibling-br paragraph_1252f paragraph-element\">Durable : Sp\u00e9cialement con\u00e7us pour r\u00e9sister aux conditions de lavage difficiles, ces boutons r\u00e9sistent aux temp\u00e9ratures \u00e9lev\u00e9es, \u00e0 la pression et aux produits chimiques, garantissant ainsi leur long\u00e9vit\u00e9.<\/div>\n<\/li>\n<\/ol>\n<div class=\"auto-hide-last-sibling-br paragraph_1252f paragraph-element\"><strong>Caract\u00e9ristiques de l&#039;\u00e9tiquette de blanchisserie RFID<\/strong><\/div>\n<ol class=\"auto-hide-last-sibling-br\">\n<li>\n<div class=\"auto-hide-last-sibling-br paragraph_1252f paragraph-element\">Identification unique : chaque \u00e9tiquette contient des informations d\u2019identification uniques, facilitant le suivi transparent des pi\u00e8ces individuelles.<\/div>\n<\/li>\n<li>\n<div class=\"auto-hide-last-sibling-br paragraph_1252f paragraph-element\">R\u00e9sistance aux hautes temp\u00e9ratures : les boutons d&#039;\u00e9tiquette de blanchisserie RFID sont con\u00e7us pour supporter des temp\u00e9ratures \u00e9lev\u00e9es, ce qui les rend id\u00e9aux pour une utilisation en blanchisserie.<\/div>\n<\/li>\n<li>\n<div class=\"auto-hide-last-sibling-br paragraph_1252f paragraph-element\">Fonctionnalit\u00e9s NFC : Certaines \u00e9tiquettes sont \u00e9quip\u00e9es de la fonctionnalit\u00e9 NFC permettant de les scanner \u00e0 l&#039;aide d&#039;applications mobiles, permettant ainsi le suivi et la gestion \u00e0 distance.<\/div>\n<\/li>\n<\/ol>\n<div class=\"auto-hide-last-sibling-br paragraph_1252f paragraph-element\"><strong>Applications du bouton de blanchisserie RFID<\/strong><\/div>\n<ol class=\"auto-hide-last-sibling-br\">\n<li>\n<div class=\"auto-hide-last-sibling-br paragraph_1252f paragraph-element\">Blanchisseries industrielles\u00a0: Dans le secteur industriel, le suivi de grandes quantit\u00e9s de linge devient une t\u00e2che sans effort gr\u00e2ce \u00e0 l&#039;utilisation des boutons d&#039;\u00e9tiquettes RFID pour le linge.<\/div>\n<\/li>\n<li>\n<div class=\"auto-hide-last-sibling-br paragraph_1252f paragraph-element\">H\u00f4pitaux et h\u00f4tels\u00a0: ces \u00e9tablissements sont souvent confront\u00e9s \u00e0 des op\u00e9rations de blanchisserie \u00e0 grand volume o\u00f9 ces \u00e9tiquettes se sont av\u00e9r\u00e9es essentielles \u00e0 l&#039;am\u00e9lioration de l&#039;efficacit\u00e9 et de la gestion des stocks.<\/div>\n<\/li>\n<li>\n<div class=\"auto-hide-last-sibling-br paragraph_1252f paragraph-element\">Location de linge : les entreprises fournissant des services de location de linge utilisent ces \u00e9tiquettes pour simplifier la gestion des stocks et maintenir le contr\u00f4le de la qualit\u00e9.<\/div>\n<\/li>\n<\/ol>\n<div class=\"auto-hide-last-sibling-br paragraph_1252f paragraph-element\"><strong>Production de boutons d&#039;\u00e9tiquettes de blanchisserie RFID<\/strong><\/div>\n<div class=\"auto-hide-last-sibling-br paragraph_1252f paragraph-element\">Le processus de production des \u00e9tiquettes RFID pour le linge consiste \u00e0 int\u00e9grer une puce RFID dans un bo\u00eetier en plastique ou en r\u00e9sine pour garantir son \u00e9tanch\u00e9it\u00e9 et sa capacit\u00e9 \u00e0 r\u00e9sister aux conditions difficiles d&#039;un environnement de blanchisserie. Des technologies avanc\u00e9es sont utilis\u00e9es pendant la production pour garantir que les \u00e9tiquettes peuvent r\u00e9sister \u00e0 des temp\u00e9ratures \u00e9lev\u00e9es, \u00e0 la pression et \u00e0 l&#039;exposition aux produits chimiques. Chaque \u00e9tiquette est programm\u00e9e avec un num\u00e9ro d&#039;identification unique \u00e0 des fins de suivi pendant sa dur\u00e9e de vie.<\/div>\n<\/div>\n<\/div>\n<\/div>\n<\/div>\n<\/div>","protected":false},"excerpt":{"rendered":"<div class=\"auto-hide-last-sibling-br paragraph_1252f paragraph-element\">Le bouton de blanchisserie RFID, ou plus commun\u00e9ment connu sous le nom d&#039;\u00e9tiquette de blanchisserie RFID PPS, est sp\u00e9cialement con\u00e7u pour r\u00e9pondre aux applications qui exigent une \u00e9tiquette durable capable de r\u00e9sister \u00e0 des conditions de travail difficiles.<\/div>\n<div class=\"auto-hide-last-sibling-br paragraph_1252f paragraph-element\">Actuellement, la majeure partie du march\u00e9 se tourne vers l\u2019utilisation de transpondeurs de blanchisserie UHF. Cependant, certains sc\u00e9narios n\u00e9cessitent \u00e9galement l\u2019utilisation d\u2019\u00e9tiquettes de blanchisserie NFC prenant en charge les applications mobiles. Les transpondeurs de blanchisserie RFID \u00e0 boutons r\u00e9pondent efficacement \u00e0 ces besoins.<\/div>\n<div class=\"auto-hide-last-sibling-br paragraph_1252f paragraph-element\">Leur polyvalence et leurs performances robustes les rendent particuli\u00e8rement utiles pour identifier et suivre la blanchisserie industrielle et les textiles dans divers secteurs. Particuli\u00e8rement r\u00e9pandues dans les h\u00f4tels, les h\u00f4pitaux et les entreprises proposant des services de location de linge, ces \u00e9tiquettes tr\u00e8s durables contribuent \u00e0 am\u00e9liorer l&#039;efficacit\u00e9 op\u00e9rationnelle et la productivit\u00e9 globale.<\/div>","protected":false},"featured_media":63,"template":"","meta":{"_kad_post_transparent":"default","_kad_post_title":"","_kad_post_layout":"default","_kad_post_sidebar_id":"","_kad_post_content_style":"default","_kad_post_vertical_padding":"default","_kad_post_feature":"","_kad_post_feature_position":"","_kad_post_header":false,"_kad_post_footer":false,"_kad_post_classname":""},"product_brand":[],"product_cat":[21],"product_tag":[35,34,33],"class_list":{"0":"post-62","1":"product","2":"type-product","3":"status-publish","4":"has-post-thumbnail","6":"product_cat-pps-rfid-laundry-tag","7":"product_tag-rfid-button","8":"product_tag-rfid-laundry-button","9":"product_tag-rfid-laundry-tag-button","11":"first","12":"instock","13":"shipping-taxable","14":"product-type-simple","15":"entry","16":"content-bg","17":"loop-entry"},"_links":{"self":[{"href":"https:\/\/rfid-laundry-tag.com\/fr\/wp-json\/wp\/v2\/product\/62","targetHints":{"allow":["GET"]}}],"collection":[{"href":"https:\/\/rfid-laundry-tag.com\/fr\/wp-json\/wp\/v2\/product"}],"about":[{"href":"https:\/\/rfid-laundry-tag.com\/fr\/wp-json\/wp\/v2\/types\/product"}],"version-history":[{"count":0,"href":"https:\/\/rfid-laundry-tag.com\/fr\/wp-json\/wp\/v2\/product\/62\/revisions"}],"wp:featuredmedia":[{"embeddable":true,"href":"https:\/\/rfid-laundry-tag.com\/fr\/wp-json\/wp\/v2\/media\/63"}],"wp:attachment":[{"href":"https:\/\/rfid-laundry-tag.com\/fr\/wp-json\/wp\/v2\/media?parent=62"}],"wp:term":[{"taxonomy":"product_brand","embeddable":true,"href":"https:\/\/rfid-laundry-tag.com\/fr\/wp-json\/wp\/v2\/product_brand?post=62"},{"taxonomy":"product_cat","embeddable":true,"href":"https:\/\/rfid-laundry-tag.com\/fr\/wp-json\/wp\/v2\/product_cat?post=62"},{"taxonomy":"product_tag","embeddable":true,"href":"https:\/\/rfid-laundry-tag.com\/fr\/wp-json\/wp\/v2\/product_tag?post=62"}],"curies":[{"name":"wp","href":"https:\/\/api.w.org\/{rel}","templated":true}]}}