{"id":59,"date":"2024-06-10T15:13:24","date_gmt":"2024-06-10T15:13:24","guid":{"rendered":"https:\/\/rfid-laundry-tag.com\/?post_type=product&#038;p=59"},"modified":"2024-09-08T05:25:57","modified_gmt":"2024-09-08T05:25:57","slug":"uhf-laundry-tag-nxp-u-code-9-chip","status":"publish","type":"product","link":"https:\/\/rfid-laundry-tag.com\/fr\/uhf-laundry-tag-nxp-u-code-9-chip\/","title":{"rendered":"\u00c9tiquette de blanchisserie UHF | Puce NXP U CODE 9"},"content":{"rendered":"<div class=\"auto-hide-last-sibling-br paragraph_1252f paragraph-element\">\n<div data-spm-anchor-id=\"a2700.details.0.i57.23b419c7xXORP0\">\n<div class=\"auto-hide-last-sibling-br paragraph_1252f paragraph-element\"><strong>Principales caract\u00e9ristiques de nos \u00e9tiquettes de blanchisserie UHF\u00a0:<\/strong><\/div>\n<p>&nbsp;<\/p>\n<div class=\"auto-hide-last-sibling-br paragraph_1252f paragraph-element\">-Efficacit\u00e9 : Les \u00e9tiquettes offrent des performances exemplaires, trouvant l&#039;\u00e9quilibre parfait entre rapport qualit\u00e9\/prix et efficacit\u00e9.<\/div>\n<p>&nbsp;<\/p>\n<div class=\"auto-hide-last-sibling-br paragraph_1252f paragraph-element\">-Fiabilit\u00e9 : La constance des performances reste constante m\u00eame apr\u00e8s des centaines de cycles de lavage.<\/div>\n<p>&nbsp;<\/p>\n<div class=\"auto-hide-last-sibling-br paragraph_1252f paragraph-element\">- Flexibilit\u00e9 : ces \u00e9tiquettes sont flexibles, fines et souples, ce qui les rend faciles \u00e0 coudre, \u00e0 emballer ou \u00e0 thermosceller sur des articles textiles.<\/div>\n<p>&nbsp;<\/p>\n<div class=\"auto-hide-last-sibling-br paragraph_1252f paragraph-element\">- Production \u00e9volutive : nous garantissons un rendement de production puissant allant jusqu&#039;\u00e0 4 millions d&#039;\u00e9tiquettes par mois, en les soumettant toutes \u00e0 une inspection rigoureuse avant la livraison finale.<\/div>\n<p>&nbsp;<\/p>\n<div class=\"auto-hide-last-sibling-br paragraph_1252f paragraph-element\">-Durabilit\u00e9 : Nos \u00e9tiquettes sont accompagn\u00e9es d&#039;une garantie promettant une r\u00e9sistance \u00e0 200 cycles de lavage industriel.<\/div>\n<p>&nbsp;<\/p>\n<div class=\"auto-hide-last-sibling-br paragraph_1252f paragraph-element\">Essentiellement, nos \u00e9tiquettes de blanchisserie UHF pr\u00e9sentent une combinaison imbattable de durabilit\u00e9, de rentabilit\u00e9 et de performances fiables, ce qui en fait un choix id\u00e9al pour tous vos besoins d\u2019\u00e9tiquetage textile.<\/div>\n<div><\/div>\n<\/div>\n<\/div>\n<div>\n<table style=\"border-collapse: collapse; width: 618px; height: 1159px;\" border=\"0\" width=\"634\" cellspacing=\"0\" cellpadding=\"0\">\n<tbody>\n<tr style=\"height: 39.00pt;\">\n<td class=\"et2\" style=\"height: 39.00pt; width: 380.40pt; border-right: .5pt solid #000000;\" colspan=\"3\" width=\"634\" height=\"65\">Caract\u00e9ristiques<\/td>\n<\/tr>\n<tr style=\"height: 27.60pt;\">\n<td class=\"et5\" style=\"height: 27.60pt; width: 106.20pt;\" width=\"177\" height=\"46\">Conformit\u00e9<\/td>\n<td class=\"et5\" style=\"width: 274.20pt;\" colspan=\"2\" width=\"457\">EPC Classe 1 Gen2, ISO18000-6C<\/td>\n<\/tr>\n<tr style=\"height: 41.40pt;\">\n<td class=\"et5\" style=\"height: 41.40pt; width: 106.20pt;\" width=\"177\" height=\"69\">Fr\u00e9quence<\/td>\n<td class=\"et5\" style=\"width: 274.20pt;\" colspan=\"2\" width=\"457\">860~928 MHz, FCC, ETIS ou personnalis\u00e9<\/td>\n<\/tr>\n<tr style=\"height: 41.40pt;\">\n<td class=\"et5\" style=\"height: 41.40pt; width: 106.20pt;\" width=\"177\" height=\"69\">Taper<\/td>\n<td class=\"et6\" style=\"width: 274.20pt; border-right: .5pt solid #000000;\" colspan=\"2\" width=\"457\">Type de couture, type de chauffage, type de suspension<\/td>\n<\/tr>\n<tr style=\"height: 27.60pt;\">\n<td class=\"et5\" style=\"height: 27.60pt; width: 106.20pt;\" width=\"177\" height=\"46\">Puce \u00e9lectronique<\/td>\n<td class=\"et5\" style=\"width: 274.20pt;\" colspan=\"2\" width=\"457\">NXP UCODE 8, UCOCE 9<\/td>\n<\/tr>\n<tr style=\"height: 41.40pt;\">\n<td class=\"et5\" style=\"height: 55.80pt; width: 106.20pt;\" rowspan=\"2\" width=\"177\" height=\"93\">M\u00e9moire<\/td>\n<td class=\"et5\" style=\"width: 274.20pt;\" colspan=\"2\" width=\"457\">UCODE 8\u00a0: EPC 96\/128 bits, utilisateur 0\/32 bits, acc\u00e8s<\/td>\n<\/tr>\n<tr style=\"height: 14.40pt;\">\n<td class=\"et5\" style=\"width: 274.20pt;\" colspan=\"2\" width=\"457\">UCODE 9 : EPC 96 bits, utilisateur 0 bits, mot de passe d&#039;acc\u00e8s 0 bits, mot de passe 32 bits<\/td>\n<\/tr>\n<tr style=\"height: 27.60pt;\">\n<td class=\"et5\" style=\"height: 27.60pt; width: 106.20pt;\" width=\"177\" height=\"46\">Taille<\/td>\n<td class=\"et5\" style=\"width: 75.60pt;\" width=\"126\">55x12x1,6 mm<\/td>\n<td class=\"et5\" style=\"width: 198.60pt;\" width=\"331\">70x15x1,6 mm<\/td>\n<\/tr>\n<tr style=\"height: 27.60pt;\">\n<td class=\"et5\" style=\"height: 27.60pt; width: 106.20pt;\" width=\"177\" height=\"46\">Plage de lecture<\/td>\n<td class=\"et5\" style=\"width: 75.60pt;\" width=\"126\">Jusqu&#039;\u00e0 5 m<\/td>\n<td class=\"et5\" style=\"width: 198.60pt;\" width=\"331\">Jusqu&#039;\u00e0 7 m<\/td>\n<\/tr>\n<tr style=\"height: 27.60pt;\">\n<td class=\"et5\" style=\"height: 27.60pt; width: 106.20pt;\" width=\"177\" height=\"46\">Stockage des donn\u00e9es<\/td>\n<td class=\"et5\" style=\"width: 274.20pt;\" colspan=\"2\" width=\"457\">50 ans<\/td>\n<\/tr>\n<tr style=\"height: 27.60pt;\">\n<td class=\"et5\" style=\"height: 27.60pt; width: 106.20pt;\" width=\"177\" height=\"46\">Dur\u00e9e de vie<\/td>\n<td class=\"et5\" style=\"width: 274.20pt;\" colspan=\"2\" width=\"457\">200 cycles de lavage ou 2 ans<\/td>\n<\/tr>\n<tr style=\"height: 41.40pt;\">\n<td class=\"et5\" style=\"height: 41.40pt; width: 106.20pt;\" width=\"177\" height=\"69\">Mat\u00e9riel<\/td>\n<td class=\"et5\" style=\"width: 274.20pt;\" colspan=\"2\" width=\"457\">Tissu m\u00e9lang\u00e9 coton 65% \/ polyester 30%<\/td>\n<\/tr>\n<tr style=\"height: 27.60pt;\">\n<td class=\"et5\" style=\"height: 27.60pt; width: 106.20pt;\" width=\"177\" height=\"46\">Poids du produit<\/td>\n<td class=\"et5\" style=\"width: 274.20pt;\" colspan=\"2\" width=\"457\">Environ 0,4 \u00e0 0,5 g<\/td>\n<\/tr>\n<tr style=\"height: 27.60pt;\">\n<td class=\"et5\" style=\"height: 27.60pt; width: 106.20pt;\" width=\"177\" height=\"46\">Format de livraison<\/td>\n<td class=\"et5\" style=\"width: 274.20pt;\" colspan=\"2\" width=\"457\">100 \u00e0 300 pi\u00e8ces s\u00e9par\u00e9ment<\/td>\n<\/tr>\n<tr style=\"height: 27.60pt;\">\n<td class=\"et5\" style=\"height: 27.60pt; width: 106.20pt;\" width=\"177\" height=\"46\">Emballer<\/td>\n<td class=\"et5\" style=\"width: 274.20pt;\" colspan=\"2\" width=\"457\">Emballage \/ carton antistatique<\/td>\n<\/tr>\n<tr style=\"height: 14.40pt;\">\n<td class=\"et5\" style=\"height: 14.40pt; width: 106.20pt;\" width=\"177\" height=\"24\">Couleur<\/td>\n<td class=\"et5\" style=\"width: 274.20pt;\" colspan=\"2\" width=\"457\">Blanc<\/td>\n<\/tr>\n<tr style=\"height: 14.40pt;\">\n<td class=\"et8\" style=\"height: 14.40pt; width: 380.40pt;\" colspan=\"3\" width=\"634\" height=\"24\">Performances \u00e9lectroniques<\/td>\n<\/tr>\n<tr style=\"height: 41.40pt;\">\n<td class=\"et5\" style=\"height: 220.80pt; width: 106.20pt;\" rowspan=\"5\" width=\"177\" height=\"368\">Performances du cycle de lavage<\/td>\n<td class=\"et5\" style=\"width: 274.20pt;\" colspan=\"2\" width=\"457\">Lavage : +90\u00b0C (194\u00b0F) \/ 60 minutes<\/td>\n<\/tr>\n<tr style=\"height: 55.20pt;\">\n<td class=\"et5\" style=\"width: 274.20pt;\" colspan=\"2\" width=\"457\">S\u00e9chage : +180\u00b0C (356\u00b0F) \/ 3 minutes (presse d\u00e9shydratante : 35 bar)<\/td>\n<\/tr>\n<tr style=\"height: 41.40pt;\">\n<td class=\"et5\" style=\"width: 274.20pt;\" colspan=\"2\" width=\"457\">Repasseuse : 195\u00b0C (383\u00b0F) \/ 30 secondes &lt; 18 bars<\/td>\n<\/tr>\n<tr style=\"height: 27.60pt;\">\n<td class=\"et5\" style=\"width: 274.20pt;\" colspan=\"2\" width=\"457\">Presse \u00e0 eau extractible : 60 bars<\/td>\n<\/tr>\n<tr style=\"height: 55.20pt;\">\n<td class=\"et5\" style=\"width: 274.20pt;\" colspan=\"2\" width=\"457\">Processus de st\u00e9rilisation : +134\u00b0C (273\u00b0F) \/ 20 minutes<\/td>\n<\/tr>\n<tr style=\"height: 69.00pt;\">\n<td class=\"et5\" style=\"height: 69.00pt; width: 106.20pt;\" width=\"177\" height=\"115\">Dur\u00e9e de vie<\/td>\n<td class=\"et5\" style=\"width: 274.20pt;\" colspan=\"2\" width=\"457\">200 fois de blanchisserie industrielle avec s\u00e9chage par presse \u00e0 extraction d&#039;eau<\/td>\n<\/tr>\n<tr style=\"height: 41.40pt;\">\n<td class=\"et5\" style=\"height: 41.40pt; width: 106.20pt;\" width=\"177\" height=\"69\">R\u00e9sistant aux produits chimiques<\/td>\n<td class=\"et5\" style=\"width: 274.20pt;\" colspan=\"2\" width=\"457\">100% preuve pour les solutions de lessive normales.<\/td>\n<\/tr>\n<\/tbody>\n<\/table>\n<\/div>\n<h3 class=\"wp-block-heading\">Installation<\/h3>\n<p><strong>Marquage des points<\/strong>: A coudre dans l&#039;ourlet d&#039;un textile. Cousez l&#039;\u00e9tiquette de linge loin des lignes de pliage.<br \/>\n<strong>Thermoscellage<\/strong>: A thermosceller directement sur le textile \u00e0 +200\u00b0C (392\u00b0F), pendant 12~14s.<br \/>\n<strong>Dans une pochette<\/strong>: A coudre comme une \u00e9tiquette d&#039;entretien standard. Cousez l&#039;\u00e9tiquette de linge loin des lignes de pliage.<\/p>\n<div class=\"auto-hide-last-sibling-br paragraph_1252f paragraph-element\">Les \u00e9tiquettes de blanchisserie RFID lavables sont indispensables \u00e0 de nombreux secteurs d&#039;activit\u00e9, car elles permettent un suivi efficace des actifs, une gestion des stocks et une am\u00e9lioration de la productivit\u00e9 op\u00e9rationnelle globale. Voici quelques-unes de ses applications dans diff\u00e9rents secteurs :<\/div>\n<ol class=\"auto-hide-last-sibling-br\">\n<li>\n<div class=\"auto-hide-last-sibling-br paragraph_1252f paragraph-element\"><strong>Soins de sant\u00e9<\/strong>:Les h\u00f4pitaux et autres \u00e9tablissements m\u00e9dicaux utilisent des \u00e9tiquettes RFID pour g\u00e9rer d&#039;\u00e9normes stocks de draps, de serviettes, de tenues de bloc, d&#039;uniformes et de linge chirurgical. Cela permet de r\u00e9duire les pertes, de g\u00e9rer les cycles de lavage et de garantir que du linge propre et frais est toujours disponible selon les besoins.<\/div>\n<\/li>\n<li>\n<div class=\"auto-hide-last-sibling-br paragraph_1252f paragraph-element\"><strong>H\u00f4tels<\/strong>:La gestion du linge est une t\u00e2che \u00e9norme dans le secteur h\u00f4telier, o\u00f9 des milliers d&#039;articles, de la literie aux serviettes en passant par les rideaux et les peignoirs, sont en circulation. Les \u00e9tiquettes RFID pour le linge simplifient le suivi, garantissent un nettoyage et un remplacement rapides et aident \u00e0 d\u00e9tecter et \u00e0 pr\u00e9venir le vol.<\/div>\n<\/li>\n<li>\n<div class=\"auto-hide-last-sibling-br paragraph_1252f paragraph-element\"><strong>Restaurants<\/strong>:Dans le secteur de la restauration, les \u00e9tiquettes RFID permettent de surveiller l&#039;utilisation et le nettoyage des uniformes, des nappes, des serviettes et des tabliers de chef. Cela peut am\u00e9liorer les normes de propret\u00e9 et contribuer \u00e0 maintenir une apparence soign\u00e9e et professionnelle.<\/div>\n<\/li>\n<li>\n<div class=\"auto-hide-last-sibling-br paragraph_1252f paragraph-element\"><strong>Industries de l&#039;habillement et de la mode<\/strong>:Les \u00e9tiquettes RFID jouent un r\u00f4le essentiel dans le suivi des articles tout au long de la cha\u00eene d&#039;approvisionnement, de la production \u00e0 la vente au d\u00e9tail. Elles peuvent fournir des informations pr\u00e9cieuses telles que l&#039;origine, l&#039;historique des d\u00e9placements et m\u00eame des d\u00e9tails sur le tissu et les instructions d&#039;entretien.<\/div>\n<\/li>\n<li>\n<div class=\"auto-hide-last-sibling-br paragraph_1252f paragraph-element\"><strong>V\u00eatements de travail\/V\u00eatements ignifuges<\/strong>:Les entreprises peuvent utiliser des \u00e9tiquettes RFID pour suivre et g\u00e9rer les v\u00eatements sp\u00e9ciaux. Cela peut inclure la garantie que les v\u00eatements ignifuges ou autres v\u00eatements de protection sont inspect\u00e9s r\u00e9guli\u00e8rement, correctement nettoy\u00e9s et remplac\u00e9s si n\u00e9cessaire.<\/div>\n<\/li>\n<li>\n<div class=\"auto-hide-last-sibling-br paragraph_1252f paragraph-element\"><strong>Chaussures et masques<\/strong>:Particuli\u00e8rement important dans les secteurs comme la sant\u00e9 et la construction o\u00f9 la s\u00e9curit\u00e9 est essentielle, le suivi de l&#039;utilisation, du nettoyage et de l&#039;entretien d&#039;articles tels que les masques et les chaussures de s\u00e9curit\u00e9 peut \u00eatre simplifi\u00e9 gr\u00e2ce \u00e0 l&#039;utilisation d&#039;\u00e9tiquettes RFID.<\/div>\n<\/li>\n<li>\n<div class=\"auto-hide-last-sibling-br paragraph_1252f paragraph-element\"><strong>Tapis et serpill\u00e8res<\/strong>:Pour les entreprises fournissant des services de nettoyage ou g\u00e9rant de grandes installations, les \u00e9tiquettes RFID sur les tapis et les serpill\u00e8res peuvent aider \u00e0 suivre l&#039;utilisation et l&#039;entretien, garantissant ainsi des outils propres et efficaces \u00e0 tout moment.<\/div>\n<\/li>\n<\/ol>","protected":false},"excerpt":{"rendered":"<p>Les \u00e9tiquettes de blanchisserie UHF pr\u00e9sentent une capacit\u00e9 exceptionnelle \u00e0 fonctionner de mani\u00e8re coh\u00e9rente malgr\u00e9 l&#039;exposition \u00e0 des processus de blanchisserie rigoureux, notamment la st\u00e9rilisation, le lavage \u00e0 chaud, le nettoyage, le s\u00e9chage et le repassage. Ils sont con\u00e7us pour supporter des centaines de cycles de lavage tout en conservant des performances RFID de haut niveau. Cette coh\u00e9rence, m\u00eame apr\u00e8s de nombreux lavages, garantit un suivi et une gestion des stocks efficaces tout au long de la dur\u00e9e de vie du linge de maison, des v\u00eatements et autres articles textiles.<\/p>","protected":false},"featured_media":61,"template":"","meta":{"_kad_post_transparent":"default","_kad_post_title":"","_kad_post_layout":"default","_kad_post_sidebar_id":"","_kad_post_content_style":"default","_kad_post_vertical_padding":"default","_kad_post_feature":"","_kad_post_feature_position":"","_kad_post_header":false,"_kad_post_footer":false,"_kad_post_classname":""},"product_brand":[],"product_cat":[19,16],"product_tag":[25,32,28],"class_list":{"0":"post-59","1":"product","2":"type-product","3":"status-publish","4":"has-post-thumbnail","6":"product_cat-textile-rfid-laundry-tag","7":"product_cat-uhf-rfid-laundry-tags","8":"product_tag-rfid-laundrytags","9":"product_tag-uhf-laundry-tag","10":"product_tag-washable-rfid-tags","12":"first","13":"instock","14":"shipping-taxable","15":"product-type-simple","16":"entry","17":"content-bg","18":"loop-entry"},"_links":{"self":[{"href":"https:\/\/rfid-laundry-tag.com\/fr\/wp-json\/wp\/v2\/product\/59","targetHints":{"allow":["GET"]}}],"collection":[{"href":"https:\/\/rfid-laundry-tag.com\/fr\/wp-json\/wp\/v2\/product"}],"about":[{"href":"https:\/\/rfid-laundry-tag.com\/fr\/wp-json\/wp\/v2\/types\/product"}],"version-history":[{"count":1,"href":"https:\/\/rfid-laundry-tag.com\/fr\/wp-json\/wp\/v2\/product\/59\/revisions"}],"predecessor-version":[{"id":1946,"href":"https:\/\/rfid-laundry-tag.com\/fr\/wp-json\/wp\/v2\/product\/59\/revisions\/1946"}],"wp:featuredmedia":[{"embeddable":true,"href":"https:\/\/rfid-laundry-tag.com\/fr\/wp-json\/wp\/v2\/media\/61"}],"wp:attachment":[{"href":"https:\/\/rfid-laundry-tag.com\/fr\/wp-json\/wp\/v2\/media?parent=59"}],"wp:term":[{"taxonomy":"product_brand","embeddable":true,"href":"https:\/\/rfid-laundry-tag.com\/fr\/wp-json\/wp\/v2\/product_brand?post=59"},{"taxonomy":"product_cat","embeddable":true,"href":"https:\/\/rfid-laundry-tag.com\/fr\/wp-json\/wp\/v2\/product_cat?post=59"},{"taxonomy":"product_tag","embeddable":true,"href":"https:\/\/rfid-laundry-tag.com\/fr\/wp-json\/wp\/v2\/product_tag?post=59"}],"curies":[{"name":"wp","href":"https:\/\/api.w.org\/{rel}","templated":true}]}}