{"id":54,"date":"2024-06-10T14:55:28","date_gmt":"2024-06-10T14:55:28","guid":{"rendered":"https:\/\/rfid-laundry-tag.com\/?post_type=product&#038;p=54"},"modified":"2024-09-26T04:26:47","modified_gmt":"2024-09-26T04:26:47","slug":"rfid-tag-for-linen-laundry","status":"publish","type":"product","link":"https:\/\/rfid-laundry-tag.com\/fr\/rfid-tag-for-linen-laundry\/","title":{"rendered":"\u00c9tiquette RFID pour le linge de maison"},"content":{"rendered":"<div>\n<div class=\"auto-hide-last-sibling-br paragraph_1252f paragraph-element\">\n<h1><strong>\u00c9tiquette RFID pour le linge de maison<\/strong><\/h1>\n<p><strong>Physique:<\/strong><\/p>\n<p>Mati\u00e8re : polyester 100%<\/p>\n<p>Taille : 70 mm \u00d7 15 mm x 1,5 mm<\/p>\n<p>Puce : NXP U CODE U8, U9 etc.<\/p>\n<p>M\u00e9thode d&#039;installation de l&#039;\u00e9tiquette : type de couture, repassage<\/p>\n<p>Protocole : ISO18ooo-6C<\/p>\n<p>Repassage : 15 secondes, \u00e0 210\u2103<\/p>\n<p>Exposition : 2,5 bar<\/p>\n<p>S\u00e9chage : 15 minutes \u00e0 180\u00b0C<\/p>\n<p>Lavage : 15 minutes \u00e0 90\u2103<\/p>\n<p>Cycles de lavage : 200 cycles ou 3 ans<\/p>\n<p>Conditions de stockage : -20-80\u2103,5-95%RH<\/p>\n<p>&nbsp;<\/p>\n<\/div>\n<div class=\"auto-hide-last-sibling-br paragraph_1252f paragraph-element\">Ce qui distingue nos \u00e9tiquettes de blanchisserie UHF RFID de la gamme d&#039;autres \u00e9tiquettes de linge du march\u00e9 est leur apparence lisse et lucide. Elles sont incroyablement fines, avec une \u00e9paisseur imperceptible de 0,55 mm, ce qui en fait les \u00e9tiquettes les plus fines disponibles sur le march\u00e9. En r\u00e9sum\u00e9, nos \u00e9tiquettes offrent une solution RFID UHF progressive pour les v\u00eatements, pr\u00e9sentant une combinaison id\u00e9ale d&#039;accessibilit\u00e9, de robustesse et de subtilit\u00e9.<\/div>\n<\/div>\n<div><\/div>\n<div class=\"auto-hide-last-sibling-br paragraph_1252f paragraph-element\">\n<div data-spm-anchor-id=\"a2700.details.0.i57.23b419c7xXORP0\"><span data-spm-anchor-id=\"a2700.details.0.i75.23b419c7xXORP0\"><b>Fonctionnalit\u00e9:<\/b><br \/>\n1) Technologie UHF pour lire des centaines de tags simultan\u00e9ment.<br \/>\n2) Distance de lecture sup\u00e9rieure \u00e0 8 pieds.<br \/>\n3) Nouvelle conception m\u00e9canique pour des performances am\u00e9lior\u00e9es pour le linge plat.<br \/>\n4) Convient aux extracteurs haute pression jusqu&#039;\u00e0 60 bars.<br \/>\n5) Convient pour la st\u00e9rilisation en autoclave.<br \/>\n6) Mat\u00e9riau petit, doux et flexible, id\u00e9al pour les textiles, le linge de maison, les v\u00eatements et les accessoires.<\/span><\/div>\n<\/div>\n<div data-spm-anchor-id=\"a2700.details.0.i57.23b419c7xXORP0\"><\/div>\n<div data-spm-anchor-id=\"a2700.details.0.i57.23b419c7xXORP0\">\n<p><img fetchpriority=\"high\" decoding=\"async\" class=\"wp-image-55\" src=\"https:\/\/rfid-laundry-tag.com\/wp-content\/uploads\/2024\/06\/4-300x275.png\" alt=\"RFID Tag for linen laundry\" width=\"605\" height=\"555\" srcset=\"https:\/\/rfid-laundry-tag.com\/wp-content\/uploads\/2024\/06\/4-300x275.png 300w, https:\/\/rfid-laundry-tag.com\/wp-content\/uploads\/2024\/06\/4-600x550.png 600w, https:\/\/rfid-laundry-tag.com\/wp-content\/uploads\/2024\/06\/4-13x12.png 13w, https:\/\/rfid-laundry-tag.com\/wp-content\/uploads\/2024\/06\/4.png 750w\" sizes=\"(max-width: 605px) 100vw, 605px\" \/><\/p>\n<\/div>\n<h3 class=\"wp-block-heading\">Installation<\/h3>\n<p><strong>Marquage des points<\/strong>: A coudre dans l&#039;ourlet d&#039;un textile. Cousez l&#039;\u00e9tiquette de linge loin des lignes de pliage.<br \/>\n<strong>Thermoscellage<\/strong>: A thermosceller directement sur le textile \u00e0 +200\u00b0C (392\u00b0F), pendant 12~14s.<br \/>\n<strong>Dans une pochette<\/strong>: A coudre comme une \u00e9tiquette d&#039;entretien standard. Cousez l&#039;\u00e9tiquette de linge loin des lignes de pliage.<\/p>\n<h3>Avantages de l&#039;utilisation des \u00e9tiquettes RFID dans la gestion du linge<\/h3>\n<p>L&#039;int\u00e9gration d&#039;\u00e9tiquettes RFID dans vos op\u00e9rations de blanchisserie conduit \u00e0 une plus grande efficacit\u00e9. Le suivi automatique permet une gestion des stocks en temps r\u00e9el, minimisant les pertes et lib\u00e9rant du temps pour les employ\u00e9s.\u00a0<strong>\u00e9tiquettes RFID textiles<\/strong>\u00a0offrir aux entreprises et aux m\u00e9nages la possibilit\u00e9 de g\u00e9rer et de suivre le linge, les v\u00eatements et autres articles de lessive avec une pr\u00e9cision sans pr\u00e9c\u00e9dent, am\u00e9liorant ainsi \u00e0 la fois la qualit\u00e9 du service et la satisfaction des clients.<\/p>\n<div class=\"auto-hide-last-sibling-br paragraph_1252f paragraph-element\">\n<div class=\"auto-hide-last-sibling-br paragraph_1252f paragraph-element\">Les \u00e9tiquettes RFID pour le linge sont indispensables dans une myriade d&#039;industries, car elles assurent un suivi efficace des actifs, une gestion des stocks et am\u00e9liorent l&#039;efficacit\u00e9 op\u00e9rationnelle globale. Voici un aper\u00e7u de leur application dans divers secteurs :<\/div>\n<ul class=\"auto-hide-last-sibling-br\">\n<li>\n<div class=\"auto-hide-last-sibling-br paragraph_1252f paragraph-element\">Soins de sant\u00e9\u00a0: les h\u00f4pitaux et autres \u00e9tablissements m\u00e9dicaux utilisent des \u00e9tiquettes de linge RFID pour g\u00e9rer de vastes stocks de linge de lit, de serviettes, de blouses, d&#039;uniformes et de linge chirurgical. Cela permet de minimiser les pertes, de g\u00e9rer les cycles de lessive et de garantir que du linge propre et frais soit constamment disponible selon les besoins.<\/div>\n<\/li>\n<li>\n<div class=\"auto-hide-last-sibling-br paragraph_1252f paragraph-element\">H\u00f4tels : Dans l\u2019industrie h\u00f4teli\u00e8re, la gestion du linge de maison est une t\u00e2che colossale, avec des milliers d\u2019articles en circulation comme la literie, les serviettes, les rideaux et les peignoirs. Les \u00e9tiquettes de linge RFID aident \u00e0 rationaliser cette t\u00e2che, en garantissant un nettoyage et un remplacement en temps opportun, et en facilitant la d\u00e9tection et la pr\u00e9vention du vol.<\/div>\n<\/li>\n<li>\n<div class=\"auto-hide-last-sibling-br paragraph_1252f paragraph-element\">Restaurants\u00a0: dans le secteur de la restauration, les \u00e9tiquettes RFID aident \u00e0 surveiller l&#039;utilisation et la propret\u00e9 des uniformes, des nappes, des serviettes et des tabliers de chef. Cela peut \u00e9lever les normes de propret\u00e9 et aider \u00e0 maintenir une apparence soign\u00e9e et professionnelle.<\/div>\n<\/li>\n<li>\n<div class=\"auto-hide-last-sibling-br paragraph_1252f paragraph-element\">Industries du v\u00eatement de mode : Dans le bourdonnement de la mode, les \u00e9tiquettes RFID jouent un r\u00f4le important dans le suivi des articles tout au long de la cha\u00eene d&#039;approvisionnement, de la production \u00e0 l&#039;affichage au d\u00e9tail. Ils peuvent fournir des informations pr\u00e9cieuses telles que l\u2019origine, l\u2019historique des voyages et m\u00eame des d\u00e9tails complexes sur le tissu et les instructions d\u2019entretien.<\/div>\n<\/li>\n<li>\n<div class=\"auto-hide-last-sibling-br paragraph_1252f paragraph-element\">V\u00eatements de travail\/v\u00eatements ignifuges\u00a0: les \u00e9tiquettes RFID sont utilis\u00e9es par les entreprises pour suivre et g\u00e9rer les v\u00eatements sp\u00e9cialis\u00e9s. Cela implique de veiller \u00e0 ce que les v\u00eatements ignifuges ou autres v\u00eatements de protection soient r\u00e9guli\u00e8rement v\u00e9rifi\u00e9s, correctement nettoy\u00e9s et remplac\u00e9s si n\u00e9cessaire.<\/div>\n<\/li>\n<li>\n<div class=\"auto-hide-last-sibling-br paragraph_1252f paragraph-element\">Chaussures et masques\u00a0: tr\u00e8s important dans des secteurs comme la sant\u00e9 et la construction o\u00f9 la s\u00e9curit\u00e9 ne peut \u00eatre compromise, le suivi de l&#039;utilisation, de la propret\u00e9 et de l&#039;entretien d&#039;articles tels que les masques et les chaussures de s\u00e9curit\u00e9 est simplifi\u00e9 gr\u00e2ce \u00e0 l&#039;utilisation d&#039;\u00e9tiquettes RFID.<\/div>\n<\/li>\n<li>\n<div class=\"auto-hide-last-sibling-br paragraph_1252f paragraph-element\">Tapis et vadrouilles\u00a0: les entreprises fournissant des services de nettoyage ou g\u00e9rant de grandes installations peuvent b\u00e9n\u00e9ficier d&#039;\u00e9tiquettes RFID sur les tapis et les vadrouilles. Ils seront en mesure de suivre l&#039;utilisation et la maintenance, garantissant ainsi des outils propres et efficaces \u00e0 tout moment.<\/div>\n<\/li>\n<\/ul>\n<h3>Achats respectueux de l&#039;environnement<\/h3>\n<p>Nos \u00e9tiquettes RFID sont con\u00e7ues dans un souci de respect de l&#039;environnement. En minimisant la manutention manuelle et en r\u00e9duisant les objets \u00e9gar\u00e9s, vous pouvez contribuer \u00e0 r\u00e9duire l&#039;empreinte carbone associ\u00e9e aux op\u00e9rations de blanchisserie.\u00a0<strong>\u00c9tiquettes de blanchisserie RFID<\/strong>\u00a0peuvent \u00eatre recycl\u00e9s \u00e0 la fin de leur cycle de vie, contribuant ainsi \u00e0 des pratiques durables.<\/p>\n<h3>Qu&#039;est-ce que la technologie RFID UHF ?<\/h3>\n<p>La technologie RFID (Radio Frequency Identification) utilise des champs \u00e9lectromagn\u00e9tiques pour identifier et suivre automatiquement les \u00e9tiquettes attach\u00e9es aux objets. La RFID UHF fonctionne dans la gamme des ultra-hautes fr\u00e9quences, ce qui permet des distances de lecture plus longues et une identification plus rapide, ce qui la rend id\u00e9ale pour les applications de blanchisserie. Les \u00e9tiquettes RFID UHF peuvent \u00eatre cousues ou attach\u00e9es aux v\u00eatements et au linge, permettant un suivi efficace tout au long du processus de blanchisserie.<\/p>\n<h3>Questions fr\u00e9quemment pos\u00e9es (FAQ)<\/h3>\n<p><strong>Q1 : Les \u00e9tiquettes de blanchisserie RFID sont-elles compatibles avec tous les syst\u00e8mes de blanchisserie ?<\/strong><br \/>\n<strong>A1:<\/strong>\u00a0Oui, nos \u00e9tiquettes RFID sont con\u00e7ues pour fonctionner de mani\u00e8re transparente avec les lecteurs RFID standard utilis\u00e9s dans les blanchisseries.<\/p>\n<p><strong>Q2 : Comment puis-je recycler les \u00e9tiquettes RFID usag\u00e9es ?<\/strong><br \/>\n<strong>A2:<\/strong>\u00a0Apr\u00e8s leur cycle de vie, vous pouvez nous retourner les \u00e9tiquettes pour recyclage ou consulter les installations locales qui traitent les d\u00e9chets \u00e9lectroniques.<\/p>\n<p><strong>Q3 : Puis-je \u00e9tiqueter des articles de lessive pour un usage personnel ?<\/strong><br \/>\n<strong>A3:<\/strong>\u00a0Absolument ! Ces \u00e9tiquettes peuvent \u00e9galement \u00eatre utilis\u00e9es dans les m\u00e9nages pour suivre efficacement le linge familial.<\/p>\n<h3>Pourquoi nous choisir pour vos solutions RFID ?<\/h3>\n<p>Forts de plusieurs ann\u00e9es d&#039;expertise dans la technologie RFID, nous proposons des solutions de haute qualit\u00e9, durables et innovantes adapt\u00e9es au secteur de la blanchisserie. Nos produits sont con\u00e7us pour r\u00e9pondre \u00e0 divers besoins op\u00e9rationnels tout en pr\u00e9servant l&#039;abordabilit\u00e9 et la responsabilit\u00e9 environnementale.<\/p>\n<p>Nous vous invitons \u00e0 transformer vos op\u00e9rations de blanchisserie d\u00e8s aujourd&#039;hui en investissant dans nos \u00e9tiquettes de blanchisserie RFID UHF pour le linge. Avec des r\u00e9sultats prouv\u00e9s en mati\u00e8re d&#039;am\u00e9lioration de l&#039;efficacit\u00e9, de gestion des textiles et de responsabilisation, ces \u00e9tiquettes ne sont pas seulement un investissement dans la technologie, mais un investissement dans la tranquillit\u00e9 d&#039;esprit.<\/p>\n<h3>Conclusion<\/h3>\n<p>En adoptant l&#039;avenir de la gestion du linge, l&#039;int\u00e9gration de la technologie RFID UHF dans vos op\u00e9rations am\u00e9liorera consid\u00e9rablement votre efficacit\u00e9 et votre fiabilit\u00e9. Ne manquez pas l&#039;occasion d&#039;am\u00e9liorer vos capacit\u00e9s de traitement du linge.<\/p>\n<\/div>","protected":false},"excerpt":{"rendered":"<div class=\"auto-hide-last-sibling-br paragraph_1252f paragraph-element\">Am\u00e9liorez l&#039;efficacit\u00e9 de votre blanchisserie gr\u00e2ce \u00e0 nos \u00e9tiquettes RFID UHF durables, con\u00e7ues pour le linge et les v\u00eatements. Lavables, r\u00e9sistantes \u00e0 la temp\u00e9rature et id\u00e9ales pour le suivi !<\/div>\n<div><\/div>\n<div class=\"auto-hide-last-sibling-br paragraph_1252f paragraph-element\"><\/div>","protected":false},"featured_media":58,"template":"","meta":{"_kad_post_transparent":"default","_kad_post_title":"","_kad_post_layout":"default","_kad_post_sidebar_id":"","_kad_post_content_style":"default","_kad_post_vertical_padding":"default","_kad_post_feature":"","_kad_post_feature_position":"","_kad_post_header":false,"_kad_post_footer":false,"_kad_post_classname":""},"product_brand":[],"product_cat":[19],"product_tag":[25,285,30,28],"class_list":{"0":"post-54","1":"product","2":"type-product","3":"status-publish","4":"has-post-thumbnail","6":"product_cat-textile-rfid-laundry-tag","7":"product_tag-rfid-laundrytags","8":"product_tag-rfid-tag","9":"product_tag-uhf-rfid-laundry-tag","10":"product_tag-washable-rfid-tags","12":"first","13":"instock","14":"shipping-taxable","15":"product-type-simple","16":"entry","17":"content-bg","18":"loop-entry"},"_links":{"self":[{"href":"https:\/\/rfid-laundry-tag.com\/fr\/wp-json\/wp\/v2\/product\/54","targetHints":{"allow":["GET"]}}],"collection":[{"href":"https:\/\/rfid-laundry-tag.com\/fr\/wp-json\/wp\/v2\/product"}],"about":[{"href":"https:\/\/rfid-laundry-tag.com\/fr\/wp-json\/wp\/v2\/types\/product"}],"version-history":[{"count":3,"href":"https:\/\/rfid-laundry-tag.com\/fr\/wp-json\/wp\/v2\/product\/54\/revisions"}],"predecessor-version":[{"id":2684,"href":"https:\/\/rfid-laundry-tag.com\/fr\/wp-json\/wp\/v2\/product\/54\/revisions\/2684"}],"wp:featuredmedia":[{"embeddable":true,"href":"https:\/\/rfid-laundry-tag.com\/fr\/wp-json\/wp\/v2\/media\/58"}],"wp:attachment":[{"href":"https:\/\/rfid-laundry-tag.com\/fr\/wp-json\/wp\/v2\/media?parent=54"}],"wp:term":[{"taxonomy":"product_brand","embeddable":true,"href":"https:\/\/rfid-laundry-tag.com\/fr\/wp-json\/wp\/v2\/product_brand?post=54"},{"taxonomy":"product_cat","embeddable":true,"href":"https:\/\/rfid-laundry-tag.com\/fr\/wp-json\/wp\/v2\/product_cat?post=54"},{"taxonomy":"product_tag","embeddable":true,"href":"https:\/\/rfid-laundry-tag.com\/fr\/wp-json\/wp\/v2\/product_tag?post=54"}],"curies":[{"name":"wp","href":"https:\/\/api.w.org\/{rel}","templated":true}]}}