{"id":49,"date":"2024-06-09T15:22:23","date_gmt":"2024-06-09T15:22:23","guid":{"rendered":"https:\/\/rfid-laundry-tag.com\/?post_type=product&#038;p=49"},"modified":"2024-09-08T05:30:18","modified_gmt":"2024-09-08T05:30:18","slug":"washable-rfid-laundry-tags","status":"publish","type":"product","link":"https:\/\/rfid-laundry-tag.com\/fr\/washable-rfid-laundry-tags\/","title":{"rendered":"\u00c9tiquettes de blanchisserie RFID lavables"},"content":{"rendered":"<div class=\"auto-hide-last-sibling-br paragraph_1252f paragraph-element\">\n<div>\n<div class=\"auto-hide-last-sibling-br paragraph_1252f paragraph-element\">Nos \u00e9tiquettes de blanchisserie RFID lavables, \u00e9galement appel\u00e9es \u00e9tiquettes de blanchisserie RFID lavables pour v\u00eatements, offrent un choix polyvalent par rapport aux \u00e9tiquettes de blanchisserie RFID traditionnelles. Ces \u00e9tiquettes sp\u00e9cialement con\u00e7ues peuvent supporter plus de 50 cycles de lavage domestique avec seulement une l\u00e9g\u00e8re r\u00e9duction des performances RFID allant de 10% \u00e0 15%. En tant que solution \u00e9conomique, ces \u00e9tiquettes RFID \u00e9tanches conviennent \u00e0 la location et \u00e0 la vente au d\u00e9tail, notamment pour les v\u00eatements, les chaussures et les draps.<\/div>\n<p>&nbsp;<\/p>\n<div class=\"auto-hide-last-sibling-br paragraph_1252f paragraph-element\">Dot\u00e9es d&#039;une structure unique et d&#039;une protection pour la puce RFID, ces \u00e9tiquettes font preuve de r\u00e9silience et survivent \u00e0 plus de 50 cycles de lavage domestique. Elles peuvent \u00eatre discr\u00e8tement dissimul\u00e9es dans une couture ou int\u00e9gr\u00e9es \u00e0 une \u00e9tiquette d&#039;entretien, ce qui les rend pratiquement inaper\u00e7ues.<\/div>\n<p>&nbsp;<\/p>\n<div class=\"auto-hide-last-sibling-br paragraph_1252f paragraph-element\">L&#039;une des caract\u00e9ristiques distinctives de nos \u00e9tiquettes de blanchisserie RFID lavables, qui les distingue des autres \u00e9tiquettes de linge lavables, est leur conception fine et transparente mesurant seulement 0,55 mm d&#039;\u00e9paisseur. Il s&#039;agit de la plus fine du march\u00e9. Dans son ensemble, elle offre une solution RFID UHF innovante pour les v\u00eatements, offrant un m\u00e9lange de rentabilit\u00e9, de durabilit\u00e9 et de discr\u00e9tion.<\/div>\n<div><\/div>\n<\/div>\n<div data-spm-anchor-id=\"a2700.details.0.i57.23b419c7xXORP0\"><span data-spm-anchor-id=\"a2700.details.0.i75.23b419c7xXORP0\"><b>Fonctionnalit\u00e9:<\/b><br \/>\n1) Technologie UHF pour lire des centaines de tags simultan\u00e9ment.<br \/>\n2) Distance de lecture sup\u00e9rieure \u00e0 8 pieds.<br \/>\n3) Nouvelle conception m\u00e9canique pour des performances am\u00e9lior\u00e9es pour le linge plat.<br \/>\n4) Convient aux extracteurs haute pression jusqu&#039;\u00e0 60 bars.<br \/>\n5) Convient pour la st\u00e9rilisation en autoclave.<br \/>\n6) Mat\u00e9riau petit, doux et flexible, id\u00e9al pour les textiles, le linge de maison, les v\u00eatements et les accessoires.<\/span><\/div>\n<\/div>\n<div data-spm-anchor-id=\"a2700.details.0.i57.23b419c7xXORP0\"><\/div>\n<div data-spm-anchor-id=\"a2700.details.0.i57.23b419c7xXORP0\">\n<div class=\"text-title\"><span data-spm-anchor-id=\"a2700.details.0.i77.23b419c7xXORP0\">Physique:<\/span><\/div>\n<div class=\"text-content\" data-spm-anchor-id=\"a2700.details.0.i54.23b419c7xXORP0\">\n<div>Taille : 70 mm \u00d7 15 mm x 1,5 mm<\/div>\n<div>Puce : UHF<\/div>\n<div>M\u00e9thode d&#039;installation de l&#039;\u00e9tiquette : couture, repassage<\/div>\n<div>Protocole : ISO18ooo-6C EPC C1G2<\/div>\n<div>Repassage : 15 secondes, \u00e0 210\u2103<\/div>\n<div>Exposition : 2,5 bar<\/div>\n<div>S\u00e9chage : 15 minutes \u00e0 180\u00b0C<\/div>\n<div><span data-spm-anchor-id=\"a2700.details.0.i78.23b419c7xXORP0\">Lavage : 15 minutes \u00e0 90\u2103<\/span><\/div>\n<div>Cycles de lavage : 200 cycles ou 3 ans<br \/>\nConditions de stockage : -20-80\u2103,5-95%RH<\/div>\n<\/div>\n<\/div>\n<h3 class=\"wp-block-heading\">Installation<\/h3>\n<p><strong>Marquage des points<\/strong>: A coudre dans l&#039;ourlet d&#039;un textile. Cousez l&#039;\u00e9tiquette de linge loin des lignes de pliage.<br \/>\n<strong>Thermoscellage<\/strong>: A thermosceller directement sur le textile \u00e0 +200\u00b0C (392\u00b0F), pendant 12~14s.<br \/>\n<strong>Dans une pochette<\/strong>: A coudre comme une \u00e9tiquette d&#039;entretien standard. Cousez l&#039;\u00e9tiquette de linge loin des lignes de pliage.<\/p>\n<div class=\"auto-hide-last-sibling-br paragraph_1252f paragraph-element\">Les \u00e9tiquettes de blanchisserie RFID lavables sont indispensables \u00e0 de nombreux secteurs d&#039;activit\u00e9, car elles permettent un suivi efficace des actifs, une gestion des stocks et une am\u00e9lioration de la productivit\u00e9 op\u00e9rationnelle globale. Voici quelques-unes de ses applications dans diff\u00e9rents secteurs :<\/div>\n<ol class=\"auto-hide-last-sibling-br\">\n<li>\n<div class=\"auto-hide-last-sibling-br paragraph_1252f paragraph-element\"><strong>Soins de sant\u00e9<\/strong>:Les h\u00f4pitaux et autres \u00e9tablissements m\u00e9dicaux utilisent des \u00e9tiquettes RFID pour g\u00e9rer d&#039;\u00e9normes stocks de draps, de serviettes, de tenues de bloc, d&#039;uniformes et de linge chirurgical. Cela permet de r\u00e9duire les pertes, de g\u00e9rer les cycles de lavage et de garantir que du linge propre et frais est toujours disponible selon les besoins.<\/div>\n<\/li>\n<li>\n<div class=\"auto-hide-last-sibling-br paragraph_1252f paragraph-element\"><strong>H\u00f4tels<\/strong>:La gestion du linge est une t\u00e2che \u00e9norme dans le secteur h\u00f4telier, o\u00f9 des milliers d&#039;articles, de la literie aux serviettes en passant par les rideaux et les peignoirs, sont en circulation. Les \u00e9tiquettes RFID pour le linge simplifient le suivi, garantissent un nettoyage et un remplacement rapides et aident \u00e0 d\u00e9tecter et \u00e0 pr\u00e9venir le vol.<\/div>\n<\/li>\n<li>\n<div class=\"auto-hide-last-sibling-br paragraph_1252f paragraph-element\"><strong>Restaurants<\/strong>:Dans le secteur de la restauration, les \u00e9tiquettes RFID permettent de surveiller l&#039;utilisation et le nettoyage des uniformes, des nappes, des serviettes et des tabliers de chef. Cela peut am\u00e9liorer les normes de propret\u00e9 et contribuer \u00e0 maintenir une apparence soign\u00e9e et professionnelle.<\/div>\n<\/li>\n<li>\n<div class=\"auto-hide-last-sibling-br paragraph_1252f paragraph-element\"><strong>Industries de l&#039;habillement et de la mode<\/strong>:Les \u00e9tiquettes RFID jouent un r\u00f4le essentiel dans le suivi des articles tout au long de la cha\u00eene d&#039;approvisionnement, de la production \u00e0 la vente au d\u00e9tail. Elles peuvent fournir des informations pr\u00e9cieuses telles que l&#039;origine, l&#039;historique des d\u00e9placements et m\u00eame des d\u00e9tails sur le tissu et les instructions d&#039;entretien.<\/div>\n<\/li>\n<li>\n<div class=\"auto-hide-last-sibling-br paragraph_1252f paragraph-element\"><strong>V\u00eatements de travail\/V\u00eatements ignifuges<\/strong>:Les entreprises peuvent utiliser des \u00e9tiquettes RFID pour suivre et g\u00e9rer les v\u00eatements sp\u00e9ciaux. Cela peut inclure la garantie que les v\u00eatements ignifuges ou autres v\u00eatements de protection sont inspect\u00e9s r\u00e9guli\u00e8rement, correctement nettoy\u00e9s et remplac\u00e9s si n\u00e9cessaire.<\/div>\n<\/li>\n<li>\n<div class=\"auto-hide-last-sibling-br paragraph_1252f paragraph-element\"><strong>Chaussures et masques<\/strong>:Particuli\u00e8rement important dans les secteurs comme la sant\u00e9 et la construction o\u00f9 la s\u00e9curit\u00e9 est essentielle, le suivi de l&#039;utilisation, du nettoyage et de l&#039;entretien d&#039;articles tels que les masques et les chaussures de s\u00e9curit\u00e9 peut \u00eatre simplifi\u00e9 gr\u00e2ce \u00e0 l&#039;utilisation d&#039;\u00e9tiquettes RFID.<\/div>\n<\/li>\n<li>\n<div class=\"auto-hide-last-sibling-br paragraph_1252f paragraph-element\"><strong>Tapis et serpill\u00e8res<\/strong>:Pour les entreprises fournissant des services de nettoyage ou g\u00e9rant de grandes installations, les \u00e9tiquettes RFID sur les tapis et les serpill\u00e8res peuvent aider \u00e0 suivre l&#039;utilisation et l&#039;entretien, garantissant ainsi des outils propres et efficaces \u00e0 tout moment.<\/div>\n<\/li>\n<\/ol>","protected":false},"excerpt":{"rendered":"<div class=\"auto-hide-last-sibling-br paragraph_1252f paragraph-element\">Nos \u00e9tiquettes de linge RFID lavables, \u00e9galement connues sous le nom d&#039;\u00e9tiquettes de linge RFID, affichent un m\u00e9lange de douceur et de r\u00e9sistance, \u00e9tant fabriqu\u00e9es avec un ext\u00e9rieur en caoutchouc r\u00e9sistant. Ce sont des \u00e9tiquettes pour v\u00eatements con\u00e7ues pour \u00eatre \u00e0 la fois flexibles et robustes, capables de r\u00e9sister jusqu&#039;\u00e0 200 cycles de lavage et de r\u00e9sister jusqu&#039;\u00e0 60 bars de pression.<\/div>\n<div class=\"auto-hide-last-sibling-br paragraph_1252f paragraph-element\">Nos \u00e9tiquettes de blanchisserie RFID UHF se distinguent par leurs capacit\u00e9s sup\u00e9rieures de lecture de masse, capables d&#039;\u00eatre d\u00e9tect\u00e9es efficacement \u00e0 plusieurs m\u00e8tres de distance. Leurs dimensions varient de 1,5 \u00e0 3 pouces de longueur et demi \u00e0 1 pouce de largeur, r\u00e9pondant \u00e0 diff\u00e9rentes exigences.<\/div>\n<div class=\"auto-hide-last-sibling-br paragraph_1252f paragraph-element\">Ces \u00e9tiquettes RFID lavables sont fr\u00e9quemment utilis\u00e9es dans le domaine m\u00e9dical, souvent coll\u00e9es sur les blouses port\u00e9es par les m\u00e9decins et les infirmi\u00e8res. De plus, ils trouvent des applications avec d\u2019autres tenues professionnelles, costumes et articles louables tels que des tapis. Cette polyvalence et cette durabilit\u00e9 en font un choix id\u00e9al pour divers environnements.<\/div>","protected":false},"featured_media":51,"template":"","meta":{"_kad_post_transparent":"default","_kad_post_title":"","_kad_post_layout":"default","_kad_post_sidebar_id":"","_kad_post_content_style":"default","_kad_post_vertical_padding":"default","_kad_post_feature":"","_kad_post_feature_position":"","_kad_post_header":false,"_kad_post_footer":false,"_kad_post_classname":""},"product_brand":[],"product_cat":[19,16],"product_tag":[25,27,29,28],"class_list":{"0":"post-49","1":"product","2":"type-product","3":"status-publish","4":"has-post-thumbnail","6":"product_cat-textile-rfid-laundry-tag","7":"product_cat-uhf-rfid-laundry-tags","8":"product_tag-rfid-laundrytags","9":"product_tag-uhf-rfid-textile-laundry-tag","10":"product_tag-washable-rfid-laundry-tags","11":"product_tag-washable-rfid-tags","13":"first","14":"instock","15":"shipping-taxable","16":"product-type-simple","17":"entry","18":"content-bg","19":"loop-entry"},"_links":{"self":[{"href":"https:\/\/rfid-laundry-tag.com\/fr\/wp-json\/wp\/v2\/product\/49","targetHints":{"allow":["GET"]}}],"collection":[{"href":"https:\/\/rfid-laundry-tag.com\/fr\/wp-json\/wp\/v2\/product"}],"about":[{"href":"https:\/\/rfid-laundry-tag.com\/fr\/wp-json\/wp\/v2\/types\/product"}],"version-history":[{"count":1,"href":"https:\/\/rfid-laundry-tag.com\/fr\/wp-json\/wp\/v2\/product\/49\/revisions"}],"predecessor-version":[{"id":1954,"href":"https:\/\/rfid-laundry-tag.com\/fr\/wp-json\/wp\/v2\/product\/49\/revisions\/1954"}],"wp:featuredmedia":[{"embeddable":true,"href":"https:\/\/rfid-laundry-tag.com\/fr\/wp-json\/wp\/v2\/media\/51"}],"wp:attachment":[{"href":"https:\/\/rfid-laundry-tag.com\/fr\/wp-json\/wp\/v2\/media?parent=49"}],"wp:term":[{"taxonomy":"product_brand","embeddable":true,"href":"https:\/\/rfid-laundry-tag.com\/fr\/wp-json\/wp\/v2\/product_brand?post=49"},{"taxonomy":"product_cat","embeddable":true,"href":"https:\/\/rfid-laundry-tag.com\/fr\/wp-json\/wp\/v2\/product_cat?post=49"},{"taxonomy":"product_tag","embeddable":true,"href":"https:\/\/rfid-laundry-tag.com\/fr\/wp-json\/wp\/v2\/product_tag?post=49"}],"curies":[{"name":"wp","href":"https:\/\/api.w.org\/{rel}","templated":true}]}}