{"id":47,"date":"2024-06-09T14:50:05","date_gmt":"2024-06-09T14:50:05","guid":{"rendered":"https:\/\/rfid-laundry-tag.com\/?post_type=product&#038;p=47"},"modified":"2024-09-08T05:41:36","modified_gmt":"2024-09-08T05:41:36","slug":"washable-rfid-tags","status":"publish","type":"product","link":"https:\/\/rfid-laundry-tag.com\/fr\/washable-rfid-tags\/","title":{"rendered":"\u00c9tiquettes RFID lavables"},"content":{"rendered":"<p><strong>\u00c9tiquettes RFID lavables<\/strong><\/p>\n<div class=\"auto-hide-last-sibling-br paragraph_1252f paragraph-element\">\n<div class=\"auto-hide-last-sibling-br paragraph_1252f paragraph-element\">L&#039;\u00e9tiquette RFID lavable pour v\u00eatements est une alternative polyvalente aux \u00e9tiquettes de blanchisserie RFID traditionnelles, sp\u00e9cialement con\u00e7ue pour supporter plus de 50 cycles de lavage domestique avec une r\u00e9duction minimale (10% \u00e0 15%) des performances RFID. Solution \u00e9conomique id\u00e9ale, cette \u00e9tiquette RFID \u00e9tanche est parfaite pour la location et la vente au d\u00e9tail de v\u00eatements, de chaussures et de draps.<\/div>\n<div><\/div>\n<div class=\"auto-hide-last-sibling-br paragraph_1252f paragraph-element\">Dot\u00e9e d&#039;une structure unique et d&#039;un m\u00e9canisme de protection pour la puce RFID, cette \u00e9tiquette peut r\u00e9sister \u00e0 plus de 50 cycles de lavage domestique. Elle peut \u00eatre discr\u00e8tement gliss\u00e9e dans une couture ou gliss\u00e9e dans une \u00e9tiquette d&#039;entretien, ce qui la rend pratiquement inaper\u00e7ue.<\/div>\n<p>&nbsp;<\/p>\n<div class=\"auto-hide-last-sibling-br paragraph_1252f paragraph-element\">Ce qui distingue cette \u00e9tiquette RFID UHF des autres \u00e9tiquettes lavables pour linge est sa conception fine et transparente de 0,55 mm, ce qui en fait la plus fine du march\u00e9. Au total, il s&#039;agit d&#039;une solution RFID UHF innovante pour les v\u00eatements qui offre rentabilit\u00e9, durabilit\u00e9 et discr\u00e9tion.<\/div>\n<div><\/div>\n<div data-spm-anchor-id=\"a2700.details.0.i57.23b419c7xXORP0\"><span data-spm-anchor-id=\"a2700.details.0.i75.23b419c7xXORP0\"><b>Fonctionnalit\u00e9:<\/b><br \/>\n1) Technologie UHF pour lire des centaines de tags simultan\u00e9ment.<br \/>\n2) Distance de lecture sup\u00e9rieure \u00e0 8 pieds.<br \/>\n3) Nouvelle conception m\u00e9canique pour des performances am\u00e9lior\u00e9es pour le linge plat.<br \/>\n4) Convient aux extracteurs haute pression jusqu&#039;\u00e0 60 bars.<br \/>\n5) Convient pour la st\u00e9rilisation en autoclave.<br \/>\n6) Mat\u00e9riau petit, doux et flexible, id\u00e9al pour les textiles, le linge de maison, les v\u00eatements et les accessoires.<\/span><\/div>\n<\/div>\n<div data-spm-anchor-id=\"a2700.details.0.i57.23b419c7xXORP0\"><\/div>\n<div data-spm-anchor-id=\"a2700.details.0.i57.23b419c7xXORP0\">\n<div class=\"text-title\"><span data-spm-anchor-id=\"a2700.details.0.i77.23b419c7xXORP0\">Physique:<\/span><\/div>\n<div class=\"text-content\" data-spm-anchor-id=\"a2700.details.0.i54.23b419c7xXORP0\">\n<p>Mati\u00e8re : polyester 100%<\/p>\n<div>Taille : 70 mm \u00d7 15 mm x 1,5 mm<\/div>\n<div>Puce : UHF<\/div>\n<div>M\u00e9thode d&#039;installation de l&#039;\u00e9tiquette : couture, repassage<\/div>\n<div>Protocole : ISO18ooo-6C EPC C1G2<\/div>\n<div>Repassage : 15 secondes, \u00e0 210\u2103<\/div>\n<div>Exposition : 2,5 bar<\/div>\n<div>S\u00e9chage : 15 minutes \u00e0 180\u00b0C<\/div>\n<div><span data-spm-anchor-id=\"a2700.details.0.i78.23b419c7xXORP0\">Lavage : 15 minutes \u00e0 90\u2103<\/span><\/div>\n<div>Cycles de lavage : 200 cycles ou 3 ans<br \/>\nConditions de stockage : -20-80\u2103,5-95%RH<\/div>\n<\/div>\n<\/div>\n<h3 class=\"wp-block-heading\">Installation<\/h3>\n<p><strong>Marquage des points<\/strong>: A coudre dans l&#039;ourlet d&#039;un textile. Cousez l&#039;\u00e9tiquette de linge loin des lignes de pliage.<br \/>\n<strong>Thermoscellage<\/strong>: A thermosceller directement sur le textile \u00e0 +200\u00b0C (392\u00b0F), pendant 12~14s.<br \/>\n<strong>Dans une pochette<\/strong>: A coudre comme une \u00e9tiquette d&#039;entretien standard. Cousez l&#039;\u00e9tiquette de linge loin des lignes de pliage.<\/p>\n<div class=\"auto-hide-last-sibling-br paragraph_1252f paragraph-element\">Les \u00e9tiquettes RFID lavables sont indispensables \u00e0 de nombreux secteurs industriels, car elles permettent un suivi efficace des actifs, une gestion des stocks et une am\u00e9lioration de la productivit\u00e9 op\u00e9rationnelle globale. Voici quelques-unes de ses applications dans diff\u00e9rents secteurs :<\/div>\n<ol class=\"auto-hide-last-sibling-br\">\n<li>\n<div class=\"auto-hide-last-sibling-br paragraph_1252f paragraph-element\"><strong>Soins de sant\u00e9<\/strong>:Les h\u00f4pitaux et autres \u00e9tablissements m\u00e9dicaux utilisent des \u00e9tiquettes RFID pour g\u00e9rer d&#039;\u00e9normes stocks de draps, de serviettes, de tenues de bloc, d&#039;uniformes et de linge chirurgical. Cela permet de r\u00e9duire les pertes, de g\u00e9rer les cycles de lavage et de garantir que du linge propre et frais est toujours disponible selon les besoins.<\/div>\n<\/li>\n<li>\n<div class=\"auto-hide-last-sibling-br paragraph_1252f paragraph-element\"><strong>H\u00f4tels<\/strong>:La gestion du linge est une t\u00e2che \u00e9norme dans le secteur h\u00f4telier, o\u00f9 des milliers d&#039;articles, de la literie aux serviettes en passant par les rideaux et les peignoirs, sont en circulation. Les \u00e9tiquettes RFID pour le linge simplifient le suivi, garantissent un nettoyage et un remplacement rapides et aident \u00e0 d\u00e9tecter et \u00e0 pr\u00e9venir le vol.<\/div>\n<\/li>\n<li>\n<div class=\"auto-hide-last-sibling-br paragraph_1252f paragraph-element\"><strong>Restaurants<\/strong>:Dans le secteur de la restauration, les \u00e9tiquettes RFID permettent de surveiller l&#039;utilisation et le nettoyage des uniformes, des nappes, des serviettes et des tabliers de chef. Cela peut am\u00e9liorer les normes de propret\u00e9 et contribuer \u00e0 maintenir une apparence soign\u00e9e et professionnelle.<\/div>\n<\/li>\n<li>\n<div class=\"auto-hide-last-sibling-br paragraph_1252f paragraph-element\"><strong>Industries de l&#039;habillement et de la mode<\/strong>:Les \u00e9tiquettes RFID jouent un r\u00f4le essentiel dans le suivi des articles tout au long de la cha\u00eene d&#039;approvisionnement, de la production \u00e0 la vente au d\u00e9tail. Elles peuvent fournir des informations pr\u00e9cieuses telles que l&#039;origine, l&#039;historique des d\u00e9placements et m\u00eame des d\u00e9tails sur le tissu et les instructions d&#039;entretien.<\/div>\n<\/li>\n<li>\n<div class=\"auto-hide-last-sibling-br paragraph_1252f paragraph-element\"><strong>V\u00eatements de travail\/V\u00eatements ignifuges<\/strong>:Les entreprises peuvent utiliser des \u00e9tiquettes RFID pour suivre et g\u00e9rer les v\u00eatements sp\u00e9ciaux. Cela peut inclure la garantie que les v\u00eatements ignifuges ou autres v\u00eatements de protection sont inspect\u00e9s r\u00e9guli\u00e8rement, correctement nettoy\u00e9s et remplac\u00e9s si n\u00e9cessaire.<\/div>\n<\/li>\n<li>\n<div class=\"auto-hide-last-sibling-br paragraph_1252f paragraph-element\"><strong>Chaussures et masques<\/strong>:Particuli\u00e8rement important dans les secteurs comme la sant\u00e9 et la construction o\u00f9 la s\u00e9curit\u00e9 est essentielle, le suivi de l&#039;utilisation, du nettoyage et de l&#039;entretien d&#039;articles tels que les masques et les chaussures de s\u00e9curit\u00e9 peut \u00eatre simplifi\u00e9 gr\u00e2ce \u00e0 l&#039;utilisation d&#039;\u00e9tiquettes RFID.<\/div>\n<\/li>\n<li>\n<div class=\"auto-hide-last-sibling-br paragraph_1252f paragraph-element\"><strong>Tapis et serpill\u00e8res<\/strong>:Pour les entreprises fournissant des services de nettoyage ou g\u00e9rant de grandes installations, les \u00e9tiquettes RFID sur les tapis et les serpill\u00e8res peuvent aider \u00e0 suivre l&#039;utilisation et l&#039;entretien, garantissant ainsi des outils propres et efficaces \u00e0 tout moment.<\/div>\n<\/li>\n<\/ol>","protected":false},"excerpt":{"rendered":"<p>Les \u00e9tiquettes RFID lavables, souvent appel\u00e9es \u00e9tiquettes RFID en lin, sont fabriqu\u00e9es avec un ext\u00e9rieur en caoutchouc doux mais robuste. Il s&#039;agit d&#039;\u00e9tiquettes pour v\u00eatements con\u00e7ues pour \u00eatre flexibles et robustes, r\u00e9sistant jusqu&#039;\u00e0 200 cycles de lavage et des pressions allant jusqu&#039;\u00e0 60 bars. Nos \u00e9tiquettes de blanchisserie RFID UHF excellent dans la lecture de masse, d\u00e9tect\u00e9e efficacement \u00e0 plusieurs m\u00e8tres de distance. Ils viennent dans diff\u00e9rentes mesures allant de 1,5 \u00e0 3 pouces de longueur et d&#039;un demi-pouce \u00e0 1 pouce de largeur. Ces \u00e9tiquettes RFID lavables sont largement utilis\u00e9es dans le domaine m\u00e9dical, souvent attach\u00e9es aux blouses port\u00e9es par les m\u00e9decins et les infirmi\u00e8res, ainsi qu&#039;\u00e0 d&#039;autres uniformes professionnels, costumes et articles louables comme des tapis.<\/p>","protected":false},"featured_media":48,"template":"","meta":{"_kad_post_transparent":"default","_kad_post_title":"","_kad_post_layout":"default","_kad_post_sidebar_id":"","_kad_post_content_style":"default","_kad_post_vertical_padding":"default","_kad_post_feature":"","_kad_post_feature_position":"","_kad_post_header":false,"_kad_post_footer":false,"_kad_post_classname":""},"product_brand":[],"product_cat":[19,16],"product_tag":[25,27,28],"class_list":{"0":"post-47","1":"product","2":"type-product","3":"status-publish","4":"has-post-thumbnail","6":"product_cat-textile-rfid-laundry-tag","7":"product_cat-uhf-rfid-laundry-tags","8":"product_tag-rfid-laundrytags","9":"product_tag-uhf-rfid-textile-laundry-tag","10":"product_tag-washable-rfid-tags","12":"first","13":"instock","14":"shipping-taxable","15":"product-type-simple","16":"entry","17":"content-bg","18":"loop-entry"},"_links":{"self":[{"href":"https:\/\/rfid-laundry-tag.com\/fr\/wp-json\/wp\/v2\/product\/47","targetHints":{"allow":["GET"]}}],"collection":[{"href":"https:\/\/rfid-laundry-tag.com\/fr\/wp-json\/wp\/v2\/product"}],"about":[{"href":"https:\/\/rfid-laundry-tag.com\/fr\/wp-json\/wp\/v2\/types\/product"}],"version-history":[{"count":1,"href":"https:\/\/rfid-laundry-tag.com\/fr\/wp-json\/wp\/v2\/product\/47\/revisions"}],"predecessor-version":[{"id":1969,"href":"https:\/\/rfid-laundry-tag.com\/fr\/wp-json\/wp\/v2\/product\/47\/revisions\/1969"}],"wp:featuredmedia":[{"embeddable":true,"href":"https:\/\/rfid-laundry-tag.com\/fr\/wp-json\/wp\/v2\/media\/48"}],"wp:attachment":[{"href":"https:\/\/rfid-laundry-tag.com\/fr\/wp-json\/wp\/v2\/media?parent=47"}],"wp:term":[{"taxonomy":"product_brand","embeddable":true,"href":"https:\/\/rfid-laundry-tag.com\/fr\/wp-json\/wp\/v2\/product_brand?post=47"},{"taxonomy":"product_cat","embeddable":true,"href":"https:\/\/rfid-laundry-tag.com\/fr\/wp-json\/wp\/v2\/product_cat?post=47"},{"taxonomy":"product_tag","embeddable":true,"href":"https:\/\/rfid-laundry-tag.com\/fr\/wp-json\/wp\/v2\/product_tag?post=47"}],"curies":[{"name":"wp","href":"https:\/\/api.w.org\/{rel}","templated":true}]}}