{"id":43,"date":"2024-06-03T16:12:18","date_gmt":"2024-06-03T16:12:18","guid":{"rendered":"https:\/\/rfid-laundry-tag.com\/?post_type=product&#038;p=43"},"modified":"2024-09-08T05:39:52","modified_gmt":"2024-09-08T05:39:52","slug":"uhf-rfid-textile-laundry-tag","status":"publish","type":"product","link":"https:\/\/rfid-laundry-tag.com\/fr\/uhf-rfid-textile-laundry-tag\/","title":{"rendered":"\u00c9tiquette de blanchisserie textile UHF RFID"},"content":{"rendered":"<h2>\u00c9tiquette de blanchisserie textile UHF RFID<\/h2>\n<div class=\"auto-hide-last-sibling-br paragraph_1252f paragraph-element\">\n<p><b><span class=\"magic-14\" data-spm-anchor-id=\"a2700.details.0.i55.23b419c7xXORP0\">\u00c9tiquettes de blanchisserie en tissu RFID.<\/span><\/b><\/p>\n<p>Les \u00e9tiquettes RFID pour le linge en tissu sont couramment utilis\u00e9es dans les blanchisseries industrielles, le linge d&#039;h\u00f4tel et les uniformes m\u00e9dicaux. Ces \u00e9tiquettes sont tr\u00e8s r\u00e9sistantes et peuvent supporter des temp\u00e9ratures \u00e9lev\u00e9es, ce qui leur permet de survivre \u00e0 plus de 200 cycles de lavage.<\/p>\n<div data-spm-anchor-id=\"a2700.details.0.i57.23b419c7xXORP0\"><span data-spm-anchor-id=\"a2700.details.0.i75.23b419c7xXORP0\"><b>Fonctionnalit\u00e9:<\/b><br \/>\n1) Technologie UHF pour lire des centaines de tags simultan\u00e9ment.<br \/>\n2) Distance de lecture sup\u00e9rieure \u00e0 8 pieds.<br \/>\n3) Nouvelle conception m\u00e9canique pour des performances am\u00e9lior\u00e9es pour le linge plat.<br \/>\n4) Convient aux extracteurs haute pression jusqu&#039;\u00e0 60 bars.<br \/>\n5) Convient pour la st\u00e9rilisation en autoclave.<br \/>\n6) Mat\u00e9riau petit, doux et flexible, id\u00e9al pour les textiles, le linge de maison, les v\u00eatements et les accessoires.<\/span><\/div>\n<\/div>\n<div data-spm-anchor-id=\"a2700.details.0.i57.23b419c7xXORP0\"><\/div>\n<div data-spm-anchor-id=\"a2700.details.0.i57.23b419c7xXORP0\">\n<div class=\"text-title\"><span data-spm-anchor-id=\"a2700.details.0.i77.23b419c7xXORP0\">Physique:<\/span><\/div>\n<div class=\"text-content\" data-spm-anchor-id=\"a2700.details.0.i54.23b419c7xXORP0\">\n<div>Taille : 70 mm \u00d7 15 mm x 1,5 mm<\/div>\n<div>Puce : UHF<\/div>\n<div>M\u00e9thode d&#039;installation de l&#039;\u00e9tiquette : couture, repassage<\/div>\n<div>Protocole : ISO18ooo-6C EPC C1G2<\/div>\n<div>Repassage : 15 secondes, \u00e0 210\u2103<\/div>\n<div>Exposition : 2,5 bar<\/div>\n<div>S\u00e9chage : 15 minutes \u00e0 180\u00b0C<\/div>\n<div><span data-spm-anchor-id=\"a2700.details.0.i78.23b419c7xXORP0\">Lavage : 15 minutes \u00e0 90\u2103<\/span><\/div>\n<div>Cycles de lavage : 200 cycles ou 3 ans<br \/>\nConditions de stockage : -20-80\u2103,5-95%RH<\/div>\n<\/div>\n<\/div>\n<h3 class=\"wp-block-heading\">Installation<\/h3>\n<p><strong>Marquage des points<\/strong>: A coudre dans l&#039;ourlet d&#039;un textile. Cousez l&#039;\u00e9tiquette de linge loin des lignes de pliage.<br \/>\n<strong>Thermoscellage<\/strong>: A thermosceller directement sur le textile \u00e0 +200\u00b0C (392\u00b0F), pendant 12~14s.<br \/>\n<strong>Dans une pochette<\/strong>: A coudre comme une \u00e9tiquette d&#039;entretien standard. Cousez l&#039;\u00e9tiquette de linge loin des lignes de pliage.<\/p>\n<div class=\"auto-hide-last-sibling-br paragraph_1252f paragraph-element\">\u00a0Les \u00e9tiquettes de blanchisserie textile RFID UHF sont indispensables \u00e0 de nombreux secteurs industriels, car elles permettent un suivi efficace des actifs, une gestion des stocks et une am\u00e9lioration de la productivit\u00e9 op\u00e9rationnelle globale. Voici quelques-unes de ses applications dans diff\u00e9rents secteurs :<\/div>\n<ol class=\"auto-hide-last-sibling-br\">\n<li>\n<div class=\"auto-hide-last-sibling-br paragraph_1252f paragraph-element\"><strong>Soins de sant\u00e9<\/strong>:Les h\u00f4pitaux et autres \u00e9tablissements m\u00e9dicaux utilisent des \u00e9tiquettes RFID pour g\u00e9rer d&#039;\u00e9normes stocks de draps, de serviettes, de tenues de bloc, d&#039;uniformes et de linge chirurgical. Cela permet de r\u00e9duire les pertes, de g\u00e9rer les cycles de lavage et de garantir que du linge propre et frais est toujours disponible selon les besoins.<\/div>\n<\/li>\n<li>\n<div class=\"auto-hide-last-sibling-br paragraph_1252f paragraph-element\"><strong>H\u00f4tels<\/strong>:La gestion du linge est une t\u00e2che \u00e9norme dans le secteur h\u00f4telier, o\u00f9 des milliers d&#039;articles, de la literie aux serviettes en passant par les rideaux et les peignoirs, sont en circulation. Les \u00e9tiquettes RFID pour le linge simplifient le suivi, garantissent un nettoyage et un remplacement rapides et aident \u00e0 d\u00e9tecter et \u00e0 pr\u00e9venir le vol.<\/div>\n<\/li>\n<li>\n<div class=\"auto-hide-last-sibling-br paragraph_1252f paragraph-element\"><strong>Restaurants<\/strong>:Dans le secteur de la restauration, les \u00e9tiquettes RFID permettent de surveiller l&#039;utilisation et le nettoyage des uniformes, des nappes, des serviettes et des tabliers de chef. Cela peut am\u00e9liorer les normes de propret\u00e9 et contribuer \u00e0 maintenir une apparence soign\u00e9e et professionnelle.<\/div>\n<\/li>\n<li>\n<div class=\"auto-hide-last-sibling-br paragraph_1252f paragraph-element\"><strong>Industries de l&#039;habillement et de la mode<\/strong>:Les \u00e9tiquettes RFID jouent un r\u00f4le essentiel dans le suivi des articles tout au long de la cha\u00eene d&#039;approvisionnement, de la production \u00e0 la vente au d\u00e9tail. Elles peuvent fournir des informations pr\u00e9cieuses telles que l&#039;origine, l&#039;historique des d\u00e9placements et m\u00eame des d\u00e9tails sur le tissu et les instructions d&#039;entretien.<\/div>\n<\/li>\n<li>\n<div class=\"auto-hide-last-sibling-br paragraph_1252f paragraph-element\"><strong>V\u00eatements de travail\/V\u00eatements ignifuges<\/strong>:Les entreprises peuvent utiliser des \u00e9tiquettes RFID pour suivre et g\u00e9rer les v\u00eatements sp\u00e9ciaux. Cela peut inclure la garantie que les v\u00eatements ignifuges ou autres v\u00eatements de protection sont inspect\u00e9s r\u00e9guli\u00e8rement, correctement nettoy\u00e9s et remplac\u00e9s si n\u00e9cessaire.<\/div>\n<\/li>\n<li>\n<div class=\"auto-hide-last-sibling-br paragraph_1252f paragraph-element\"><strong>Chaussures et masques<\/strong>:Particuli\u00e8rement important dans les secteurs comme la sant\u00e9 et la construction o\u00f9 la s\u00e9curit\u00e9 est essentielle, le suivi de l&#039;utilisation, du nettoyage et de l&#039;entretien d&#039;articles tels que les masques et les chaussures de s\u00e9curit\u00e9 peut \u00eatre simplifi\u00e9 gr\u00e2ce \u00e0 l&#039;utilisation d&#039;\u00e9tiquettes RFID.<\/div>\n<\/li>\n<li>\n<div class=\"auto-hide-last-sibling-br paragraph_1252f paragraph-element\"><strong>Tapis et serpill\u00e8res<\/strong>:Pour les entreprises fournissant des services de nettoyage ou g\u00e9rant de grandes installations, les \u00e9tiquettes RFID sur les tapis et les serpill\u00e8res peuvent aider \u00e0 suivre l&#039;utilisation et l&#039;entretien, garantissant ainsi des outils propres et efficaces \u00e0 tout moment.<\/div>\n<\/li>\n<\/ol>","protected":false},"excerpt":{"rendered":"<p><b>\u00c9tiquettes de blanchisserie RFID <\/b>sont sp\u00e9cialement con\u00e7us pour \u00eatre utilis\u00e9s dans les h\u00f4tels, les h\u00f4pitaux, les pressings et la gestion des couvertures des compagnies a\u00e9riennes. Ces \u00e9tiquettes sont disponibles en trois mat\u00e9riaux principaux : PPS, silicone et tissu.<\/p>","protected":false},"featured_media":44,"template":"","meta":{"_kad_post_transparent":"default","_kad_post_title":"","_kad_post_layout":"default","_kad_post_sidebar_id":"","_kad_post_content_style":"default","_kad_post_vertical_padding":"default","_kad_post_feature":"","_kad_post_feature_position":"","_kad_post_header":false,"_kad_post_footer":false,"_kad_post_classname":""},"product_brand":[],"product_cat":[19,16],"product_tag":[25,23,27,26],"class_list":{"0":"post-43","1":"product","2":"type-product","3":"status-publish","4":"has-post-thumbnail","6":"product_cat-textile-rfid-laundry-tag","7":"product_cat-uhf-rfid-laundry-tags","8":"product_tag-rfid-laundrytags","9":"product_tag-rfid-linen-tags","10":"product_tag-uhf-rfid-textile-laundry-tag","11":"product_tag-washable-uhf-rfid-laundry-tag","13":"first","14":"instock","15":"shipping-taxable","16":"product-type-simple","17":"entry","18":"content-bg","19":"loop-entry"},"_links":{"self":[{"href":"https:\/\/rfid-laundry-tag.com\/fr\/wp-json\/wp\/v2\/product\/43","targetHints":{"allow":["GET"]}}],"collection":[{"href":"https:\/\/rfid-laundry-tag.com\/fr\/wp-json\/wp\/v2\/product"}],"about":[{"href":"https:\/\/rfid-laundry-tag.com\/fr\/wp-json\/wp\/v2\/types\/product"}],"version-history":[{"count":2,"href":"https:\/\/rfid-laundry-tag.com\/fr\/wp-json\/wp\/v2\/product\/43\/revisions"}],"predecessor-version":[{"id":1305,"href":"https:\/\/rfid-laundry-tag.com\/fr\/wp-json\/wp\/v2\/product\/43\/revisions\/1305"}],"wp:featuredmedia":[{"embeddable":true,"href":"https:\/\/rfid-laundry-tag.com\/fr\/wp-json\/wp\/v2\/media\/44"}],"wp:attachment":[{"href":"https:\/\/rfid-laundry-tag.com\/fr\/wp-json\/wp\/v2\/media?parent=43"}],"wp:term":[{"taxonomy":"product_brand","embeddable":true,"href":"https:\/\/rfid-laundry-tag.com\/fr\/wp-json\/wp\/v2\/product_brand?post=43"},{"taxonomy":"product_cat","embeddable":true,"href":"https:\/\/rfid-laundry-tag.com\/fr\/wp-json\/wp\/v2\/product_cat?post=43"},{"taxonomy":"product_tag","embeddable":true,"href":"https:\/\/rfid-laundry-tag.com\/fr\/wp-json\/wp\/v2\/product_tag?post=43"}],"curies":[{"name":"wp","href":"https:\/\/api.w.org\/{rel}","templated":true}]}}