{"id":40,"date":"2024-06-03T15:49:08","date_gmt":"2024-06-03T15:49:08","guid":{"rendered":"https:\/\/rfid-laundry-tag.com\/?post_type=product&#038;p=40"},"modified":"2024-09-08T05:31:52","modified_gmt":"2024-09-08T05:31:52","slug":"washable-uhf-rfid-laundry-tag","status":"publish","type":"product","link":"https:\/\/rfid-laundry-tag.com\/fr\/washable-uhf-rfid-laundry-tag\/","title":{"rendered":"\u00c9tiquette de blanchisserie RFID UHF lavable"},"content":{"rendered":"<h2>Lavable <strong>UHF<\/strong> \u00c9tiquette de blanchisserie RFID<\/h2>\n<p>L&#039;\u00e9tiquette de blanchisserie RFID en mat\u00e9riau textile de dimensions 70*15 mm et \u00e9quip\u00e9e d&#039;une puce NXP U CODE 9 est un outil simplifi\u00e9 con\u00e7u pour un suivi et une gestion efficaces des textiles tels que le linge de maison, les uniformes, les serviettes, etc.<\/p>\n<div class=\"auto-hide-last-sibling-br paragraph_1252f paragraph-element\">Principales caract\u00e9ristiques:<\/div>\n<ol class=\"auto-hide-last-sibling-br\">\n<li>\n<div class=\"auto-hide-last-sibling-br paragraph_1252f paragraph-element\"><strong>Mat\u00e9riau et taille<\/strong>: Cette \u00e9tiquette RFID est fabriqu\u00e9e dans un mat\u00e9riau respectueux des textiles et mesure 70 mm sur 15 mm, une taille id\u00e9ale pour \u00e9tiqueter discr\u00e8tement diff\u00e9rents types de tissus sans affecter leurs qualit\u00e9s esth\u00e9tiques ou tactiles.<\/div>\n<\/li>\n<li>\n<div class=\"auto-hide-last-sibling-br paragraph_1252f paragraph-element\"><strong>Puce RFID<\/strong>: La puce NXP U CODE 9 int\u00e9gr\u00e9e garantit des performances \u00e9lev\u00e9es et une fonctionnalit\u00e9 fiable. Cette micropuce facilite la transmission de donn\u00e9es longue distance et poss\u00e8de une capacit\u00e9 de m\u00e9moire \u00e9tendue pour stocker les informations sur les \u00e9l\u00e9ments.<\/div>\n<\/li>\n<li>\n<div class=\"auto-hide-last-sibling-br paragraph_1252f paragraph-element\"><strong>Durabilit\u00e9<\/strong>: Malgr\u00e9 sa construction textile douce et flexible, cette \u00e9tiquette \u00e0 linge RFID est con\u00e7ue pour supporter des processus de lavage, de repassage et de pressage vigoureux. Il peut r\u00e9sister \u00e0 l&#039;eau, \u00e0 la chaleur et \u00e0 la pression, conservant son int\u00e9grit\u00e9 et sa fonction malgr\u00e9 les cycles de blanchisserie industrielle r\u00e9p\u00e9titifs.<\/div>\n<\/li>\n<li>\n<div class=\"auto-hide-last-sibling-br paragraph_1252f paragraph-element\"><strong>Efficacit\u00e9<\/strong>: La technologie de puce NXP U CODE 9 permet une num\u00e9risation rapide et pr\u00e9cise de l&#039;\u00e9tiquette, m\u00eame dans des sc\u00e9narios de lecture group\u00e9e. Cela se traduit par un traitement rapide, une r\u00e9duction du temps d\u2019op\u00e9ration et une am\u00e9lioration de la productivit\u00e9 dans la gestion des textiles.<\/div>\n<\/li>\n<li>\n<div class=\"auto-hide-last-sibling-br paragraph_1252f paragraph-element\"><strong>Application<\/strong>: Principalement, ces tags RFID sont cousus ou thermoscell\u00e9s dans les textiles avant leur mise en service. Une fois attach\u00e9es, la gestion automatis\u00e9e des stocks, le contr\u00f4le des processus et la pr\u00e9vention des pertes peuvent \u00eatre facilit\u00e9s gr\u00e2ce \u00e0 la capacit\u00e9 de suivi sans fil offerte par ces \u00e9tiquettes.<\/div>\n<\/li>\n<\/ol>\n<h3 class=\"wp-block-heading\">Installation<\/h3>\n<p><strong>Marquage des points<\/strong>: A coudre dans l&#039;ourlet d&#039;un textile. Cousez l&#039;\u00e9tiquette de linge loin des lignes de pliage.<br \/>\n<strong>Thermoscellage<\/strong>: A thermosceller directement sur le textile \u00e0 +200\u00b0C (392\u00b0F), pendant 12~14s.<br \/>\n<strong>Dans une pochette<\/strong>: A coudre comme une \u00e9tiquette d&#039;entretien standard. Cousez l&#039;\u00e9tiquette de linge loin des lignes de pliage.<\/p>\n<figure id=\"attachment_42\" aria-describedby=\"caption-attachment-42\" style=\"width: 718px\" class=\"wp-caption alignnone\"><img fetchpriority=\"high\" decoding=\"async\" class=\"wp-image-42\" src=\"https:\/\/rfid-laundry-tag.com\/wp-content\/uploads\/2024\/06\/srchttp___cbu01.alicdn.com_img_ibank_2019_649_165_12443561946_2073715636.jpgreferhttp___cbu01.alicdn-300x160.webp\" alt=\"Washable UHF RFID Laundry Tag\" width=\"718\" height=\"383\" srcset=\"https:\/\/rfid-laundry-tag.com\/wp-content\/uploads\/2024\/06\/srchttp___cbu01.alicdn.com_img_ibank_2019_649_165_12443561946_2073715636.jpgreferhttp___cbu01.alicdn-300x160.webp 300w, https:\/\/rfid-laundry-tag.com\/wp-content\/uploads\/2024\/06\/srchttp___cbu01.alicdn.com_img_ibank_2019_649_165_12443561946_2073715636.jpgreferhttp___cbu01.alicdn-600x320.webp 600w, https:\/\/rfid-laundry-tag.com\/wp-content\/uploads\/2024\/06\/srchttp___cbu01.alicdn.com_img_ibank_2019_649_165_12443561946_2073715636.jpgreferhttp___cbu01.alicdn-18x10.webp 18w, https:\/\/rfid-laundry-tag.com\/wp-content\/uploads\/2024\/06\/srchttp___cbu01.alicdn.com_img_ibank_2019_649_165_12443561946_2073715636.jpgreferhttp___cbu01.alicdn.webp 750w\" sizes=\"(max-width: 718px) 100vw, 718px\" \/><figcaption id=\"caption-attachment-42\" class=\"wp-caption-text\">\u00c9tiquette de blanchisserie RFID UHF lavable<\/figcaption><\/figure>\n<div class=\"auto-hide-last-sibling-br paragraph_1252f paragraph-element\"><strong>\u00c9tiquettes RFID pour linge<\/strong> Les solutions de gestion de stock sont indispensables \u00e0 de nombreux secteurs d&#039;activit\u00e9, car elles permettent un suivi efficace des actifs, une gestion des stocks et une am\u00e9lioration de la productivit\u00e9 op\u00e9rationnelle globale. Voici quelques-unes de ses applications dans diff\u00e9rents secteurs :<\/div>\n<ol class=\"auto-hide-last-sibling-br\">\n<li>\n<div class=\"auto-hide-last-sibling-br paragraph_1252f paragraph-element\"><strong>Soins de sant\u00e9<\/strong>:Les h\u00f4pitaux et autres \u00e9tablissements m\u00e9dicaux utilisent des \u00e9tiquettes RFID pour g\u00e9rer d&#039;\u00e9normes stocks de draps, de serviettes, de tenues de bloc, d&#039;uniformes et de linge chirurgical. Cela permet de r\u00e9duire les pertes, de g\u00e9rer les cycles de lavage et de garantir que du linge propre et frais est toujours disponible selon les besoins.<\/div>\n<\/li>\n<li>\n<div class=\"auto-hide-last-sibling-br paragraph_1252f paragraph-element\"><strong>H\u00f4tels<\/strong>:La gestion du linge est une t\u00e2che \u00e9norme dans le secteur h\u00f4telier, o\u00f9 des milliers d&#039;articles, de la literie aux serviettes en passant par les rideaux et les peignoirs, sont en circulation. Les \u00e9tiquettes RFID pour le linge simplifient le suivi, garantissent un nettoyage et un remplacement rapides et aident \u00e0 d\u00e9tecter et \u00e0 pr\u00e9venir le vol.<\/div>\n<\/li>\n<li>\n<div class=\"auto-hide-last-sibling-br paragraph_1252f paragraph-element\"><strong>Restaurants<\/strong>:Dans le secteur de la restauration, les \u00e9tiquettes RFID permettent de surveiller l&#039;utilisation et le nettoyage des uniformes, des nappes, des serviettes et des tabliers de chef. Cela peut am\u00e9liorer les normes de propret\u00e9 et contribuer \u00e0 maintenir une apparence soign\u00e9e et professionnelle.<\/div>\n<\/li>\n<li>\n<div class=\"auto-hide-last-sibling-br paragraph_1252f paragraph-element\"><strong>Industries de l&#039;habillement et de la mode<\/strong>:Les \u00e9tiquettes RFID jouent un r\u00f4le essentiel dans le suivi des articles tout au long de la cha\u00eene d&#039;approvisionnement, de la production \u00e0 la vente au d\u00e9tail. Elles peuvent fournir des informations pr\u00e9cieuses telles que l&#039;origine, l&#039;historique des d\u00e9placements et m\u00eame des d\u00e9tails sur le tissu et les instructions d&#039;entretien.<\/div>\n<\/li>\n<li>\n<div class=\"auto-hide-last-sibling-br paragraph_1252f paragraph-element\"><strong>V\u00eatements de travail\/V\u00eatements ignifuges<\/strong>:Les entreprises peuvent utiliser des \u00e9tiquettes RFID pour suivre et g\u00e9rer les v\u00eatements sp\u00e9ciaux. Cela peut inclure la garantie que les v\u00eatements ignifuges ou autres v\u00eatements de protection sont inspect\u00e9s r\u00e9guli\u00e8rement, correctement nettoy\u00e9s et remplac\u00e9s si n\u00e9cessaire.<\/div>\n<\/li>\n<li>\n<div class=\"auto-hide-last-sibling-br paragraph_1252f paragraph-element\"><strong>Chaussures et masques<\/strong>:Particuli\u00e8rement important dans les secteurs comme la sant\u00e9 et la construction o\u00f9 la s\u00e9curit\u00e9 est essentielle, le suivi de l&#039;utilisation, du nettoyage et de l&#039;entretien d&#039;articles tels que les masques et les chaussures de s\u00e9curit\u00e9 peut \u00eatre simplifi\u00e9 gr\u00e2ce \u00e0 l&#039;utilisation d&#039;\u00e9tiquettes RFID.<\/div>\n<\/li>\n<li>\n<div class=\"auto-hide-last-sibling-br paragraph_1252f paragraph-element\"><strong>Tapis et serpill\u00e8res<\/strong>:Pour les entreprises fournissant des services de nettoyage ou g\u00e9rant de grandes installations, les \u00e9tiquettes RFID sur les tapis et les serpill\u00e8res peuvent aider \u00e0 suivre l&#039;utilisation et l&#039;entretien, garantissant ainsi des outils propres et efficaces \u00e0 tout moment.<\/div>\n<\/li>\n<\/ol>","protected":false},"excerpt":{"rendered":"<h3 class=\"wp-block-heading\">\u00c9tiquette de blanchisserie RFID UHF lavable<\/h3>\n<p>1, flexible, fin, lisse et robuste.<br \/>\n2, longue plage de lecture et performances de lecture en vrac.<br \/>\n3, Garanti pour 200 cycles de lavage en passant par la st\u00e9rilisation, la d\u00e9shydratation, le fer \u00e0 repasser sous pression 60 bars, chauffage \u00e0 200\u00b0C.<br \/>\n4, adapt\u00e9 pour la couture, le thermoscellage, la mise en pochette ou la suspension.<br \/>\n5, service \u00e0 la demande\u00a0: logo laser avec encodage EPC dans la puce RFID.<\/p>","protected":false},"featured_media":41,"template":"","meta":{"_kad_post_transparent":"default","_kad_post_title":"","_kad_post_layout":"default","_kad_post_sidebar_id":"","_kad_post_content_style":"default","_kad_post_vertical_padding":"default","_kad_post_feature":"","_kad_post_feature_position":"","_kad_post_header":false,"_kad_post_footer":false,"_kad_post_classname":""},"product_brand":[],"product_cat":[19,16],"product_tag":[25,23,26],"class_list":{"0":"post-40","1":"product","2":"type-product","3":"status-publish","4":"has-post-thumbnail","6":"product_cat-textile-rfid-laundry-tag","7":"product_cat-uhf-rfid-laundry-tags","8":"product_tag-rfid-laundrytags","9":"product_tag-rfid-linen-tags","10":"product_tag-washable-uhf-rfid-laundry-tag","12":"first","13":"instock","14":"shipping-taxable","15":"product-type-simple","16":"entry","17":"content-bg","18":"loop-entry"},"_links":{"self":[{"href":"https:\/\/rfid-laundry-tag.com\/fr\/wp-json\/wp\/v2\/product\/40","targetHints":{"allow":["GET"]}}],"collection":[{"href":"https:\/\/rfid-laundry-tag.com\/fr\/wp-json\/wp\/v2\/product"}],"about":[{"href":"https:\/\/rfid-laundry-tag.com\/fr\/wp-json\/wp\/v2\/types\/product"}],"version-history":[{"count":1,"href":"https:\/\/rfid-laundry-tag.com\/fr\/wp-json\/wp\/v2\/product\/40\/revisions"}],"predecessor-version":[{"id":1957,"href":"https:\/\/rfid-laundry-tag.com\/fr\/wp-json\/wp\/v2\/product\/40\/revisions\/1957"}],"wp:featuredmedia":[{"embeddable":true,"href":"https:\/\/rfid-laundry-tag.com\/fr\/wp-json\/wp\/v2\/media\/41"}],"wp:attachment":[{"href":"https:\/\/rfid-laundry-tag.com\/fr\/wp-json\/wp\/v2\/media?parent=40"}],"wp:term":[{"taxonomy":"product_brand","embeddable":true,"href":"https:\/\/rfid-laundry-tag.com\/fr\/wp-json\/wp\/v2\/product_brand?post=40"},{"taxonomy":"product_cat","embeddable":true,"href":"https:\/\/rfid-laundry-tag.com\/fr\/wp-json\/wp\/v2\/product_cat?post=40"},{"taxonomy":"product_tag","embeddable":true,"href":"https:\/\/rfid-laundry-tag.com\/fr\/wp-json\/wp\/v2\/product_tag?post=40"}],"curies":[{"name":"wp","href":"https:\/\/api.w.org\/{rel}","templated":true}]}}