{"id":37,"date":"2024-06-03T15:44:26","date_gmt":"2024-06-03T15:44:26","guid":{"rendered":"https:\/\/rfid-laundry-tag.com\/?post_type=product&#038;p=37"},"modified":"2024-09-27T17:21:11","modified_gmt":"2024-09-27T17:21:11","slug":"laundry-rfid-linen-tags","status":"publish","type":"product","link":"https:\/\/rfid-laundry-tag.com\/fr\/laundry-rfid-linen-tags\/","title":{"rendered":"\u00c9tiquettes de linge RFID pour blanchisserie"},"content":{"rendered":"<h2>\u00c9tiquettes de linge RFID pour blanchisserie<\/h2>\n<p>L&#039;\u00e9tiquette de blanchisserie RFID en mat\u00e9riau textile de dimensions 70*15 mm et \u00e9quip\u00e9e d&#039;une puce NXP U CODE 9 est un outil simplifi\u00e9 con\u00e7u pour un suivi et une gestion efficaces des textiles tels que le linge de maison, les uniformes, les serviettes, etc.<\/p>\n<div class=\"auto-hide-last-sibling-br paragraph_1252f paragraph-element\">Principales caract\u00e9ristiques:<\/div>\n<ol class=\"auto-hide-last-sibling-br\">\n<li>\n<div class=\"auto-hide-last-sibling-br paragraph_1252f paragraph-element\"><strong>Mat\u00e9riau et taille<\/strong>: Cette \u00e9tiquette RFID est fabriqu\u00e9e dans un mat\u00e9riau respectueux des textiles et mesure 70 mm sur 15 mm, une taille id\u00e9ale pour \u00e9tiqueter discr\u00e8tement diff\u00e9rents types de tissus sans affecter leurs qualit\u00e9s esth\u00e9tiques ou tactiles.<\/div>\n<\/li>\n<li>\n<div class=\"auto-hide-last-sibling-br paragraph_1252f paragraph-element\"><strong>Puce RFID<\/strong>: La puce NXP U CODE 9 int\u00e9gr\u00e9e garantit des performances \u00e9lev\u00e9es et une fonctionnalit\u00e9 fiable. Cette micropuce facilite la transmission de donn\u00e9es longue distance et poss\u00e8de une capacit\u00e9 de m\u00e9moire \u00e9tendue pour stocker les informations sur les \u00e9l\u00e9ments.<\/div>\n<\/li>\n<li>\n<div class=\"auto-hide-last-sibling-br paragraph_1252f paragraph-element\"><strong>Durabilit\u00e9<\/strong>: Malgr\u00e9 sa construction textile douce et flexible, cette \u00e9tiquette \u00e0 linge RFID est con\u00e7ue pour supporter des processus de lavage, de repassage et de pressage vigoureux. Il peut r\u00e9sister \u00e0 l&#039;eau, \u00e0 la chaleur et \u00e0 la pression, conservant son int\u00e9grit\u00e9 et sa fonction malgr\u00e9 les cycles de blanchisserie industrielle r\u00e9p\u00e9titifs.<\/div>\n<\/li>\n<li>\n<div class=\"auto-hide-last-sibling-br paragraph_1252f paragraph-element\"><strong>Efficacit\u00e9<\/strong>: La technologie de puce NXP U CODE 9 permet une num\u00e9risation rapide et pr\u00e9cise de l&#039;\u00e9tiquette, m\u00eame dans des sc\u00e9narios de lecture group\u00e9e. Cela se traduit par un traitement rapide, une r\u00e9duction du temps d\u2019op\u00e9ration et une am\u00e9lioration de la productivit\u00e9 dans la gestion des textiles.<\/div>\n<\/li>\n<li>\n<div class=\"auto-hide-last-sibling-br paragraph_1252f paragraph-element\"><strong>Application<\/strong>: Principalement, ces tags RFID sont cousus ou thermoscell\u00e9s dans les textiles avant leur mise en service. Une fois attach\u00e9es, la gestion automatis\u00e9e des stocks, le contr\u00f4le des processus et la pr\u00e9vention des pertes peuvent \u00eatre facilit\u00e9s gr\u00e2ce \u00e0 la capacit\u00e9 de suivi sans fil offerte par ces \u00e9tiquettes.<\/div>\n<\/li>\n<\/ol>\n<div class=\"auto-hide-last-sibling-br paragraph_1252f paragraph-element\">Pourquoi la tra\u00e7abilit\u00e9 joue un r\u00f4le crucial dans l&#039;industrie textile. Voici un r\u00e9sum\u00e9 des points cl\u00e9s sur lesquels mettre l\u2019accent\u00a0:<\/div>\n<div><\/div>\n<ol class=\"auto-hide-last-sibling-br\">\n<li>\n<div class=\"auto-hide-last-sibling-br paragraph_1252f paragraph-element\">Contr\u00f4le qualit\u00e9 : en permettant aux fabricants de superviser la qualit\u00e9 de leurs textiles \u00e0 chaque niveau de production, la tra\u00e7abilit\u00e9 permet l&#039;identification et la rectification pr\u00e9coces des probl\u00e8mes de qualit\u00e9.<\/div>\n<\/li>\n<li>\n<div class=\"auto-hide-last-sibling-br paragraph_1252f paragraph-element\">S\u00e9curit\u00e9 des produits\u00a0: la tra\u00e7abilit\u00e9 garantit la s\u00e9curit\u00e9 des textiles en permettant aux fabricants d&#039;identifier et de retirer rapidement les produits des \u00e9tag\u00e8res en cas de produits chimiques nocifs ou de d\u00e9fauts.<\/div>\n<\/li>\n<li>\n<div class=\"auto-hide-last-sibling-br paragraph_1252f paragraph-element\">Conformit\u00e9 r\u00e9glementaire\u00a0: le respect de r\u00e9glementations strictes concernant les textiles peut \u00eatre assur\u00e9 par la tra\u00e7abilit\u00e9, ce qui aide les fabricants \u00e0 \u00e9viter des confrontations juridiques et \u00e0 ternir leur r\u00e9putation.<\/div>\n<\/li>\n<li>\n<div class=\"auto-hide-last-sibling-br paragraph_1252f paragraph-element\">Transparence de la cha\u00eene d&#039;approvisionnement\u00a0: les consommateurs exigent aujourd&#039;hui de la transparence sur l&#039;origine de leurs produits, le processus de fabrication et le respect de pratiques \u00e9thiques et durables. La tra\u00e7abilit\u00e9 r\u00e9pond exactement \u00e0 cette demande.<\/div>\n<\/li>\n<li>\n<div class=\"auto-hide-last-sibling-br paragraph_1252f paragraph-element\">Durabilit\u00e9 et respect de l&#039;environnement\u00a0: L&#039;industrie textile est confront\u00e9e \u00e0 des pressions consid\u00e9rables pour devenir plus durable et limiter les dommages environnementaux. La tra\u00e7abilit\u00e9 aide les fabricants \u00e0 suivre l&#039;origine des mat\u00e9riaux et \u00e0 \u00e9valuer l&#039;impact environnemental de leurs processus de production. Cela peut aider \u00e0 minimiser les d\u00e9chets et \u00e0 int\u00e9grer des pratiques plus \u00e9cologiques.<\/div>\n<\/li>\n<li>\n<div class=\"auto-hide-last-sibling-br paragraph_1252f paragraph-element\">Pr\u00e9vention de la contrefa\u00e7on\u00a0: la tra\u00e7abilit\u00e9 joue un r\u00f4le d\u00e9terminant dans la confirmation de l&#039;authenticit\u00e9 du produit, emp\u00eachant ainsi la contrefa\u00e7on et pr\u00e9servant la r\u00e9putation de la marque.<\/div>\n<\/li>\n<li>\n<div class=\"auto-hide-last-sibling-br paragraph_1252f paragraph-element\">Gestion efficace des rappels\u00a0: la tra\u00e7abilit\u00e9 permet aux fabricants d&#039;identifier rapidement les produits et les consommateurs concern\u00e9s en cas de rappels de produits pour des raisons de s\u00e9curit\u00e9 ou de qualit\u00e9. Cela limite l\u2019\u00e9tendue et l\u2019impact des rappels de produits.<\/div>\n<\/li>\n<li>\n<div class=\"auto-hide-last-sibling-br paragraph_1252f paragraph-element\">R\u00e9duction des co\u00fbts\u00a0: les syst\u00e8mes de tra\u00e7abilit\u00e9 aident \u00e0 identifier les inefficacit\u00e9s dans le processus de production, conduisant \u00e0 une r\u00e9duction des co\u00fbts. Il permet aux fabricants de suivre les mat\u00e9riaux et les processus, d&#039;optimiser les op\u00e9rations et de r\u00e9duire les d\u00e9chets.<\/div>\n<\/li>\n<li>\n<div class=\"auto-hide-last-sibling-br paragraph_1252f paragraph-element\">R\u00e9putation de la marque\u00a0: la tra\u00e7abilit\u00e9 et la transparence favorisent la confiance des consommateurs, ce qui peut am\u00e9liorer consid\u00e9rablement l&#039;image d&#039;une marque.<\/div>\n<\/li>\n<li>\n<div class=\"auto-hide-last-sibling-br paragraph_1252f paragraph-element\">Gestion des risques\u00a0: la tra\u00e7abilit\u00e9 facilite la gestion anticip\u00e9e des risques li\u00e9s aux perturbations de la cha\u00eene d&#039;approvisionnement, aux probl\u00e8mes de qualit\u00e9 ou aux rappels de produits, r\u00e9duisant ainsi les dommages financiers et de r\u00e9putation potentiels en cas de crise.<\/div>\n<\/li>\n<\/ol>\n<div class=\"auto-hide-last-sibling-br paragraph_1252f paragraph-element\">De toute \u00e9vidence, la tra\u00e7abilit\u00e9 dans l\u2019industrie textile pr\u00e9sente d\u2019\u00e9normes avantages. Cela am\u00e9liore non seulement l&#039;efficacit\u00e9 op\u00e9rationnelle, mais r\u00e9pond \u00e9galement aux attentes des consommateurs en mati\u00e8re de s\u00e9curit\u00e9, de qualit\u00e9 et d&#039;approvisionnement \u00e9thique.<\/div>","protected":false},"excerpt":{"rendered":"<p>\u00c9tiquettes RFID en lin durables : flexibles, robustes, avec une longue port\u00e9e de lecture. Garanties pour 200 lavages, adapt\u00e9es \u00e0 la couture, au thermoscellage ou \u00e0 la suspension. Id\u00e9ales pour une utilisation en blanchisserie.<\/p>","protected":false},"featured_media":39,"template":"","meta":{"_kad_post_transparent":"default","_kad_post_title":"","_kad_post_layout":"default","_kad_post_sidebar_id":"","_kad_post_content_style":"default","_kad_post_vertical_padding":"default","_kad_post_feature":"","_kad_post_feature_position":"","_kad_post_header":false,"_kad_post_footer":false,"_kad_post_classname":""},"product_brand":[],"product_cat":[19,16],"product_tag":[22,24,25,23],"class_list":{"0":"post-37","1":"product","2":"type-product","3":"status-publish","4":"has-post-thumbnail","6":"product_cat-textile-rfid-laundry-tag","7":"product_cat-uhf-rfid-laundry-tags","8":"product_tag-laundry-rfid-linen-tags","9":"product_tag-laundry-rfid-tags","10":"product_tag-rfid-laundrytags","11":"product_tag-rfid-linen-tags","13":"first","14":"instock","15":"shipping-taxable","16":"product-type-simple","17":"entry","18":"content-bg","19":"loop-entry"},"_links":{"self":[{"href":"https:\/\/rfid-laundry-tag.com\/fr\/wp-json\/wp\/v2\/product\/37","targetHints":{"allow":["GET"]}}],"collection":[{"href":"https:\/\/rfid-laundry-tag.com\/fr\/wp-json\/wp\/v2\/product"}],"about":[{"href":"https:\/\/rfid-laundry-tag.com\/fr\/wp-json\/wp\/v2\/types\/product"}],"version-history":[{"count":3,"href":"https:\/\/rfid-laundry-tag.com\/fr\/wp-json\/wp\/v2\/product\/37\/revisions"}],"predecessor-version":[{"id":2713,"href":"https:\/\/rfid-laundry-tag.com\/fr\/wp-json\/wp\/v2\/product\/37\/revisions\/2713"}],"wp:featuredmedia":[{"embeddable":true,"href":"https:\/\/rfid-laundry-tag.com\/fr\/wp-json\/wp\/v2\/media\/39"}],"wp:attachment":[{"href":"https:\/\/rfid-laundry-tag.com\/fr\/wp-json\/wp\/v2\/media?parent=37"}],"wp:term":[{"taxonomy":"product_brand","embeddable":true,"href":"https:\/\/rfid-laundry-tag.com\/fr\/wp-json\/wp\/v2\/product_brand?post=37"},{"taxonomy":"product_cat","embeddable":true,"href":"https:\/\/rfid-laundry-tag.com\/fr\/wp-json\/wp\/v2\/product_cat?post=37"},{"taxonomy":"product_tag","embeddable":true,"href":"https:\/\/rfid-laundry-tag.com\/fr\/wp-json\/wp\/v2\/product_tag?post=37"}],"curies":[{"name":"wp","href":"https:\/\/api.w.org\/{rel}","templated":true}]}}