{"id":356,"date":"2024-06-28T11:08:54","date_gmt":"2024-06-28T11:08:54","guid":{"rendered":"https:\/\/rfid-laundry-tag.com\/?post_type=product&#038;p=356"},"modified":"2024-08-14T15:55:26","modified_gmt":"2024-08-14T15:55:26","slug":"rfid-windshield-sticker-for-vehicle-tracking","status":"publish","type":"product","link":"https:\/\/rfid-laundry-tag.com\/fr\/rfid-windshield-sticker-for-vehicle-tracking\/","title":{"rendered":"Autocollant RFID pour pare-brise pour le suivi du v\u00e9hicule"},"content":{"rendered":"<h2>Autocollant RFID pour pare-brise pour le suivi du v\u00e9hicule<\/h2>\n<div class=\"J_module\">\n<div class=\"ife-detail-decorate-table\">\n<table class=\"all magic-10\">\n<tbody>\n<tr>\n<td colspan=\"1\" rowspan=\"1\">\n<div class=\"magic-11\">\u00c9br\u00e9cher<\/div>\n<\/td>\n<td colspan=\"1\" rowspan=\"1\">\n<div class=\"magic-12\">Alien H9, H10, U9 etc.<\/div>\n<\/td>\n<\/tr>\n<tr>\n<td colspan=\"1\" rowspan=\"1\">\n<div class=\"magic-11\">Fr\u00e9quence<\/div>\n<\/td>\n<td colspan=\"1\" rowspan=\"1\">\n<div class=\"magic-12\">860 \u00e0 960 MHz<\/div>\n<\/td>\n<\/tr>\n<tr>\n<td colspan=\"1\" rowspan=\"1\">\n<div class=\"magic-11\">Mat\u00e9riel<\/div>\n<\/td>\n<td colspan=\"1\" rowspan=\"1\">\n<div class=\"magic-12\">Papier couch\u00e9 \/ PET \/ Papier synth\u00e9tique \/ Papier thermique \/ personnalisation<\/div>\n<\/td>\n<\/tr>\n<tr>\n<td colspan=\"1\" rowspan=\"1\">\n<div class=\"magic-11\">Mode de fonctionnement<\/div>\n<\/td>\n<td colspan=\"1\" rowspan=\"1\">\n<div class=\"magic-12\">Passif<\/div>\n<\/td>\n<\/tr>\n<tr>\n<td colspan=\"1\" rowspan=\"1\">\n<div class=\"magic-11\">La vie en IC<\/div>\n<\/td>\n<td colspan=\"1\" rowspan=\"1\">\n<div class=\"magic-12\">100 000 cycles de programmation, 10 ans de conservation des donn\u00e9es<\/div>\n<\/td>\n<\/tr>\n<tr>\n<td colspan=\"1\" rowspan=\"1\">\n<div class=\"magic-11\">Temp\u00e9rature\/humidit\u00e9 de fonctionnement<\/div>\n<\/td>\n<td colspan=\"1\" rowspan=\"1\">\n<div class=\"magic-12\">-25~50\u2103\/20%~80% HR<\/div>\n<\/td>\n<\/tr>\n<tr>\n<td colspan=\"1\" rowspan=\"1\">\n<div class=\"magic-11\">Temp\u00e9rature\/humidit\u00e9 de stockage<\/div>\n<\/td>\n<td colspan=\"1\" rowspan=\"1\">\n<div class=\"magic-12\">+23\u00b0C\u00b15\u00b0C\/ 50%\u00b110% HR (sans condensation).<\/div>\n<\/td>\n<\/tr>\n<tr>\n<td colspan=\"1\" rowspan=\"1\">\n<div class=\"magic-11\">Antenne<\/div>\n<\/td>\n<td colspan=\"1\" rowspan=\"1\">\n<div class=\"magic-12\">Gravure sur aluminium, 94,8 x 8,1 mm<\/div>\n<\/td>\n<\/tr>\n<tr>\n<td colspan=\"1\" rowspan=\"1\">\n<div class=\"magic-11\">Taille de l&#039;\u00e9tiquette\/de l&#039;incrustation humide<\/div>\n<\/td>\n<td colspan=\"1\" rowspan=\"1\">\n<div class=\"magic-12\">98*15mm ou personnalisation<\/div>\n<\/td>\n<\/tr>\n<tr>\n<td colspan=\"1\" rowspan=\"1\">\n<div class=\"magic-11\">Impression<\/div>\n<\/td>\n<td colspan=\"1\" rowspan=\"1\">\n<div class=\"magic-12\">Impression couleur, logo, code-barres, code QR, etc.<\/div>\n<\/td>\n<\/tr>\n<tr>\n<td colspan=\"1\" rowspan=\"1\">\n<div class=\"magic-11\">\u00c9chantillon<\/div>\n<\/td>\n<td colspan=\"1\" rowspan=\"1\">\n<div class=\"magic-12\">L&#039;\u00e9chantillon est gratuit pour votre test de qualit\u00e9<\/div>\n<\/td>\n<\/tr>\n<tr>\n<td colspan=\"1\" rowspan=\"1\">\n<div class=\"magic-11\">Protocole<\/div>\n<\/td>\n<td colspan=\"1\" rowspan=\"1\">\n<div class=\"magic-12\">ISO\/CEI 18000-6C EPC Classe 1 Gen2<\/div>\n<\/td>\n<\/tr>\n<tr>\n<td colspan=\"1\" rowspan=\"1\">\n<div class=\"magic-11\">Conditionnement<\/div>\n<\/td>\n<td colspan=\"1\" rowspan=\"1\">\n<div class=\"magic-12\">1000-5000 pi\u00e8ces\/rouleau, 4 rouleaux\/carton<\/div>\n<\/td>\n<\/tr>\n<tr>\n<td colspan=\"1\" rowspan=\"1\">\n<div class=\"magic-11\">Lieu d&#039;origine<\/div>\n<\/td>\n<td colspan=\"1\" rowspan=\"1\">\n<div class=\"magic-12\">Chengdu, Chine<\/div>\n<\/td>\n<\/tr>\n<tr>\n<td colspan=\"1\" rowspan=\"4\">\n<div class=\"magic-11\">Application\/Solution<\/div>\n<\/td>\n<td colspan=\"1\" rowspan=\"1\">\n<div class=\"magic-12\">Contr\u00f4le d&#039;admission s\u00e9curis\u00e9\/Paiement sans esp\u00e8ces Programmes d&#039;adh\u00e9sion et de fid\u00e9lit\u00e9<\/div>\n<\/td>\n<\/tr>\n<tr>\n<td colspan=\"1\" rowspan=\"1\">\n<div class=\"magic-12\" data-spm-anchor-id=\"a2700.details.0.i80.59c943e8HVzkHD\">Acc\u00e8s aux \u00e9v\u00e9nements et image de marque\/r\u00e9seaux sociaux\/vente au d\u00e9tail<\/div>\n<\/td>\n<\/tr>\n<tr>\n<td colspan=\"1\" rowspan=\"1\">\n<div class=\"magic-12\">Environnement\/Jeux et jouets Localisation\/Electronique\/Salons professionnels<\/div>\n<\/td>\n<\/tr>\n<tr>\n<td colspan=\"1\" rowspan=\"1\">\n<div class=\"magic-12\">Ev\u00e9nements\/Demande d&#039;appel\/Cartes de visite<\/div>\n<\/td>\n<\/tr>\n<\/tbody>\n<\/table>\n<p>&nbsp;<\/p>\n<\/div>\n<\/div>\n<div class=\"J_module\">\n<div class=\"auto-hide-last-sibling-br paragraph_9dc5f paragraph-element\">\n<p><strong>Les applications des autocollants RFID pour pare-brise comprennent\u00a0:<\/strong><\/p>\n<ol>\n<li><strong>Contr\u00f4le d&#039;acc\u00e8s des v\u00e9hicules<\/strong>:Les autocollants RFID pour pare-brise peuvent \u00eatre utilis\u00e9s pour l&#039;entr\u00e9e et la sortie automatis\u00e9es dans les parkings, les communaut\u00e9s ferm\u00e9es, les p\u00e9ages et autres zones d&#039;acc\u00e8s contr\u00f4l\u00e9.<\/li>\n<li><strong>Suivi de v\u00e9hicule<\/strong>:Les autocollants RFID pour pare-brise peuvent \u00eatre utilis\u00e9s pour suivre et g\u00e9rer les v\u00e9hicules au sein d&#039;une installation, comme dans les agences de location de voitures ou les parkings.<\/li>\n<li><strong>T\u00e9l\u00e9p\u00e9age<\/strong>:Les autocollants RFID pour pare-brise peuvent \u00eatre utilis\u00e9s pour les syst\u00e8mes de p\u00e9age \u00e9lectronique, permettant aux v\u00e9hicules de passer les postes de p\u00e9age rapidement et efficacement sans avoir besoin de s&#039;arr\u00eater et de payer en esp\u00e8ces.<\/li>\n<li><strong>Gestion de flotte<\/strong>:Les autocollants RFID pour pare-brise peuvent \u00eatre utilis\u00e9s pour suivre et g\u00e9rer les flottes de v\u00e9hicules, permettant aux entreprises de surveiller et d&#039;optimiser leurs op\u00e9rations.<\/li>\n<li><strong>Gestion du stationnement<\/strong>:Les autocollants RFID pour pare-brise peuvent \u00eatre utilis\u00e9s pour suivre et g\u00e9rer les places de stationnement dans les parkings ou les structures, fournissant des informations en temps r\u00e9el sur les places de stationnement disponibles.<\/li>\n<li><strong>Identification du v\u00e9hicule<\/strong>:Les autocollants RFID pour pare-brise peuvent \u00eatre utilis\u00e9s pour l&#039;identification des v\u00e9hicules lors d&#039;\u00e9v\u00e9nements, de courses ou d&#039;autres situations o\u00f9 une identification rapide et pr\u00e9cise est requise.<\/li>\n<\/ol>\n<p>Dans l\u2019ensemble, les autocollants RFID pour pare-brise offrent un moyen pratique et efficace de suivre et de g\u00e9rer les v\u00e9hicules dans diverses applications, offrant une s\u00e9curit\u00e9, une commodit\u00e9 et une automatisation am\u00e9lior\u00e9es dans les processus li\u00e9s aux v\u00e9hicules.<\/p>\n<\/div>\n<div><\/div>\n<div class=\"auto-hide-last-sibling-br paragraph_9dc5f paragraph-element\"><\/div>\n<div><\/div>\n<\/div>\n<div><\/div>\n<div><strong>Pourquoi nous choisir ?<\/strong><\/div>\n<div><\/div>\n<div>Nous sommes le principal fournisseur de technologie RFID avec plus de 11 ans d&#039;exp\u00e9rience, apportant une efficacit\u00e9, une fiabilit\u00e9 et une pr\u00e9cision avanc\u00e9es aux cha\u00eenes d&#039;approvisionnement mondiales de nos clients avec des produits, des solutions et des technologies de pointe. En tant que fabricant au niveau mondial, nous proposons \u00e0 nos clients une plate-forme de technologies fondamentales, notamment le contr\u00f4le d&#039;acc\u00e8s, le marquage des animaux, la communication en champ proche (NFC), divers lecteurs et solutions RFID. Nos solutions comprennent des cadres d&#039;application hautement configurables et des interfaces utilisateur \u00e9l\u00e9gantes avec des analyses avanc\u00e9es, permettant une veille \u00e9conomique de bout en bout et une visibilit\u00e9 des donn\u00e9es dans de nombreux secteurs.<\/div>","protected":false},"excerpt":{"rendered":"<p>Les autocollants RFID pour pare-brise sont des \u00e9tiquettes RFID con\u00e7ues pour \u00eatre fix\u00e9es sur le pare-brise d&#039;un v\u00e9hicule \u00e0 diverses fins de suivi et d&#039;identification.<\/p>","protected":false},"featured_media":357,"template":"","meta":{"_kad_post_transparent":"default","_kad_post_title":"","_kad_post_layout":"default","_kad_post_sidebar_id":"","_kad_post_content_style":"default","_kad_post_vertical_padding":"default","_kad_post_feature":"","_kad_post_feature_position":"","_kad_post_header":false,"_kad_post_footer":false,"_kad_post_classname":""},"product_brand":[],"product_cat":[54],"product_tag":[157,98],"class_list":{"0":"post-356","1":"product","2":"type-product","3":"status-publish","4":"has-post-thumbnail","6":"product_cat-hot-selling-rfid-tags","7":"product_tag-rfid-windshield-sticker-for-vehicle-tracking","8":"product_tag-uhf-rfid-label","10":"first","11":"instock","12":"shipping-taxable","13":"product-type-simple","14":"entry","15":"content-bg","16":"loop-entry"},"_links":{"self":[{"href":"https:\/\/rfid-laundry-tag.com\/fr\/wp-json\/wp\/v2\/product\/356","targetHints":{"allow":["GET"]}}],"collection":[{"href":"https:\/\/rfid-laundry-tag.com\/fr\/wp-json\/wp\/v2\/product"}],"about":[{"href":"https:\/\/rfid-laundry-tag.com\/fr\/wp-json\/wp\/v2\/types\/product"}],"version-history":[{"count":1,"href":"https:\/\/rfid-laundry-tag.com\/fr\/wp-json\/wp\/v2\/product\/356\/revisions"}],"predecessor-version":[{"id":1306,"href":"https:\/\/rfid-laundry-tag.com\/fr\/wp-json\/wp\/v2\/product\/356\/revisions\/1306"}],"wp:featuredmedia":[{"embeddable":true,"href":"https:\/\/rfid-laundry-tag.com\/fr\/wp-json\/wp\/v2\/media\/357"}],"wp:attachment":[{"href":"https:\/\/rfid-laundry-tag.com\/fr\/wp-json\/wp\/v2\/media?parent=356"}],"wp:term":[{"taxonomy":"product_brand","embeddable":true,"href":"https:\/\/rfid-laundry-tag.com\/fr\/wp-json\/wp\/v2\/product_brand?post=356"},{"taxonomy":"product_cat","embeddable":true,"href":"https:\/\/rfid-laundry-tag.com\/fr\/wp-json\/wp\/v2\/product_cat?post=356"},{"taxonomy":"product_tag","embeddable":true,"href":"https:\/\/rfid-laundry-tag.com\/fr\/wp-json\/wp\/v2\/product_tag?post=356"}],"curies":[{"name":"wp","href":"https:\/\/api.w.org\/{rel}","templated":true}]}}