{"id":354,"date":"2024-06-28T10:53:04","date_gmt":"2024-06-28T10:53:04","guid":{"rendered":"https:\/\/rfid-laundry-tag.com\/?post_type=product&#038;p=354"},"modified":"2024-06-28T11:07:24","modified_gmt":"2024-06-28T11:07:24","slug":"custom-nfc-label-iso14443a","status":"publish","type":"product","link":"https:\/\/rfid-laundry-tag.com\/fr\/custom-nfc-label-iso14443a\/","title":{"rendered":"\u00c9tiquette NFC personnalis\u00e9e ISO14443A"},"content":{"rendered":"<div><\/div>\n<h2>\u00c9tiquette NFC personnalis\u00e9e ISO14443A<\/h2>\n<div>\n<table class=\"all magic-9\">\n<tbody>\n<tr>\n<td colspan=\"1\" rowspan=\"1\">\n<div class=\"magic-10\">Mat\u00e9riel<\/div>\n<\/td>\n<td colspan=\"1\" rowspan=\"1\">\n<div class=\"magic-11\" data-spm-anchor-id=\"a2700.details.0.i85.504d267eS1Hb6u\">PET, PVC, papier couch\u00e9, etc.<\/div>\n<\/td>\n<\/tr>\n<tr>\n<td colspan=\"1\" rowspan=\"1\">\n<div class=\"magic-10\">\u00c9br\u00e9cher<\/div>\n<\/td>\n<td colspan=\"1\" rowspan=\"1\">\n<div class=\"magic-11\">Mifare Ultralight ev1, Ultralight C, Ntag213\/Ntag215\/Ntag216 etc.<\/div>\n<\/td>\n<\/tr>\n<tr>\n<td colspan=\"1\" rowspan=\"1\">\n<div class=\"magic-10\">Fr\u00e9quence<\/div>\n<\/td>\n<td colspan=\"1\" rowspan=\"1\">\n<div class=\"magic-11\">13,56 MHz<\/div>\n<\/td>\n<\/tr>\n<tr>\n<td colspan=\"1\" rowspan=\"1\">\n<div class=\"magic-10\">Protocole<\/div>\n<\/td>\n<td colspan=\"1\" rowspan=\"1\">\n<div class=\"magic-11\">ISO 14443A<\/div>\n<\/td>\n<\/tr>\n<tr>\n<td colspan=\"1\" rowspan=\"1\">\n<div class=\"magic-10\">Taille<\/div>\n<\/td>\n<td colspan=\"1\" rowspan=\"1\">\n<div class=\"magic-11\">Diam\u00e8tre 25, 30, 35 mm ou taille personnalis\u00e9e<\/div>\n<\/td>\n<\/tr>\n<tr>\n<td colspan=\"1\" rowspan=\"1\">\n<div class=\"magic-10\">Fonctionnalit\u00e9<\/div>\n<\/td>\n<td colspan=\"1\" rowspan=\"1\">\n<div class=\"magic-11\">Imperm\u00e9able, r\u00e9sistant, impression personnalis\u00e9e<\/div>\n<\/td>\n<\/tr>\n<tr>\n<td colspan=\"1\" rowspan=\"1\">\n<div class=\"magic-10\">\u00c9chantillon<\/div>\n<\/td>\n<td colspan=\"1\" rowspan=\"1\">\n<div class=\"magic-11\">disponible gratuitement<\/div>\n<\/td>\n<\/tr>\n<tr>\n<td colspan=\"1\" rowspan=\"1\">\n<div class=\"magic-10\">Distance de lecture<\/div>\n<\/td>\n<td colspan=\"1\" rowspan=\"1\">\n<div class=\"magic-11\" data-spm-anchor-id=\"a2700.details.0.i84.504d267eS1Hb6u\">0-10 cm<\/div>\n<\/td>\n<\/tr>\n<\/tbody>\n<\/table>\n<\/div>\n<div><\/div>\n<div>\n<p>Les \u00e9tiquettes NFC sont une technologie polyvalente qui permet de stocker diff\u00e9rents types d&#039;informations et d&#039;\u00eatre int\u00e9gr\u00e9es dans une large gamme de produits. Gr\u00e2ce \u00e0 leur capacit\u00e9 \u00e0 communiquer avec des appareils compatibles NFC tels que les smartphones, elles sont utilis\u00e9es dans des applications telles que le contr\u00f4le d&#039;acc\u00e8s physique et logique, la billetterie \u00e9lectronique des transports publics, les affiches intelligentes, les syst\u00e8mes de porte-monnaie \u00e9lectronique et les programmes de fid\u00e9lit\u00e9. De plus, la technologie de carte hybride permet de combiner les fonctionnalit\u00e9s sans contact et \u00e0 puce avec contact dans une seule carte. Les \u00e9tiquettes NFC fonctionnent \u00e0 une fr\u00e9quence de 13,56 MHz et font partie de la famille RFID.<\/p>\n<\/div>\n<div class=\"text-content\">\n<div data-spm-anchor-id=\"a2700.details.0.i46.6f4d7d7dnursE7\"><\/div>\n<\/div>\n<div>\n<div class=\"text-content\">\n<div><\/div>\n<div data-spm-anchor-id=\"a2700.details.0.i48.6f4d7d7dnursE7\"><\/div>\n<\/div>\n<\/div>","protected":false},"excerpt":{"rendered":"<p>L&#039;\u00e9tiquette NFC personnalis\u00e9e ISO14443A est un type sp\u00e9cifique de circuit int\u00e9gr\u00e9 conforme \u00e0 l&#039;\u00e9tiquette NFC Forum Type 2, avec 144 octets de m\u00e9moire utilisateur. Elle est con\u00e7ue dans un souci de polyvalence, adapt\u00e9e \u00e0 diverses applications dans des secteurs tels que la vente au d\u00e9tail, les jeux et l&#039;\u00e9lectronique grand public, entre autres.<\/p>","protected":false},"featured_media":355,"template":"","meta":{"_kad_post_transparent":"default","_kad_post_title":"","_kad_post_layout":"default","_kad_post_sidebar_id":"","_kad_post_content_style":"default","_kad_post_vertical_padding":"default","_kad_post_feature":"","_kad_post_feature_position":"","_kad_post_header":false,"_kad_post_footer":false,"_kad_post_classname":""},"product_brand":[],"product_cat":[54],"product_tag":[156,155,114],"class_list":{"0":"post-354","1":"product","2":"type-product","3":"status-publish","4":"has-post-thumbnail","6":"product_cat-hot-selling-rfid-tags","7":"product_tag-custom-nfc-label","8":"product_tag-custom-nfc-label-iso14443a","9":"product_tag-nfc-label","11":"first","12":"instock","13":"shipping-taxable","14":"product-type-simple","15":"entry","16":"content-bg","17":"loop-entry"},"_links":{"self":[{"href":"https:\/\/rfid-laundry-tag.com\/fr\/wp-json\/wp\/v2\/product\/354","targetHints":{"allow":["GET"]}}],"collection":[{"href":"https:\/\/rfid-laundry-tag.com\/fr\/wp-json\/wp\/v2\/product"}],"about":[{"href":"https:\/\/rfid-laundry-tag.com\/fr\/wp-json\/wp\/v2\/types\/product"}],"version-history":[{"count":0,"href":"https:\/\/rfid-laundry-tag.com\/fr\/wp-json\/wp\/v2\/product\/354\/revisions"}],"wp:featuredmedia":[{"embeddable":true,"href":"https:\/\/rfid-laundry-tag.com\/fr\/wp-json\/wp\/v2\/media\/355"}],"wp:attachment":[{"href":"https:\/\/rfid-laundry-tag.com\/fr\/wp-json\/wp\/v2\/media?parent=354"}],"wp:term":[{"taxonomy":"product_brand","embeddable":true,"href":"https:\/\/rfid-laundry-tag.com\/fr\/wp-json\/wp\/v2\/product_brand?post=354"},{"taxonomy":"product_cat","embeddable":true,"href":"https:\/\/rfid-laundry-tag.com\/fr\/wp-json\/wp\/v2\/product_cat?post=354"},{"taxonomy":"product_tag","embeddable":true,"href":"https:\/\/rfid-laundry-tag.com\/fr\/wp-json\/wp\/v2\/product_tag?post=354"}],"curies":[{"name":"wp","href":"https:\/\/api.w.org\/{rel}","templated":true}]}}