{"id":352,"date":"2024-06-28T10:26:38","date_gmt":"2024-06-28T10:26:38","guid":{"rendered":"https:\/\/rfid-laundry-tag.com\/?post_type=product&#038;p=352"},"modified":"2024-06-28T10:52:24","modified_gmt":"2024-06-28T10:52:24","slug":"custom-paper-nfc-sticker-ntag213","status":"publish","type":"product","link":"https:\/\/rfid-laundry-tag.com\/fr\/custom-paper-nfc-sticker-ntag213\/","title":{"rendered":"Autocollant NFC en papier personnalis\u00e9 Ntag213"},"content":{"rendered":"<div>\n<div><strong>Autocollants NFC avec NXP NTAG213<\/strong> Les puces sont tr\u00e8s appr\u00e9ci\u00e9es pour diverses applications telles que le marketing, le contr\u00f4le d&#039;acc\u00e8s et l&#039;authentification des produits. Les options personnalisables de finition, de forme, de taille et d&#039;impression les rendent polyvalentes pour r\u00e9pondre \u00e0 diff\u00e9rents besoins.<\/div>\n<\/div>\n<div>La puce et l&#039;antenne sont plac\u00e9es face vers le haut sous une couche superficielle de papier blanc ou de plastique imperm\u00e9able pour une durabilit\u00e9 et une r\u00e9sistance accrues \u00e0 une br\u00e8ve exposition \u00e0 l&#039;eau. L&#039;autocollant NFC dispose d&#039;un choix de couches adh\u00e9sives au dos pour le montage sur des surfaces planes non m\u00e9talliques.<\/div>\n<div>\n<div><\/div>\n<div><\/div>\n<div class=\"auto-hide-last-sibling-br paragraph_9dc5f paragraph-element\">La puce NTAG213 offre de nombreux avantages, tels que :<\/div>\n<ul class=\"auto-hide-last-sibling-br\">\n<li>Transfert d&#039;\u00e9nergie et de donn\u00e9es sans contact<\/li>\n<li>Capacit\u00e9 de lecture rapide<\/li>\n<li>Performances RF am\u00e9lior\u00e9es<\/li>\n<li>Fonctionnalit\u00e9s de s\u00e9curit\u00e9, notamment protection par mot de passe et fonctions anti-collision<\/li>\n<li>Conformit\u00e9 totale aux sp\u00e9cifications du NFC Forum Tag Type 2<\/li>\n<\/ul>\n<\/div>\n<div>\n<table class=\"all magic-9\">\n<tbody>\n<tr>\n<td colspan=\"1\" rowspan=\"1\">\n<div class=\"magic-10\">Mat\u00e9riel<\/div>\n<\/td>\n<td colspan=\"1\" rowspan=\"1\">\n<div class=\"magic-11\" data-spm-anchor-id=\"a2700.details.0.i85.504d267eS1Hb6u\">PET, PVC, papier couch\u00e9, etc.<\/div>\n<\/td>\n<\/tr>\n<tr>\n<td colspan=\"1\" rowspan=\"1\">\n<div class=\"magic-10\">\u00c9br\u00e9cher<\/div>\n<\/td>\n<td colspan=\"1\" rowspan=\"1\">\n<div class=\"magic-11\">Ntag213\/Ntag215\/Ntag216 etc<\/div>\n<\/td>\n<\/tr>\n<tr>\n<td colspan=\"1\" rowspan=\"1\">\n<div class=\"magic-10\">Fr\u00e9quence<\/div>\n<\/td>\n<td colspan=\"1\" rowspan=\"1\">\n<div class=\"magic-11\">13,56 MHz<\/div>\n<\/td>\n<\/tr>\n<tr>\n<td colspan=\"1\" rowspan=\"1\">\n<div class=\"magic-10\">Protocole<\/div>\n<\/td>\n<td colspan=\"1\" rowspan=\"1\">\n<div class=\"magic-11\">ISO 14443A<\/div>\n<\/td>\n<\/tr>\n<tr>\n<td colspan=\"1\" rowspan=\"1\">\n<div class=\"magic-10\">Taille<\/div>\n<\/td>\n<td colspan=\"1\" rowspan=\"1\">\n<div class=\"magic-11\">Diam\u00e8tre 25, 30, 35 mm ou taille personnalis\u00e9e<\/div>\n<\/td>\n<\/tr>\n<tr>\n<td colspan=\"1\" rowspan=\"1\">\n<div class=\"magic-10\">Fonctionnalit\u00e9<\/div>\n<\/td>\n<td colspan=\"1\" rowspan=\"1\">\n<div class=\"magic-11\">Imperm\u00e9able, r\u00e9sistant, impression personnalis\u00e9e<\/div>\n<\/td>\n<\/tr>\n<tr>\n<td colspan=\"1\" rowspan=\"1\">\n<div class=\"magic-10\">\u00c9chantillon<\/div>\n<\/td>\n<td colspan=\"1\" rowspan=\"1\">\n<div class=\"magic-11\">disponible gratuitement<\/div>\n<\/td>\n<\/tr>\n<tr>\n<td colspan=\"1\" rowspan=\"1\">\n<div class=\"magic-10\">Distance de lecture<\/div>\n<\/td>\n<td colspan=\"1\" rowspan=\"1\">\n<div class=\"magic-11\" data-spm-anchor-id=\"a2700.details.0.i84.504d267eS1Hb6u\">0-10 cm<\/div>\n<\/td>\n<\/tr>\n<\/tbody>\n<\/table>\n<\/div>\n<div><\/div>\n<div>\n<p>quelques questions fr\u00e9quemment pos\u00e9es sur les autocollants NFC en papier personnalis\u00e9s utilisant la technologie Ntag213 :<\/p>\n<ol>\n<li>Qu&#039;est-ce qu&#039;un autocollant NFC ?\n<ul>\n<li>Un autocollant NFC est une petite \u00e9tiquette adh\u00e9sive qui contient une puce NFC (Near Field Communication), telle que la NXP NTAG213, int\u00e9gr\u00e9e \u00e0 l&#039;int\u00e9rieur. Ces autocollants peuvent \u00eatre scann\u00e9s par des appareils compatibles NFC pour d\u00e9clencher diverses actions ou transmettre des informations.<\/li>\n<\/ul>\n<\/li>\n<li>Comment utiliser des autocollants NFC en papier personnalis\u00e9s ?\n<ul>\n<li>Les autocollants NFC en papier personnalis\u00e9s peuvent \u00eatre utilis\u00e9s \u00e0 diverses fins, notamment la gestion du suivi, le contr\u00f4le d&#039;acc\u00e8s dans des installations telles que des usines, des entrep\u00f4ts, des h\u00f4tels, des h\u00f4pitaux et des parcs d&#039;attractions, des applications de vente au d\u00e9tail, de la publicit\u00e9, de l&#039;authentification des produits et de la billetterie \u00e9lectronique.<\/li>\n<\/ul>\n<\/li>\n<li>Quelles options de personnalisation sont disponibles pour les autocollants NFC papier ?\n<ul>\n<li>Les autocollants NFC personnalis\u00e9s en papier peuvent \u00eatre imprim\u00e9s avec un choix de finitions brillantes ou mates, dans diff\u00e9rentes formes et tailles. Ils peuvent inclure des logos, des lettres, des chiffres et des codes-barres en couleurs CMJN et noir. De plus, une couche adh\u00e9sive au dos permet un montage facile sur des surfaces planes non m\u00e9talliques.<\/li>\n<\/ul>\n<\/li>\n<li>Les autocollants NFC en papier sont-ils durables ?\n<ul>\n<li>Les autocollants NFC en papier avec puces Ntag213 sont con\u00e7us avec une couche protectrice qui recouvre la puce NFC et l&#039;antenne, offrant une durabilit\u00e9 et une r\u00e9sistance suppl\u00e9mentaires \u00e0 une br\u00e8ve exposition \u00e0 l&#039;eau. Des options en plastique \u00e9tanche sont \u00e9galement disponibles pour une durabilit\u00e9 accrue.<\/li>\n<\/ul>\n<\/li>\n<li>Quel est l\u2019avantage d\u2019utiliser la technologie NFC dans les autocollants ?\n<ul>\n<li>L&#039;utilisation de la technologie NFC dans les autocollants permet une interaction pratique et sans contact avec les appareils compatibles NFC. Cela permet un partage d&#039;informations, une authentification ou un d\u00e9clenchement d&#039;actions rapide et facile sans qu&#039;il soit n\u00e9cessaire de contacter physiquement les appareils.<\/li>\n<\/ul>\n<\/li>\n<\/ol>\n<\/div>\n<div class=\"text-content\">\n<div data-spm-anchor-id=\"a2700.details.0.i46.6f4d7d7dnursE7\"><\/div>\n<\/div>\n<div>\n<div class=\"text-content\">\n<div><\/div>\n<div data-spm-anchor-id=\"a2700.details.0.i48.6f4d7d7dnursE7\"><\/div>\n<\/div>\n<\/div>","protected":false},"excerpt":{"rendered":"<p><strong>Autocollant NFC en papier personnalis\u00e9 Ntag213<\/strong> Il s&#039;agit d&#039;un type sp\u00e9cifique de circuit int\u00e9gr\u00e9 conforme \u00e0 la balise NFC Forum Type 2, dot\u00e9 de 144 octets de m\u00e9moire utilisateur. Il est con\u00e7u dans un souci de polyvalence, adapt\u00e9 \u00e0 diverses applications dans des secteurs tels que la vente au d\u00e9tail, les jeux et l&#039;\u00e9lectronique grand public, entre autres.<\/p>","protected":false},"featured_media":353,"template":"","meta":{"_kad_post_transparent":"default","_kad_post_title":"","_kad_post_layout":"default","_kad_post_sidebar_id":"","_kad_post_content_style":"default","_kad_post_vertical_padding":"default","_kad_post_feature":"","_kad_post_feature_position":"","_kad_post_header":false,"_kad_post_footer":false,"_kad_post_classname":""},"product_brand":[],"product_cat":[54],"product_tag":[153,154],"class_list":{"0":"post-352","1":"product","2":"type-product","3":"status-publish","4":"has-post-thumbnail","6":"product_cat-hot-selling-rfid-tags","7":"product_tag-custom-paper-nfc-sticker-ntag213","8":"product_tag-nfc-sticker-ntag213","10":"first","11":"instock","12":"shipping-taxable","13":"product-type-simple","14":"entry","15":"content-bg","16":"loop-entry"},"_links":{"self":[{"href":"https:\/\/rfid-laundry-tag.com\/fr\/wp-json\/wp\/v2\/product\/352","targetHints":{"allow":["GET"]}}],"collection":[{"href":"https:\/\/rfid-laundry-tag.com\/fr\/wp-json\/wp\/v2\/product"}],"about":[{"href":"https:\/\/rfid-laundry-tag.com\/fr\/wp-json\/wp\/v2\/types\/product"}],"version-history":[{"count":0,"href":"https:\/\/rfid-laundry-tag.com\/fr\/wp-json\/wp\/v2\/product\/352\/revisions"}],"wp:featuredmedia":[{"embeddable":true,"href":"https:\/\/rfid-laundry-tag.com\/fr\/wp-json\/wp\/v2\/media\/353"}],"wp:attachment":[{"href":"https:\/\/rfid-laundry-tag.com\/fr\/wp-json\/wp\/v2\/media?parent=352"}],"wp:term":[{"taxonomy":"product_brand","embeddable":true,"href":"https:\/\/rfid-laundry-tag.com\/fr\/wp-json\/wp\/v2\/product_brand?post=352"},{"taxonomy":"product_cat","embeddable":true,"href":"https:\/\/rfid-laundry-tag.com\/fr\/wp-json\/wp\/v2\/product_cat?post=352"},{"taxonomy":"product_tag","embeddable":true,"href":"https:\/\/rfid-laundry-tag.com\/fr\/wp-json\/wp\/v2\/product_tag?post=352"}],"curies":[{"name":"wp","href":"https:\/\/api.w.org\/{rel}","templated":true}]}}