{"id":348,"date":"2024-06-28T10:07:21","date_gmt":"2024-06-28T10:07:21","guid":{"rendered":"https:\/\/rfid-laundry-tag.com\/?post_type=product&#038;p=348"},"modified":"2024-06-28T10:11:54","modified_gmt":"2024-06-28T10:11:54","slug":"anti-metal-nfc-label-ntag213","status":"publish","type":"product","link":"https:\/\/rfid-laundry-tag.com\/fr\/anti-metal-nfc-label-ntag213\/","title":{"rendered":"\u00c9tiquette NFC anti-m\u00e9tal Ntag213"},"content":{"rendered":"<h2>\u00c9tiquette NFC anti-m\u00e9tal Ntag213<\/h2>\n<p>Les NTAG213, NTAG215 et NTAG216 ont \u00e9t\u00e9 d\u00e9velopp\u00e9s par NXP Semiconductors comme circuits int\u00e9gr\u00e9s d&#039;\u00e9tiquettes NFC standard destin\u00e9s \u00e0 \u00eatre utilis\u00e9s dans des applications grand public telles que la vente au d\u00e9tail, les jeux et l&#039;\u00e9lectronique grand public, en combinaison avec des appareils NFC ou des dispositifs de couplage de proximit\u00e9 compatibles NFC. Les NTAG213, NTAG215 et NTAG216 (ci-apr\u00e8s, g\u00e9n\u00e9ralement appel\u00e9s NTAG21x) sont con\u00e7us pour \u00eatre enti\u00e8rement conformes aux sp\u00e9cifications NFC Forum Type 2 Tag et ISO\/IEC14443 Type A.<\/p>\n<table class=\"hight-light-first-column all magic-11\">\n<tbody>\n<tr>\n<td colspan=\"1\" rowspan=\"1\">\n<div class=\"magic-12\" data-spm-anchor-id=\"a2700.details.0.i57.12287cd6Tl6d8d\">Taille<\/div>\n<\/td>\n<td colspan=\"4\" rowspan=\"1\">\n<div class=\"magic-13\">Diam\u00e8tre 25 mm, diam\u00e8tre 30 mm, etc.<\/div>\n<\/td>\n<\/tr>\n<tr>\n<td colspan=\"1\" rowspan=\"1\">\n<div class=\"magic-12\">Couleur<\/div>\n<\/td>\n<td colspan=\"4\" rowspan=\"1\">\n<div class=\"magic-16\">Noir, blanc, jaune, rouge ou personnalis\u00e9<\/div>\n<\/td>\n<\/tr>\n<tr>\n<td colspan=\"1\" rowspan=\"1\">\n<div class=\"magic-12\">\u00c9br\u00e9cher<\/div>\n<\/td>\n<td colspan=\"4\" rowspan=\"1\">\n<div class=\"magic-13\">NTAG213, NTAG215, NTAG216<\/div>\n<\/td>\n<\/tr>\n<tr>\n<td colspan=\"1\" rowspan=\"1\">\n<div class=\"magic-12\">Fr\u00e9quence<\/div>\n<\/td>\n<td colspan=\"4\" rowspan=\"1\">\n<div class=\"magic-13\">13,56 MHz<\/div>\n<\/td>\n<\/tr>\n<tr>\n<td colspan=\"1\" rowspan=\"1\">\n<div class=\"magic-12\">Protocole<\/div>\n<\/td>\n<td colspan=\"4\" rowspan=\"1\">\n<div class=\"magic-13\">ISO14443A, NFC Forum Type 2<\/div>\n<\/td>\n<\/tr>\n<tr>\n<td colspan=\"1\" rowspan=\"1\">\n<div class=\"magic-12\">Mat\u00e9riel<\/div>\n<\/td>\n<td colspan=\"4\" rowspan=\"1\">\n<div class=\"magic-13\">ABS<\/div>\n<\/td>\n<\/tr>\n<tr>\n<td colspan=\"1\" rowspan=\"1\">\n<div class=\"magic-12\">Temp\u00e9rature de fonctionnement<\/div>\n<\/td>\n<td colspan=\"4\" rowspan=\"1\">\n<div class=\"magic-13\">-20 \u00e0 85 degr\u00e9s C<\/div>\n<\/td>\n<\/tr>\n<tr>\n<td colspan=\"1\" rowspan=\"1\">\n<div class=\"magic-12\">Application<\/div>\n<\/td>\n<td colspan=\"4\" rowspan=\"1\">\n<div class=\"magic-16\">Cha\u00eene de blanchisserie, produits chimiques agressifs, dispositif de paiement, utilisation en ext\u00e9rieur, produits chimiques, industriels, logistique, patrouille de s\u00e9curit\u00e9, adh\u00e9sion, conteneurs d&#039;exp\u00e9dition, palettes, etc.<\/div>\n<\/td>\n<\/tr>\n<tr>\n<td colspan=\"1\" rowspan=\"1\">\n<div class=\"magic-12\">Indice d&#039;\u00e9tanch\u00e9it\u00e9<\/div>\n<\/td>\n<td colspan=\"4\" rowspan=\"1\">\n<div class=\"magic-16\">IP67<\/div>\n<\/td>\n<\/tr>\n<tr>\n<td colspan=\"1\" rowspan=\"1\">\n<div class=\"magic-12\">Plage de lecture<\/div>\n<\/td>\n<td colspan=\"4\" rowspan=\"1\">\n<div class=\"magic-16\">5-10 cm, selon le lecteur<\/div>\n<\/td>\n<\/tr>\n<tr>\n<td colspan=\"1\" rowspan=\"1\">\n<div class=\"magic-12\">Artisanat<\/div>\n<\/td>\n<td colspan=\"4\" rowspan=\"1\">\n<div class=\"magic-16\">Num\u00e9ro de s\u00e9rie grav\u00e9 au laser, code-barres, etc.<\/div>\n<\/td>\n<\/tr>\n<tr>\n<td colspan=\"1\" rowspan=\"1\">\n<div class=\"magic-12\">Montage<\/div>\n<\/td>\n<td colspan=\"4\" rowspan=\"1\">\n<div class=\"magic-16\">Par adh\u00e9sif ou par vis, ou par rivets<\/div>\n<\/td>\n<\/tr>\n<\/tbody>\n<\/table>\n<p>&nbsp;<\/p>\n<div class=\"auto-hide-last-sibling-br paragraph_9dc5f paragraph-element\">Les \u00e9tiquettes NFC anti-m\u00e9tal Ntag213 ont une large gamme d&#039;applications dans divers domaines en raison de leur flexibilit\u00e9 et de leur capacit\u00e9 \u00e0 fonctionner sur des surfaces m\u00e9talliques. Voici comment elles sont utilis\u00e9es dans diff\u00e9rents secteurs :<\/div>\n<ul class=\"auto-hide-last-sibling-br\">\n<li>\n<div class=\"auto-hide-last-sibling-br paragraph_9dc5f paragraph-element\"><strong>Gestion de la logistique<\/strong>:Ces autocollants permettent un suivi efficace et une localisation en temps r\u00e9el des marchandises pendant le transport. Ils am\u00e9liorent l&#039;efficacit\u00e9 de la cha\u00eene d&#039;approvisionnement et simplifient la gestion logistique en offrant une visibilit\u00e9 continue des exp\u00e9ditions.<\/div>\n<\/li>\n<li>\n<div class=\"auto-hide-last-sibling-br paragraph_9dc5f paragraph-element\"><strong>Gestion d&#039;actifs<\/strong>:Ils jouent un r\u00f4le essentiel dans le suivi et la gestion des actifs de l&#039;entreprise, tels que les machines, les outils et le mat\u00e9riel de bureau. Ils permettent une identification et une v\u00e9rification rapides et pr\u00e9cises des actifs, r\u00e9duisant ainsi le risque de perte, de vol ou d&#039;\u00e9garement.<\/div>\n<\/li>\n<li>\n<div class=\"auto-hide-last-sibling-br paragraph_9dc5f paragraph-element\"><strong>Gestion de la cha\u00eene d&#039;approvisionnement<\/strong>:Les autocollants NFC sont utilis\u00e9s pour suivre les produits \u00e0 chaque \u00e9tape de la cha\u00eene d&#039;approvisionnement, garantissant la transparence et emp\u00eachant efficacement les produits contrefaits d&#039;entrer sur le march\u00e9.<\/div>\n<\/li>\n<li>\n<div class=\"auto-hide-last-sibling-br paragraph_9dc5f paragraph-element\"><strong>Gestion des v\u00e9hicules<\/strong>:Utilis\u00e9s dans la gestion des v\u00e9hicules de flotte, les autocollants offrent un moyen simple de suivre et de surveiller les mouvements du v\u00e9hicule, garantissant ainsi une optimisation efficace des itin\u00e9raires.<\/div>\n<\/li>\n<li>\n<div class=\"auto-hide-last-sibling-br paragraph_9dc5f paragraph-element\"><strong>Gestion d&#039;entrep\u00f4t<\/strong>:Ils rationalisent les op\u00e9rations en permettant le suivi en temps r\u00e9el des stocks, rendant le processus de gestion de l&#039;entrep\u00f4t tr\u00e8s efficace.<\/div>\n<\/li>\n<li>\n<div class=\"auto-hide-last-sibling-br paragraph_9dc5f paragraph-element\"><strong>V\u00e9rification du produit<\/strong>:Les autocollants NFC peuvent \u00eatre utilis\u00e9s pour authentifier les produits, offrant un moyen simple de d\u00e9terminer si un produit est authentique ou contrefait.<\/div>\n<\/li>\n<li>\n<div class=\"auto-hide-last-sibling-br paragraph_9dc5f paragraph-element\"><strong>Suivi des actifs<\/strong>:Ils simplifient le processus de suivi des actifs en temps r\u00e9el, ce qui est particuli\u00e8rement utile pour les articles de grande valeur ou les \u00e9quipements importants qui sont fr\u00e9quemment d\u00e9plac\u00e9s.<\/div>\n<\/li>\n<li>\n<div class=\"auto-hide-last-sibling-br paragraph_9dc5f paragraph-element\"><strong>Gestion des stocks<\/strong>:Les autocollants aident \u00e0 g\u00e9rer les stocks dans les entrep\u00f4ts ou les magasins de d\u00e9tail en r\u00e9duisant les contr\u00f4les manuels et en garantissant un comptage pr\u00e9cis.<\/div>\n<\/li>\n<li>\n<div class=\"auto-hide-last-sibling-br paragraph_9dc5f paragraph-element\"><strong>Paiement<\/strong>:Les autocollants NFC sont utilis\u00e9s dans les transactions sans esp\u00e8ces, permettant des paiements rapides et s\u00e9curis\u00e9s d&#039;un simple toucher, comme dans les syst\u00e8mes de paiement par bracelet.<\/div>\n<\/li>\n<li>\n<div class=\"auto-hide-last-sibling-br paragraph_9dc5f paragraph-element\"><strong>R\u00e9seaux sociaux<\/strong>:Les autocollants NFC peuvent \u00eatre programm\u00e9s pour lancer des comptes de r\u00e9seaux sociaux ou des hashtags, offrant ainsi une exp\u00e9rience de r\u00e9seaux sociaux fluide et en une seule touche.<\/div>\n<\/li>\n<li>\n<div class=\"auto-hide-last-sibling-br paragraph_9dc5f paragraph-element\"><strong>Bracelets<\/strong>:Utilis\u00e9 lors d&#039;\u00e9v\u00e9nements o\u00f9 un acc\u00e8s facile et des paiements s\u00e9curis\u00e9s sont n\u00e9cessaires, tels que les festivals de musique, les salons professionnels et les \u00e9v\u00e9nements sportifs.<\/div>\n<\/li>\n<\/ul>\n<div class=\"auto-hide-last-sibling-br paragraph_9dc5f paragraph-element\">Ce qui pr\u00e9c\u00e8de n&#039;est qu&#039;un aper\u00e7u de la polyvalence de l&#039;\u00e9tiquette NFC anti-m\u00e9tal Ntag213. Les possibilit\u00e9s sont infinies, chaque application \u00e9tant con\u00e7ue pour apporter plus d&#039;efficacit\u00e9, de s\u00e9curit\u00e9 et de commodit\u00e9.<\/div>","protected":false},"excerpt":{"rendered":"<div class=\"auto-hide-last-sibling-br paragraph_9dc5f paragraph-element\">Les \u00e9tiquettes NFC traditionnelles ont des limites et ne fonctionnent souvent pas comme pr\u00e9vu lorsqu&#039;elles sont appliqu\u00e9es directement sur des surfaces m\u00e9talliques. Ce probl\u00e8me est principalement d\u00fb aux interf\u00e9rences cr\u00e9\u00e9es par le m\u00e9tal, emp\u00eachant la transmission du signal. Cependant, gr\u00e2ce aux progr\u00e8s technologiques, des \u00e9tiquettes NFC sp\u00e9ciales anti-m\u00e9tal Ntag213 ont \u00e9t\u00e9 introduites pour surmonter ce d\u00e9fi, garantissant leurs excellentes performances m\u00eame lorsqu&#039;elles sont appos\u00e9es sur des surfaces m\u00e9talliques ou tout autre mat\u00e9riau conducteur.<\/div>\n<div class=\"auto-hide-last-sibling-br paragraph_9dc5f paragraph-element\">Ces \u00e9tiquettes NFC anti-m\u00e9tal Ntag213 sont dot\u00e9es d&#039;une couche d&#039;isolation distinctive, qui neutralise efficacement les interf\u00e9rences provoqu\u00e9es par les environnements m\u00e9talliques.<\/div>","protected":false},"featured_media":349,"template":"","meta":{"_kad_post_transparent":"default","_kad_post_title":"","_kad_post_layout":"default","_kad_post_sidebar_id":"","_kad_post_content_style":"default","_kad_post_vertical_padding":"default","_kad_post_feature":"","_kad_post_feature_position":"","_kad_post_header":false,"_kad_post_footer":false,"_kad_post_classname":""},"product_brand":[],"product_cat":[54],"product_tag":[151,145,144],"class_list":{"0":"post-348","1":"product","2":"type-product","3":"status-publish","4":"has-post-thumbnail","6":"product_cat-hot-selling-rfid-tags","7":"product_tag-anti-metal-nfc-label-ntag213","8":"product_tag-anti-metal-nfc-tag","9":"product_tag-anti-metal-rfid-nfc-sticker","11":"first","12":"instock","13":"shipping-taxable","14":"product-type-simple","15":"entry","16":"content-bg","17":"loop-entry"},"_links":{"self":[{"href":"https:\/\/rfid-laundry-tag.com\/fr\/wp-json\/wp\/v2\/product\/348","targetHints":{"allow":["GET"]}}],"collection":[{"href":"https:\/\/rfid-laundry-tag.com\/fr\/wp-json\/wp\/v2\/product"}],"about":[{"href":"https:\/\/rfid-laundry-tag.com\/fr\/wp-json\/wp\/v2\/types\/product"}],"version-history":[{"count":0,"href":"https:\/\/rfid-laundry-tag.com\/fr\/wp-json\/wp\/v2\/product\/348\/revisions"}],"wp:featuredmedia":[{"embeddable":true,"href":"https:\/\/rfid-laundry-tag.com\/fr\/wp-json\/wp\/v2\/media\/349"}],"wp:attachment":[{"href":"https:\/\/rfid-laundry-tag.com\/fr\/wp-json\/wp\/v2\/media?parent=348"}],"wp:term":[{"taxonomy":"product_brand","embeddable":true,"href":"https:\/\/rfid-laundry-tag.com\/fr\/wp-json\/wp\/v2\/product_brand?post=348"},{"taxonomy":"product_cat","embeddable":true,"href":"https:\/\/rfid-laundry-tag.com\/fr\/wp-json\/wp\/v2\/product_cat?post=348"},{"taxonomy":"product_tag","embeddable":true,"href":"https:\/\/rfid-laundry-tag.com\/fr\/wp-json\/wp\/v2\/product_tag?post=348"}],"curies":[{"name":"wp","href":"https:\/\/api.w.org\/{rel}","templated":true}]}}