{"id":344,"date":"2024-06-28T09:45:28","date_gmt":"2024-06-28T09:45:28","guid":{"rendered":"https:\/\/rfid-laundry-tag.com\/?post_type=product&#038;p=344"},"modified":"2024-06-28T09:50:44","modified_gmt":"2024-06-28T09:50:44","slug":"13-56mhz-rfid-1k-token-coin-tag","status":"publish","type":"product","link":"https:\/\/rfid-laundry-tag.com\/fr\/13-56mhz-rfid-1k-token-coin-tag\/","title":{"rendered":"\u00c9tiquette de pi\u00e8ce de monnaie RFID 13,56 MHz 1K"},"content":{"rendered":"<p><strong>\u00c9tiquette de pi\u00e8ce de monnaie RFID 13,56 MHz 1K<\/strong><\/p>\n<p style=\"text-align: left;\">Informations cl\u00e9s : R\u00e9sistant aux gaufrages et durable.<\/p>\n<p style=\"text-align: left;\">La taille et le logo personnalis\u00e9s sont acceptables.<\/p>\n<p style=\"text-align: left;\">Impression : couleur blanche ou logo personnalis\u00e9<\/p>\n<p style=\"text-align: left;\">Taille : Diam\u00e8tre 25 mm, 30 mm<\/p>\n<p style=\"text-align: left;\">Mini quantit\u00e9 : 1000 pi\u00e8ces<\/p>\n<p style=\"text-align: left;\">Puces : RFID 1K etc.<\/p>\n<p style=\"text-align: left;\">Fonctionnalit\u00e9s suppl\u00e9mentaires : logo, num\u00e9ro de s\u00e9rie d&#039;impression, code QR, codes-barres, donn\u00e9es variables et s\u00e9rialisation, etc.<\/p>\n<table border=\"1\" cellspacing=\"0\" cellpadding=\"0\">\n<tbody>\n<tr>\n<td colspan=\"2\">\n<p align=\"left\">Caract\u00e9ristiques<\/p>\n<\/td>\n<\/tr>\n<tr>\n<td>\n<p align=\"left\">Type d&#039;\u00e9tiquette\/puce<\/p>\n<\/td>\n<td>\n<p align=\"left\">RFID 1K<\/p>\n<\/td>\n<\/tr>\n<tr>\n<td>\n<p align=\"left\">Fr\u00e9quence de fonctionnement<\/p>\n<\/td>\n<td>\n<p align=\"left\">13,56 MHz<\/p>\n<\/td>\n<\/tr>\n<tr>\n<td>\n<p align=\"left\">Plage de lecture test\u00e9e<\/p>\n<\/td>\n<td>\n<p align=\"left\">0 \u2013 100 mm selon la puissance fournie par le lecteur<\/p>\n<\/td>\n<\/tr>\n<tr>\n<td>\n<p align=\"left\">Multi-d\u00e9tection<\/p>\n<\/td>\n<td>\n<p align=\"left\">Oui<\/p>\n<\/td>\n<\/tr>\n<tr>\n<td>\n<p align=\"left\">Taille<\/p>\n<\/td>\n<td>Diam\u00e8tre 25 mm, diam\u00e8tre 30 mm, etc.<\/td>\n<\/tr>\n<tr>\n<td>\n<p align=\"left\">Mat\u00e9riel<\/p>\n<\/td>\n<td>\n<p align=\"left\">PVC \/ PET \/ Antenne etc.<\/p>\n<\/td>\n<\/tr>\n<tr>\n<td>\n<p align=\"left\">Protocole:<\/p>\n<\/td>\n<td>\n<p align=\"left\">ISO14443A<\/p>\n<\/td>\n<\/tr>\n<tr>\n<td>\n<p align=\"left\">Sp\u00e9cification environnementale<\/p>\n<\/td>\n<td>\n<p align=\"left\">Dur\u00e9e de conservation 5 ans<\/p>\n<p align=\"left\">Recommand\u00e9 : -25\u00b0C \u00e0 +50\u00b0C<\/p>\n<p align=\"left\">Conditions de stockage : 20% \u00e0 90%RH<\/p>\n<p align=\"left\">Temp\u00e9rature de fonctionnement : -40 \u00b0C \u00e0 +65 \u00b0C<\/p>\n<\/td>\n<\/tr>\n<tr>\n<td>\n<p align=\"left\">Temps de lecture\/\u00e9criture\u00a0:<\/p>\n<\/td>\n<td>\n<p align=\"left\">100000 fois<\/p>\n<\/td>\n<\/tr>\n<tr>\n<td>\n<p align=\"left\">Application:<\/p>\n<\/td>\n<td>\n<p align=\"left\" data-spm-anchor-id=\"a2700.wholesale.0.i54.a0d8206fLph15n\">Transports en commun, Gestion des acc\u00e8s, Billets \u00e9lectroniques, Gestion de la logistique et des approvisionnements, Fabrication et assemblage de produits, \u00c9tiquettes de pare-brise, Suivi des documents, Gestion du linge, Gestion de la biblioth\u00e8que, Identit\u00e9 animale, etc.<\/p>\n<\/td>\n<\/tr>\n<\/tbody>\n<\/table>\n<p>&nbsp;<\/p>\n<p>Cette \u00e9tiquette RFID NFC pour pi\u00e8ces de monnaie avec adh\u00e9sif semble \u00eatre un produit robuste et fiable, en particulier avec les fonctionnalit\u00e9s que vous avez mentionn\u00e9es. L&#039;incorporation de mat\u00e9riaux anti-m\u00e9talliques, d&#039;adh\u00e9sif 3M et de soudure par ultrasons am\u00e9liore ses performances sur les surfaces m\u00e9talliques et garantit des capacit\u00e9s d&#039;\u00e9tanch\u00e9it\u00e9 et anti-projection. L&#039;utilisation d&#039;une bobine de fil de cuivre pur pour la stabilit\u00e9 de fr\u00e9quence est un excellent choix car elle permet des distances de lecture de carte constantes m\u00eame dans des environnements difficiles. Dans l&#039;ensemble, cette technologie devrait offrir des performances fiables et constantes, ce qui la rend adapt\u00e9e aux conditions difficiles.<\/p>\n<p>&nbsp;<\/p>","protected":false},"excerpt":{"rendered":"<p>L&#039;\u00e9tiquette \u00e0 jeton RFID 13,56 MHz 1K est un choix solide pour le suivi des actifs en raison de sa petite taille, de sa facilit\u00e9 d&#039;installation et de sa durabilit\u00e9. Avec un mat\u00e9riau en PVC ou en PET, la m\u00e9moire de la puce est de 1 Ko.<\/p>","protected":false},"featured_media":345,"template":"","meta":{"_kad_post_transparent":"default","_kad_post_title":"","_kad_post_layout":"default","_kad_post_sidebar_id":"","_kad_post_content_style":"default","_kad_post_vertical_padding":"default","_kad_post_feature":"","_kad_post_feature_position":"","_kad_post_header":false,"_kad_post_footer":false,"_kad_post_classname":""},"product_brand":[],"product_cat":[54],"product_tag":[149,145],"class_list":{"0":"post-344","1":"product","2":"type-product","3":"status-publish","4":"has-post-thumbnail","6":"product_cat-hot-selling-rfid-tags","7":"product_tag-13-56mhz-rfid-1k-token-coin-tag","8":"product_tag-anti-metal-nfc-tag","10":"first","11":"instock","12":"shipping-taxable","13":"product-type-simple","14":"entry","15":"content-bg","16":"loop-entry"},"_links":{"self":[{"href":"https:\/\/rfid-laundry-tag.com\/fr\/wp-json\/wp\/v2\/product\/344","targetHints":{"allow":["GET"]}}],"collection":[{"href":"https:\/\/rfid-laundry-tag.com\/fr\/wp-json\/wp\/v2\/product"}],"about":[{"href":"https:\/\/rfid-laundry-tag.com\/fr\/wp-json\/wp\/v2\/types\/product"}],"version-history":[{"count":0,"href":"https:\/\/rfid-laundry-tag.com\/fr\/wp-json\/wp\/v2\/product\/344\/revisions"}],"wp:featuredmedia":[{"embeddable":true,"href":"https:\/\/rfid-laundry-tag.com\/fr\/wp-json\/wp\/v2\/media\/345"}],"wp:attachment":[{"href":"https:\/\/rfid-laundry-tag.com\/fr\/wp-json\/wp\/v2\/media?parent=344"}],"wp:term":[{"taxonomy":"product_brand","embeddable":true,"href":"https:\/\/rfid-laundry-tag.com\/fr\/wp-json\/wp\/v2\/product_brand?post=344"},{"taxonomy":"product_cat","embeddable":true,"href":"https:\/\/rfid-laundry-tag.com\/fr\/wp-json\/wp\/v2\/product_cat?post=344"},{"taxonomy":"product_tag","embeddable":true,"href":"https:\/\/rfid-laundry-tag.com\/fr\/wp-json\/wp\/v2\/product_tag?post=344"}],"curies":[{"name":"wp","href":"https:\/\/api.w.org\/{rel}","templated":true}]}}