{"id":338,"date":"2024-06-28T08:41:45","date_gmt":"2024-06-28T08:41:45","guid":{"rendered":"https:\/\/rfid-laundry-tag.com\/?post_type=product&#038;p=338"},"modified":"2024-07-16T16:20:17","modified_gmt":"2024-07-16T16:20:17","slug":"nxp-mifare-1k-rfid-nfc-inlay-sticker","status":"publish","type":"product","link":"https:\/\/rfid-laundry-tag.com\/fr\/nxp-mifare-1k-rfid-nfc-inlay-sticker\/","title":{"rendered":"Autocollant d&#039;incrustation RFID NFC Mifare 1k de NXP"},"content":{"rendered":"<table class=\"has-title all magic-13\">\n<tbody>\n<tr>\n<td colspan=\"1\" rowspan=\"1\">\n<div class=\"magic-14\" data-spm-anchor-id=\"a2700.details.0.i37.2ec61361oDo4aX\">Nom du produit<\/div>\n<\/td>\n<td colspan=\"1\" rowspan=\"1\">\n<div class=\"magic-15\">Autocollant d&#039;incrustation RFID NFC Mifare 1k de NXP<\/div>\n<\/td>\n<\/tr>\n<tr>\n<td colspan=\"1\" rowspan=\"1\">\n<div class=\"magic-14\">\u00c9br\u00e9cher<\/div>\n<\/td>\n<td colspan=\"1\" rowspan=\"1\">\n<div class=\"magic-15\">MIFARE Classic\u00ae 1K<\/div>\n<\/td>\n<\/tr>\n<tr>\n<td colspan=\"1\" rowspan=\"1\">\n<div class=\"magic-14\">Fr\u00e9quence<\/div>\n<\/td>\n<td colspan=\"1\" rowspan=\"1\">\n<div class=\"magic-15\">13,56 MHz<\/div>\n<\/td>\n<\/tr>\n<tr>\n<td colspan=\"1\" rowspan=\"1\">\n<div class=\"magic-14\">Distance de lecture<\/div>\n<\/td>\n<td colspan=\"1\" rowspan=\"1\">\n<div class=\"magic-15\">1-5 CM<\/div>\n<\/td>\n<\/tr>\n<tr>\n<td colspan=\"1\" rowspan=\"1\">\n<div class=\"magic-14\">Mat\u00e9riel<\/div>\n<\/td>\n<td colspan=\"1\" rowspan=\"1\">\n<div class=\"magic-15\">Papier couch\u00e9<\/div>\n<\/td>\n<\/tr>\n<tr>\n<td colspan=\"1\" rowspan=\"1\">\n<div class=\"magic-14\">Substrat<\/div>\n<\/td>\n<td colspan=\"1\" rowspan=\"1\">\n<div class=\"magic-15\">ANIMAL DE COMPAGNIE<\/div>\n<\/td>\n<\/tr>\n<tr>\n<td colspan=\"1\" rowspan=\"1\">\n<div class=\"magic-14\">Diam\u00e8tre 50 mmTaille<\/div>\n<\/td>\n<td colspan=\"1\" rowspan=\"1\">\n<div class=\"magic-15\">Diam\u00e8tre 25mm ou personnalisation<\/div>\n<\/td>\n<\/tr>\n<tr>\n<td colspan=\"1\" rowspan=\"1\">\n<div class=\"magic-14\">Mode de fonctionnement<\/div>\n<\/td>\n<td colspan=\"1\" rowspan=\"1\">\n<div class=\"magic-15\">Passif<\/div>\n<\/td>\n<\/tr>\n<tr>\n<td colspan=\"1\" rowspan=\"1\">\n<div class=\"magic-14\">Cycles d&#039;\u00e9criture<\/div>\n<\/td>\n<td colspan=\"1\" rowspan=\"1\">\n<div class=\"magic-15\">100000<\/div>\n<\/td>\n<\/tr>\n<tr>\n<td colspan=\"1\" rowspan=\"1\">\n<div class=\"magic-14\">Temp\u00e9rature \/ humidit\u00e9 de fonctionnement<\/div>\n<\/td>\n<td colspan=\"1\" rowspan=\"1\">\n<div class=\"magic-15\">-40~70\u2103\/20%~90% HR<\/div>\n<\/td>\n<\/tr>\n<tr>\n<td colspan=\"1\" rowspan=\"1\">\n<div class=\"magic-14\">Temp\u00e9rature \/ humidit\u00e9 de stockage<\/div>\n<\/td>\n<td colspan=\"1\" rowspan=\"1\">\n<div class=\"magic-15\">-20~50\u2103 \/ 20%~90% RH (sans condensation).<\/div>\n<\/td>\n<\/tr>\n<tr>\n<td colspan=\"1\" rowspan=\"1\">\n<div class=\"magic-14\">Disponibilit\u00e9 des \u00e9chantillons<\/div>\n<\/td>\n<td colspan=\"1\" rowspan=\"1\">\n<div class=\"magic-15\">Des \u00e9chantillons gratuits sont disponibles sur demande<\/div>\n<\/td>\n<\/tr>\n<tr>\n<td colspan=\"1\" rowspan=\"1\">\n<div class=\"magic-14\">Conditionnement<\/div>\n<\/td>\n<td colspan=\"1\" rowspan=\"1\">\n<div class=\"magic-15\">1000-5000 pi\u00e8ces\/rouleau, 4 rouleaux\/carton<\/div>\n<\/td>\n<\/tr>\n<tr>\n<td colspan=\"1\" rowspan=\"1\">\n<div class=\"magic-14\">\n<p>Application<\/p>\n<div><\/div>\n<\/div>\n<\/td>\n<td colspan=\"1\" rowspan=\"1\">\n<div class=\"magic-15\" data-spm-anchor-id=\"a2700.details.0.i47.2ec61361oDo4aX\">Contr\u00f4le d&#039;admission s\u00e9curis\u00e9\/Paiement sans esp\u00e8ces Programmes d&#039;adh\u00e9sion et de fid\u00e9lit\u00e9 Acc\u00e8s aux \u00e9v\u00e9nements et image de marque\/R\u00e9seaux sociaux\/Vente au d\u00e9tail<br \/>\nEnvironnement\/Jeux &amp; Jouets Localisation\/Electronique\/Salons\/Ev\u00e9nements\/Demande d&#039;appel\/Cartes de visite<\/div>\n<\/td>\n<\/tr>\n<\/tbody>\n<\/table>\n<p>&nbsp;<\/p>\n<p><strong>NXP<sup>\u00ae<\/sup>\u00a0a d\u00e9velopp\u00e9 le MIFARE<sup>\u00ae<\/sup>\u00a0MF1ICS50 \u00e0 utiliser dans une carte \u00e0 puce sans contact selon la norme ISO\/IEC 14443 Type-A.<\/strong><\/p>\n<p>Le circuit int\u00e9gr\u00e9 MIFARE MF1ICS50 est utilis\u00e9 dans des applications telles que la billetterie des transports publics, o\u00f9 les grandes villes ont adopt\u00e9 MIFARE comme solution de billetterie \u00e9lectronique de leur choix.<\/p>\n<p>Une fonction anti-collision intelligente permet d&#039;utiliser simultan\u00e9ment plusieurs cartes sur le terrain. L&#039;algorithme anti-collision s\u00e9lectionne chaque carte individuellement et garantit que l&#039;ex\u00e9cution d&#039;une transaction avec une carte s\u00e9lectionn\u00e9e est effectu\u00e9e correctement sans corruption de donn\u00e9es r\u00e9sultant d&#039;autres cartes sur le terrain.<\/p>\n<p>Le MF1ICS50 est con\u00e7u pour une int\u00e9gration simple et une utilisation pratique. Cela pourrait permettre de traiter des transactions de billetterie compl\u00e8tes en moins de 100 ms. Ainsi, l&#039;utilisateur de la carte MF1ICS50 n&#039;est pas oblig\u00e9 de s&#039;arr\u00eater au lecteur, ce qui permet un d\u00e9bit \u00e9lev\u00e9 aux portes d&#039;embarquement et des temps d&#039;embarquement r\u00e9duits dans les bus. La carte bas\u00e9e sur le produit MIFARE peut \u00e9galement rester dans le portefeuille pendant la transaction, m\u00eame s&#039;il contient des pi\u00e8ces de monnaie.<\/p>\n<p>Quelques questions fr\u00e9quemment pos\u00e9es concernant les autocollants d&#039;incrustation RFID NFC NXP Mifare 1k\u00a0:<\/p>\n<ol>\n<li>Qu&#039;est-ce qu&#039;un autocollant d&#039;incrustation RFID NFC NXP Mifare 1k ?<\/li>\n<\/ol>\n<ul>\n<li>Un autocollant d&#039;incrustation se compose g\u00e9n\u00e9ralement d&#039;une petite puce RFID\/NFC et d&#039;une antenne int\u00e9gr\u00e9es dans une fine couche adh\u00e9sive. Le NXP Mifare 1k fait r\u00e9f\u00e9rence au type sp\u00e9cifique de puce utilis\u00e9e dans l&#039;incrustation.<\/li>\n<\/ul>\n<ol start=\"2\">\n<li>Quelles sont les caract\u00e9ristiques des autocollants d&#039;incrustation RFID NFC NXP Mifare 1k ?<\/li>\n<\/ol>\n<ul>\n<li>La puce NXP Mifare 1k est couramment utilis\u00e9e dans des applications telles que le contr\u00f4le d&#039;acc\u00e8s, le transport et les programmes de fid\u00e9lit\u00e9. Elle offre 1 kilo-octet de m\u00e9moire et prend en charge plusieurs m\u00e9thodes d&#039;authentification pour un stockage s\u00e9curis\u00e9 des donn\u00e9es.<\/li>\n<\/ul>\n<ol start=\"3\">\n<li>Comment les autocollants d&#039;incrustation RFID NFC NXP Mifare 1k peuvent-ils \u00eatre programm\u00e9s ?<\/li>\n<\/ol>\n<ul>\n<li>Ces \u00e9tiquettes autocollantes peuvent \u00eatre programm\u00e9es \u00e0 l&#039;aide d&#039;appareils compatibles NFC tels que des smartphones ou des lecteurs RFID\/NFC d\u00e9di\u00e9s. Cela permet de personnaliser les donn\u00e9es stock\u00e9es sur la puce, telles que les identifiants uniques ou les cl\u00e9s de s\u00e9curit\u00e9.<\/li>\n<\/ul>\n<ol start=\"4\">\n<li>Quels sont les cas d&#039;utilisation typiques des autocollants d&#039;incrustation RFID NFC NXP Mifare 1k ?<\/li>\n<\/ol>\n<ul>\n<li>Ces autocollants d&#039;incrustation sont couramment utilis\u00e9s pour les syst\u00e8mes de paiement sans contact, les cartes de contr\u00f4le d&#039;acc\u00e8s, les solutions de billetterie et le suivi des stocks. Ils sont polyvalents et peuvent \u00eatre int\u00e9gr\u00e9s dans diverses applications n\u00e9cessitant la technologie RFID\/NFC.<\/li>\n<\/ul>\n<ol start=\"5\">\n<li>Les autocollants d&#039;incrustation RFID NFC NXP Mifare 1k sont-ils s\u00e9curis\u00e9s ?<\/li>\n<\/ol>\n<ul>\n<li>La puce NXP Mifare 1k offre des fonctionnalit\u00e9s de s\u00e9curit\u00e9 int\u00e9gr\u00e9es telles que des protocoles de cryptage et d&#039;authentification pour emp\u00eacher tout acc\u00e8s non autoris\u00e9 aux donn\u00e9es stock\u00e9es sur la puce. Cependant, une mise en \u0153uvre appropri\u00e9e des mesures de s\u00e9curit\u00e9 est importante pour garantir la s\u00e9curit\u00e9 globale du syst\u00e8me.<\/li>\n<\/ul>","protected":false},"excerpt":{"rendered":"<p>Inlay NFC avec une puce NFC MIFARE Classic EV1 1K (MF1S503yX). Ces inlays sont con\u00e7us pour \u00eatre fins et peu co\u00fbteux, la puce et l&#039;antenne \u00e9tant plac\u00e9es face vers le bas sur l&#039;adh\u00e9sif. L&#039;inlay poss\u00e8de un NUID de 4 octets et l&#039;antenne est g\u00e9n\u00e9ralement d\u00e9tectable en passant un doigt sur la surface.<\/p>","protected":false},"featured_media":339,"template":"","meta":{"_kad_post_transparent":"default","_kad_post_title":"","_kad_post_layout":"default","_kad_post_sidebar_id":"","_kad_post_content_style":"default","_kad_post_vertical_padding":"default","_kad_post_feature":"","_kad_post_feature_position":"","_kad_post_header":false,"_kad_post_footer":false,"_kad_post_classname":""},"product_brand":[],"product_cat":[54,189],"product_tag":[112,147],"class_list":{"0":"post-338","1":"product","2":"type-product","3":"status-publish","4":"has-post-thumbnail","6":"product_cat-hot-selling-rfid-tags","7":"product_cat-rfid-inlay","8":"product_tag-13-56mhz-rfid-inlay","9":"product_tag-nxp-mifare-1k-rfid-nfc-inlay-sticker","11":"first","12":"instock","13":"shipping-taxable","14":"product-type-simple","15":"entry","16":"content-bg","17":"loop-entry"},"_links":{"self":[{"href":"https:\/\/rfid-laundry-tag.com\/fr\/wp-json\/wp\/v2\/product\/338","targetHints":{"allow":["GET"]}}],"collection":[{"href":"https:\/\/rfid-laundry-tag.com\/fr\/wp-json\/wp\/v2\/product"}],"about":[{"href":"https:\/\/rfid-laundry-tag.com\/fr\/wp-json\/wp\/v2\/types\/product"}],"version-history":[{"count":1,"href":"https:\/\/rfid-laundry-tag.com\/fr\/wp-json\/wp\/v2\/product\/338\/revisions"}],"predecessor-version":[{"id":717,"href":"https:\/\/rfid-laundry-tag.com\/fr\/wp-json\/wp\/v2\/product\/338\/revisions\/717"}],"wp:featuredmedia":[{"embeddable":true,"href":"https:\/\/rfid-laundry-tag.com\/fr\/wp-json\/wp\/v2\/media\/339"}],"wp:attachment":[{"href":"https:\/\/rfid-laundry-tag.com\/fr\/wp-json\/wp\/v2\/media?parent=338"}],"wp:term":[{"taxonomy":"product_brand","embeddable":true,"href":"https:\/\/rfid-laundry-tag.com\/fr\/wp-json\/wp\/v2\/product_brand?post=338"},{"taxonomy":"product_cat","embeddable":true,"href":"https:\/\/rfid-laundry-tag.com\/fr\/wp-json\/wp\/v2\/product_cat?post=338"},{"taxonomy":"product_tag","embeddable":true,"href":"https:\/\/rfid-laundry-tag.com\/fr\/wp-json\/wp\/v2\/product_tag?post=338"}],"curies":[{"name":"wp","href":"https:\/\/api.w.org\/{rel}","templated":true}]}}