{"id":334,"date":"2024-06-28T08:07:22","date_gmt":"2024-06-28T08:07:22","guid":{"rendered":"https:\/\/rfid-laundry-tag.com\/?post_type=product&#038;p=334"},"modified":"2024-06-28T08:17:53","modified_gmt":"2024-06-28T08:17:53","slug":"rfid-ntag213-nfc-coin-tag","status":"publish","type":"product","link":"https:\/\/rfid-laundry-tag.com\/fr\/rfid-ntag213-nfc-coin-tag\/","title":{"rendered":"\u00c9tiquette RFID Ntag213 NFC pour pi\u00e8ces de monnaie"},"content":{"rendered":"<p><strong>\u00c9tiquette RFID Ntag213 NFC pour pi\u00e8ces de monnaie<\/strong><\/p>\n<p style=\"text-align: left;\">Informations cl\u00e9s : R\u00e9sistant aux gaufrages et durable.<\/p>\n<p style=\"text-align: left;\">La taille et le logo personnalis\u00e9s sont acceptables.<\/p>\n<p style=\"text-align: left;\">Impression : couleur blanche ou logo personnalis\u00e9<\/p>\n<p style=\"text-align: left;\">Taille : Diam\u00e8tre 25 mm, 30 mm<\/p>\n<p style=\"text-align: left;\">Quantit\u00e9 minimum : 1000 pi\u00e8ces<\/p>\n<p style=\"text-align: left;\">Puces : Ntag213, Ntag215, Ntag216 etc.<\/p>\n<p style=\"text-align: left;\">Fonctionnalit\u00e9s suppl\u00e9mentaires : logo, num\u00e9ro de s\u00e9rie d&#039;impression, code QR, codes-barres, donn\u00e9es variables et s\u00e9rialisation, etc.<\/p>\n<table border=\"1\" cellspacing=\"0\" cellpadding=\"0\">\n<tbody>\n<tr>\n<td colspan=\"2\">\n<p align=\"left\">Caract\u00e9ristiques<\/p>\n<\/td>\n<\/tr>\n<tr>\n<td>\n<p align=\"left\">Type d&#039;\u00e9tiquette\/puce<\/p>\n<\/td>\n<td>\n<p align=\"left\">NXP Ntag213<\/p>\n<\/td>\n<\/tr>\n<tr>\n<td>\n<p align=\"left\">Fr\u00e9quence de fonctionnement<\/p>\n<\/td>\n<td>\n<p align=\"left\">13,56 MHz<\/p>\n<\/td>\n<\/tr>\n<tr>\n<td>\n<p align=\"left\">Plage de lecture test\u00e9e<\/p>\n<\/td>\n<td>\n<p align=\"left\">0 \u2013 100 mm selon la puissance fournie par le lecteur<\/p>\n<\/td>\n<\/tr>\n<tr>\n<td>\n<p align=\"left\">Multi-d\u00e9tection<\/p>\n<\/td>\n<td>\n<p align=\"left\">Oui<\/p>\n<\/td>\n<\/tr>\n<tr>\n<td>\n<p align=\"left\">Taille<\/p>\n<\/td>\n<td>Diam\u00e8tre 25 mm<\/td>\n<\/tr>\n<tr>\n<td>\n<p align=\"left\">Mat\u00e9riel<\/p>\n<\/td>\n<td>\n<p align=\"left\">PVC \/ PET \/ Antenne etc.<\/p>\n<\/td>\n<\/tr>\n<tr>\n<td>\n<p align=\"left\">Protocole:<\/p>\n<\/td>\n<td>\n<p align=\"left\">ISO14443A<\/p>\n<\/td>\n<\/tr>\n<tr>\n<td>\n<p align=\"left\">Sp\u00e9cification environnementale<\/p>\n<\/td>\n<td>\n<p align=\"left\">Dur\u00e9e de conservation 5 ans<\/p>\n<p align=\"left\">Recommand\u00e9 : -25\u00b0C \u00e0 +50\u00b0C<\/p>\n<p align=\"left\">Conditions de stockage : 20% \u00e0 90%RH<\/p>\n<p align=\"left\">Temp\u00e9rature de fonctionnement : -40 \u00b0C \u00e0 +65 \u00b0C<\/p>\n<\/td>\n<\/tr>\n<tr>\n<td>\n<p align=\"left\">Temps de lecture\/\u00e9criture\u00a0:<\/p>\n<\/td>\n<td>\n<p align=\"left\">100000 fois<\/p>\n<\/td>\n<\/tr>\n<tr>\n<td>\n<p align=\"left\">Application:<\/p>\n<\/td>\n<td>\n<p align=\"left\" data-spm-anchor-id=\"a2700.wholesale.0.i54.a0d8206fLph15n\">Transports en commun, Gestion des acc\u00e8s, Billets \u00e9lectroniques, Gestion de la logistique et des approvisionnements, Fabrication et assemblage de produits, \u00c9tiquettes de pare-brise, Suivi des documents, Gestion du linge, Gestion de la biblioth\u00e8que, Identit\u00e9 animale, etc.<\/p>\n<\/td>\n<\/tr>\n<\/tbody>\n<\/table>\n<p>&nbsp;<\/p>\n<p>Cette \u00e9tiquette RFID NFC pour pi\u00e8ces de monnaie avec adh\u00e9sif semble \u00eatre un produit robuste et fiable, en particulier avec les fonctionnalit\u00e9s que vous avez mentionn\u00e9es. L&#039;incorporation de mat\u00e9riaux anti-m\u00e9talliques, d&#039;adh\u00e9sif 3M et de soudure par ultrasons am\u00e9liore ses performances sur les surfaces m\u00e9talliques et garantit des capacit\u00e9s d&#039;\u00e9tanch\u00e9it\u00e9 et anti-projection. L&#039;utilisation d&#039;une bobine de fil de cuivre pur pour la stabilit\u00e9 de fr\u00e9quence est un excellent choix car elle permet des distances de lecture de carte constantes m\u00eame dans des environnements difficiles. Dans l&#039;ensemble, cette technologie devrait offrir des performances fiables et constantes, ce qui la rend adapt\u00e9e aux conditions difficiles.<\/p>\n<p>L&#039;\u00e9tiquette RFID Ntag213 NFC pour pi\u00e8ces de monnaie est un choix populaire pour diverses applications, notamment le suivi des actifs, le contr\u00f4le d&#039;acc\u00e8s et les paiements sans contact. Elle combine les avantages de la technologie RFID avec les capacit\u00e9s de communication en champ proche (NFC), permettant une communication transparente avec les appareils compatibles \u00e0 courte port\u00e9e.<\/p>\n<p>La puce Ntag213 int\u00e9gr\u00e9e dans l&#039;\u00e9tiquette porte-monnaie offre des fonctionnalit\u00e9s telles que la fonctionnalit\u00e9 anti-collision, des taux de transfert de donn\u00e9es rapides et la compatibilit\u00e9 avec une large gamme d&#039;appareils compatibles NFC. La petite taille de l&#039;\u00e9tiquette porte-monnaie, g\u00e9n\u00e9ralement fabriqu\u00e9e en PVC ou en PVC transparent, facilite son installation sur les \u00e9quipements et offre une durabilit\u00e9 pour une utilisation en int\u00e9rieur et en ext\u00e9rieur. De plus, sa construction \u00e9tanche garantit des performances fiables dans diverses conditions environnementales.<\/p>\n<p>Dans l\u2019ensemble, l\u2019\u00e9tiquette de pi\u00e8ce RFID Ntag213 NFC est une solution polyvalente et fiable pour la mise en \u0153uvre de la technologie RFID et NFC dans le suivi des actifs et d\u2019autres applications qui n\u00e9cessitent un \u00e9change de donn\u00e9es s\u00e9curis\u00e9 et efficace.<\/p>","protected":false},"excerpt":{"rendered":"<p>L&#039;\u00e9tiquette NFC Ntag213 est un choix judicieux pour le suivi des actifs en raison de sa petite taille, de sa facilit\u00e9 d&#039;installation et de sa durabilit\u00e9. Avec un mat\u00e9riau en PVC ou en PET, la m\u00e9moire de la puce est de 144 octets.<\/p>","protected":false},"featured_media":335,"template":"","meta":{"_kad_post_transparent":"default","_kad_post_title":"","_kad_post_layout":"default","_kad_post_sidebar_id":"","_kad_post_content_style":"default","_kad_post_vertical_padding":"default","_kad_post_feature":"","_kad_post_feature_position":"","_kad_post_header":false,"_kad_post_footer":false,"_kad_post_classname":""},"product_brand":[],"product_cat":[54],"product_tag":[145,144],"class_list":{"0":"post-334","1":"product","2":"type-product","3":"status-publish","4":"has-post-thumbnail","6":"product_cat-hot-selling-rfid-tags","7":"product_tag-anti-metal-nfc-tag","8":"product_tag-anti-metal-rfid-nfc-sticker","10":"first","11":"instock","12":"shipping-taxable","13":"product-type-simple","14":"entry","15":"content-bg","16":"loop-entry"},"_links":{"self":[{"href":"https:\/\/rfid-laundry-tag.com\/fr\/wp-json\/wp\/v2\/product\/334","targetHints":{"allow":["GET"]}}],"collection":[{"href":"https:\/\/rfid-laundry-tag.com\/fr\/wp-json\/wp\/v2\/product"}],"about":[{"href":"https:\/\/rfid-laundry-tag.com\/fr\/wp-json\/wp\/v2\/types\/product"}],"version-history":[{"count":0,"href":"https:\/\/rfid-laundry-tag.com\/fr\/wp-json\/wp\/v2\/product\/334\/revisions"}],"wp:featuredmedia":[{"embeddable":true,"href":"https:\/\/rfid-laundry-tag.com\/fr\/wp-json\/wp\/v2\/media\/335"}],"wp:attachment":[{"href":"https:\/\/rfid-laundry-tag.com\/fr\/wp-json\/wp\/v2\/media?parent=334"}],"wp:term":[{"taxonomy":"product_brand","embeddable":true,"href":"https:\/\/rfid-laundry-tag.com\/fr\/wp-json\/wp\/v2\/product_brand?post=334"},{"taxonomy":"product_cat","embeddable":true,"href":"https:\/\/rfid-laundry-tag.com\/fr\/wp-json\/wp\/v2\/product_cat?post=334"},{"taxonomy":"product_tag","embeddable":true,"href":"https:\/\/rfid-laundry-tag.com\/fr\/wp-json\/wp\/v2\/product_tag?post=334"}],"curies":[{"name":"wp","href":"https:\/\/api.w.org\/{rel}","templated":true}]}}