{"id":332,"date":"2024-06-28T07:49:21","date_gmt":"2024-06-28T07:49:21","guid":{"rendered":"https:\/\/rfid-laundry-tag.com\/?post_type=product&#038;p=332"},"modified":"2024-06-28T08:02:32","modified_gmt":"2024-06-28T08:02:32","slug":"waterproof-pvc-ntag215-coin-nfc-tag","status":"publish","type":"product","link":"https:\/\/rfid-laundry-tag.com\/fr\/waterproof-pvc-ntag215-coin-nfc-tag\/","title":{"rendered":"\u00c9tiquette NFC en PVC \u00e9tanche Ntag215"},"content":{"rendered":"<p><strong>\u00c9tiquette NFC en PVC \u00e9tanche Ntag215<\/strong><\/p>\n<p>Le <strong>\u00c9tiquette NFC pour pi\u00e8ce de monnaie Ntag215<\/strong>, fabriqu\u00e9 en PVC (ou PVC transparent), est une excellente option pour le suivi des actifs en raison de :<\/p>\n<ul>\n<li><strong>Petite taille:<\/strong>\u00a0Facile \u00e0 installer sur divers actifs sans ajouter de volume.<\/li>\n<li><strong>Conception \u00e9tanche :<\/strong>\u00a0Convient aux applications int\u00e9rieures et ext\u00e9rieures, m\u00eame dans des environnements difficiles.<\/li>\n<li><strong>Puce NFC 13,56 MHz int\u00e9gr\u00e9e :<\/strong>\u00a0Permet un transfert de donn\u00e9es et une communication fiables avec les lecteurs RFID.<\/li>\n<\/ul>\n<p><strong>Principales caract\u00e9ristiques:<\/strong><\/p>\n<ul>\n<li><strong>Mat\u00e9riel:<\/strong>\u00a0PVC (ou PVC transparent)<\/li>\n<li><strong>\u00c9br\u00e9cher:<\/strong>\u00a0Ntag215<\/li>\n<li><strong>Fr\u00e9quence:<\/strong>\u00a013,56 MHz<\/li>\n<li><strong>\u00c9tanche:<\/strong>\u00a0Oui<\/li>\n<li><strong>Applications :<\/strong>\u00a0Suivi des actifs, gestion des stocks, contr\u00f4le d&#039;acc\u00e8s et bien plus encore.<\/li>\n<\/ul>\n<table border=\"1\" cellspacing=\"0\" cellpadding=\"0\">\n<tbody>\n<tr>\n<td colspan=\"2\">\n<p align=\"left\">Caract\u00e9ristiques<\/p>\n<\/td>\n<\/tr>\n<tr>\n<td>\n<p align=\"left\">Type d&#039;\u00e9tiquette\/puce<\/p>\n<\/td>\n<td>\n<p align=\"left\">NXP Ntag215<\/p>\n<\/td>\n<\/tr>\n<tr>\n<td>\n<p align=\"left\">Fr\u00e9quence de fonctionnement<\/p>\n<\/td>\n<td>\n<p align=\"left\">13,56 MHz<\/p>\n<\/td>\n<\/tr>\n<tr>\n<td>\n<p align=\"left\">Plage de lecture test\u00e9e<\/p>\n<\/td>\n<td>\n<p align=\"left\">0 \u2013 100 mm selon la puissance fournie par le lecteur<\/p>\n<\/td>\n<\/tr>\n<tr>\n<td>\n<p align=\"left\">Multi-d\u00e9tection<\/p>\n<\/td>\n<td>\n<p align=\"left\">Oui<\/p>\n<\/td>\n<\/tr>\n<tr>\n<td>\n<p align=\"left\">Taille<\/p>\n<\/td>\n<td>Diam\u00e8tre 25 mm<\/td>\n<\/tr>\n<tr>\n<td>\n<p align=\"left\">Mat\u00e9riel<\/p>\n<\/td>\n<td>\n<p align=\"left\">PVC \/ PET \/ Antenne etc.<\/p>\n<\/td>\n<\/tr>\n<tr>\n<td>\n<p align=\"left\">Protocole:<\/p>\n<\/td>\n<td>\n<p align=\"left\">ISO14443A<\/p>\n<\/td>\n<\/tr>\n<tr>\n<td>\n<p align=\"left\">Sp\u00e9cification environnementale<\/p>\n<\/td>\n<td>\n<p align=\"left\">Dur\u00e9e de conservation 5 ans<\/p>\n<p align=\"left\">Recommand\u00e9 : -25\u00b0C \u00e0 +50\u00b0C<\/p>\n<p align=\"left\">Conditions de stockage : 20% \u00e0 90%RH<\/p>\n<p align=\"left\">Temp\u00e9rature de fonctionnement : -40 \u00b0C \u00e0 +65 \u00b0C<\/p>\n<\/td>\n<\/tr>\n<tr>\n<td>\n<p align=\"left\">Temps de lecture\/\u00e9criture\u00a0:<\/p>\n<\/td>\n<td>\n<p align=\"left\">100000 fois<\/p>\n<\/td>\n<\/tr>\n<tr>\n<td>\n<p align=\"left\">Application:<\/p>\n<\/td>\n<td>\n<p align=\"left\" data-spm-anchor-id=\"a2700.wholesale.0.i54.a0d8206fLph15n\">Transports en commun, Gestion des acc\u00e8s, Billets \u00e9lectroniques, Gestion de la logistique et des approvisionnements, Fabrication et assemblage de produits, \u00c9tiquettes de pare-brise, Suivi des documents, Gestion du linge, Gestion de la biblioth\u00e8que, Identit\u00e9 animale, etc.<\/p>\n<\/td>\n<\/tr>\n<\/tbody>\n<\/table>\n<p>&nbsp;<\/p>\n<p><strong>Avantages:<\/strong><\/p>\n<ul>\n<li><strong>S\u00e9curit\u00e9 renforc\u00e9e :<\/strong>\u00a0La technologie RFID aide \u00e0 prot\u00e9ger contre le vol et les acc\u00e8s non autoris\u00e9s.<\/li>\n<li><strong>Efficacit\u00e9 am\u00e9lior\u00e9e :<\/strong>\u00a0Le suivi en temps r\u00e9el permet une gestion efficace des actifs et un contr\u00f4le des stocks.<\/li>\n<li><strong>Rentabilit\u00e9 :<\/strong>\u00a0La construction durable et la conception \u00e9tanche minimisent les co\u00fbts de remplacement.<\/li>\n<li><strong>Applications polyvalentes :<\/strong>\u00a0Convient \u00e0 une large gamme d\u2019industries et de cas d\u2019utilisation.<\/li>\n<\/ul>","protected":false},"excerpt":{"rendered":"<p>L&#039;\u00e9tiquette NFC en PVC \u00e9tanche Ntag215 offre une solution fiable et polyvalente pour les besoins de suivi des actifs. Sa taille compacte, sa conception \u00e9tanche et sa puce NFC int\u00e9gr\u00e9e en font un outil pr\u00e9cieux pour les organisations cherchant \u00e0 optimiser leurs processus de gestion des actifs.<\/p>","protected":false},"featured_media":333,"template":"","meta":{"_kad_post_transparent":"default","_kad_post_title":"","_kad_post_layout":"default","_kad_post_sidebar_id":"","_kad_post_content_style":"default","_kad_post_vertical_padding":"default","_kad_post_feature":"","_kad_post_feature_position":"","_kad_post_header":false,"_kad_post_footer":false,"_kad_post_classname":""},"product_brand":[],"product_cat":[54],"product_tag":[145,144],"class_list":{"0":"post-332","1":"product","2":"type-product","3":"status-publish","4":"has-post-thumbnail","6":"product_cat-hot-selling-rfid-tags","7":"product_tag-anti-metal-nfc-tag","8":"product_tag-anti-metal-rfid-nfc-sticker","10":"first","11":"instock","12":"shipping-taxable","13":"product-type-simple","14":"entry","15":"content-bg","16":"loop-entry"},"_links":{"self":[{"href":"https:\/\/rfid-laundry-tag.com\/fr\/wp-json\/wp\/v2\/product\/332","targetHints":{"allow":["GET"]}}],"collection":[{"href":"https:\/\/rfid-laundry-tag.com\/fr\/wp-json\/wp\/v2\/product"}],"about":[{"href":"https:\/\/rfid-laundry-tag.com\/fr\/wp-json\/wp\/v2\/types\/product"}],"version-history":[{"count":0,"href":"https:\/\/rfid-laundry-tag.com\/fr\/wp-json\/wp\/v2\/product\/332\/revisions"}],"wp:featuredmedia":[{"embeddable":true,"href":"https:\/\/rfid-laundry-tag.com\/fr\/wp-json\/wp\/v2\/media\/333"}],"wp:attachment":[{"href":"https:\/\/rfid-laundry-tag.com\/fr\/wp-json\/wp\/v2\/media?parent=332"}],"wp:term":[{"taxonomy":"product_brand","embeddable":true,"href":"https:\/\/rfid-laundry-tag.com\/fr\/wp-json\/wp\/v2\/product_brand?post=332"},{"taxonomy":"product_cat","embeddable":true,"href":"https:\/\/rfid-laundry-tag.com\/fr\/wp-json\/wp\/v2\/product_cat?post=332"},{"taxonomy":"product_tag","embeddable":true,"href":"https:\/\/rfid-laundry-tag.com\/fr\/wp-json\/wp\/v2\/product_tag?post=332"}],"curies":[{"name":"wp","href":"https:\/\/api.w.org\/{rel}","templated":true}]}}