{"id":329,"date":"2024-06-28T07:30:57","date_gmt":"2024-06-28T07:30:57","guid":{"rendered":"https:\/\/rfid-laundry-tag.com\/?post_type=product&#038;p=329"},"modified":"2024-06-28T07:37:14","modified_gmt":"2024-06-28T07:37:14","slug":"mifare-ultralight-ev1-inlay-sticker","status":"publish","type":"product","link":"https:\/\/rfid-laundry-tag.com\/fr\/mifare-ultralight-ev1-inlay-sticker\/","title":{"rendered":"Autocollant Mifare Ultralight ev1"},"content":{"rendered":"<div>\n<div class=\"auto-hide-last-sibling-br paragraph_9dc5f paragraph-element\"><strong>Autocollants incrust\u00e9s MIFARE Ultralight EV1<\/strong> sont tr\u00e8s populaires et largement utilis\u00e9s, compte tenu de leur c\u00f4t\u00e9 pratique et de leur compatibilit\u00e9 avec une large gamme d&#039;appareils. Voici quelques options disponibles\u00a0:<\/div>\n<p><br class=\"container_21264 wrapper_661ac undefined\" \/><\/p>\n<ol class=\"auto-hide-last-sibling-br\">\n<li>\n<div class=\"auto-hide-last-sibling-br paragraph_9dc5f paragraph-element\"><strong>Autocollants NFC en papier MIFARE Ultralight\u00ae EV1 35x35mm<\/strong>:Tags NFC en papier adh\u00e9sif, ils sont dot\u00e9s d&#039;une puce NFC NXP MIFARE Ultralight\u00ae int\u00e9gr\u00e9e, compatible avec les smartphones et tablettes Android et BlackBerry. Leur capacit\u00e9 est de 41 octets. Fonctionnant selon les normes ISO\/IEC 14443 Type-A, ces stickers semblent malheureusement \u00eatre actuellement en rupture de stock.<\/div>\n<\/li>\n<li><strong>\u00c9tiquette RFID 56x18mm NXP Mifare\u00aeUltralight EV1 50pf | ISO14443A<\/strong>:Cette \u00e9tiquette RFID de haute qualit\u00e9 est dot\u00e9e de la puce NXP Mifare\u00ae Ultralight EV1, dot\u00e9e d&#039;une capacit\u00e9 de 50 pF garantissant une port\u00e9e de lecture et des performances optimales. Enti\u00e8rement conforme \u00e0 la norme ISO14443A, elle est parfaite pour une utilisation dans des applications allant des transports publics et des programmes de fid\u00e9lit\u00e9 \u00e0 la billetterie \u00e9v\u00e9nementielle et aux solutions de ville intelligente.<\/li>\n<\/ol>\n<\/div>\n<div class=\"text-title\"><strong><span class=\"magic-26\" style=\"font-family: Arial;\" data-spm-anchor-id=\"a2700.details.0.i47.6f4d7d7dnursE7\">Incrustation s\u00e8che<\/span><\/strong><\/div>\n<div class=\"text-content\">\n<p><span class=\"magic-6\" style=\"font-family: Arial;\">En termes simples, l&#039;incrustation s\u00e8che RFID est une combinaison de puce RFID et d&#039;antenne. Elle peut \u00eatre utilis\u00e9e pour fabriquer des autocollants NFC, des \u00e9tiquettes RFID, des tickets RFID et diverses \u00e9tiquettes RFID. <\/span><\/p>\n<div data-spm-anchor-id=\"a2700.details.0.i46.6f4d7d7dnursE7\">\n<p><span class=\"magic-6\" style=\"font-family: Arial;\"> L&#039;antenne \u00e0 incrustation s\u00e8che est grav\u00e9e en aluminium, ce qui est plus fin que la bobine en cuivre. La forme de l&#039;antenne peut \u00eatre personnalis\u00e9e et repens\u00e9e \u00e0 la demande.<\/span><\/p>\n<p>&nbsp;<\/p>\n<\/div>\n<\/div>\n<div>\n<div class=\"text-title\"><strong><span class=\"magic-26\" style=\"font-family: Arial;\">Incrustation humide<\/span><\/strong><\/div>\n<div class=\"text-content\">\n<p><span class=\"magic-6\" style=\"font-family: Arial;\" data-spm-anchor-id=\"a2700.details.0.i49.6f4d7d7dnursE7\">L&#039;incrustation s\u00e8che RFID ajout\u00e9e avec un adh\u00e9sif est appel\u00e9e incrustation humide. Elle peut \u00eatre utilis\u00e9e directement comme \u00e9tiquette RFID ou autocollant NFC si vous n&#039;avez pas besoin d&#039;impression sur la surface. Le fait d&#039;\u00eatre coll\u00e9 sur les objets peut r\u00e9duire les co\u00fbts et atteindre le m\u00eame objectif. Elle est \u00e9galement largement utilis\u00e9e dans la fabrication d&#039;\u00e9tiquettes RFID. L&#039;antenne de l&#039;incrustation humide est une gravure en aluminium, qui est plus fine que la bobine de cuivre. La forme de l&#039;antenne peut \u00eatre personnalis\u00e9e et repens\u00e9e \u00e0 la demande.<\/span><\/p>\n<div><strong>Autocollant Mifare Ultralight ev1<\/strong><\/div>\n<div><\/div>\n<div data-spm-anchor-id=\"a2700.details.0.i48.6f4d7d7dnursE7\">\n<table class=\"hight-light-first-column all magic-14\">\n<tbody>\n<tr>\n<td colspan=\"1\" rowspan=\"1\">\n<div class=\"magic-15\"><b>Mat\u00e9riel<\/b><\/div>\n<\/td>\n<td colspan=\"1\" rowspan=\"1\">\n<div class=\"magic-16\" data-spm-anchor-id=\"a2700.details.0.i34.21f6414cWQ4Zrf\">Papier \/ Papier thermique \/ Tissu \/ PVC \/ PET<\/div>\n<\/td>\n<\/tr>\n<tr>\n<td colspan=\"1\" rowspan=\"1\">\n<div class=\"magic-15\"><b>Taille<\/b><\/div>\n<\/td>\n<td colspan=\"1\" rowspan=\"1\">\n<div class=\"magic-16\">18*56mm, 25*25mm, 30*30mm, 40*40mm, Dia18mm, Dia20mm, Dia22mm, Dia25mm, ou taille personnalis\u00e9e.<\/div>\n<\/td>\n<\/tr>\n<tr>\n<td colspan=\"1\" rowspan=\"1\">\n<div class=\"magic-15\"><b>Impression<\/b><\/div>\n<\/td>\n<td colspan=\"1\" rowspan=\"1\">\n<div class=\"magic-16\">Pas besoin d&#039;imprimer<\/div>\n<\/td>\n<\/tr>\n<tr>\n<td colspan=\"1\" rowspan=\"1\">\n<div class=\"magic-15\"><b>Puce disponible<\/b><\/div>\n<\/td>\n<td colspan=\"1\" rowspan=\"1\">\n<div class=\"magic-16\">\n<p><strong>Mifare Ultralight ev1 <\/strong><\/p>\n<\/div>\n<\/td>\n<\/tr>\n<tr>\n<td colspan=\"1\" rowspan=\"1\">\n<div class=\"magic-21\"><b>Protocole:<\/b><\/div>\n<\/td>\n<td colspan=\"4\" rowspan=\"1\">\n<div class=\"magic-22\">ISO\/CEI 14443 Type A<\/div>\n<\/td>\n<\/tr>\n<tr>\n<td colspan=\"1\" rowspan=\"1\">\n<div class=\"magic-26\"><b>Artisanat :<\/b><\/div>\n<\/td>\n<td colspan=\"4\" rowspan=\"1\">\n<div class=\"magic-22\" data-spm-anchor-id=\"a2700.details.0.i33.21f6414cWQ4Zrf\">Impression, code-barres, QR code, etc.<\/div>\n<\/td>\n<\/tr>\n<\/tbody>\n<\/table>\n<\/div>\n<\/div>\n<\/div>","protected":false},"excerpt":{"rendered":"<p>L&#039;autocollant ou transpondeur Mifare Ultralight ev1, un type de composant brut, peut \u00eatre transform\u00e9 en divers articles tels que des tickets, des badges, des \u00e9tiquettes ou des cartes. Simultan\u00e9ment, ces inlays RFID NFC HF peuvent \u00eatre produits dans une gamme de tailles, personnalis\u00e9es pour r\u00e9pondre \u00e0 vos besoins sp\u00e9cifiques.<\/p>","protected":false},"featured_media":328,"template":"","meta":{"_kad_post_transparent":"default","_kad_post_title":"","_kad_post_layout":"default","_kad_post_sidebar_id":"","_kad_post_content_style":"default","_kad_post_vertical_padding":"default","_kad_post_feature":"","_kad_post_feature_position":"","_kad_post_header":false,"_kad_post_footer":false,"_kad_post_classname":""},"product_brand":[],"product_cat":[54],"product_tag":[112,142,143],"class_list":{"0":"post-329","1":"product","2":"type-product","3":"status-publish","4":"has-post-thumbnail","6":"product_cat-hot-selling-rfid-tags","7":"product_tag-13-56mhz-rfid-inlay","8":"product_tag-mifare-ultralight-ev1-inlay-sticker","9":"product_tag-ultralight-ev1-nfc-inlay-sticker","11":"first","12":"instock","13":"shipping-taxable","14":"product-type-simple","15":"entry","16":"content-bg","17":"loop-entry"},"_links":{"self":[{"href":"https:\/\/rfid-laundry-tag.com\/fr\/wp-json\/wp\/v2\/product\/329","targetHints":{"allow":["GET"]}}],"collection":[{"href":"https:\/\/rfid-laundry-tag.com\/fr\/wp-json\/wp\/v2\/product"}],"about":[{"href":"https:\/\/rfid-laundry-tag.com\/fr\/wp-json\/wp\/v2\/types\/product"}],"version-history":[{"count":0,"href":"https:\/\/rfid-laundry-tag.com\/fr\/wp-json\/wp\/v2\/product\/329\/revisions"}],"wp:featuredmedia":[{"embeddable":true,"href":"https:\/\/rfid-laundry-tag.com\/fr\/wp-json\/wp\/v2\/media\/328"}],"wp:attachment":[{"href":"https:\/\/rfid-laundry-tag.com\/fr\/wp-json\/wp\/v2\/media?parent=329"}],"wp:term":[{"taxonomy":"product_brand","embeddable":true,"href":"https:\/\/rfid-laundry-tag.com\/fr\/wp-json\/wp\/v2\/product_brand?post=329"},{"taxonomy":"product_cat","embeddable":true,"href":"https:\/\/rfid-laundry-tag.com\/fr\/wp-json\/wp\/v2\/product_cat?post=329"},{"taxonomy":"product_tag","embeddable":true,"href":"https:\/\/rfid-laundry-tag.com\/fr\/wp-json\/wp\/v2\/product_tag?post=329"}],"curies":[{"name":"wp","href":"https:\/\/api.w.org\/{rel}","templated":true}]}}