{"id":3242,"date":"2026-01-13T13:41:34","date_gmt":"2026-01-13T13:41:34","guid":{"rendered":"https:\/\/rfid-laundry-tag.com\/?post_type=product&#038;p=3242"},"modified":"2026-03-12T10:03:35","modified_gmt":"2026-03-12T10:03:35","slug":"mifare-s50-rfid-inlay","status":"publish","type":"product","link":"https:\/\/rfid-laundry-tag.com\/fr\/mifare-s50-rfid-inlay\/","title":{"rendered":"Incrustation RFID MIFARE S50"},"content":{"rendered":"<h2>Incrustation RFID MIFARE S50<\/h2>\n<p><span class=\"ng-star-inserted\">Le <a href=\"https:\/\/rfid-laundry-tag.com\/fr\/rfid-inlay\/\">MIFARE S50\u00a0<\/a><\/span><strong class=\"ng-star-inserted\"><span class=\"ng-star-inserted\">Incrustation RFID<\/span><\/strong><span class=\"ng-star-inserted\">\u00a0est une solution de pointe con\u00e7ue pour simplifier vos op\u00e9rations, renforcer la s\u00e9curit\u00e9 et optimiser l&#039;exp\u00e9rience utilisateur dans de nombreuses applications. Cette technologie puissante et discr\u00e8te vous permet de g\u00e9rer facilement les acc\u00e8s, de traiter les paiements, de suivre les actifs et d&#039;interagir avec vos clients de mani\u00e8re innovante. Ce produit est un investissement judicieux gr\u00e2ce \u00e0 sa fiabilit\u00e9, sa compatibilit\u00e9 et sa facilit\u00e9 d&#039;int\u00e9gration exceptionnelles, ce qui en fait le choix id\u00e9al pour les entreprises souhaitant exploiter la puissance de la RFID. Que vous cherchiez \u00e0 mettre en place un contr\u00f4le d&#039;acc\u00e8s s\u00e9curis\u00e9, \u00e0 cr\u00e9er un syst\u00e8me de paiement sans esp\u00e8ces fluide ou \u00e0 r\u00e9volutionner votre gestion des stocks, <a href=\"https:\/\/rfid-laundry-tag.com\/fr\/rfid-inlay\/\">MIFARE S50\u00a0<\/a><\/span><strong class=\"ng-star-inserted\"><span class=\"ng-star-inserted\">Incrustation RFID<\/span><\/strong><span class=\"ng-star-inserted\">\u00a0Il offre les performances et la polyvalence n\u00e9cessaires \u00e0 votre r\u00e9ussite. En bref, ce produit est indispensable.<\/span><\/p>\n<table class=\"has-title all magic-13\">\n<tbody>\n<tr>\n<td colspan=\"1\" rowspan=\"1\">\n<div class=\"magic-14\" data-spm-anchor-id=\"a2700.details.0.i37.2ec61361oDo4aX\">Nom du produit<\/div>\n<\/td>\n<td colspan=\"1\" rowspan=\"1\">\n<div class=\"magic-15\">Incrustation RFID MIFARE S50<\/div>\n<\/td>\n<\/tr>\n<tr>\n<td colspan=\"1\" rowspan=\"1\">\n<div class=\"magic-14\">\u00c9br\u00e9cher<\/div>\n<\/td>\n<td colspan=\"1\" rowspan=\"1\">\n<div class=\"magic-15\">MIFARE Classic\u00ae 1K<\/div>\n<\/td>\n<\/tr>\n<tr>\n<td colspan=\"1\" rowspan=\"1\">\n<div class=\"magic-14\">Fr\u00e9quence<\/div>\n<\/td>\n<td colspan=\"1\" rowspan=\"1\">\n<div class=\"magic-15\">13,56 MHz<\/div>\n<\/td>\n<\/tr>\n<tr>\n<td colspan=\"1\" rowspan=\"1\">\n<div class=\"magic-14\">Distance de lecture<\/div>\n<\/td>\n<td colspan=\"1\" rowspan=\"1\">\n<div class=\"magic-15\">1-5 CM<\/div>\n<\/td>\n<\/tr>\n<tr>\n<td colspan=\"1\" rowspan=\"1\">\n<div class=\"magic-14\">Mat\u00e9riel<\/div>\n<\/td>\n<td colspan=\"1\" rowspan=\"1\">\n<div class=\"magic-15\">Papier couch\u00e9<\/div>\n<\/td>\n<\/tr>\n<tr>\n<td colspan=\"1\" rowspan=\"1\">\n<div class=\"magic-14\">Substrat<\/div>\n<\/td>\n<td colspan=\"1\" rowspan=\"1\">\n<div class=\"magic-15\">ANIMAL DE COMPAGNIE<\/div>\n<\/td>\n<\/tr>\n<tr>\n<td colspan=\"1\" rowspan=\"1\">\n<div class=\"magic-14\">Diam\u00e8tre 50 mmTaille<\/div>\n<\/td>\n<td colspan=\"1\" rowspan=\"1\">\n<div class=\"magic-15\">Diam\u00e8tre 25mm ou personnalisation<\/div>\n<\/td>\n<\/tr>\n<tr>\n<td colspan=\"1\" rowspan=\"1\">\n<div class=\"magic-14\">Mode de fonctionnement<\/div>\n<\/td>\n<td colspan=\"1\" rowspan=\"1\">\n<div class=\"magic-15\">Passif<\/div>\n<\/td>\n<\/tr>\n<tr>\n<td colspan=\"1\" rowspan=\"1\">\n<div class=\"magic-14\">Cycles d&#039;\u00e9criture<\/div>\n<\/td>\n<td colspan=\"1\" rowspan=\"1\">\n<div class=\"magic-15\">100000<\/div>\n<\/td>\n<\/tr>\n<tr>\n<td colspan=\"1\" rowspan=\"1\">\n<div class=\"magic-14\">Temp\u00e9rature \/ humidit\u00e9 de fonctionnement<\/div>\n<\/td>\n<td colspan=\"1\" rowspan=\"1\">\n<div class=\"magic-15\">-40~70\u2103\/20%~90% HR<\/div>\n<\/td>\n<\/tr>\n<tr>\n<td colspan=\"1\" rowspan=\"1\">\n<div class=\"magic-14\">Temp\u00e9rature \/ humidit\u00e9 de stockage<\/div>\n<\/td>\n<td colspan=\"1\" rowspan=\"1\">\n<div class=\"magic-15\">-20~50\u2103 \/ 20%~90% RH (sans condensation).<\/div>\n<\/td>\n<\/tr>\n<tr>\n<td colspan=\"1\" rowspan=\"1\">\n<div class=\"magic-14\">Disponibilit\u00e9 des \u00e9chantillons<\/div>\n<\/td>\n<td colspan=\"1\" rowspan=\"1\">\n<div class=\"magic-15\">Des \u00e9chantillons gratuits sont disponibles sur demande<\/div>\n<\/td>\n<\/tr>\n<tr>\n<td colspan=\"1\" rowspan=\"1\">\n<div class=\"magic-14\">Conditionnement<\/div>\n<\/td>\n<td colspan=\"1\" rowspan=\"1\">\n<div class=\"magic-15\">1000-5000 pi\u00e8ces\/rouleau, 4 rouleaux\/carton<\/div>\n<\/td>\n<\/tr>\n<tr>\n<td colspan=\"1\" rowspan=\"1\">\n<div class=\"magic-14\">\n<p>Application<\/p>\n<div><\/div>\n<\/div>\n<\/td>\n<td colspan=\"1\" rowspan=\"1\">\n<div class=\"magic-15\" data-spm-anchor-id=\"a2700.details.0.i47.2ec61361oDo4aX\">Contr\u00f4le d&#039;admission s\u00e9curis\u00e9\/Paiement sans esp\u00e8ces Programmes d&#039;adh\u00e9sion et de fid\u00e9lit\u00e9 Acc\u00e8s aux \u00e9v\u00e9nements et image de marque\/R\u00e9seaux sociaux\/Vente au d\u00e9tail<br \/>\nEnvironnement\/Jeux &amp; Jouets Localisation\/Electronique\/Salons\/Ev\u00e9nements\/Demande d&#039;appel\/Cartes de visite<\/div>\n<\/td>\n<\/tr>\n<\/tbody>\n<\/table>\n<p>&nbsp;<\/p>\n<p>Le MIFARE S50<a href=\"https:\/\/rfid-laundry-tag.com\/fr\/rfid-inlay\/\"> Incrustation RFID\u00a0<\/a>est une solution polyvalente con\u00e7ue pour r\u00e9pondre aux exigences croissantes des applications modernes. Fonctionnant \u00e0 une fr\u00e9quence de 13,56 MHz, cet inlay compatible NFC conserve toutes les fonctionnalit\u00e9s essentielles de la technologie MIFARE Classic tout en offrant une fonctionnalit\u00e9 conviviale. Avec sa taille compacte de 25 mm de diam\u00e8tre et 0,5 mm d&#039;\u00e9paisseur, il est disponible dans un format d&#039;\u00e9tiquette autocollante vierge pratique, ce qui le rend facile \u00e0 fixer et \u00e0 utiliser dans diverses applications. Que vous recherchiez des solutions RFID pour les syst\u00e8mes de paiement, le contr\u00f4le d&#039;acc\u00e8s ou l&#039;identification, l&#039;inlay MIFARE Classic 1K offre une fiabilit\u00e9 et des performances in\u00e9gal\u00e9es.<\/p>\n<h3>Pourquoi choisir l&#039;incrustation RFID MIFARE S50\u00a0?<\/h3>\n<ul>\n<li><strong>Int\u00e9gration facile<\/strong>:Id\u00e9al pour une vari\u00e9t\u00e9 d&#039;applications, des syst\u00e8mes de paiement \u00e0 la billetterie d&#039;\u00e9v\u00e9nements, cet incrustation s&#039;int\u00e8gre parfaitement aux plates-formes existantes.<\/li>\n<li><strong>Solution \u00e9conomique<\/strong>:Avec un prix bas, une haute qualit\u00e9 et une conception durable, il pr\u00e9sente une option \u00e9conomique sans compromettre les performances.<\/li>\n<li><strong>Convivial<\/strong>:Le format d&#039;autocollant vierge permet un \u00e9tiquetage facile et des applications personnalis\u00e9es, am\u00e9liorant ainsi l&#039;exp\u00e9rience utilisateur.<\/li>\n<\/ul>\n<h3>La technologie NFC expliqu\u00e9e<\/h3>\n<p>La technologie NFC (Near Field Communication) constitue l&#039;\u00e9pine dorsale de l&#039; <strong>Inlay MIFARE Classic 1K<\/strong>. Gr\u00e2ce \u00e0 cette technologie, l&#039;incrustation permet un \u00e9change de donn\u00e9es sans contact entre les appareils. Cette fonctionnalit\u00e9 ne se limite pas aux interactions entre cartes et lecteurs, mais facilite \u00e9galement les paiements mobiles et le contr\u00f4le d&#039;acc\u00e8s s\u00e9curis\u00e9.<\/p>\n<h3>Principaux avantages de MIFARE Classic 1K<\/h3>\n<ul>\n<li><strong>S\u00e9curit\u00e9 renforc\u00e9e<\/strong>:Avec un UID unique de 4 octets, l&#039;inlay MIFARE Classic 1K aide \u00e0 emp\u00eacher la duplication des donn\u00e9es, ajoutant une couche de s\u00e9curit\u00e9 suppl\u00e9mentaire \u00e0 vos applications.<\/li>\n<li><strong>Versatilit\u00e9<\/strong>:Convient \u00e0 diverses applications sans contact, de la vente au d\u00e9tail au transport, am\u00e9liorant l&#039;engagement de l&#039;utilisateur.<\/li>\n<li><strong>Compatibilit\u00e9<\/strong>:Enti\u00e8rement compatible avec le lecteur\/graveur ACR122U, ainsi qu&#039;avec d&#039;autres appareils MIFARE Classic, ce qui en fait un outil universel dans votre arsenal NFC.<\/li>\n<\/ul>\n<h3>Instructions d&#039;utilisation<\/h3>\n<p>Pour utiliser l&#039;inlay RFID MIFARE S50, il suffit de le fixer sur la surface souhait\u00e9e \u00e0 l&#039;aide de l&#039;adh\u00e9sif fourni. Assurez-vous que la surface est propre et s\u00e8che pour une adh\u00e9rence optimale. Une fois coll\u00e9, l&#039;inlay peut \u00eatre lu et \u00e9crit \u00e0 l&#039;aide d&#039;un appareil compatible NFC ou d&#039;un lecteur compatible, tel que l&#039;ACR122U.<\/p>\n<h3>Impact environnemental<\/h3>\n<p>L&#039;insert RFID MIFARE S50 est fabriqu\u00e9 dans le respect de l&#039;environnement. L&#039;utilisation de mat\u00e9riaux durables et recyclables vous permet, tout en r\u00e9pondant \u00e0 vos besoins personnels ou professionnels, d&#039;adopter des pratiques \u00e9coresponsables.<\/p>\n<h2 class=\"ng-star-inserted\"><strong class=\"ng-star-inserted\"><span class=\"ng-star-inserted\">\u00c9tiquettes et incrustations RFID\u00a0: des possibilit\u00e9s d\u2019application illimit\u00e9es<\/span><\/strong><\/h2>\n<p class=\"ng-star-inserted\"><span class=\"ng-star-inserted\">Incrustation RFID MIFARE S50<\/span><span class=\"ng-star-inserted\">\u00a0est une solution polyvalente qui peut \u00eatre utilis\u00e9e dans un large \u00e9ventail d&#039;applications, notamment\u00a0:<\/span><\/p>\n<ul class=\"ng-star-inserted\">\n<li class=\"ng-star-inserted\">\n<p class=\"ng-star-inserted\"><strong class=\"ng-star-inserted\"><span class=\"ng-star-inserted\">Contr\u00f4le d&#039;admission s\u00e9curis\u00e9\u00a0:<\/span><\/strong><span class=\"ng-star-inserted\">\u00a0Accordez l&#039;acc\u00e8s au personnel autoris\u00e9 et emp\u00eachez toute intrusion. Id\u00e9al pour les bureaux, les \u00e9v\u00e9nements et les zones \u00e0 acc\u00e8s restreint.<\/span><\/p>\n<\/li>\n<li class=\"ng-star-inserted\">\n<p class=\"ng-star-inserted\"><strong class=\"ng-star-inserted\"><span class=\"ng-star-inserted\">Paiement sans esp\u00e8ces\u00a0:<\/span><\/strong><span class=\"ng-star-inserted\">\u00a0Permettre des paiements fluides et s\u00e9curis\u00e9s dans des environnements ferm\u00e9s tels que les parcs d&#039;attractions, les complexes h\u00f4teliers et les campus d&#039;entreprises.<\/span><\/p>\n<\/li>\n<li class=\"ng-star-inserted\">\n<p class=\"ng-star-inserted\"><strong class=\"ng-star-inserted\"><span class=\"ng-star-inserted\">Programmes d&#039;adh\u00e9sion et de fid\u00e9lit\u00e9\u00a0:<\/span><\/strong><span class=\"ng-star-inserted\">\u00a0Suivez l&#039;activit\u00e9 des membres, r\u00e9compensez les clients fid\u00e8les et personnalisez leurs exp\u00e9riences.<\/span><\/p>\n<\/li>\n<li class=\"ng-star-inserted\">\n<p class=\"ng-star-inserted\"><strong class=\"ng-star-inserted\"><span class=\"ng-star-inserted\">Acc\u00e8s \u00e0 l&#039;\u00e9v\u00e9nement et image de marque\u00a0:<\/span><\/strong><span class=\"ng-star-inserted\">\u00a0Simplifiez l&#039;inscription, collectez des donn\u00e9es pr\u00e9cieuses et am\u00e9liorez l&#039;engagement des participants.<\/span><\/p>\n<\/li>\n<li class=\"ng-star-inserted\">\n<p class=\"ng-star-inserted\"><strong class=\"ng-star-inserted\"><span class=\"ng-star-inserted\">R\u00e9seaux sociaux:<\/span><\/strong><span class=\"ng-star-inserted\">\u00a0Cr\u00e9ez des exp\u00e9riences interactives en int\u00e9grant des encarts dans vos supports promotionnels, permettant ainsi aux utilisateurs d&#039;interagir avec votre marque en ligne.<\/span><\/p>\n<\/li>\n<li class=\"ng-star-inserted\">\n<p class=\"ng-star-inserted\"><strong class=\"ng-star-inserted\"><span class=\"ng-star-inserted\">Environnement de vente au d\u00e9tail :<\/span><\/strong><span class=\"ng-star-inserted\">\u00a0G\u00e9rez vos stocks, pr\u00e9venez les vols et obtenez des informations pr\u00e9cieuses sur le comportement des clients.<\/span><\/p>\n<\/li>\n<li class=\"ng-star-inserted\">\n<p class=\"ng-star-inserted\"><strong class=\"ng-star-inserted\"><span class=\"ng-star-inserted\">Jeux et jouets :<\/span><\/strong><span class=\"ng-star-inserted\">\u00a0Ajoutez une nouvelle dimension d&#039;interactivit\u00e9 et d&#039;engagement aux jouets et aux jeux.<\/span><\/p>\n<\/li>\n<li class=\"ng-star-inserted\">\n<p class=\"ng-star-inserted\"><strong class=\"ng-star-inserted\"><span class=\"ng-star-inserted\">Emplacement:<\/span><\/strong><span class=\"ng-star-inserted\">\u00a0Suivre les actifs, contr\u00f4ler leurs mouvements et am\u00e9liorer l&#039;efficacit\u00e9 logistique.<\/span><\/p>\n<\/li>\n<li class=\"ng-star-inserted\">\n<p class=\"ng-star-inserted\"><strong class=\"ng-star-inserted\"><span class=\"ng-star-inserted\">\u00c9lectronique:<\/span><\/strong><span class=\"ng-star-inserted\">\u00a0Int\u00e9grer des puces dans les appareils \u00e9lectroniques \u00e0 des fins d&#039;authentification, de suivi et de lutte contre la contrefa\u00e7on.<\/span><\/p>\n<\/li>\n<li class=\"ng-star-inserted\">\n<p class=\"ng-star-inserted\"><strong class=\"ng-star-inserted\"><span class=\"ng-star-inserted\">Salons\/\u00c9v\u00e9nements professionnels\u00a0:<\/span><\/strong><span class=\"ng-star-inserted\">\u00a0Faciliter la g\u00e9n\u00e9ration de prospects, suivre les int\u00e9r\u00eats des participants et proposer des exp\u00e9riences interactives.<\/span><\/p>\n<\/li>\n<li class=\"ng-star-inserted\">\n<p class=\"ng-star-inserted\"><strong class=\"ng-star-inserted\"><span class=\"ng-star-inserted\">Demande d&#039;appel\u00a0:<\/span><\/strong><span class=\"ng-star-inserted\">\u00a0Permettez aux utilisateurs de demander des informations ou de l&#039;aide d&#039;un simple clic.<\/span><\/p>\n<\/li>\n<li class=\"ng-star-inserted\">\n<p class=\"ng-star-inserted\"><strong class=\"ng-star-inserted\"><span class=\"ng-star-inserted\">Cartes de visite :<\/span><\/strong><span class=\"ng-star-inserted\">\u00a0Transformez les cartes de visite traditionnelles en outils interactifs de r\u00e9seautage et de partage d&#039;informations.<\/span><\/p>\n<\/li>\n<\/ul>\n<h2>FAQ<\/h2>\n<ul>\n<li><strong>Quelle est la port\u00e9e de l&#039;incrustation RFID MIFARE S50\u00a0?<\/strong><br \/>\nLa port\u00e9e effective est g\u00e9n\u00e9ralement d&#039;environ 10 cm lors de l&#039;utilisation d&#039;appareils de lecture NFC classiques.<\/li>\n<li><strong>Puis-je personnaliser l&#039;insert RFID MIFARE S50\u00a0?<\/strong><br \/>\nOui, les incrustations peuvent \u00eatre imprim\u00e9es ou cod\u00e9es avec des donn\u00e9es personnalis\u00e9es, ce qui les rend adapt\u00e9es \u00e0 diverses applications.<\/li>\n<li><strong>L&#039;insert RFID MIFARE S50 est-il \u00e9tanche\u00a0?<\/strong><br \/>\nBien que les incrustations soient con\u00e7ues pour r\u00e9sister \u00e0 des conditions environnementales mod\u00e9r\u00e9es, il est recommand\u00e9 d\u2019\u00e9viter une exposition prolong\u00e9e \u00e0 l\u2019eau pour maintenir une fonctionnalit\u00e9 optimale.<\/li>\n<\/ul>","protected":false},"excerpt":{"rendered":"<p>L&#039;incrustation RFID MIFARE S50 est une solution NFC polyvalente dot\u00e9e d&#039;une m\u00e9moire de 1 Ko pour des applications s\u00e9curis\u00e9es et sans contact dans divers environnements.<\/p>","protected":false},"featured_media":3243,"template":"","meta":{"_kad_post_transparent":"default","_kad_post_title":"","_kad_post_layout":"default","_kad_post_sidebar_id":"","_kad_post_content_style":"default","_kad_post_vertical_padding":"default","_kad_post_feature":"","_kad_post_feature_position":"","_kad_post_header":false,"_kad_post_footer":false,"_kad_post_classname":""},"product_brand":[],"product_cat":[189],"product_tag":[398,111,194,393,108,399],"class_list":{"0":"post-3242","1":"product","2":"type-product","3":"status-publish","4":"has-post-thumbnail","6":"product_cat-rfid-inlay","7":"product_tag-mifare-s50-rfid-inlay","8":"product_tag-nfc-inlay","9":"product_tag-nfc-rfid-inlay","10":"product_tag-nfc-wet-inlay-sticker-tag-clear","11":"product_tag-rfid-inlay","12":"product_tag-rfid-inlay-factory","14":"first","15":"instock","16":"shipping-taxable","17":"product-type-simple","18":"entry","19":"content-bg","20":"loop-entry"},"_links":{"self":[{"href":"https:\/\/rfid-laundry-tag.com\/fr\/wp-json\/wp\/v2\/product\/3242","targetHints":{"allow":["GET"]}}],"collection":[{"href":"https:\/\/rfid-laundry-tag.com\/fr\/wp-json\/wp\/v2\/product"}],"about":[{"href":"https:\/\/rfid-laundry-tag.com\/fr\/wp-json\/wp\/v2\/types\/product"}],"version-history":[{"count":1,"href":"https:\/\/rfid-laundry-tag.com\/fr\/wp-json\/wp\/v2\/product\/3242\/revisions"}],"predecessor-version":[{"id":3247,"href":"https:\/\/rfid-laundry-tag.com\/fr\/wp-json\/wp\/v2\/product\/3242\/revisions\/3247"}],"wp:featuredmedia":[{"embeddable":true,"href":"https:\/\/rfid-laundry-tag.com\/fr\/wp-json\/wp\/v2\/media\/3243"}],"wp:attachment":[{"href":"https:\/\/rfid-laundry-tag.com\/fr\/wp-json\/wp\/v2\/media?parent=3242"}],"wp:term":[{"taxonomy":"product_brand","embeddable":true,"href":"https:\/\/rfid-laundry-tag.com\/fr\/wp-json\/wp\/v2\/product_brand?post=3242"},{"taxonomy":"product_cat","embeddable":true,"href":"https:\/\/rfid-laundry-tag.com\/fr\/wp-json\/wp\/v2\/product_cat?post=3242"},{"taxonomy":"product_tag","embeddable":true,"href":"https:\/\/rfid-laundry-tag.com\/fr\/wp-json\/wp\/v2\/product_tag?post=3242"}],"curies":[{"name":"wp","href":"https:\/\/api.w.org\/{rel}","templated":true}]}}