{"id":324,"date":"2024-06-28T06:46:40","date_gmt":"2024-06-28T06:46:40","guid":{"rendered":"https:\/\/rfid-laundry-tag.com\/?post_type=product&#038;p=324"},"modified":"2024-08-14T16:46:59","modified_gmt":"2024-08-14T16:46:59","slug":"nxp-ntag213-nfc-inlay-144byte","status":"publish","type":"product","link":"https:\/\/rfid-laundry-tag.com\/fr\/nxp-ntag213-nfc-inlay-144byte\/","title":{"rendered":"Incrustation NFC NXP Ntag213 144 octets"},"content":{"rendered":"<div>\n<div>Incrustation NFC NXP Ntag213 144 octets<\/div>\n<div><\/div>\n<div>Les inlays RFID NFC jouent un r\u00f4le important dans le fonctionnement optimis\u00e9 des syst\u00e8mes bas\u00e9s sur la radiofr\u00e9quence.<\/div>\n<div>Dans le contexte de l&#039;inlay NFC NXP Ntag213 d&#039;une capacit\u00e9 de 144 octets, cela peut \u00eatre particuli\u00e8rement vrai.<\/div>\n<div>Ces incrustations se pr\u00e9sentent sous deux formes, humides et s\u00e8ches, chacune ayant une fonction unique.<\/div>\n<div><\/div>\n<div><\/div>\n<div class=\"auto-hide-last-sibling-br paragraph_9dc5f paragraph-element\">La puce NTAG213 offre de nombreux avantages, tels que :<\/div>\n<p>&nbsp;<\/p>\n<ul class=\"auto-hide-last-sibling-br\">\n<li>Transfert d&#039;\u00e9nergie et de donn\u00e9es sans contact<\/li>\n<li>Capacit\u00e9 de lecture rapide<\/li>\n<li>Performances RF am\u00e9lior\u00e9es<\/li>\n<li>Fonctionnalit\u00e9s de s\u00e9curit\u00e9, notamment protection par mot de passe et fonctions anti-collision<\/li>\n<li>Conformit\u00e9 totale aux sp\u00e9cifications du NFC Forum Tag Type 2<\/li>\n<\/ul>\n<\/div>\n<div>\n<table class=\"all magic-9\">\n<tbody>\n<tr>\n<td colspan=\"1\" rowspan=\"1\">\n<div class=\"magic-10\">Mat\u00e9riel<\/div>\n<\/td>\n<td colspan=\"1\" rowspan=\"1\">\n<div class=\"magic-11\" data-spm-anchor-id=\"a2700.details.0.i85.504d267eS1Hb6u\">PET, PVC, papier couch\u00e9, etc.<\/div>\n<\/td>\n<\/tr>\n<tr>\n<td colspan=\"1\" rowspan=\"1\">\n<div class=\"magic-10\">\u00c9br\u00e9cher<\/div>\n<\/td>\n<td colspan=\"1\" rowspan=\"1\">\n<div class=\"magic-11\">Ntag213\/Ntag215\/Ntag216 etc<\/div>\n<\/td>\n<\/tr>\n<tr>\n<td colspan=\"1\" rowspan=\"1\">\n<div class=\"magic-10\">Fr\u00e9quence<\/div>\n<\/td>\n<td colspan=\"1\" rowspan=\"1\">\n<div class=\"magic-11\">13,56 MHz<\/div>\n<\/td>\n<\/tr>\n<tr>\n<td colspan=\"1\" rowspan=\"1\">\n<div class=\"magic-10\">Protocole<\/div>\n<\/td>\n<td colspan=\"1\" rowspan=\"1\">\n<div class=\"magic-11\">ISO 14443A<\/div>\n<\/td>\n<\/tr>\n<tr>\n<td colspan=\"1\" rowspan=\"1\">\n<div class=\"magic-10\">Taille<\/div>\n<\/td>\n<td colspan=\"1\" rowspan=\"1\">\n<div class=\"magic-11\">Diam\u00e8tre 25, 30, 35 mm ou taille personnalis\u00e9e<\/div>\n<\/td>\n<\/tr>\n<tr>\n<td colspan=\"1\" rowspan=\"1\">\n<div class=\"magic-10\">Fonctionnalit\u00e9<\/div>\n<\/td>\n<td colspan=\"1\" rowspan=\"1\">\n<div class=\"magic-11\">Imperm\u00e9able, r\u00e9sistant, impression personnalis\u00e9e<\/div>\n<\/td>\n<\/tr>\n<tr>\n<td colspan=\"1\" rowspan=\"1\">\n<div class=\"magic-10\">\u00c9chantillon<\/div>\n<\/td>\n<td colspan=\"1\" rowspan=\"1\">\n<div class=\"magic-11\">disponible gratuitement<\/div>\n<\/td>\n<\/tr>\n<tr>\n<td colspan=\"1\" rowspan=\"1\">\n<div class=\"magic-10\">Distance de lecture<\/div>\n<\/td>\n<td colspan=\"1\" rowspan=\"1\">\n<div class=\"magic-11\" data-spm-anchor-id=\"a2700.details.0.i84.504d267eS1Hb6u\">0-10 cm<\/div>\n<\/td>\n<\/tr>\n<\/tbody>\n<\/table>\n<\/div>\n<div><\/div>\n<div><\/div>\n<div><strong>Incrustations RFID NFC<\/strong> Il existe deux types d&#039;inlays, humides et secs. Un inlay RFID NFC humide est dot\u00e9 d&#039;un support collant, tandis qu&#039;un inlay sec n&#039;en a pas. Ils offrent une option d&#039;\u00e9tiquette fonctionnant \u00e0 13,56 MHz sp\u00e9cialement con\u00e7ue pour les fabricants d&#039;\u00e9quipement d&#039;origine (OEM). Des puces m\u00e9moire NFC ISO 15693 et 14443 sont disponibles pour ces inlays.<\/div>\n<div><\/div>\n<div class=\"text-title\"><strong><span class=\"magic-26\" style=\"font-family: Arial;\" data-spm-anchor-id=\"a2700.details.0.i47.6f4d7d7dnursE7\">Incrustation s\u00e8che<\/span><\/strong><\/div>\n<div class=\"text-content\">\n<p><span class=\"magic-6\" style=\"font-family: Arial;\">En termes simples, l&#039;incrustation s\u00e8che RFID est une combinaison de puce RFID et d&#039;antenne. Elle peut \u00eatre utilis\u00e9e pour fabriquer des autocollants NFC, des \u00e9tiquettes RFID, des tickets RFID et diverses \u00e9tiquettes RFID. <\/span><\/p>\n<div data-spm-anchor-id=\"a2700.details.0.i46.6f4d7d7dnursE7\">\n<p><span class=\"magic-6\" style=\"font-family: Arial;\"> L&#039;antenne \u00e0 incrustation s\u00e8che est grav\u00e9e en aluminium, ce qui est plus fin que la bobine en cuivre. La forme de l&#039;antenne peut \u00eatre personnalis\u00e9e et repens\u00e9e \u00e0 la demande.<\/span><\/p>\n<p>&nbsp;<\/p>\n<\/div>\n<\/div>\n<div>\n<div class=\"text-title\"><strong><span class=\"magic-26\" style=\"font-family: Arial;\">Incrustation humide<\/span><\/strong><\/div>\n<div class=\"text-content\">\n<p><span class=\"magic-6\" style=\"font-family: Arial;\" data-spm-anchor-id=\"a2700.details.0.i49.6f4d7d7dnursE7\">L&#039;incrustation s\u00e8che RFID ajout\u00e9e avec un adh\u00e9sif est appel\u00e9e incrustation humide. Elle peut \u00eatre utilis\u00e9e directement comme \u00e9tiquette RFID ou autocollant NFC si vous n&#039;avez pas besoin d&#039;impression sur la surface. Le fait d&#039;\u00eatre coll\u00e9 sur les objets peut r\u00e9duire les co\u00fbts et atteindre le m\u00eame objectif. Elle est \u00e9galement largement utilis\u00e9e dans la fabrication d&#039;\u00e9tiquettes RFID. L&#039;antenne de l&#039;incrustation humide est une gravure en aluminium, qui est plus fine que la bobine de cuivre. La forme de l&#039;antenne peut \u00eatre personnalis\u00e9e et repens\u00e9e \u00e0 la demande.<\/span><\/p>\n<div><span class=\"magic-6\" style=\"font-family: Arial;\">\u00a0<\/span><\/div>\n<div data-spm-anchor-id=\"a2700.details.0.i48.6f4d7d7dnursE7\"><\/div>\n<\/div>\n<\/div>","protected":false},"excerpt":{"rendered":"<p>Le NXP Ntag213 NFC Inlay 144Byte est un type sp\u00e9cifique de circuit int\u00e9gr\u00e9 conforme \u00e0 la balise NFC Forum Type 2, dot\u00e9 de 144 octets de m\u00e9moire utilisateur. Il est con\u00e7u dans un souci de polyvalence, adapt\u00e9 \u00e0 diverses applications dans des secteurs tels que la vente au d\u00e9tail, les jeux et l&#039;\u00e9lectronique grand public, entre autres.<\/p>","protected":false},"featured_media":326,"template":"","meta":{"_kad_post_transparent":"default","_kad_post_title":"","_kad_post_layout":"default","_kad_post_sidebar_id":"","_kad_post_content_style":"default","_kad_post_vertical_padding":"default","_kad_post_feature":"","_kad_post_feature_position":"","_kad_post_header":false,"_kad_post_footer":false,"_kad_post_classname":""},"product_brand":[],"product_cat":[54,189],"product_tag":[111,140,110],"class_list":{"0":"post-324","1":"product","2":"type-product","3":"status-publish","4":"has-post-thumbnail","6":"product_cat-hot-selling-rfid-tags","7":"product_cat-rfid-inlay","8":"product_tag-nfc-inlay","9":"product_tag-nxp-ntag213-nfc-inlay-144byte","10":"product_tag-rfid-nfc-inlay","12":"first","13":"instock","14":"shipping-taxable","15":"product-type-simple","16":"entry","17":"content-bg","18":"loop-entry"},"_links":{"self":[{"href":"https:\/\/rfid-laundry-tag.com\/fr\/wp-json\/wp\/v2\/product\/324","targetHints":{"allow":["GET"]}}],"collection":[{"href":"https:\/\/rfid-laundry-tag.com\/fr\/wp-json\/wp\/v2\/product"}],"about":[{"href":"https:\/\/rfid-laundry-tag.com\/fr\/wp-json\/wp\/v2\/types\/product"}],"version-history":[{"count":3,"href":"https:\/\/rfid-laundry-tag.com\/fr\/wp-json\/wp\/v2\/product\/324\/revisions"}],"predecessor-version":[{"id":1336,"href":"https:\/\/rfid-laundry-tag.com\/fr\/wp-json\/wp\/v2\/product\/324\/revisions\/1336"}],"wp:featuredmedia":[{"embeddable":true,"href":"https:\/\/rfid-laundry-tag.com\/fr\/wp-json\/wp\/v2\/media\/326"}],"wp:attachment":[{"href":"https:\/\/rfid-laundry-tag.com\/fr\/wp-json\/wp\/v2\/media?parent=324"}],"wp:term":[{"taxonomy":"product_brand","embeddable":true,"href":"https:\/\/rfid-laundry-tag.com\/fr\/wp-json\/wp\/v2\/product_brand?post=324"},{"taxonomy":"product_cat","embeddable":true,"href":"https:\/\/rfid-laundry-tag.com\/fr\/wp-json\/wp\/v2\/product_cat?post=324"},{"taxonomy":"product_tag","embeddable":true,"href":"https:\/\/rfid-laundry-tag.com\/fr\/wp-json\/wp\/v2\/product_tag?post=324"}],"curies":[{"name":"wp","href":"https:\/\/api.w.org\/{rel}","templated":true}]}}