{"id":321,"date":"2024-06-28T06:45:35","date_gmt":"2024-06-28T06:45:35","guid":{"rendered":"https:\/\/rfid-laundry-tag.com\/?post_type=product&#038;p=321"},"modified":"2024-06-28T06:45:35","modified_gmt":"2024-06-28T06:45:35","slug":"i-code-slix-rfid-library-book-sticker-5050mm","status":"publish","type":"product","link":"https:\/\/rfid-laundry-tag.com\/fr\/i-code-slix-rfid-library-book-sticker-5050mm\/","title":{"rendered":"Autocollant de livre de biblioth\u00e8que RFID I CODE SLIX 50*50mm"},"content":{"rendered":"<table style=\"font-family: var(--global-body-font-family);\" width=\"772\">\n<tbody>\n<tr>\n<td width=\"153\"><strong>Nom du produit<\/strong><\/td>\n<td width=\"619\"><strong>\u00a0Autocollant RFID pour livre de biblioth\u00e8que I CODE SLIX\u00a0<\/strong><\/td>\n<\/tr>\n<tr>\n<td width=\"153\">Mat\u00e9riel<\/td>\n<td width=\"619\">PET+Al+Papier\/PVC\/PET<\/td>\n<\/tr>\n<tr>\n<td width=\"153\">Couleur<\/td>\n<td width=\"619\">CMJN, impression en quadrichromie<\/td>\n<\/tr>\n<tr>\n<td width=\"153\">Dimension de l&#039;\u00e9tiquette<\/td>\n<td width=\"619\">45*45mm, 50*50mm, etc.<\/td>\n<\/tr>\n<tr>\n<td width=\"153\">\u00c9br\u00e9cher<\/td>\n<td width=\"619\">\u00a0ICODE SLIX, ICODE\u00ae SLIX-S etc.<\/td>\n<\/tr>\n<tr>\n<td width=\"153\">Protocole<\/td>\n<td width=\"619\">ISO15693<\/td>\n<\/tr>\n<tr>\n<td width=\"153\">Fr\u00e9quence<\/td>\n<td width=\"619\">13,56 MHz<\/td>\n<\/tr>\n<tr>\n<td width=\"153\">Distance de lecture<\/td>\n<td width=\"619\">HF : 1-30 cm selon le lecteur et l&#039;environnement<\/td>\n<\/tr>\n<tr>\n<td width=\"153\">Impression<\/td>\n<td width=\"619\">CMJN, impression personnalis\u00e9e, vierge<\/td>\n<\/tr>\n<tr>\n<td width=\"153\">Emballer<\/td>\n<td width=\"619\">2000 pi\u00e8ces\/rouleau, 16000 pi\u00e8ces\/ctn, personnalis\u00e9<\/td>\n<\/tr>\n<tr>\n<td width=\"153\">\u00c9chantillon gratuit<\/td>\n<td width=\"619\">Oui<\/td>\n<\/tr>\n<\/tbody>\n<\/table>\n<p>&nbsp;<\/p>\n<p>Con\u00e7u principalement pour am\u00e9liorer l&#039;efficacit\u00e9 des proc\u00e9dures de gestion des livres et des dossiers, ce syst\u00e8me facilite les contr\u00f4les d&#039;inventaire, le suivi des emplacements, la mise en place de syst\u00e8mes de libre-service pour les retours de livres et la pr\u00e9vention des vols, pour ne citer que quelques fonctionnalit\u00e9s. Son utilisation optimise consid\u00e9rablement les op\u00e9rations de la biblioth\u00e8que, ce qui en fait un choix judicieux pour les biblioth\u00e8ques modernes.<\/p>\n<div class=\"auto-hide-last-sibling-br paragraph_9dc5f paragraph-element\">L&#039;autocollant RFID pour livre de biblioth\u00e8que I CODE SLIX est une solution efficace pour la gestion intelligente des ressources de la biblioth\u00e8que. Voici ses caract\u00e9ristiques et les r\u00e9ponses \u00e0 certaines questions fr\u00e9quemment pos\u00e9es :<\/div>\n<p>&nbsp;<\/p>\n<div class=\"auto-hide-last-sibling-br paragraph_9dc5f paragraph-element\"><strong>Caract\u00e9ristiques de l&#039;autocollant RFID pour livre de biblioth\u00e8que I CODE SLIX :<\/strong><\/div>\n<ol class=\"auto-hide-last-sibling-br\">\n<li>Cette \u00e9tiquette RFID ISO15693 est sp\u00e9cialement con\u00e7ue pour les syst\u00e8mes de gestion de biblioth\u00e8que.<\/li>\n<li>Il fonctionne \u00e0 13,56 MHz dans la gamme haute fr\u00e9quence (HF).<\/li>\n<li>Ces autocollants sont disponibles en diff\u00e9rentes tailles, notamment 85*<em>50mm et 50*<\/em>50 mm.<\/li>\n<li>Ils poss\u00e8dent des propri\u00e9t\u00e9s imperm\u00e9ables et sont \u00e9galement auto-adh\u00e9sifs.<\/li>\n<li>Ils peuvent offrir une distance de lecture allant de 1 \u00e0 15 cm, avec une m\u00e9moire utilisateur de 896 bits.<\/li>\n<li>Ils sont parfaitement adapt\u00e9s aux applications soumises \u00e0 des contraintes d&#039;espace, le plus souvent dans les syst\u00e8mes de gestion de documents.<\/li>\n<\/ol>\n<p>&nbsp;<\/p>\n<div class=\"auto-hide-last-sibling-br paragraph_9dc5f paragraph-element\"><strong>Foire aux questions (FAQ) :<\/strong><\/div>\n<ul class=\"auto-hide-last-sibling-br\">\n<li>\n<div class=\"auto-hide-last-sibling-br paragraph_9dc5f paragraph-element\"><strong>Q1:<\/strong>\u00a0Comment puis-je passer une commande ?<\/div>\n<ul class=\"auto-hide-last-sibling-br\">\n<li>R : Vous pouvez communiquer vos exigences au service client, finaliser les sp\u00e9cifications du produit, effectuer votre paiement, puis organiser la livraison du produit.<\/li>\n<\/ul>\n<\/li>\n<li>\n<div class=\"auto-hide-last-sibling-br paragraph_9dc5f paragraph-element\"><strong>T2 :<\/strong>\u00a0Quel est le d\u00e9lai de production\/livraison pr\u00e9vu ?<\/div>\n<ul class=\"auto-hide-last-sibling-br\">\n<li>R : Le d\u00e9lai de production et de livraison pr\u00e9vu est g\u00e9n\u00e9ralement de 20 jours. Toutefois, ce d\u00e9lai peut varier en fonction des configurations de commande sp\u00e9cifiques.<\/li>\n<\/ul>\n<\/li>\n<li>\n<div class=\"auto-hide-last-sibling-br paragraph_9dc5f paragraph-element\"><strong>T3 :<\/strong>\u00a0Est-ce que tous les articles sont test\u00e9s avant l&#039;exp\u00e9dition ?<\/div>\n<ul class=\"auto-hide-last-sibling-br\">\n<li>R : En effet, tous les articles subissent des tests complets avant leur exp\u00e9dition, y compris des contr\u00f4les de base de l\u2019\u00e9quipement.<\/li>\n<\/ul>\n<\/li>\n<li>\n<div class=\"auto-hide-last-sibling-br paragraph_9dc5f paragraph-element\"><strong>T4 :<\/strong>\u00a0Est-il possible de recevoir un \u00e9chantillon par envoi ?<\/div>\n<ul class=\"auto-hide-last-sibling-br\">\n<li>R : Oui, nous fournissons les produits r\u00e9els sous forme d\u2019\u00e9chantillons \u00e0 nos clients.<\/li>\n<\/ul>\n<\/li>\n<\/ul>","protected":false},"excerpt":{"rendered":"<p>L&#039;autocollant RFID pour livre de biblioth\u00e8que I CODE SLIX, avec ses dimensions de 50*50 mm, joue un r\u00f4le crucial dans la gestion des livres et des fichiers de la biblioth\u00e8que. Fonctionnant en conjonction avec une antenne et un lecteur RFID, il contribue \u00e0 la gestion intelligente des ressources de la biblioth\u00e8que.<\/p>","protected":false},"featured_media":323,"template":"","meta":{"_kad_post_transparent":"default","_kad_post_title":"","_kad_post_layout":"default","_kad_post_sidebar_id":"","_kad_post_content_style":"default","_kad_post_vertical_padding":"default","_kad_post_feature":"","_kad_post_feature_position":"","_kad_post_header":false,"_kad_post_footer":false,"_kad_post_classname":""},"product_brand":[],"product_cat":[54],"product_tag":[138,139],"class_list":{"0":"post-321","1":"product","2":"type-product","3":"status-publish","4":"has-post-thumbnail","6":"product_cat-hot-selling-rfid-tags","7":"product_tag-i-code-slix-rfid-library-book-sticker","8":"product_tag-i-code-slix-rfid-sticker","10":"first","11":"instock","12":"shipping-taxable","13":"product-type-simple","14":"entry","15":"content-bg","16":"loop-entry"},"_links":{"self":[{"href":"https:\/\/rfid-laundry-tag.com\/fr\/wp-json\/wp\/v2\/product\/321","targetHints":{"allow":["GET"]}}],"collection":[{"href":"https:\/\/rfid-laundry-tag.com\/fr\/wp-json\/wp\/v2\/product"}],"about":[{"href":"https:\/\/rfid-laundry-tag.com\/fr\/wp-json\/wp\/v2\/types\/product"}],"version-history":[{"count":0,"href":"https:\/\/rfid-laundry-tag.com\/fr\/wp-json\/wp\/v2\/product\/321\/revisions"}],"wp:featuredmedia":[{"embeddable":true,"href":"https:\/\/rfid-laundry-tag.com\/fr\/wp-json\/wp\/v2\/media\/323"}],"wp:attachment":[{"href":"https:\/\/rfid-laundry-tag.com\/fr\/wp-json\/wp\/v2\/media?parent=321"}],"wp:term":[{"taxonomy":"product_brand","embeddable":true,"href":"https:\/\/rfid-laundry-tag.com\/fr\/wp-json\/wp\/v2\/product_brand?post=321"},{"taxonomy":"product_cat","embeddable":true,"href":"https:\/\/rfid-laundry-tag.com\/fr\/wp-json\/wp\/v2\/product_cat?post=321"},{"taxonomy":"product_tag","embeddable":true,"href":"https:\/\/rfid-laundry-tag.com\/fr\/wp-json\/wp\/v2\/product_tag?post=321"}],"curies":[{"name":"wp","href":"https:\/\/api.w.org\/{rel}","templated":true}]}}