{"id":3191,"date":"2026-01-09T13:46:57","date_gmt":"2026-01-09T13:46:57","guid":{"rendered":"https:\/\/rfid-laundry-tag.com\/?post_type=product&#038;p=3191"},"modified":"2026-01-09T13:46:57","modified_gmt":"2026-01-09T13:46:57","slug":"uhf-wash-care-label-rfid-chips-in-garment","status":"publish","type":"product","link":"https:\/\/rfid-laundry-tag.com\/fr\/uhf-wash-care-label-rfid-chips-in-garment\/","title":{"rendered":"\u00c9tiquettes d&#039;entretien UHF avec puces RFID int\u00e9gr\u00e9es aux v\u00eatements"},"content":{"rendered":"<div class=\"J_module\">\n<div class=\"ife-detail-decorate-table\">\n<table class=\"hight-light-first-column all magic-14\">\n<tbody>\n<tr>\n<td colspan=\"1\" rowspan=\"1\">\n<div class=\"magic-15\" data-spm-anchor-id=\"a2700.details.0.i95.236a58c1ycsfva\">Nom de la production :<\/div>\n<\/td>\n<td colspan=\"1\" rowspan=\"1\">\n<div class=\"magic-16\"><strong>\u00c9tiquettes d&#039;entretien UHF avec puces RFID int\u00e9gr\u00e9es aux v\u00eatements<\/strong><\/div>\n<\/td>\n<\/tr>\n<tr>\n<td colspan=\"1\" rowspan=\"1\">\n<div class=\"magic-15\"><span class=\"magic-17\">Mat\u00e9riel:<\/span><\/div>\n<\/td>\n<td colspan=\"1\" rowspan=\"1\">\n<div class=\"magic-16\">Polyester\/Composition\/Satin\/Coton\/Non-tiss\u00e9\/PET etc.<\/div>\n<\/td>\n<\/tr>\n<tr>\n<td colspan=\"1\" rowspan=\"1\">\n<div class=\"magic-15\"><span class=\"magic-17\">Taille:<\/span><\/div>\n<\/td>\n<td colspan=\"1\" rowspan=\"1\">\n<div class=\"magic-16\"><span class=\"magic-17\">80 x 38 mm \/ 60 x 30 mm \/ 61 x 26 mm \/ 60 x 22 mm \/ etc. ou sur mesure<\/span><\/div>\n<\/td>\n<\/tr>\n<tr>\n<td colspan=\"1\" rowspan=\"1\">\n<div class=\"magic-15\"><span class=\"magic-17\">Taper:<\/span><\/div>\n<\/td>\n<td colspan=\"1\" rowspan=\"1\">\n<div class=\"magic-16\"><span class=\"magic-17\">Passif, RFID<\/span><\/div>\n<\/td>\n<\/tr>\n<tr>\n<td colspan=\"1\" rowspan=\"1\">\n<div class=\"magic-15\">Protocole RF :<\/div>\n<\/td>\n<td colspan=\"1\" rowspan=\"1\">\n<div class=\"magic-16\">ISO 18000-6C; EPC Classe 1 Gen 2<\/div>\n<\/td>\n<\/tr>\n<tr>\n<td colspan=\"1\" rowspan=\"1\">\n<div class=\"magic-15\"><span class=\"magic-17\">Fr\u00e9quence:<\/span><\/div>\n<\/td>\n<td colspan=\"1\" rowspan=\"1\">\n<div class=\"magic-16\"><span class=\"magic-17\">860 \u00e0 960 MHz<\/span><\/div>\n<\/td>\n<\/tr>\n<tr>\n<td colspan=\"1\" rowspan=\"1\">\n<div class=\"magic-15\">\u00c9br\u00e9cher<\/div>\n<\/td>\n<td colspan=\"1\" rowspan=\"1\">\n<div class=\"magic-16\">U8,U9,Alien Higgs, Monza 4D, Monza 4QT, Monza R6, Monza R6-P, Impinj M730, Impinj M750 etc.<\/div>\n<\/td>\n<\/tr>\n<tr>\n<td colspan=\"1\" rowspan=\"1\">\n<div class=\"magic-15\"><span class=\"magic-17\">Distance de lecture :<\/span><\/div>\n<\/td>\n<td colspan=\"1\" rowspan=\"1\">\n<div class=\"magic-16\"><span class=\"magic-17\">UHF : 1~10m (d\u00e9pend du lecteur et de l&#039;antenne)<\/span><\/div>\n<\/td>\n<\/tr>\n<tr>\n<td colspan=\"1\" rowspan=\"1\">\n<div class=\"magic-15\"><span class=\"magic-17\">Voie fixe :<\/span><\/div>\n<\/td>\n<td colspan=\"1\" rowspan=\"1\">\n<div class=\"magic-16\"><span class=\"magic-17\">Coudre \/ repasser<\/span><\/div>\n<\/td>\n<\/tr>\n<tr>\n<td colspan=\"1\" rowspan=\"1\">\n<div class=\"magic-15\"><span class=\"magic-17\">Impression:<\/span><\/div>\n<\/td>\n<td colspan=\"1\" rowspan=\"1\">\n<div class=\"magic-16\"><span class=\"magic-17\">Impression, codage, num\u00e9ro de s\u00e9rie, conception, etc.<\/span><\/div>\n<\/td>\n<\/tr>\n<tr>\n<td colspan=\"1\" rowspan=\"1\">\n<div class=\"magic-15\"><span class=\"magic-17\">Dur\u00e9e de vie du CI :<\/span><\/div>\n<\/td>\n<td colspan=\"1\" rowspan=\"1\">\n<div class=\"magic-16\" data-spm-anchor-id=\"a2700.details.0.i94.236a58c1ycsfva\"><span class=\"magic-17\">100 000 cycles de programmation<br \/>\nConservation des donn\u00e9es pendant 10 ans<\/span><\/div>\n<\/td>\n<\/tr>\n<tr>\n<td colspan=\"1\" rowspan=\"1\">\n<div class=\"magic-15\"><span class=\"magic-17\">Disponibilit\u00e9 des \u00e9chantillons :<\/span><\/div>\n<\/td>\n<td colspan=\"1\" rowspan=\"1\">\n<div class=\"magic-16\"><span class=\"magic-17\">Des \u00e9chantillons gratuits sont disponibles sur demande<\/span><\/div>\n<\/td>\n<\/tr>\n<tr>\n<td colspan=\"1\" rowspan=\"1\">\n<div class=\"magic-15\"><span class=\"magic-17\">Applications :\u00a0<\/span><\/div>\n<\/td>\n<td colspan=\"1\" rowspan=\"1\">\n<div class=\"magic-16\"><span class=\"magic-17\">\u00b7 Gestion des stocks<br \/>\n\u00b7 Cha\u00eene d&#039;approvisionnement<br \/>\n\u00b7 Vente au d\u00e9tail<\/span><\/div>\n<\/td>\n<\/tr>\n<tr>\n<td colspan=\"1\" rowspan=\"1\">\n<div class=\"magic-15\"><span class=\"magic-17\">Utiliser<\/span><\/div>\n<\/td>\n<td colspan=\"1\" rowspan=\"1\">\n<div class=\"magic-16\"><span class=\"magic-17\">V\u00eatement, habillement, sacs, chaussures, etc.<\/span><\/div>\n<\/td>\n<\/tr>\n<\/tbody>\n<\/table>\n<\/div>\n<\/div>\n<div class=\"J_module\">\n<div class=\"detail-decorate-json-renderer-container\">\n<div class=\"magic-1\">\n<div class=\"magic-5\">\n<div class=\"magic-6\">\n<div><\/div>\n<\/div>\n<div>\n<div class=\"auto-hide-last-sibling-br paragraph_1252f paragraph-element\">\n<div class=\"auto-hide-last-sibling-br paragraph_1252f paragraph-element\">\n<div class=\"auto-hide-last-sibling-br paragraph_1252f paragraph-element\">\n<p>&nbsp;<\/p>\n<div class=\"auto-hide-last-sibling-br paragraph_1252f paragraph-element\">\n<p><a href=\"https:\/\/rfid-laundry-tag.com\/fr\/\"><strong>Puces RFID pour \u00e9tiquettes d&#039;entretien UHF<\/strong>\u00a0<\/a>Ces \u00e9tiquettes offrent une alternative plus confortable et douce pour la peau aux \u00e9tiquettes de v\u00eatements traditionnelles. Con\u00e7ues pour une int\u00e9gration facile aux v\u00eatements, elles simplifient la gestion de la garde-robe.<\/p>\n<\/div>\n<\/div>\n<\/div>\n<div><\/div>\n<div class=\"auto-hide-last-sibling-br paragraph_1252f paragraph-element\">\n<div class=\"auto-hide-last-sibling-br paragraph_1252f paragraph-element\">\n<h2 class=\"AnswerParser_AnswerParserH2__SIHnF\">Am\u00e9liorez la visibilit\u00e9 de votre cha\u00eene d&#039;approvisionnement<\/h2>\n<p><span class=\"AnswerParser_TextContainer__z_Iiv\" data-testid=\"youchat-text\">En int\u00e9grant nos puces RFID UHF pour \u00e9tiquettes d&#039;entretien \u00e0 vos v\u00eatements, vous b\u00e9n\u00e9ficiez d&#039;une visibilit\u00e9 sans pr\u00e9c\u00e9dent sur votre cha\u00eene d&#039;approvisionnement. Suivez vos v\u00eatements de la fabrication \u00e0 la vente, et m\u00eame \u00e0 travers de multiples cycles de lavage en blanchisserie industrielle.<\/span><span class=\"AnswerParser_TextContainer__z_Iiv\" data-testid=\"youchat-text\">Cette visibilit\u00e9 am\u00e9lior\u00e9e vous permet de :<\/span><\/p>\n<ul class=\"AnswerParser_AnswerParserUnorderedList__P_1FW\">\n<li class=\"AnswerParser_ListItem__XqLOV\" translate=\"yes\">R\u00e9duire les pertes et les r\u00e9tr\u00e9cissements<\/li>\n<li class=\"AnswerParser_ListItem__XqLOV\" translate=\"yes\">Am\u00e9liorer l&#039;efficacit\u00e9 du remplacement des produits<\/li>\n<li class=\"AnswerParser_ListItem__XqLOV\" translate=\"yes\">Optimiser les niveaux de stock<\/li>\n<li class=\"AnswerParser_ListItem__XqLOV\" translate=\"yes\">Am\u00e9liorer la satisfaction client gr\u00e2ce \u00e0 une meilleure disponibilit\u00e9 des produits<\/li>\n<\/ul>\n<h2 class=\"AnswerParser_AnswerParserH2__SIHnF\">Installation et utilisation faciles<\/h2>\n<p><span class=\"AnswerParser_TextContainer__z_Iiv\" data-testid=\"youchat-text\">Nos \u00e9tiquettes d&#039;entretien RFID sont con\u00e7ues pour s&#039;int\u00e9grer parfaitement \u00e0 vos v\u00eatements :<\/span><\/p>\n<ol class=\"AnswerParser_AnswerParserOrderedList__kl_2Y\">\n<li class=\"AnswerParser_ListItem__XqLOV\" translate=\"yes\"><strong>Option de couture<\/strong>: M\u00e9thode de fixation traditionnelle pour plus de durabilit\u00e9.<\/li>\n<li class=\"AnswerParser_ListItem__XqLOV\" translate=\"yes\"><strong>Application thermocollante<\/strong>:Installation rapide et facile gr\u00e2ce \u00e0 la technologie de transfert de chaleur.<\/li>\n<\/ol>\n<p><span class=\"AnswerParser_TextContainer__z_Iiv\" data-testid=\"youchat-text\">Les deux m\u00e9thodes garantissent que l&#039;\u00e9tiquette reste solidement fix\u00e9e tout au long du cycle de vie du v\u00eatement.<\/span><\/p>\n<h3 class=\"auto-hide-last-sibling-br paragraph_1252f paragraph-element\"><strong>Voici quelques exemples de la mani\u00e8re dont les marques de v\u00eatements haut de gamme ont mis en \u0153uvre avec succ\u00e8s les \u00e9tiquettes RFID UHF\u00a0:<\/strong><\/h3>\n<ol class=\"auto-hide-last-sibling-br\">\n<li>\n<div class=\"auto-hide-last-sibling-br paragraph_1252f paragraph-element\"><strong>Prada<\/strong>:Cette c\u00e9l\u00e8bre marque de luxe italienne a adopt\u00e9 les \u00e9tiquettes RFID en 2001, permettant l&#039;enregistrement d\u00e9taill\u00e9 d&#039;informations telles que le style, la taille, la couleur et le prix. Il est int\u00e9ressant de noter que lorsque les consommateurs portant des v\u00eatements Prada passent dans leurs magasins, les tenues correspondantes sont affich\u00e9es sur les mannequins en magasin, imitant un d\u00e9fil\u00e9 de haute couture \u00e0 Milan. Cette utilisation innovante de la technologie RFID am\u00e9liore la satisfaction post-achat des consommateurs Prada.<\/div>\n<\/li>\n<li>\n<div class=\"auto-hide-last-sibling-br paragraph_1252f paragraph-element\"><strong>H&amp;M<\/strong>:Cette marque internationale a commenc\u00e9 \u00e0 utiliser la technologie RFID en 2014. Dans les 1 800 magasins pr\u00e9vus, la technologie RFID permet le suivi automatique des cat\u00e9gories de produits, des quantit\u00e9s et de la consommation.<\/div>\n<\/li>\n<li>\n<div class=\"auto-hide-last-sibling-br paragraph_1252f paragraph-element\"><strong>ZARA<\/strong>Au premier semestre 2016, Inditex, la maison m\u00e8re de Zara, a d\u00e9clar\u00e9 que l&#039;utilisation de la technologie RFID avait permis d&#039;am\u00e9liorer la gestion des stocks et des approvisionnements pour environ 701 millions de livres sterling de ses marques. Cette mise en \u0153uvre a entra\u00een\u00e9 une hausse des ventes de 11,11 millions de livres sterling et une augmentation des b\u00e9n\u00e9fices de 7,51 millions de livres sterling, soit un total de 1,26 milliard d&#039;euros.<\/div>\n<\/li>\n<li>\n<div class=\"auto-hide-last-sibling-br paragraph_1252f paragraph-element\"><strong>Uniqlo<\/strong>:En 2017, Uniqlo a annonc\u00e9 son intention de d\u00e9ployer des \u00e9tiquettes RFID UHF dans 3 000 magasins \u00e0 travers le monde, devenant ainsi le premier d\u00e9taillant japonais \u00e0 utiliser des \u00e9tiquettes \u00e9lectroniques dans le monde entier.<\/div>\n<\/li>\n<\/ol>\n<div class=\"auto-hide-last-sibling-br paragraph_1252f paragraph-element\">Voici quelques exemples de la mani\u00e8re dont les grandes marques de v\u00eatements utilisent les \u00e9tiquettes RFID. En 2019, la quasi-totalit\u00e9 des grandes marques internationales avaient int\u00e9gr\u00e9 des \u00e9tiquettes RFID \u00e0 leurs v\u00eatements, ce qui repr\u00e9sente plus de 20 milliards de pi\u00e8ces \u00e9tiquet\u00e9es \u2013 un chiffre en constante augmentation. Parmi les autres marques importantes ayant adopt\u00e9 cette technologie, on peut citer Nike et Walmart.<\/div>\n<\/div>\n<\/div>\n<\/div>\n<h2 class=\"AnswerParser_AnswerParserH2__SIHnF\">Contactez-nous pour une solution personnalis\u00e9e<\/h2>\n<p><span class=\"AnswerParser_TextContainer__z_Iiv\" data-testid=\"youchat-text\">Pr\u00eat \u00e0 r\u00e9volutionner la gestion de vos v\u00eatements gr\u00e2ce \u00e0 nos \u00e9tiquettes de lavage RFID UHF\u00a0? Nous sommes l\u00e0 pour vous aider \u00e0 trouver la solution id\u00e9ale.<\/span><\/p>\n<ul class=\"AnswerParser_AnswerParserUnorderedList__P_1FW\">\n<li class=\"AnswerParser_ListItem__XqLOV\" translate=\"yes\"><strong>\u00c9chantillons gratuits<\/strong>:Demandez des \u00e9chantillons gratuits \u00e0 tester dans votre environnement.<\/li>\n<li class=\"AnswerParser_ListItem__XqLOV\" translate=\"yes\"><strong>Personnalisation<\/strong>:Faites-nous part de vos besoins sp\u00e9cifiques pour une solution sur mesure.<\/li>\n<li class=\"AnswerParser_ListItem__XqLOV\" translate=\"yes\"><strong>Consultation d&#039;experts<\/strong>:Notre \u00e9quipe de sp\u00e9cialistes RFID est pr\u00eate \u00e0 r\u00e9pondre \u00e0 vos questions.<\/li>\n<\/ul>\n<p>En r\u00e9sum\u00e9, les \u00e9tiquettes d&#039;entretien en satin UHF allient confort, praticit\u00e9 et technologie de pointe, ce qui en fait un excellent choix pour les fabricants et les consommateurs \u00e0 la recherche d&#039;une meilleure solution d&#039;\u00e9tiquetage.<\/p>\n<p>&nbsp;<\/p>\n<\/div>\n<\/div>\n<\/div>\n<\/div>\n<\/div>","protected":false},"excerpt":{"rendered":"<p><strong>\u00c9tiquettes d&#039;entretien UHF avec puces RFID int\u00e9gr\u00e9es aux v\u00eatements<\/strong>\u00a0Nous proposons une alternative plus confortable et plus douce pour la peau aux marques de v\u00eatements traditionnelles, forte de plus de 15 ans d&#039;expertise !<\/p>","protected":false},"featured_media":3192,"template":"","meta":{"_kad_post_transparent":"default","_kad_post_title":"","_kad_post_layout":"default","_kad_post_sidebar_id":"","_kad_post_content_style":"default","_kad_post_vertical_padding":"default","_kad_post_feature":"","_kad_post_feature_position":"","_kad_post_header":false,"_kad_post_footer":false,"_kad_post_classname":""},"product_brand":[],"product_cat":[81],"product_tag":[389,390,388,391],"class_list":{"0":"post-3191","1":"product","2":"type-product","3":"status-publish","4":"has-post-thumbnail","6":"product_cat-rfid-wash-care-clothing-label","7":"product_tag-rfid-chips-in-garment","8":"product_tag-uhf-wash-care-labe","9":"product_tag-uhf-wash-care-label-rfid-chips-in-garment","10":"product_tag-wash-care-label-rfid","12":"first","13":"instock","14":"shipping-taxable","15":"product-type-simple","16":"entry","17":"content-bg","18":"loop-entry"},"_links":{"self":[{"href":"https:\/\/rfid-laundry-tag.com\/fr\/wp-json\/wp\/v2\/product\/3191","targetHints":{"allow":["GET"]}}],"collection":[{"href":"https:\/\/rfid-laundry-tag.com\/fr\/wp-json\/wp\/v2\/product"}],"about":[{"href":"https:\/\/rfid-laundry-tag.com\/fr\/wp-json\/wp\/v2\/types\/product"}],"version-history":[{"count":1,"href":"https:\/\/rfid-laundry-tag.com\/fr\/wp-json\/wp\/v2\/product\/3191\/revisions"}],"predecessor-version":[{"id":3194,"href":"https:\/\/rfid-laundry-tag.com\/fr\/wp-json\/wp\/v2\/product\/3191\/revisions\/3194"}],"wp:featuredmedia":[{"embeddable":true,"href":"https:\/\/rfid-laundry-tag.com\/fr\/wp-json\/wp\/v2\/media\/3192"}],"wp:attachment":[{"href":"https:\/\/rfid-laundry-tag.com\/fr\/wp-json\/wp\/v2\/media?parent=3191"}],"wp:term":[{"taxonomy":"product_brand","embeddable":true,"href":"https:\/\/rfid-laundry-tag.com\/fr\/wp-json\/wp\/v2\/product_brand?post=3191"},{"taxonomy":"product_cat","embeddable":true,"href":"https:\/\/rfid-laundry-tag.com\/fr\/wp-json\/wp\/v2\/product_cat?post=3191"},{"taxonomy":"product_tag","embeddable":true,"href":"https:\/\/rfid-laundry-tag.com\/fr\/wp-json\/wp\/v2\/product_tag?post=3191"}],"curies":[{"name":"wp","href":"https:\/\/api.w.org\/{rel}","templated":true}]}}