{"id":319,"date":"2024-06-28T06:17:02","date_gmt":"2024-06-28T06:17:02","guid":{"rendered":"https:\/\/rfid-laundry-tag.com\/?post_type=product&#038;p=319"},"modified":"2024-09-23T10:21:27","modified_gmt":"2024-09-23T10:21:27","slug":"iso15693-i-code-slix-rfid-inlay","status":"publish","type":"product","link":"https:\/\/rfid-laundry-tag.com\/fr\/iso15693-i-code-slix-rfid-inlay\/","title":{"rendered":"Incrustation RFID ISO15693 ICODE SLIX"},"content":{"rendered":"<table class=\"hight-light-first-column all magic-1\">\n<tbody>\n<tr>\n<td colspan=\"1\" rowspan=\"1\">\n<div class=\"magic-2\">\n<div class=\"magic-3\" data-spm-anchor-id=\"a2700.pc-decorate.0.i24.7f543333WPG8F0\"><span class=\"magic-4\" data-spm-anchor-id=\"a2700.pc-decorate.0.i23.7f543333WPG8F0\"><span class=\"magic-5\" style=\"color: #000000; font-family: Roboto;\"><b class=\"magic-4\" data-spm-anchor-id=\"a2700.pc-decorate.0.i114.7f543333WPG8F0\">Article<\/b><\/span><\/span><\/div>\n<\/div>\n<\/td>\n<td colspan=\"4\" rowspan=\"1\">\n<div class=\"magic-6\"><strong>Incrustation RFID ISO15693 ICODE SLIX<\/strong><\/div>\n<\/td>\n<\/tr>\n<tr>\n<td colspan=\"1\" rowspan=\"1\">\n<div class=\"magic-2\">\n<div class=\"magic-3\" data-spm-anchor-id=\"a2700.pc-decorate.0.i22.7f543333WPG8F0\"><span class=\"magic-4\" data-spm-anchor-id=\"a2700.pc-decorate.0.i10.7f543333WPG8F0\"><b class=\"magic-4\"><span class=\"magic-5\" style=\"color: #000000; font-family: Roboto;\">Mat\u00e9riel<\/span><\/b><\/span><\/div>\n<\/div>\n<\/td>\n<td colspan=\"4\" rowspan=\"1\">\n<div class=\"magic-9\"><span class=\"magic-5\" style=\"color: #000000;\">Papier \/ Film PP \/ PET \/ Inlay<\/span><\/div>\n<\/td>\n<\/tr>\n<tr>\n<td colspan=\"1\" rowspan=\"1\">\n<div class=\"magic-2\">\n<div class=\"magic-3\" data-spm-anchor-id=\"a2700.pc-decorate.0.i34.7f543333WPG8F0\"><b class=\"magic-13\" data-spm-anchor-id=\"a2700.pc-decorate.0.i111.7f543333WPG8F0\"><span class=\"magic-5\" style=\"color: #000000; font-family: Roboto;\">Fr\u00e9quence<\/span><\/b><\/div>\n<\/div>\n<\/td>\n<td colspan=\"4\" rowspan=\"1\">\n<div class=\"magic-6\"><span class=\"magic-5\" style=\"color: #000000; font-family: Roboto;\" data-spm-anchor-id=\"a2700.details.0.i25.244e512bmtbZH7\">13,56 MHz<\/span><\/div>\n<\/td>\n<\/tr>\n<tr>\n<td colspan=\"1\" rowspan=\"1\">\n<div class=\"magic-2\">\n<div class=\"magic-3\" data-spm-anchor-id=\"a2700.pc-decorate.0.i33.7f543333WPG8F0\"><b class=\"magic-4\"><span class=\"magic-5\" style=\"color: #000000; font-family: Roboto;\">Taille<\/span><\/b><\/div>\n<\/div>\n<\/td>\n<td colspan=\"4\" rowspan=\"1\">\n<div class=\"magic-9\"><span class=\"magic-5\" style=\"color: #000000;\">50*50\/45*45\/30*15\/40*25\/Diam\u00e8tre 25\/30 ou taille personnalis\u00e9e<\/span><\/div>\n<\/td>\n<\/tr>\n<tr>\n<td colspan=\"1\" rowspan=\"1\">\n<div class=\"magic-2\">\n<div class=\"magic-3\"><b class=\"magic-14\">Applications<\/b><\/div>\n<\/div>\n<\/td>\n<td colspan=\"4\" rowspan=\"1\">\n<div class=\"magic-6\" data-spm-anchor-id=\"a2700.details.0.i24.244e512bmtbZH7\"><span class=\"magic-5\" style=\"color: #000000; font-family: Roboto;\">Largement utilis\u00e9 dans la gestion des actifs, la gestion des v\u00eatements, l&#039;inventaire, la biblioth\u00e8que, la bijouterie, la logistique, etc.<\/span><\/div>\n<\/td>\n<\/tr>\n<\/tbody>\n<\/table>\n<p>&nbsp;<\/p>\n<p>Le circuit int\u00e9gr\u00e9 ICODE SLIX est une puce d\u00e9di\u00e9e aux applications d&#039;\u00e9tiquetage intelligent telles que les biblioth\u00e8ques, l&#039;authentification de produits dans diff\u00e9rentes industries telles que les produits pharmaceutiques, les dispositifs m\u00e9dicaux et l&#039;alcool, ainsi que la gestion de la production dans diff\u00e9rents domaines de l&#039;industrie. Ce circuit int\u00e9gr\u00e9 est la troisi\u00e8me g\u00e9n\u00e9ration d&#039;une famille de produits de circuits int\u00e9gr\u00e9s d&#039;\u00e9tiquetage intelligent bas\u00e9s sur les normes ISO\/IEC 15693 et ISO\/IEC 18000-3, prolongeant ainsi l&#039;histoire \u00e0 succ\u00e8s de NXP<sup>\u00ae<\/sup>\u00a0dans le domaine des syst\u00e8mes d&#039;identification de proximit\u00e9.<\/p>\n<h3>Transfert d&#039;\u00e9nergie et de donn\u00e9es sans contact<\/h3>\n<p>Lorsqu&#039;il est connect\u00e9 \u00e0 un type d&#039;antenne tr\u00e8s simple et facile \u00e0 produire (gr\u00e2ce \u00e0 la fr\u00e9quence porteuse de 13,56 MHz) constitu\u00e9 de quelques enroulements imprim\u00e9s, enroul\u00e9s, grav\u00e9s ou perfor\u00e9s, l&#039;ICODE SLIX IC peut fonctionner sans visibilit\u00e9 directe jusqu&#039;\u00e0 une distance de 1,5 m (largeur du portail). Aucune batterie n&#039;est n\u00e9cessaire. Lorsque l&#039;\u00e9tiquette intelligente est positionn\u00e9e dans le champ d&#039;une antenne d&#039;interrogateur, l&#039;interface de communication RF \u00e0 haut d\u00e9bit permet de transmettre des donn\u00e9es jusqu&#039;\u00e0 53 kbit\/s.<\/p>\n<h3>Anti-collision<\/h3>\n<p>Une fonction anti-collision intelligente permet \u00e0 plusieurs tags de fonctionner simultan\u00e9ment sur le terrain. L&#039;algorithme anti-collision s\u00e9lectionne chaque balise individuellement et garantit que l&#039;ex\u00e9cution d&#039;une transaction avec une balise s\u00e9lectionn\u00e9e s&#039;effectue correctement sans corruption des donn\u00e9es r\u00e9sultant d&#039;autres balises sur le terrain.<\/p>\n<h3>Caract\u00e9ristiques de la puce d&#039;incrustation RFID ISO15693 ICODE SLIX<\/h3>\n<div id=\"featuresXsp\" class=\"features-list\">\n<div class=\"features-xsp\">\n<div class=\"collapse-mobile ste-list\">\n<h3>Interface RF ICODE SLIX (ISO\/CEI 15693)<\/h3>\n<ul class=\"boxes\">\n<li>Transmission sans contact des donn\u00e9es et alimentation en \u00e9nergie (pas besoin de batterie)<\/li>\n<li>Distance de fonctionnement : jusqu&#039;\u00e0 1,5 m (selon la g\u00e9om\u00e9trie de l&#039;antenne)<\/li>\n<li>Fr\u00e9quence de fonctionnement\u00a0: 13,56 MHz (ISM, licence mondiale disponible gratuitement)<\/li>\n<li>Transfert de donn\u00e9es rapide : jusqu&#039;\u00e0 53 kbit\/s<\/li>\n<li>Int\u00e9grit\u00e9 \u00e9lev\u00e9e des donn\u00e9es\u00a0: CRC 16\u00a0bits, cadrage<\/li>\n<li>V\u00e9ritable anti-collision<\/li>\n<li>Surveillance \u00e9lectronique des articles (EAS) prot\u00e9g\u00e9e par mot de passe<\/li>\n<li>Identifiant de famille d&#039;applications (AFI) prot\u00e9g\u00e9 par mot de passe<\/li>\n<li>Identificateur de format de stockage de donn\u00e9es (DSFID)<\/li>\n<li>Lecture anti-collision rapide suppl\u00e9mentaire<\/li>\n<li>Distance d&#039;\u00e9criture \u00e9gale \u00e0 la distance de lecture<\/li>\n<\/ul>\n<\/div>\n<div class=\"collapse-mobile ste-list\">\n<h3>EEPROM<\/h3>\n<ul class=\"boxes\">\n<li>1024 bits, organis\u00e9s en 32 blocs de 4 octets chacun<\/li>\n<li>50 ans de conservation des donn\u00e9es<\/li>\n<li>Endurance d&#039;\u00e9criture de 100 000 cycles<\/li>\n<\/ul>\n<\/div>\n<div class=\"collapse-mobile ste-list\">\n<h3>S\u00e9curit\u00e9<\/h3>\n<ul class=\"boxes\">\n<li>Identifiant unique pour chaque appareil<\/li>\n<li>M\u00e9canisme de verrouillage pour chaque bloc de m\u00e9moire utilisateur (protection en \u00e9criture)<\/li>\n<li>M\u00e9canisme de verrouillage pour DSFID, AFI, EAS<\/li>\n<li>Fonctionnalit\u00e9s EAS et AFI prot\u00e9g\u00e9es par mot de passe (32 bits)<\/li>\n<\/ul>\n<\/div>\n<\/div>\n<\/div>\n<div class=\"auto-hide-last-sibling-br paragraph_9dc5f paragraph-element\"><strong>Incrustation RFID ISO15693 ICODE SLIX :<\/strong>\u00a0Un inlay RFID se compose d&#039;une antenne et d&#039;une micropuce, o\u00f9 la puce stocke les donn\u00e9es et l&#039;antenne est charg\u00e9e de transmettre ces donn\u00e9es au lecteur RFID.<\/div>\n<p>&nbsp;<\/p>\n<div class=\"auto-hide-last-sibling-br paragraph_9dc5f paragraph-element\"><strong>Incrustations humides :<\/strong>\u00a0Il s&#039;agit d&#039;inlays RFID plac\u00e9s sur une couche adh\u00e9sive et une couche transparente en PET (poly\u00e9thyl\u00e8ne t\u00e9r\u00e9phtalate). La couche PET sert \u00e0 la protection contre les dommages physiques. Avec le c\u00f4t\u00e9 adh\u00e9sif tourn\u00e9 \u00e0 l&#039;oppos\u00e9 de l&#039;\u00e9tiquette ou du mat\u00e9riau, ces inlays peuvent \u00eatre facilement utilis\u00e9s pour construire des \u00e9tiquettes RFID, d&#039;o\u00f9 leur large application dans la cr\u00e9ation d&#039;\u00e9tiquettes pour divers secteurs.<\/div>\n<div><\/div>\n<div>\n<div class=\"auto-hide-last-sibling-br paragraph_9dc5f paragraph-element\">\u00a0Les \u00e9tiquettes NFC ISO15693 ICODE SLIX, fabriqu\u00e9es \u00e0 partir de divers mat\u00e9riaux tels que du papier, du film PP, du PET ou des incrustations, et dans diff\u00e9rentes tailles, sont largement utilis\u00e9es. Vous les trouverez souvent dans des secteurs tels que :<\/div>\n<p>&nbsp;<\/p>\n<ul class=\"auto-hide-last-sibling-br\">\n<li><strong>Gestion d&#039;actifs :<\/strong>\u00a0Les \u00e9tiquettes sont utilis\u00e9es pour suivre les actifs physiques dans divers contextes, tels que la surveillance des \u00e9quipements dans les soins de sant\u00e9 ou l&#039;informatique.<\/li>\n<li><strong>Gestion des v\u00eatements :<\/strong>\u00a0Dans le commerce de d\u00e9tail de mode, ces \u00e9tiquettes facilitent le suivi des stocks, les mesures antivol et am\u00e9liorent l&#039;exp\u00e9rience client en magasin.<\/li>\n<li><strong>Gestion des stocks :<\/strong>\u00a0Dans les entrep\u00f4ts et les commerces de d\u00e9tail, les \u00e9tiquettes RFID sont utilis\u00e9es pour g\u00e9rer efficacement les stocks, r\u00e9duire le travail manuel et minimiser les erreurs.<\/li>\n<li><strong>Gestion de la biblioth\u00e8que :<\/strong>\u00a0Ils sont utilis\u00e9s pour automatiser les processus d\u2019emprunt et de retour, am\u00e9liorer la gestion des stocks et offrir une s\u00e9curit\u00e9 contre le vol.<\/li>\n<li><strong>Gestion de bijoux :<\/strong>\u00a0L\u00e9g\u00e8res et pr\u00e9cises, ces \u00e9tiquettes offrent un contr\u00f4le des stocks s\u00fbr et efficace dans l&#039;industrie de la bijouterie.<\/li>\n<li><strong>Logistique:<\/strong> Les \u00e9tiquettes RFID sont utilis\u00e9es pour suivre les marchandises en transit, am\u00e9liorer la pr\u00e9cision de l&#039;exp\u00e9dition et am\u00e9liorer la visibilit\u00e9 de la cha\u00eene d&#039;approvisionnement.<\/li>\n<\/ul>\n<div class=\"auto-hide-last-sibling-br paragraph_9dc5f paragraph-element\">La taille et la forme de l&#039;\u00e9tiquette peuvent \u00eatre personnalis\u00e9es en fonction de l&#039;application sp\u00e9cifique, am\u00e9liorant ainsi leur flexibilit\u00e9 et leur adaptabilit\u00e9 dans divers cas d&#039;utilisation.<\/div>\n<\/div>\n<div><\/div>\n<div>\n<h2 class=\"AnswerParser_AnswerParserH2__SIHnF\">Commencez d\u00e8s aujourd&#039;hui avec NXP ICODE SLIX RFID<\/h2>\n<p><span class=\"AnswerParser_TextContainer__z_Iiv\" data-testid=\"youchat-text\">Pr\u00eat \u00e0 r\u00e9volutionner vos processus de gestion d&#039;actifs et d&#039;authentification ? Faites le premier pas vers un avenir plus efficace :<\/span><\/p>\n<ol class=\"AnswerParser_AnswerParserOrderedList__kl_2Y\">\n<li class=\"AnswerParser_ListItem__XqLOV\" translate=\"yes\"><strong>Demander un \u00e9chantillon gratuit<\/strong>: D\u00e9couvrez la qualit\u00e9 et les performances de premi\u00e8re main<\/li>\n<li class=\"AnswerParser_ListItem__XqLOV\" translate=\"yes\"><strong>Consultez nos experts<\/strong>: Obtenez des conseils personnalis\u00e9s sur la mise en \u0153uvre de la RFID dans votre entreprise<\/li>\n<li class=\"AnswerParser_ListItem__XqLOV\" translate=\"yes\"><strong>Devis personnalis\u00e9<\/strong>: Recevez un plan tarifaire personnalis\u00e9 en fonction de vos besoins sp\u00e9cifiques et de vos exigences de volume<\/li>\n<\/ol>\n<p><span class=\"AnswerParser_TextContainer__z_Iiv\" data-testid=\"youchat-text\">Ne laissez pas les m\u00e9thodes de suivi obsol\u00e8tes freiner votre activit\u00e9. B\u00e9n\u00e9ficiez de la puissance de la technologie RFID NXP ICODE SLIX et gardez une longueur d&#039;avance sur la concurrence. Remplissez notre formulaire de demande d\u00e8s aujourd&#039;hui pour commencer votre parcours vers des op\u00e9rations plus intelligentes et plus efficaces.<\/span><\/div>","protected":false},"excerpt":{"rendered":"<p>R\u00e9volutionnez la gestion des actifs avec l&#039;inlay RFID NXP ICODE SLIX 13,56 MHz, am\u00e9liorant l&#039;efficacit\u00e9 des stocks et l&#039;authentification des produits dans tous les secteurs.<\/p>","protected":false},"featured_media":320,"template":"","meta":{"_kad_post_transparent":"default","_kad_post_title":"","_kad_post_layout":"default","_kad_post_sidebar_id":"","_kad_post_content_style":"default","_kad_post_vertical_padding":"default","_kad_post_feature":"","_kad_post_feature_position":"","_kad_post_header":false,"_kad_post_footer":false,"_kad_post_classname":""},"product_brand":[],"product_cat":[54,189],"product_tag":[306,111,108],"class_list":{"0":"post-319","1":"product","2":"type-product","3":"status-publish","4":"has-post-thumbnail","6":"product_cat-hot-selling-rfid-tags","7":"product_cat-rfid-inlay","8":"product_tag-icode-slix-rfid-inlay","9":"product_tag-nfc-inlay","10":"product_tag-rfid-inlay","12":"first","13":"instock","14":"shipping-taxable","15":"product-type-simple","16":"entry","17":"content-bg","18":"loop-entry"},"_links":{"self":[{"href":"https:\/\/rfid-laundry-tag.com\/fr\/wp-json\/wp\/v2\/product\/319","targetHints":{"allow":["GET"]}}],"collection":[{"href":"https:\/\/rfid-laundry-tag.com\/fr\/wp-json\/wp\/v2\/product"}],"about":[{"href":"https:\/\/rfid-laundry-tag.com\/fr\/wp-json\/wp\/v2\/types\/product"}],"version-history":[{"count":3,"href":"https:\/\/rfid-laundry-tag.com\/fr\/wp-json\/wp\/v2\/product\/319\/revisions"}],"predecessor-version":[{"id":2656,"href":"https:\/\/rfid-laundry-tag.com\/fr\/wp-json\/wp\/v2\/product\/319\/revisions\/2656"}],"wp:featuredmedia":[{"embeddable":true,"href":"https:\/\/rfid-laundry-tag.com\/fr\/wp-json\/wp\/v2\/media\/320"}],"wp:attachment":[{"href":"https:\/\/rfid-laundry-tag.com\/fr\/wp-json\/wp\/v2\/media?parent=319"}],"wp:term":[{"taxonomy":"product_brand","embeddable":true,"href":"https:\/\/rfid-laundry-tag.com\/fr\/wp-json\/wp\/v2\/product_brand?post=319"},{"taxonomy":"product_cat","embeddable":true,"href":"https:\/\/rfid-laundry-tag.com\/fr\/wp-json\/wp\/v2\/product_cat?post=319"},{"taxonomy":"product_tag","embeddable":true,"href":"https:\/\/rfid-laundry-tag.com\/fr\/wp-json\/wp\/v2\/product_tag?post=319"}],"curies":[{"name":"wp","href":"https:\/\/api.w.org\/{rel}","templated":true}]}}