{"id":3186,"date":"2026-01-09T13:37:43","date_gmt":"2026-01-09T13:37:43","guid":{"rendered":"https:\/\/rfid-laundry-tag.com\/?post_type=product&#038;p=3186"},"modified":"2026-01-09T13:37:44","modified_gmt":"2026-01-09T13:37:44","slug":"fabric-woven-rfid-wash-care-tag","status":"publish","type":"product","link":"https:\/\/rfid-laundry-tag.com\/fr\/fabric-woven-rfid-wash-care-tag\/","title":{"rendered":"\u00c9tiquette RFID tiss\u00e9e pour l&#039;entretien du lavage"},"content":{"rendered":"<div>\n<div>\n<table>\n<tbody>\n<tr>\n<td colspan=\"1\" rowspan=\"1\">\n<div data-spm-anchor-id=\"a2700.details.0.i95.236a58c1ycsfva\">Nom de la production :<\/div>\n<\/td>\n<td colspan=\"1\" rowspan=\"1\">\n<div><strong>\u00c9tiquette RFID tiss\u00e9e pour l&#039;entretien du lavage<\/strong><\/div>\n<\/td>\n<\/tr>\n<tr>\n<td colspan=\"1\" rowspan=\"1\">\n<div>Mat\u00e9riel:<\/div>\n<\/td>\n<td colspan=\"1\" rowspan=\"1\">\n<div>Polyester\/Tiss\u00e9\/Composition\/Satin\/Coton\/Non-tiss\u00e9\/PET etc.<\/div>\n<\/td>\n<\/tr>\n<tr>\n<td colspan=\"1\" rowspan=\"1\">\n<div>Taille:<\/div>\n<\/td>\n<td colspan=\"1\" rowspan=\"1\">\n<div>80 x 38 mm \/ 60 x 30 mm \/ 61 x 26 mm \/ 60 x 22 mm \/ etc. ou sur mesure<\/div>\n<\/td>\n<\/tr>\n<tr>\n<td colspan=\"1\" rowspan=\"1\">\n<div>Taper:<\/div>\n<\/td>\n<td colspan=\"1\" rowspan=\"1\">\n<div>Passif, RFID<\/div>\n<\/td>\n<\/tr>\n<tr>\n<td colspan=\"1\" rowspan=\"1\">\n<div>Protocole RF :<\/div>\n<\/td>\n<td colspan=\"1\" rowspan=\"1\">\n<div>ISO 18000-6C; EPC Classe 1 Gen 2<\/div>\n<\/td>\n<\/tr>\n<tr>\n<td colspan=\"1\" rowspan=\"1\">\n<div>Fr\u00e9quence:<\/div>\n<\/td>\n<td colspan=\"1\" rowspan=\"1\">\n<div>860 \u00e0 960 MHz<\/div>\n<\/td>\n<\/tr>\n<tr>\n<td colspan=\"1\" rowspan=\"1\">\n<div>\u00c9br\u00e9cher<\/div>\n<\/td>\n<td colspan=\"1\" rowspan=\"1\">\n<div>U8,U9,Alien Higgs, Monza 4D, Monza 4QT, Monza R6, Monza R6-P, Impinj M730, Impinj M750 etc.<\/div>\n<\/td>\n<\/tr>\n<tr>\n<td colspan=\"1\" rowspan=\"1\">\n<div>Distance de lecture :<\/div>\n<\/td>\n<td colspan=\"1\" rowspan=\"1\">\n<div>UHF : 1~10m (d\u00e9pend du lecteur et de l&#039;antenne)<\/div>\n<\/td>\n<\/tr>\n<tr>\n<td colspan=\"1\" rowspan=\"1\">\n<div>Voie fixe :<\/div>\n<\/td>\n<td colspan=\"1\" rowspan=\"1\">\n<div>Coudre \/ repasser<\/div>\n<\/td>\n<\/tr>\n<tr>\n<td colspan=\"1\" rowspan=\"1\">\n<div>Impression:<\/div>\n<\/td>\n<td colspan=\"1\" rowspan=\"1\">\n<div>Impression, codage, num\u00e9ro de s\u00e9rie, conception, etc.<\/div>\n<\/td>\n<\/tr>\n<tr>\n<td colspan=\"1\" rowspan=\"1\">\n<div>Dur\u00e9e de vie du CI :<\/div>\n<\/td>\n<td colspan=\"1\" rowspan=\"1\">\n<div data-spm-anchor-id=\"a2700.details.0.i94.236a58c1ycsfva\">100 000 cycles de programmation<br \/>\nConservation des donn\u00e9es pendant 10 ans<\/div>\n<\/td>\n<\/tr>\n<tr>\n<td colspan=\"1\" rowspan=\"1\">\n<div>Disponibilit\u00e9 des \u00e9chantillons :<\/div>\n<\/td>\n<td colspan=\"1\" rowspan=\"1\">\n<div>Des \u00e9chantillons gratuits sont disponibles sur demande<\/div>\n<\/td>\n<\/tr>\n<tr>\n<td colspan=\"1\" rowspan=\"1\">\n<div>Applications :<\/div>\n<\/td>\n<td colspan=\"1\" rowspan=\"1\">\n<div>\u00b7 Gestion des stocks<br \/>\n\u00b7 Cha\u00eene d&#039;approvisionnement<br \/>\n\u00b7 Vente au d\u00e9tail<\/div>\n<\/td>\n<\/tr>\n<tr>\n<td colspan=\"1\" rowspan=\"1\">\n<div>Utiliser<\/div>\n<\/td>\n<td colspan=\"1\" rowspan=\"1\">\n<div>V\u00eatement, habillement, sacs, chaussures, etc.<\/div>\n<\/td>\n<\/tr>\n<\/tbody>\n<\/table>\n<\/div>\n<\/div>\n<div>\n<div>\n<div>\n<div>\n<div>\n<div><\/div>\n<\/div>\n<div>\n<div>\n<h2>Le tissu en nylon est doux et r\u00e9sistant \u00e0 l&#039;usure<\/h2>\n<div><a href=\"https:\/\/rfid-laundry-tag.com\/fr\/\">\u00c9tiquette RFID tiss\u00e9e pour l&#039;entretien du lavage<\/a>\u00a0Le tissu en nylon pr\u00e9sente une bonne r\u00e9sistance, une texture lisse et d&#039;excellents effets d&#039;impression ; il peut \u00eatre lav\u00e9 sans s&#039;user facilement.<\/div>\n<div>Il est actuellement largement utilis\u00e9 dans les v\u00eatements, les chaussures, les sacs, le linge de maison et la gestion du linge d&#039;h\u00f4tel.<\/div>\n<\/div>\n<\/div>\n<\/div>\n<div><\/div>\n<div>L&#039;\u00e9tiquette RFID tiss\u00e9e en tissu pour l&#039;entretien du lavage int\u00e9grait une puce UHF et permettait une lecture \u00e0 longue distance.<br \/>\nDot\u00e9 d&#039;une puce UHF, il peut \u00eatre r\u00e9\u00e9crit<br \/>\nJusqu&#039;\u00e0 100 000 enregistrements, les donn\u00e9es peuvent \u00eatre conserv\u00e9es pendant 10 ans, et le syst\u00e8me offre des performances stables et fiables.<\/div>\n<\/div>\n<div><\/div>\n<div>\u00c9tiquette RFID tiss\u00e9e en tissu pour l&#039;entretien du lavage\u00a0: personnalisation possible, mise en page gratuite<br \/>\nPersonnalisable avec encodage, logo, codes-barres 1D\/2D sur demande,<\/div>\n<div>et \u00e9galement disponible en tailles personnalis\u00e9es, mod\u00e8les de puces, couleurs, etc.<\/div>\n<div>\n<div><\/div>\n<div>\n<div>\n<div>\n<div>\n<div>\n<h2>Installation et utilisation faciles<\/h2>\n<p>Nos \u00e9tiquettes RFID tiss\u00e9es en tissu sont con\u00e7ues pour une int\u00e9gration parfaite \u00e0 vos v\u00eatements\u00a0:<\/p>\n<ol>\n<li translate=\"yes\">Option de couture : M\u00e9thode de fixation traditionnelle pour une durabilit\u00e9 accrue.<\/li>\n<li translate=\"yes\">Application thermocollante : Installation rapide et facile gr\u00e2ce \u00e0 la technologie de transfert thermique.<\/li>\n<\/ol>\n<p>Les deux m\u00e9thodes garantissent que l&#039;\u00e9tiquette RFID reste solidement fix\u00e9e tout au long du cycle de vie du v\u00eatement.<\/p>\n<h3>Voici quelques exemples de la mani\u00e8re dont des marques de v\u00eatements haut de gamme ont mis en \u0153uvre avec succ\u00e8s l&#039;\u00e9tiquette RFID tiss\u00e9e pour l&#039;entretien des v\u00eatements\u00a0:<\/h3>\n<ol>\n<li>\n<div>Prada\u00a0: Cette c\u00e9l\u00e8bre marque de luxe italienne a adopt\u00e9 les \u00e9tiquettes RFID d\u2019entretien en 2001, permettant un enregistrement pr\u00e9cis d\u2019informations telles que le style, la taille, la couleur et le prix. Fait int\u00e9ressant, lorsque des clients portant des v\u00eatements Prada parcourent les boutiques, les tenues correspondantes sont pr\u00e9sent\u00e9es sur les mannequins, recr\u00e9ant ainsi un d\u00e9fil\u00e9 de haute couture milanais. Cette utilisation innovante de la technologie RFID am\u00e9liore la satisfaction des clients Prada apr\u00e8s leur achat.<\/div>\n<\/li>\n<li>\n<div>H&amp;M\u00a0: Cette marque internationale a commenc\u00e9 \u00e0 utiliser la technologie RFID en 2014. Dans les 1\u00a0800 magasins pr\u00e9vus, la technologie RFID permet un suivi automatique des cat\u00e9gories de produits, des quantit\u00e9s et de la consommation.<\/div>\n<\/li>\n<li>\n<div>ZARA\u00a0: Au premier semestre 2016, Inditex, la maison m\u00e8re de ZARA, a indiqu\u00e9 que l\u2019utilisation de la technologie RFID avait permis d\u2019am\u00e9liorer la gestion des stocks et des approvisionnements pour environ 70\u00a0% de ses marques. Cette mise en \u0153uvre a entra\u00een\u00e9 une hausse des ventes de 11,11\u00a0% et une augmentation des b\u00e9n\u00e9fices de 7,51\u00a0%, soit un total de 1,26\u00a0milliard d\u2019euros.<\/div>\n<\/li>\n<li>\n<div>Uniqlo\u00a0: En 2017, Uniqlo a annonc\u00e9 son intention de d\u00e9ployer des \u00e9tiquettes RFID UHF dans 3\u00a0000 magasins \u00e0 travers le monde, devenant ainsi le premier d\u00e9taillant japonais \u00e0 utiliser des \u00e9tiquettes \u00e9lectroniques \u00e0 l\u2019\u00e9chelle mondiale.<\/div>\n<\/li>\n<\/ol>\n<div>Voici quelques exemples de la mani\u00e8re dont les grandes marques de v\u00eatements utilisent les \u00e9tiquettes RFID. En 2019, la quasi-totalit\u00e9 des grandes marques internationales avaient int\u00e9gr\u00e9 des \u00e9tiquettes RFID \u00e0 leurs v\u00eatements, ce qui repr\u00e9sente plus de 20 milliards de pi\u00e8ces \u00e9tiquet\u00e9es \u2013 un chiffre en constante augmentation. Parmi les autres marques importantes ayant adopt\u00e9 cette technologie, on peut citer Nike et Walmart.<\/div>\n<\/div>\n<\/div>\n<\/div>\n<\/div>\n<\/div>\n<\/div>\n<\/div>\n<\/div>","protected":false},"excerpt":{"rendered":"<div class=\"elementor-element elementor-element-4f79c63 e-flex e-con-boxed e-con e-parent e-lazyloaded\" data-id=\"4f79c63\" data-element_type=\"container\" data-settings=\"{&quot;_ha_eqh_enable&quot;:false}\">\n<div class=\"e-con-inner\">\n<div class=\"elementor-element elementor-element-be3873c elementor-widget elementor-widget-woocommerce-product-short-description\" data-id=\"be3873c\" data-element_type=\"widget\" data-widget_type=\"woocommerce-product-short-description.default\">\n<div class=\"elementor-widget-container\">\n<div class=\"woocommerce-product-details__short-description\">\n<p>Durable <strong>\u00e9tiquette d&#039;entretien RFID tiss\u00e9e en nylon<\/strong> Avec puce UHF, r\u00e9inscriptible 100 000 fois, durable, conception personnalisable, id\u00e9ale pour les textiles et les v\u00eatements.<\/p>\n<\/div>\n<\/div>\n<\/div>\n<\/div>\n<\/div>\n<div class=\"elementor-element elementor-element-3ad806e e-flex e-con-boxed e-con e-parent e-lazyloaded\" data-id=\"3ad806e\" data-element_type=\"container\" data-settings=\"{&quot;_ha_eqh_enable&quot;:false}\">\n<div class=\"e-con-inner\">\n<div class=\"elementor-element elementor-element-362020f elementor-widget elementor-widget-woocommerce-product-data-tabs\" data-id=\"362020f\" data-element_type=\"widget\" data-widget_type=\"woocommerce-product-data-tabs.default\">\n<div class=\"elementor-widget-container\">\n<div class=\"woocommerce-tabs wc-tabs-wrapper\"><\/div>\n<\/div>\n<\/div>\n<\/div>\n<\/div>","protected":false},"featured_media":3187,"template":"","meta":{"_kad_post_transparent":"default","_kad_post_title":"","_kad_post_layout":"default","_kad_post_sidebar_id":"","_kad_post_content_style":"default","_kad_post_vertical_padding":"default","_kad_post_feature":"","_kad_post_feature_position":"","_kad_post_header":false,"_kad_post_footer":false,"_kad_post_classname":""},"product_brand":[],"product_cat":[81],"product_tag":[386,285,387],"class_list":{"0":"post-3186","1":"product","2":"type-product","3":"status-publish","4":"has-post-thumbnail","6":"product_cat-rfid-wash-care-clothing-label","7":"product_tag-fabric-woven-rfid-wash-care-tag","8":"product_tag-rfid-tag","9":"product_tag-rfid-wash-care-tag","11":"first","12":"instock","13":"shipping-taxable","14":"product-type-simple","15":"entry","16":"content-bg","17":"loop-entry"},"_links":{"self":[{"href":"https:\/\/rfid-laundry-tag.com\/fr\/wp-json\/wp\/v2\/product\/3186","targetHints":{"allow":["GET"]}}],"collection":[{"href":"https:\/\/rfid-laundry-tag.com\/fr\/wp-json\/wp\/v2\/product"}],"about":[{"href":"https:\/\/rfid-laundry-tag.com\/fr\/wp-json\/wp\/v2\/types\/product"}],"version-history":[{"count":1,"href":"https:\/\/rfid-laundry-tag.com\/fr\/wp-json\/wp\/v2\/product\/3186\/revisions"}],"predecessor-version":[{"id":3190,"href":"https:\/\/rfid-laundry-tag.com\/fr\/wp-json\/wp\/v2\/product\/3186\/revisions\/3190"}],"wp:featuredmedia":[{"embeddable":true,"href":"https:\/\/rfid-laundry-tag.com\/fr\/wp-json\/wp\/v2\/media\/3187"}],"wp:attachment":[{"href":"https:\/\/rfid-laundry-tag.com\/fr\/wp-json\/wp\/v2\/media?parent=3186"}],"wp:term":[{"taxonomy":"product_brand","embeddable":true,"href":"https:\/\/rfid-laundry-tag.com\/fr\/wp-json\/wp\/v2\/product_brand?post=3186"},{"taxonomy":"product_cat","embeddable":true,"href":"https:\/\/rfid-laundry-tag.com\/fr\/wp-json\/wp\/v2\/product_cat?post=3186"},{"taxonomy":"product_tag","embeddable":true,"href":"https:\/\/rfid-laundry-tag.com\/fr\/wp-json\/wp\/v2\/product_tag?post=3186"}],"curies":[{"name":"wp","href":"https:\/\/api.w.org\/{rel}","templated":true}]}}