{"id":3180,"date":"2026-01-09T13:29:20","date_gmt":"2026-01-09T13:29:20","guid":{"rendered":"https:\/\/rfid-laundry-tag.com\/?post_type=product&#038;p=3180"},"modified":"2026-01-09T13:29:20","modified_gmt":"2026-01-09T13:29:20","slug":"rfid-garment-tag-for-apparel-and-fashion","status":"publish","type":"product","link":"https:\/\/rfid-laundry-tag.com\/fr\/rfid-garment-tag-for-apparel-and-fashion\/","title":{"rendered":"\u00c9tiquette RFID pour v\u00eatements et mode"},"content":{"rendered":"<h2 class=\"ng-star-inserted\"><strong class=\"ng-star-inserted\"><span class=\"ng-star-inserted\">\u00c9tiquette RFID pour v\u00eatements et mode<\/span><\/strong><\/h2>\n<h2 class=\"ng-star-inserted\"><strong class=\"ng-star-inserted\"><span class=\"ng-star-inserted\">L&#039;essor de la RFID dans l&#039;habillement et la mode<\/span><\/strong><\/h2>\n<p class=\"ng-star-inserted\"><span class=\"ng-star-inserted\">Le\u00a0<\/span><strong class=\"ng-star-inserted\"><span class=\"ng-star-inserted\">v\u00eatements<\/span><\/strong><span class=\"ng-star-inserted\">\u00a0et l&#039;industrie de la mode l&#039;adopte rapidement\u00a0<\/span><strong class=\"ng-star-inserted\"><span class=\"ng-star-inserted\">RFID<\/span><\/strong><span class=\"ng-star-inserted\">\u00a0(<\/span><strong class=\"ng-star-inserted\"><span class=\"ng-star-inserted\">radiofr\u00e9quence<\/span><\/strong><span class=\"ng-star-inserted\">\u00a0identification)\u00a0<\/span><strong class=\"ng-star-inserted\"><span class=\"ng-star-inserted\">technologie<\/span><\/strong><span class=\"ng-star-inserted\">\u00a0optimiser les op\u00e9rations et am\u00e9liorer l&#039;exp\u00e9rience client.\u00a0<\/span><strong class=\"ng-star-inserted\"><span class=\"ng-star-inserted\">RFID<\/span><\/strong><span class=\"ng-star-inserted\">\u00a0<\/span><strong class=\"ng-star-inserted\"><span class=\"ng-star-inserted\">v\u00eatement<\/span><\/strong><span class=\"ng-star-inserted\">\u00a0<\/span><strong class=\"ng-star-inserted\"><span class=\"ng-star-inserted\">Mots cl\u00e9s<\/span><\/strong><span class=\"ng-star-inserted\">\u00a0offrent un moyen efficace de suivre les articles tout au long de leur cycle de vie, de la fabrication au point de vente et au-del\u00e0.\u00a0<\/span><strong class=\"ng-star-inserted\"><span class=\"ng-star-inserted\">RFID<\/span><\/strong><span class=\"ng-star-inserted\">\u00a0permet un\u00a0<\/span><strong class=\"ng-star-inserted\"><span class=\"ng-star-inserted\">nouveau<\/span><\/strong><span class=\"ng-star-inserted\">\u00a0L&#039;\u00e8re de l&#039;efficacit\u00e9, de la visibilit\u00e9 et de la prise de d\u00e9cision fond\u00e9e sur les donn\u00e9es.<\/span><\/p>\n<p class=\"ng-star-inserted\"><span class=\"ng-star-inserted\">Contrairement \u00e0 la tradition\u00a0<\/span><strong class=\"ng-star-inserted\"><span class=\"ng-star-inserted\">code-barres<\/span><\/strong><span class=\"ng-star-inserted\">s,\u00a0<\/span><strong class=\"ng-star-inserted\"><span class=\"ng-star-inserted\">RFID<\/span><\/strong><span class=\"ng-star-inserted\">\u00a0<\/span><strong class=\"ng-star-inserted\"><span class=\"ng-star-inserted\">\u00e9tiqueter<\/span><\/strong><span class=\"ng-star-inserted\">Ces appareils ne n\u00e9cessitent pas de vis\u00e9e directe. Cela permet une capture de donn\u00e9es plus rapide et plus efficace, m\u00eame dans des environnements difficiles comme les entrep\u00f4ts encombr\u00e9s ou les magasins tr\u00e8s fr\u00e9quent\u00e9s. La capacit\u00e9 de lire plusieurs\u00a0<\/span><strong class=\"ng-star-inserted\"><span class=\"ng-star-inserted\">Mots cl\u00e9s<\/span><\/strong><span class=\"ng-star-inserted\">\u00a0La simultan\u00e9it\u00e9 est un avantage cl\u00e9 de\u00a0<\/span><strong class=\"ng-star-inserted\"><span class=\"ng-star-inserted\">RFID<\/span><\/strong><span class=\"ng-star-inserted\">, acc\u00e9l\u00e9rant consid\u00e9rablement des processus tels que les inventaires et\u00a0<\/span><strong class=\"ng-star-inserted\"><span class=\"ng-star-inserted\">v\u00e9rifier<\/span><\/strong><span class=\"ng-star-inserted\">. Il peut identifier plusieurs objets se d\u00e9pla\u00e7ant \u00e0 grande vitesse gr\u00e2ce \u00e0 des syst\u00e8mes \u00e9lectroniques multiples.\u00a0<\/span><strong class=\"ng-star-inserted\"><span class=\"ng-star-inserted\">Mots cl\u00e9s<\/span><\/strong><span class=\"ng-star-inserted\">\u00a0au m\u00eame moment\u00a0<\/span><strong class=\"ng-star-inserted\"><span class=\"ng-star-inserted\">temps<\/span><\/strong><span class=\"ng-star-inserted\">\u00a0\u00e0 travers le\u00a0<\/span><strong class=\"ng-star-inserted\"><span class=\"ng-star-inserted\">RFID<\/span><\/strong><span class=\"ng-star-inserted\">\u00a0<\/span><strong class=\"ng-star-inserted\"><span class=\"ng-star-inserted\">technologie<\/span><\/strong><span class=\"ng-star-inserted\">.<\/span><\/p>\n<h2 class=\"ng-star-inserted\"><strong class=\"ng-star-inserted\"><span class=\"ng-star-inserted\">\u00c9tiquettes RFID : une r\u00e9volution dans le commerce de d\u00e9tail<\/span><\/strong><\/h2>\n<p class=\"ng-star-inserted\"><strong class=\"ng-star-inserted\"><span class=\"ng-star-inserted\">\u00c9tiquettes volantes RFID<\/span><\/strong><span class=\"ng-star-inserted\">\u00a0transforment le paysage du commerce de d\u00e9tail en offrant une visibilit\u00e9 in\u00e9gal\u00e9e sur les stocks et en renfor\u00e7ant la s\u00e9curit\u00e9.\u00a0<\/span><strong class=\"ng-star-inserted\"><span class=\"ng-star-inserted\">Mots cl\u00e9s<\/span><\/strong><span class=\"ng-star-inserted\">, Ces puces \u00e9lectroniques, g\u00e9n\u00e9ralement fix\u00e9es aux v\u00eatements, chapeaux, sacs et chaussures, contiennent une micropuce qui stocke des informations sur le produit et un identifiant unique. En int\u00e9grant\u00a0<\/span><strong class=\"ng-star-inserted\"><span class=\"ng-star-inserted\">RFID<\/span><\/strong><span class=\"ng-star-inserted\">\u00a0<\/span><strong class=\"ng-star-inserted\"><span class=\"ng-star-inserted\">technologie<\/span><\/strong><span class=\"ng-star-inserted\">\u00a0dans\u00a0<\/span><strong class=\"ng-star-inserted\"><span class=\"ng-star-inserted\">accrocher<\/span><\/strong><span class=\"ng-star-inserted\">\u00a0<\/span><strong class=\"ng-star-inserted\"><span class=\"ng-star-inserted\">\u00e9tiqueter<\/span><\/strong><span class=\"ng-star-inserted\">s, ce probl\u00e8me peut \u00eatre r\u00e9solu efficacement.<\/span><\/p>\n<p class=\"ng-star-inserted\"><strong class=\"ng-star-inserted\"><span class=\"ng-star-inserted\">\u00c9tiquettes volantes RFID<\/span><\/strong><span class=\"ng-star-inserted\">\u00a0offrent de nombreux avantages, notamment\u00a0:<\/span><\/p>\n<ul class=\"ng-star-inserted\">\n<li class=\"ng-star-inserted\">\n<p class=\"ng-star-inserted\"><strong class=\"ng-star-inserted\"><span class=\"ng-star-inserted\">Am\u00e9lioration de la pr\u00e9cision des stocks\u00a0:<\/span><\/strong><span class=\"ng-star-inserted\">\u00a0<\/span><strong class=\"ng-star-inserted\"><span class=\"ng-star-inserted\">En temps r\u00e9el<\/span><\/strong><span class=\"ng-star-inserted\">\u00a0Suivi des niveaux de stock, r\u00e9duction des ruptures et des surstocks.<\/span><\/p>\n<\/li>\n<li class=\"ng-star-inserted\">\n<p class=\"ng-star-inserted\"><strong class=\"ng-star-inserted\"><span class=\"ng-star-inserted\">Pr\u00e9vention des pertes :<\/span><\/strong><span class=\"ng-star-inserted\">\u00a0<\/span><strong class=\"ng-star-inserted\"><span class=\"ng-star-inserted\">RFID<\/span><\/strong><span class=\"ng-star-inserted\">\u00a0<\/span><strong class=\"ng-star-inserted\"><span class=\"ng-star-inserted\">\u00e9tiqueter<\/span><\/strong><span class=\"ng-star-inserted\">Ces dispositifs peuvent \u00eatre utilis\u00e9s dans le cadre d&#039;un syst\u00e8me de surveillance \u00e9lectronique des articles (EAS) pour dissuader le vol. Ils peuvent \u00e9galement contribuer \u00e0 pr\u00e9venir la contrefa\u00e7on.\u00a0<\/span><strong class=\"ng-star-inserted\"><span class=\"ng-star-inserted\">v\u00eatement<\/span><\/strong><span class=\"ng-star-inserted\">s.<\/span><\/p>\n<\/li>\n<li class=\"ng-star-inserted\">\n<p class=\"ng-star-inserted\"><strong class=\"ng-star-inserted\"><span class=\"ng-star-inserted\">Authentification de la marque\u00a0:<\/span><\/strong><span class=\"ng-star-inserted\">\u00a0<\/span><strong class=\"ng-star-inserted\"><span class=\"ng-star-inserted\">RFID<\/span><\/strong><span class=\"ng-star-inserted\">\u00a0permet de v\u00e9rifier l&#039;authenticit\u00e9 des produits, prot\u00e9geant ainsi votre marque et vos clients.<\/span><\/p>\n<\/li>\n<li class=\"ng-star-inserted\">\n<p class=\"ng-star-inserted\"><strong class=\"ng-star-inserted\"><span class=\"ng-star-inserted\">Exp\u00e9rience client am\u00e9lior\u00e9e\u00a0:<\/span><\/strong><span class=\"ng-star-inserted\">\u00a0Plus rapide\u00a0<\/span><strong class=\"ng-star-inserted\"><span class=\"ng-star-inserted\">v\u00e9rifier<\/span><\/strong><span class=\"ng-star-inserted\">\u00a0Des processus et des recommandations personnalis\u00e9es gr\u00e2ce \u00e0 des \u00e9tag\u00e8res et des cabines d&#039;essayage intelligentes.<\/span><\/p>\n<\/li>\n<\/ul>\n<p class=\"ng-star-inserted\">\n<h2 class=\"ng-star-inserted\"><strong class=\"ng-star-inserted\"><span class=\"ng-star-inserted\">Technique\u00a0<\/span><\/strong><\/h2>\n<div class=\"table-container ng-star-inserted\">\n<table>\n<tbody>\n<tr class=\"table-header ng-star-inserted\">\n<td class=\"ng-star-inserted\"><span class=\"ng-star-inserted\">Fonctionnalit\u00e9<\/span><\/td>\n<td class=\"ng-star-inserted\"><span class=\"ng-star-inserted\">Sp\u00e9cification<\/span><\/td>\n<\/tr>\n<tr class=\"ng-star-inserted\">\n<td class=\"ng-star-inserted\"><strong class=\"ng-star-inserted\"><span class=\"ng-star-inserted\">Fr\u00e9quence<\/span><\/strong><\/td>\n<td class=\"ng-star-inserted\"><strong class=\"ng-star-inserted\"><span class=\"ng-star-inserted\">RFID UHF<\/span><\/strong><span class=\"ng-star-inserted\">\u00a0(860-960 MHz),\u00a0<\/span><strong class=\"ng-star-inserted\"><span class=\"ng-star-inserted\">RAIN RFID<\/span><\/strong><\/td>\n<\/tr>\n<tr class=\"ng-star-inserted\">\n<td class=\"ng-star-inserted\"><strong class=\"ng-star-inserted\"><span class=\"ng-star-inserted\">Protocole<\/span><\/strong><\/td>\n<td class=\"ng-star-inserted\"><strong class=\"ng-star-inserted\"><span class=\"ng-star-inserted\">ISO 18000-6C<\/span><\/strong><span class=\"ng-star-inserted\">\u00a0(<\/span><strong class=\"ng-star-inserted\"><span class=\"ng-star-inserted\">Classe \u00e9nerg\u00e9tique 1 Gen2<\/span><\/strong><span class=\"ng-star-inserted\">)<\/span><\/td>\n<\/tr>\n<tr class=\"ng-star-inserted\">\n<td class=\"ng-star-inserted\"><strong class=\"ng-star-inserted\"><span class=\"ng-star-inserted\">Type de puce<\/span><\/strong><\/td>\n<td class=\"ng-star-inserted\"><span class=\"ng-star-inserted\">Impinj Monza, NXP UCODE, Alien Higgs<\/span><\/td>\n<\/tr>\n<tr class=\"ng-star-inserted\">\n<td class=\"ng-star-inserted\"><strong class=\"ng-star-inserted\"><span class=\"ng-star-inserted\">M\u00e9moire<\/span><\/strong><\/td>\n<td class=\"ng-star-inserted\"><strong class=\"ng-star-inserted\"><span class=\"ng-star-inserted\">CBE<\/span><\/strong><span class=\"ng-star-inserted\">\u00a096 bits,\u00a0<\/span><strong class=\"ng-star-inserted\"><span class=\"ng-star-inserted\">stockage de donn\u00e9es<\/span><\/strong><span class=\"ng-star-inserted\">\u00a0M\u00e9moire utilisateur 512 bits (variable selon la puce)<\/span><\/td>\n<\/tr>\n<tr class=\"ng-star-inserted\">\n<td class=\"ng-star-inserted\"><strong class=\"ng-star-inserted\"><span class=\"ng-star-inserted\">Plage de lecture<\/span><\/strong><\/td>\n<td class=\"ng-star-inserted\"><span class=\"ng-star-inserted\">Jusqu&#039;\u00e0 10 m\u00e8tres (variable selon le lecteur et l&#039;environnement)<\/span><\/td>\n<\/tr>\n<tr class=\"ng-star-inserted\">\n<td class=\"ng-star-inserted\"><strong class=\"ng-star-inserted\"><span class=\"ng-star-inserted\">Conservation des donn\u00e9es<\/span><\/strong><\/td>\n<td class=\"ng-star-inserted\"><span class=\"ng-star-inserted\">10 ans<\/span><\/td>\n<\/tr>\n<tr class=\"ng-star-inserted\">\n<td class=\"ng-star-inserted\"><strong class=\"ng-star-inserted\"><span class=\"ng-star-inserted\">\u00c9crire Endurance<\/span><\/strong><\/td>\n<td class=\"ng-star-inserted\"><span class=\"ng-star-inserted\">100 000 cycles<\/span><\/td>\n<\/tr>\n<tr class=\"ng-star-inserted\">\n<td class=\"ng-star-inserted\"><strong class=\"ng-star-inserted\"><span class=\"ng-star-inserted\">Temp\u00e9rature de fonctionnement<\/span><\/strong><\/td>\n<td class=\"ng-star-inserted\"><span class=\"ng-star-inserted\">-40 \u00b0C \u00e0 +85 \u00b0C (variable selon\u00a0<\/span><strong class=\"ng-star-inserted\"><span class=\"ng-star-inserted\">\u00e9tiqueter<\/span><\/strong><span class=\"ng-star-inserted\">\u00a0taper)<\/span><\/td>\n<\/tr>\n<tr class=\"ng-star-inserted\">\n<td class=\"ng-star-inserted\"><strong class=\"ng-star-inserted\"><span class=\"ng-star-inserted\">Mat\u00e9riel<\/span><\/strong><\/td>\n<td class=\"ng-star-inserted\"><span class=\"ng-star-inserted\">Papier, satin, nylon, etc.<\/span><\/td>\n<\/tr>\n<tr class=\"ng-star-inserted\">\n<td class=\"ng-star-inserted\"><strong class=\"ng-star-inserted\"><span class=\"ng-star-inserted\">Pi\u00e8ce jointe<\/span><\/strong><\/td>\n<td class=\"ng-star-inserted\"><strong class=\"ng-star-inserted\"><span class=\"ng-star-inserted\">Adh\u00e9sif<\/span><\/strong><span class=\"ng-star-inserted\">, Thermoscellage, Couture,\u00a0<\/span><strong class=\"ng-star-inserted\"><span class=\"ng-star-inserted\">\u00c9tiquette volante<\/span><\/strong><\/td>\n<\/tr>\n<tr class=\"ng-star-inserted\">\n<td class=\"ng-star-inserted\"><strong class=\"ng-star-inserted\"><span class=\"ng-star-inserted\">Personnalisation<\/span><\/strong><\/td>\n<td class=\"ng-star-inserted\"><span class=\"ng-star-inserted\">Impression, codage,\u00a0<\/span><strong class=\"ng-star-inserted\"><span class=\"ng-star-inserted\">code-barres<\/span><\/strong><span class=\"ng-star-inserted\">, Logo<\/span><\/td>\n<\/tr>\n<tr class=\"ng-star-inserted\">\n<td class=\"ng-star-inserted\"><strong class=\"ng-star-inserted\"><span class=\"ng-star-inserted\">Facteur de forme<\/span><\/strong><\/td>\n<td class=\"ng-star-inserted\"><strong class=\"ng-star-inserted\"><span class=\"ng-star-inserted\">\u00c9tiquette volante<\/span><\/strong><span class=\"ng-star-inserted\">,\u00a0<\/span><strong class=\"ng-star-inserted\"><span class=\"ng-star-inserted\">Autocollant<\/span><\/strong><span class=\"ng-star-inserted\">,\u00a0<\/span><strong class=\"ng-star-inserted\"><span class=\"ng-star-inserted\">\u00c9tiquette tiss\u00e9e<\/span><\/strong><span class=\"ng-star-inserted\">,\u00a0<\/span><strong class=\"ng-star-inserted\"><span class=\"ng-star-inserted\">Incruster<\/span><\/strong><\/td>\n<\/tr>\n<tr class=\"ng-star-inserted\">\n<td class=\"ng-star-inserted\"><strong class=\"ng-star-inserted\"><span class=\"ng-star-inserted\">Environnement<\/span><\/strong><\/td>\n<td class=\"ng-star-inserted\"><span class=\"ng-star-inserted\">Antenne \u00e9cologique en papier 100%\u00a0<\/span><strong class=\"ng-star-inserted\"><span class=\"ng-star-inserted\">option<\/span><\/strong><span class=\"ng-star-inserted\">\u00a0disponible<\/span><\/td>\n<\/tr>\n<\/tbody>\n<\/table>\n<p>&nbsp;<\/p>\n<\/div>\n<p class=\"ng-star-inserted\"><strong class=\"ng-star-inserted\"><span class=\"ng-star-inserted\">\u00e9tiquette RFID pour v\u00eatements<\/span><\/strong><span class=\"ng-star-inserted\">\u00a0est l&#039;application la plus remarquable o\u00f9\u00a0<\/span><strong class=\"ng-star-inserted\"><span class=\"ng-star-inserted\">RFID<\/span><\/strong><span class=\"ng-star-inserted\">\u00a0<\/span><strong class=\"ng-star-inserted\"><span class=\"ng-star-inserted\">technologie<\/span><\/strong><span class=\"ng-star-inserted\">\u00a0impacte l&#039;industrie du v\u00eatement. Par\u00a0<\/span><strong class=\"ng-star-inserted\"><span class=\"ng-star-inserted\">radiofr\u00e9quence<\/span><\/strong><span class=\"ng-star-inserted\">\u00a0signaux, les\u00a0<\/span><strong class=\"ng-star-inserted\"><span class=\"ng-star-inserted\">RFID<\/span><\/strong><span class=\"ng-star-inserted\">\u00a0<\/span><strong class=\"ng-star-inserted\"><span class=\"ng-star-inserted\">v\u00eatement<\/span><\/strong><span class=\"ng-star-inserted\">\u00a0<\/span><strong class=\"ng-star-inserted\"><span class=\"ng-star-inserted\">\u00e9tiqueter<\/span><\/strong><span class=\"ng-star-inserted\">\u00a0Il peut identifier automatiquement les objets cibles, obtenir les donn\u00e9es pertinentes et identifier les travaux \u00e0 effectuer sans intervention manuelle. Il peut fonctionner dans tous types d&#039;environnements difficiles.\u00a0<\/span><strong class=\"ng-star-inserted\"><span class=\"ng-star-inserted\">Les \u00e9tiquettes sont con\u00e7ues<\/span><\/strong><span class=\"ng-star-inserted\">\u00a0pour r\u00e9pondre \u00e0 diff\u00e9rents besoins.<\/span><\/p>\n<h2 class=\"ng-star-inserted\"><strong class=\"ng-star-inserted\"><span class=\"ng-star-inserted\">Personnalisation et int\u00e9gration<\/span><\/strong><\/h2>\n<p class=\"ng-star-inserted\"><strong class=\"ng-star-inserted\"><span class=\"ng-star-inserted\">RFID<\/span><\/strong><span class=\"ng-star-inserted\">\u00a0<\/span><strong class=\"ng-star-inserted\"><span class=\"ng-star-inserted\">v\u00eatement<\/span><\/strong><span class=\"ng-star-inserted\">\u00a0<\/span><strong class=\"ng-star-inserted\"><span class=\"ng-star-inserted\">Mots cl\u00e9s<\/span><\/strong><span class=\"ng-star-inserted\">\u00a0peut \u00eatre adapt\u00e9 aux besoins sp\u00e9cifiques de votre marque et de vos op\u00e9rations.\u00a0<\/span><strong class=\"ng-star-inserted\"><span class=\"ng-star-inserted\">\u00e9tiquette volante<\/span><\/strong><span class=\"ng-star-inserted\">Les \u00e9tiquettes peuvent \u00eatre personnalis\u00e9es avec votre logo, les couleurs de votre marque et les informations sur vos produits. \u00c9tiquettes d&#039;entretien avec\u00a0<\/span><strong class=\"ng-star-inserted\"><span class=\"ng-star-inserted\">RFID<\/span><\/strong><span class=\"ng-star-inserted\">\u00a0<\/span><strong class=\"ng-star-inserted\"><span class=\"ng-star-inserted\">incruster<\/span><\/strong><span class=\"ng-star-inserted\">Les syst\u00e8mes peuvent \u00eatre con\u00e7us pour s&#039;int\u00e9grer parfaitement \u00e0 votre infrastructure existante.\u00a0<\/span><strong class=\"ng-star-inserted\"><span class=\"ng-star-inserted\">v\u00eatement<\/span><\/strong><span class=\"ng-star-inserted\">\u00a0proc\u00e9d\u00e9s de fabrication.<\/span><\/p>\n<h2 class=\"ng-star-inserted\"><strong class=\"ng-star-inserted\"><span class=\"ng-star-inserted\">Contactez-nous pour mettre en \u0153uvre votre strat\u00e9gie RFID<\/span><\/strong><\/h2>\n<p class=\"ng-star-inserted\"><span class=\"ng-star-inserted\">Pr\u00eat \u00e0 exploiter la puissance de\u00a0<\/span><strong class=\"ng-star-inserted\"><span class=\"ng-star-inserted\">RFID<\/span><\/strong><span class=\"ng-star-inserted\">\u00a0<\/span><strong class=\"ng-star-inserted\"><span class=\"ng-star-inserted\">technologie<\/span><\/strong><span class=\"ng-star-inserted\">\u00a0pour transformer votre\u00a0<\/span><strong class=\"ng-star-inserted\"><span class=\"ng-star-inserted\">v\u00eatements<\/span><\/strong><span class=\"ng-star-inserted\">\u00a0entreprise?\u00a0<\/span><strong class=\"ng-star-inserted\"><span class=\"ng-star-inserted\">Contactez-nous<\/span><\/strong><span class=\"ng-star-inserted\">\u00a0Contactez-nous aujourd&#039;hui pour discuter de vos besoins sp\u00e9cifiques et en savoir plus sur notre offre compl\u00e8te.\u00a0<\/span><strong class=\"ng-star-inserted\"><span class=\"ng-star-inserted\">RFID<\/span><\/strong><span class=\"ng-star-inserted\">\u00a0solutions, y compris\u00a0<\/span><strong class=\"ng-star-inserted\"><span class=\"ng-star-inserted\">RFID<\/span><\/strong><span class=\"ng-star-inserted\">\u00a0<\/span><strong class=\"ng-star-inserted\"><span class=\"ng-star-inserted\">v\u00eatement<\/span><\/strong><span class=\"ng-star-inserted\">\u00a0<\/span><strong class=\"ng-star-inserted\"><span class=\"ng-star-inserted\">Mots cl\u00e9s<\/span><\/strong><span class=\"ng-star-inserted\">,\u00a0<\/span><strong class=\"ng-star-inserted\"><span class=\"ng-star-inserted\">RFID<\/span><\/strong><span class=\"ng-star-inserted\">\u00a0lecteurs et logiciels.<\/span><\/p>","protected":false},"excerpt":{"rendered":"<p><span class=\"ng-star-inserted\">Nous proposons\u00a0<\/span><strong class=\"ng-star-inserted\"><span class=\"ng-star-inserted\">\u00e9chantillons gratuits<\/span><\/strong><span class=\"ng-star-inserted\"> de\u00a0 <\/span><strong class=\"ng-star-inserted\"><span class=\"ng-star-inserted\">V\u00eatement RFID<\/span><\/strong><span class=\"ng-star-inserted\">\u00a0<\/span><strong class=\"ng-star-inserted\"><span class=\"ng-star-inserted\">Mots cl\u00e9s<\/span><\/strong><span class=\"ng-star-inserted\">\u00a0Vous pouvez ainsi \u00e9valuer leurs performances dans votre propre environnement. Notre usine de production est \u00e9quip\u00e9e de\u00a0<\/span><strong class=\"ng-star-inserted\"><span class=\"ng-star-inserted\">dernier<\/span><\/strong><span class=\"ng-star-inserted\">\u00a0<\/span><strong class=\"ng-star-inserted\"><span class=\"ng-star-inserted\">technologie<\/span><\/strong><span class=\"ng-star-inserted\">\u00a0pour assurer\u00a0<\/span><strong class=\"ng-star-inserted\"><span class=\"ng-star-inserted\">de haute qualit\u00e9<\/span><\/strong><span class=\"ng-star-inserted\">\u00a0<\/span><strong class=\"ng-star-inserted\"><span class=\"ng-star-inserted\">\u00e9tiqueter<\/span><\/strong><span class=\"ng-star-inserted\">\u00e0 des prix comp\u00e9titifs.<\/span><\/p>","protected":false},"featured_media":3181,"template":"","meta":{"_kad_post_transparent":"default","_kad_post_title":"","_kad_post_layout":"default","_kad_post_sidebar_id":"","_kad_post_content_style":"default","_kad_post_vertical_padding":"default","_kad_post_feature":"","_kad_post_feature_position":"","_kad_post_header":false,"_kad_post_footer":false,"_kad_post_classname":""},"product_brand":[],"product_cat":[53],"product_tag":[385,383,384],"class_list":{"0":"post-3180","1":"product","2":"type-product","3":"status-publish","4":"has-post-thumbnail","6":"product_cat-rfid-clothes-tag","7":"product_tag-rfid-garment-paper-tag","8":"product_tag-rfid-garment-tag","9":"product_tag-rfid-hang-tag","11":"first","12":"instock","13":"shipping-taxable","14":"product-type-simple","15":"entry","16":"content-bg","17":"loop-entry"},"_links":{"self":[{"href":"https:\/\/rfid-laundry-tag.com\/fr\/wp-json\/wp\/v2\/product\/3180","targetHints":{"allow":["GET"]}}],"collection":[{"href":"https:\/\/rfid-laundry-tag.com\/fr\/wp-json\/wp\/v2\/product"}],"about":[{"href":"https:\/\/rfid-laundry-tag.com\/fr\/wp-json\/wp\/v2\/types\/product"}],"version-history":[{"count":1,"href":"https:\/\/rfid-laundry-tag.com\/fr\/wp-json\/wp\/v2\/product\/3180\/revisions"}],"predecessor-version":[{"id":3185,"href":"https:\/\/rfid-laundry-tag.com\/fr\/wp-json\/wp\/v2\/product\/3180\/revisions\/3185"}],"wp:featuredmedia":[{"embeddable":true,"href":"https:\/\/rfid-laundry-tag.com\/fr\/wp-json\/wp\/v2\/media\/3181"}],"wp:attachment":[{"href":"https:\/\/rfid-laundry-tag.com\/fr\/wp-json\/wp\/v2\/media?parent=3180"}],"wp:term":[{"taxonomy":"product_brand","embeddable":true,"href":"https:\/\/rfid-laundry-tag.com\/fr\/wp-json\/wp\/v2\/product_brand?post=3180"},{"taxonomy":"product_cat","embeddable":true,"href":"https:\/\/rfid-laundry-tag.com\/fr\/wp-json\/wp\/v2\/product_cat?post=3180"},{"taxonomy":"product_tag","embeddable":true,"href":"https:\/\/rfid-laundry-tag.com\/fr\/wp-json\/wp\/v2\/product_tag?post=3180"}],"curies":[{"name":"wp","href":"https:\/\/api.w.org\/{rel}","templated":true}]}}