{"id":3174,"date":"2026-01-09T13:11:22","date_gmt":"2026-01-09T13:11:22","guid":{"rendered":"https:\/\/rfid-laundry-tag.com\/?post_type=product&#038;p=3174"},"modified":"2026-01-09T13:11:23","modified_gmt":"2026-01-09T13:11:23","slug":"rfid-mifare-desfire-ev3-2k-4k-8k-inlay","status":"publish","type":"product","link":"https:\/\/rfid-laundry-tag.com\/fr\/rfid-mifare-desfire-ev3-2k-4k-8k-inlay\/","title":{"rendered":"Incrustation RFID Mifare Desfire EV3 2K 4K 8K"},"content":{"rendered":"<h2>Incrustation RFID Mifare Desfire EV3 2K 4K 8K<\/h2>\n<p>Le\u00a0<strong>MIFARE\u00ae DESFire\u00ae EV3<\/strong>\u00a0La gamme de puces RFID de NXP Semiconductors repr\u00e9sente une solution de pointe en mati\u00e8re de technologie RFID sans contact et s\u00e9curis\u00e9e, id\u00e9ale pour diverses applications exigeant un haut niveau de s\u00e9curit\u00e9 et de flexibilit\u00e9. Voici un aper\u00e7u concis de ses caract\u00e9ristiques, options de m\u00e9moire, am\u00e9liorations de s\u00e9curit\u00e9, applications et possibilit\u00e9s de personnalisation\u00a0:<\/p>\n<h3>Options de m\u00e9moire<\/h3>\n<p>Le MIFARE\u00ae DESFire\u00ae EV3 est disponible en trois configurations de m\u00e9moire\u00a0:<\/p>\n<ul>\n<li><strong>2K<\/strong>Id\u00e9al pour les applications simples comme le contr\u00f4le d&#039;acc\u00e8s ou les billets \u00e0 usage unique.<\/li>\n<li><strong>4K<\/strong>: Convient aux applications de moyenne gamme, telles que les programmes de fid\u00e9lit\u00e9 et les petits r\u00e9seaux de transport public.<\/li>\n<li><strong>8K<\/strong>Con\u00e7u pour les environnements complexes et multi-applications tels que les villes intelligentes et les grandes entreprises.<\/li>\n<\/ul>\n<p>Chaque configuration prend en charge plusieurs applications, avec la possibilit\u00e9 de stocker jusqu&#039;\u00e0\u00a0<strong>32 fichiers par application<\/strong>, permettant aux entreprises d&#039;adapter les solutions \u00e0 leurs besoins.<\/p>\n<h3>Fonctionnalit\u00e9s de s\u00e9curit\u00e9 am\u00e9lior\u00e9es<\/h3>\n<p>La s\u00e9curit\u00e9 est un axe majeur du programme EV3, qui comprend\u00a0:<\/p>\n<ul>\n<li><strong>Chiffrement AES<\/strong>: Prot\u00e8ge les donn\u00e9es pendant la transmission.<\/li>\n<li><strong>Certification EAL5+<\/strong>: Garantit un haut niveau de s\u00e9curit\u00e9 pour les donn\u00e9es sensibles.<\/li>\n<li><strong>Authentification NFC unique et s\u00e9curis\u00e9e<\/strong>Chaque carte poss\u00e8de un identifiant unique afin d&#039;\u00e9viter les doublons.<\/li>\n<li><strong>S\u00e9curit\u00e9 multicouche<\/strong>: Prend en charge divers protocoles de chiffrement, notamment AES et DES\/Triple-DES.<\/li>\n<\/ul>\n<p>Ces caract\u00e9ristiques rendent l&#039;EV3 adapt\u00e9 aux applications de haute s\u00e9curit\u00e9 telles que le contr\u00f4le d&#039;acc\u00e8s, les paiements sans esp\u00e8ces et les serrures intelligentes.<\/p>\n<h3>Applications<\/h3>\n<p>La polyvalence de la <a href=\"https:\/\/rfid-laundry-tag.com\/fr\/rfid-inlay\/\">Incrustation RFID Mifare Desfire EV3 2K 4K 8K<\/a>\u00a0permet son utilisation dans divers secteurs\u00a0:<\/p>\n<ul>\n<li><strong>Contr\u00f4le d&#039;acc\u00e8s<\/strong>Gestion s\u00e9curis\u00e9e des acc\u00e8s aux b\u00e2timents et aux zones r\u00e9glement\u00e9es.<\/li>\n<li><strong>Transports en commun<\/strong>: Facilite la billetterie et la perception des tarifs de mani\u00e8re efficace.<\/li>\n<li><strong>Programmes de fid\u00e9lit\u00e9<\/strong>Stocke en toute s\u00e9curit\u00e9 les donn\u00e9es et les r\u00e9compenses des clients.<\/li>\n<li><strong>Villes intelligentes<\/strong>: Prend en charge les infrastructures offrant des performances robustes et une compatibilit\u00e9 avec les technologies NFC et RFID.<\/li>\n<\/ul>\n<h3>Personnalisation et assistance<\/h3>\n<p>NXP propose de nombreuses options de personnalisation pour r\u00e9pondre aux besoins sp\u00e9cifiques des entreprises\u00a0:<\/p>\n<ul>\n<li><strong>Impression personnalis\u00e9e<\/strong>Personnalisez vos cartes avec des logos et votre marque.<\/li>\n<li><strong>Allocation de m\u00e9moire personnalis\u00e9e<\/strong>: Adapter les configurations de m\u00e9moire aux applications sp\u00e9cifiques.<\/li>\n<li><strong>Param\u00e8tres de s\u00e9curit\u00e9 personnalisables<\/strong>: Ajuster les m\u00e9thodes de chiffrement et d&#039;authentification.<\/li>\n<\/ul>\n<p>Les entreprises peuvent recevoir des \u00e9chantillons avec un d\u00e9lai de livraison de seulement\u00a0<strong>1 \u00e0 2 jours<\/strong>, permettant une \u00e9valuation et une mise en \u0153uvre rapides.<\/p>\n<h2><strong><b>Sp\u00e9cifications techniques<\/b><\/strong><\/h2>\n<div class=\"collapse-mobile ste-list\">\n<h3>Interface RF : ISO\/CEI 14443 Type A<\/h3>\n<ul class=\"boxes\">\n<li>Interface sans contact conforme \u00e0 la norme ISO\/IEC 14443-2\/3 A<\/li>\n<li>Faible Hmin permettant une distance de fonctionnement jusqu&#039;\u00e0 100 mm (en fonction de la puissance fournie par le PCD et de la g\u00e9om\u00e9trie de l&#039;antenne)<\/li>\n<li>Transfert de donn\u00e9es rapide : 106 kbit\/s, 212 kbit\/s, 424 kbit\/s, 848 kbit\/s<\/li>\n<li>Identifiant unique de 7 octets (option pour ID al\u00e9atoire)<\/li>\n<li>Utilise le protocole de transmission ISO\/IEC 14443-4<\/li>\n<li>FSCI configurable pour prendre en charge des trames jusqu&#039;\u00e0 256 octets.<\/li>\n<\/ul>\n<\/div>\n<div class=\"collapse-mobile ste-list\">\n<h3>M\u00e9moire non volatile<\/h3>\n<ul class=\"boxes\">\n<li>2 ko, 4 ko, 8 ko et 16 ko<\/li>\n<li>Conservation des donn\u00e9es pendant 25 ans<\/li>\n<li>Indiquez l&#039;endurance typique de 1 000 000 cycles<\/li>\n<li>cycles de programmation rapides<\/li>\n<\/ul>\n<\/div>\n<div class=\"collapse-mobile ste-list\">\n<h3>Organisation de la m\u00e9moire NV et prise en charge multi-applications<\/h3>\n<ul class=\"boxes\">\n<li>Syst\u00e8me de fichiers flexible : l&#039;utilisateur peut d\u00e9finir librement les structures d&#039;application sur PICC<\/li>\n<li>Autant d&#039;applications que la taille de la m\u00e9moire le permet<\/li>\n<li>Jusqu&#039;\u00e0 32 fichiers par application (6 types de fichiers disponibles\u00a0: fichier de donn\u00e9es standard, fichier de donn\u00e9es de sauvegarde, fichier de valeurs, fichier d&#039;enregistrement lin\u00e9aire, fichier d&#039;enregistrement cyclique et fichier MAC de transaction)<\/li>\n<li>La taille du fichier est d\u00e9termin\u00e9e lors de la cr\u00e9ation (pas pour le fichier MAC de transaction)<\/li>\n<li>MlsmartApp (Gestion d\u00e9l\u00e9gu\u00e9e des applications)<\/li>\n<li>R\u00e9utilisation de la m\u00e9moire dans les applications DAM (Format Application)<\/li>\n<li>Cl\u00e9s DAM NXP pr\u00e9charg\u00e9es en usine pour la prise en charge du service AppXplorer<\/li>\n<li>Acc\u00e9der aux fichiers de deux applications quelconques au cours d&#039;une m\u00eame transaction<\/li>\n<\/ul>\n<\/div>\n<div class=\"collapse-mobile ste-list\">\n<h3>S\u00e9curit\u00e9 et confidentialit\u00e9<\/h3>\n<ul class=\"boxes\">\n<li>Certification Crit\u00e8res communs\u00a0: EAL5+ (Mat\u00e9riel et logiciel)<\/li>\n<li>Num\u00e9ro de s\u00e9rie unique de 7 octets pour chaque appareil<\/li>\n<li>Identifiant \u201c\u00a0al\u00e9atoire\u00a0\u201d optionnel pour une s\u00e9curit\u00e9 et une confidentialit\u00e9 renforc\u00e9es<\/li>\n<li>Authentification mutuelle en trois \u00e9tapes<\/li>\n<li>Authentification mutuelle selon la norme ISO\/IEC 7816-4<\/li>\n<li>Gestion flexible des cl\u00e9s : 1 carte\u00a0<span class=\"Footnote\" data-id=\"Inclusive Language\">chef<\/span>\u00a0une cl\u00e9 et jusqu&#039;\u00e0 14 cl\u00e9s par application<\/li>\n<li>Attribution de plusieurs cl\u00e9s pour chaque droit d&#039;acc\u00e8s aux fichiers (jusqu&#039;\u00e0 8)<\/li>\n<li>Plusieurs jeux de cl\u00e9s par application avec m\u00e9canisme de rotation rapide des cl\u00e9s (jusqu&#039;\u00e0 16 jeux)<\/li>\n<li>DES mat\u00e9riel utilisant des cl\u00e9s 56\/112\/168 bits avec version de cl\u00e9<\/li>\n<li>Chiffrement AES mat\u00e9riel utilisant des cl\u00e9s de 128 bits avec version de cl\u00e9<\/li>\n<li>Authenticit\u00e9 des donn\u00e9es par CMAC 8 octets<\/li>\n<li>Mode compatible MF3ICD40\u00a0: MAC 4 octets, CRC 16<\/li>\n<li>Cryptage des donn\u00e9es sur canal RF<\/li>\n<li>Authentification au niveau de l&#039;application<\/li>\n<li>Capteurs d&#039;exception mat\u00e9riels<\/li>\n<li>Syst\u00e8me de fichiers autos\u00e9curis\u00e9<\/li>\n<li>MAC de transaction sign\u00e9 avec une cl\u00e9 secr\u00e8te par application<\/li>\n<li>Architecture de carte virtuelle pour une s\u00e9lection am\u00e9lior\u00e9e des cartes\/applications sur les appareils multi-VC avec protection de la vie priv\u00e9e<\/li>\n<li>Contr\u00f4le de proximit\u00e9 pour la protection contre les attaques par relais<\/li>\n<li>V\u00e9rification d&#039;authenticit\u00e9 pour prouver qu&#039;il s&#039;agit d&#039;un produit NXP authentique<\/li>\n<\/ul>\n<\/div>","protected":false},"excerpt":{"rendered":"<p><strong>Incrustation RFID Mifare Desfire EV3 2K 4K 8K<\/strong> est une solution RFID avanc\u00e9e offrant une s\u00e9curit\u00e9 \u00e9lev\u00e9e, un transfert de donn\u00e9es rapide, des options de m\u00e9moire flexibles et une int\u00e9gration transparente pour de multiples applications.<\/p>","protected":false},"featured_media":3175,"template":"","meta":{"_kad_post_transparent":"default","_kad_post_title":"","_kad_post_layout":"default","_kad_post_sidebar_id":"","_kad_post_content_style":"default","_kad_post_vertical_padding":"default","_kad_post_feature":"","_kad_post_feature_position":"","_kad_post_header":false,"_kad_post_footer":false,"_kad_post_classname":""},"product_brand":[],"product_cat":[189],"product_tag":[111,108,382],"class_list":{"0":"post-3174","1":"product","2":"type-product","3":"status-publish","4":"has-post-thumbnail","6":"product_cat-rfid-inlay","7":"product_tag-nfc-inlay","8":"product_tag-rfid-inlay","9":"product_tag-rfid-mifare-desfire-ev3-2k-4k-8k-inlay","11":"first","12":"instock","13":"shipping-taxable","14":"product-type-simple","15":"entry","16":"content-bg","17":"loop-entry"},"_links":{"self":[{"href":"https:\/\/rfid-laundry-tag.com\/fr\/wp-json\/wp\/v2\/product\/3174","targetHints":{"allow":["GET"]}}],"collection":[{"href":"https:\/\/rfid-laundry-tag.com\/fr\/wp-json\/wp\/v2\/product"}],"about":[{"href":"https:\/\/rfid-laundry-tag.com\/fr\/wp-json\/wp\/v2\/types\/product"}],"version-history":[{"count":1,"href":"https:\/\/rfid-laundry-tag.com\/fr\/wp-json\/wp\/v2\/product\/3174\/revisions"}],"predecessor-version":[{"id":3179,"href":"https:\/\/rfid-laundry-tag.com\/fr\/wp-json\/wp\/v2\/product\/3174\/revisions\/3179"}],"wp:featuredmedia":[{"embeddable":true,"href":"https:\/\/rfid-laundry-tag.com\/fr\/wp-json\/wp\/v2\/media\/3175"}],"wp:attachment":[{"href":"https:\/\/rfid-laundry-tag.com\/fr\/wp-json\/wp\/v2\/media?parent=3174"}],"wp:term":[{"taxonomy":"product_brand","embeddable":true,"href":"https:\/\/rfid-laundry-tag.com\/fr\/wp-json\/wp\/v2\/product_brand?post=3174"},{"taxonomy":"product_cat","embeddable":true,"href":"https:\/\/rfid-laundry-tag.com\/fr\/wp-json\/wp\/v2\/product_cat?post=3174"},{"taxonomy":"product_tag","embeddable":true,"href":"https:\/\/rfid-laundry-tag.com\/fr\/wp-json\/wp\/v2\/product_tag?post=3174"}],"curies":[{"name":"wp","href":"https:\/\/api.w.org\/{rel}","templated":true}]}}