{"id":317,"date":"2024-06-28T04:00:12","date_gmt":"2024-06-28T04:00:12","guid":{"rendered":"https:\/\/rfid-laundry-tag.com\/?post_type=product&#038;p=317"},"modified":"2024-06-28T04:00:12","modified_gmt":"2024-06-28T04:00:12","slug":"iso15693-i-code-slix-nfc-tag","status":"publish","type":"product","link":"https:\/\/rfid-laundry-tag.com\/fr\/iso15693-i-code-slix-nfc-tag\/","title":{"rendered":"\u00c9tiquette NFC ISO15693 ICODE SLIX"},"content":{"rendered":"<table class=\"hight-light-first-column all magic-1\">\n<tbody>\n<tr>\n<td colspan=\"1\" rowspan=\"1\">\n<div class=\"magic-2\">\n<div class=\"magic-3\" data-spm-anchor-id=\"a2700.pc-decorate.0.i24.7f543333WPG8F0\"><span class=\"magic-4\" data-spm-anchor-id=\"a2700.pc-decorate.0.i23.7f543333WPG8F0\"><span class=\"magic-5\" style=\"color: #000000; font-family: Roboto;\"><b class=\"magic-4\" data-spm-anchor-id=\"a2700.pc-decorate.0.i114.7f543333WPG8F0\">Article<\/b><\/span><\/span><\/div>\n<\/div>\n<\/td>\n<td colspan=\"4\" rowspan=\"1\">\n<div class=\"magic-6\">\u00a0\u00c9tiquette NFC ISO15693 ICODE SLIX<\/div>\n<\/td>\n<\/tr>\n<tr>\n<td colspan=\"1\" rowspan=\"1\">\n<div class=\"magic-2\">\n<div class=\"magic-3\" data-spm-anchor-id=\"a2700.pc-decorate.0.i22.7f543333WPG8F0\"><span class=\"magic-4\" data-spm-anchor-id=\"a2700.pc-decorate.0.i10.7f543333WPG8F0\"><b class=\"magic-4\"><span class=\"magic-5\" style=\"color: #000000; font-family: Roboto;\">Mat\u00e9riel<\/span><\/b><\/span><\/div>\n<\/div>\n<\/td>\n<td colspan=\"4\" rowspan=\"1\">\n<div class=\"magic-9\"><span class=\"magic-5\" style=\"color: #000000;\">Papier \/ Film PP \/ PET \/ Inlay<\/span><\/div>\n<\/td>\n<\/tr>\n<tr>\n<td colspan=\"1\" rowspan=\"1\">\n<div class=\"magic-2\">\n<div class=\"magic-3\" data-spm-anchor-id=\"a2700.pc-decorate.0.i34.7f543333WPG8F0\"><b class=\"magic-13\" data-spm-anchor-id=\"a2700.pc-decorate.0.i111.7f543333WPG8F0\"><span class=\"magic-5\" style=\"color: #000000; font-family: Roboto;\">Fr\u00e9quence<\/span><\/b><\/div>\n<\/div>\n<\/td>\n<td colspan=\"4\" rowspan=\"1\">\n<div class=\"magic-6\"><span class=\"magic-5\" style=\"color: #000000; font-family: Roboto;\" data-spm-anchor-id=\"a2700.details.0.i25.244e512bmtbZH7\">13,56 MHz<\/span><\/div>\n<\/td>\n<\/tr>\n<tr>\n<td colspan=\"1\" rowspan=\"1\">\n<div class=\"magic-2\">\n<div class=\"magic-3\" data-spm-anchor-id=\"a2700.pc-decorate.0.i33.7f543333WPG8F0\"><b class=\"magic-4\"><span class=\"magic-5\" style=\"color: #000000; font-family: Roboto;\">Taille<\/span><\/b><\/div>\n<\/div>\n<\/td>\n<td colspan=\"4\" rowspan=\"1\">\n<div class=\"magic-9\"><span class=\"magic-5\" style=\"color: #000000;\">50*50\/45*45\/30*15\/40*25\/Diam\u00e8tre 25\/30 ou taille personnalis\u00e9e<\/span><\/div>\n<\/td>\n<\/tr>\n<tr>\n<td colspan=\"1\" rowspan=\"1\">\n<div class=\"magic-2\">\n<div class=\"magic-3\"><b class=\"magic-14\">Applications<\/b><\/div>\n<\/div>\n<\/td>\n<td colspan=\"4\" rowspan=\"1\">\n<div class=\"magic-6\" data-spm-anchor-id=\"a2700.details.0.i24.244e512bmtbZH7\"><span class=\"magic-5\" style=\"color: #000000; font-family: Roboto;\">Largement utilis\u00e9 dans la gestion des actifs, la gestion des v\u00eatements, l&#039;inventaire, la biblioth\u00e8que, la bijouterie, la logistique, etc.<\/span><\/div>\n<\/td>\n<\/tr>\n<\/tbody>\n<\/table>\n<p>&nbsp;<\/p>\n<div class=\"auto-hide-last-sibling-br paragraph_9dc5f paragraph-element\"><strong>Incrustations RFID :<\/strong>\u00a0Un inlay RFID se compose d&#039;une antenne et d&#039;une micropuce, o\u00f9 la puce stocke les donn\u00e9es et l&#039;antenne est charg\u00e9e de transmettre ces donn\u00e9es au lecteur RFID.<\/div>\n<p>&nbsp;<\/p>\n<div class=\"auto-hide-last-sibling-br paragraph_9dc5f paragraph-element\"><strong>Incrustations humides :<\/strong>\u00a0Il s&#039;agit d&#039;inlays RFID plac\u00e9s sur une couche adh\u00e9sive et une couche transparente en PET (poly\u00e9thyl\u00e8ne t\u00e9r\u00e9phtalate). La couche PET sert \u00e0 la protection contre les dommages physiques. Avec le c\u00f4t\u00e9 adh\u00e9sif tourn\u00e9 \u00e0 l&#039;oppos\u00e9 de l&#039;\u00e9tiquette ou du mat\u00e9riau, ces inlays peuvent \u00eatre facilement utilis\u00e9s pour construire des \u00e9tiquettes RFID, d&#039;o\u00f9 leur large application dans la cr\u00e9ation d&#039;\u00e9tiquettes pour divers secteurs.<\/div>\n<div><\/div>\n<div>\n<div class=\"auto-hide-last-sibling-br paragraph_9dc5f paragraph-element\">\u00a0Les \u00e9tiquettes NFC ISO15693 I CODE SLIX, fabriqu\u00e9es \u00e0 partir de divers mat\u00e9riaux tels que du papier, du film PP, du PET ou des incrustations, et dans diff\u00e9rentes tailles, sont largement utilis\u00e9es. Vous les trouverez souvent dans des secteurs tels que :<\/div>\n<p><br class=\"container_21264 wrapper_661ac undefined\" \/><\/p>\n<ul class=\"auto-hide-last-sibling-br\">\n<li><strong>Gestion d&#039;actifs :<\/strong>\u00a0Les \u00e9tiquettes sont utilis\u00e9es pour suivre les actifs physiques dans divers contextes, tels que la surveillance des \u00e9quipements dans les soins de sant\u00e9 ou l&#039;informatique.<\/li>\n<li><strong>Gestion des v\u00eatements :<\/strong>\u00a0Dans le commerce de d\u00e9tail de mode, ces \u00e9tiquettes facilitent le suivi des stocks, les mesures antivol et am\u00e9liorent l&#039;exp\u00e9rience client en magasin.<\/li>\n<li><strong>Gestion des stocks :<\/strong>\u00a0Dans les entrep\u00f4ts et les commerces de d\u00e9tail, les \u00e9tiquettes RFID sont utilis\u00e9es pour g\u00e9rer efficacement les stocks, r\u00e9duire le travail manuel et minimiser les erreurs.<\/li>\n<li><strong>Gestion de la biblioth\u00e8que :<\/strong>\u00a0Ils sont utilis\u00e9s pour automatiser les processus d\u2019emprunt et de retour, am\u00e9liorer la gestion des stocks et offrir une s\u00e9curit\u00e9 contre le vol.<\/li>\n<li><strong>Gestion de bijoux :<\/strong>\u00a0L\u00e9g\u00e8res et pr\u00e9cises, ces \u00e9tiquettes offrent un contr\u00f4le des stocks s\u00fbr et efficace dans l&#039;industrie de la bijouterie.<\/li>\n<li><strong>Logistique:<\/strong> Les \u00e9tiquettes RFID sont utilis\u00e9es pour suivre les marchandises en transit, am\u00e9liorer la pr\u00e9cision de l&#039;exp\u00e9dition et am\u00e9liorer la visibilit\u00e9 de la cha\u00eene d&#039;approvisionnement.<\/li>\n<\/ul>\n<div class=\"auto-hide-last-sibling-br paragraph_9dc5f paragraph-element\">La taille et la forme de l&#039;\u00e9tiquette peuvent \u00eatre personnalis\u00e9es en fonction de l&#039;application sp\u00e9cifique, am\u00e9liorant ainsi leur flexibilit\u00e9 et leur adaptabilit\u00e9 dans divers cas d&#039;utilisation.<\/div>\n<\/div>","protected":false},"excerpt":{"rendered":"<p><strong>\u00c9tiquette NFC ISO15693 I CODE SLIX :<\/strong>\u00a0Ces \u00e9tiquettes sont des \u00e9tiquettes RFID haute fr\u00e9quence (13,56 MHz) conformes \u00e0 la norme ISO15693. La puce I CODE SLIX est connue pour sa remarquable port\u00e9e de lecture\/\u00e9criture, id\u00e9ale pour les applications de gestion d&#039;actifs.<\/p>","protected":false},"featured_media":318,"template":"","meta":{"_kad_post_transparent":"default","_kad_post_title":"","_kad_post_layout":"default","_kad_post_sidebar_id":"","_kad_post_content_style":"default","_kad_post_vertical_padding":"default","_kad_post_feature":"","_kad_post_feature_position":"","_kad_post_header":false,"_kad_post_footer":false,"_kad_post_classname":""},"product_brand":[],"product_cat":[54],"product_tag":[133,132],"class_list":{"0":"post-317","1":"product","2":"type-product","3":"status-publish","4":"has-post-thumbnail","6":"product_cat-hot-selling-rfid-tags","7":"product_tag-i-code-slix-nfc-tag","8":"product_tag-iso15693-i-code-slix-nfc-tag","10":"first","11":"instock","12":"shipping-taxable","13":"product-type-simple","14":"entry","15":"content-bg","16":"loop-entry"},"_links":{"self":[{"href":"https:\/\/rfid-laundry-tag.com\/fr\/wp-json\/wp\/v2\/product\/317","targetHints":{"allow":["GET"]}}],"collection":[{"href":"https:\/\/rfid-laundry-tag.com\/fr\/wp-json\/wp\/v2\/product"}],"about":[{"href":"https:\/\/rfid-laundry-tag.com\/fr\/wp-json\/wp\/v2\/types\/product"}],"version-history":[{"count":0,"href":"https:\/\/rfid-laundry-tag.com\/fr\/wp-json\/wp\/v2\/product\/317\/revisions"}],"wp:featuredmedia":[{"embeddable":true,"href":"https:\/\/rfid-laundry-tag.com\/fr\/wp-json\/wp\/v2\/media\/318"}],"wp:attachment":[{"href":"https:\/\/rfid-laundry-tag.com\/fr\/wp-json\/wp\/v2\/media?parent=317"}],"wp:term":[{"taxonomy":"product_brand","embeddable":true,"href":"https:\/\/rfid-laundry-tag.com\/fr\/wp-json\/wp\/v2\/product_brand?post=317"},{"taxonomy":"product_cat","embeddable":true,"href":"https:\/\/rfid-laundry-tag.com\/fr\/wp-json\/wp\/v2\/product_cat?post=317"},{"taxonomy":"product_tag","embeddable":true,"href":"https:\/\/rfid-laundry-tag.com\/fr\/wp-json\/wp\/v2\/product_tag?post=317"}],"curies":[{"name":"wp","href":"https:\/\/api.w.org\/{rel}","templated":true}]}}