{"id":315,"date":"2024-06-28T01:50:42","date_gmt":"2024-06-28T01:50:42","guid":{"rendered":"https:\/\/rfid-laundry-tag.com\/?post_type=product&#038;p=315"},"modified":"2024-08-19T15:48:20","modified_gmt":"2024-08-19T15:48:20","slug":"tamper-proof-nfc-sticker-ntag424-dna-tt","status":"publish","type":"product","link":"https:\/\/rfid-laundry-tag.com\/fr\/tamper-proof-nfc-sticker-ntag424-dna-tt\/","title":{"rendered":"Autocollant NFC inviolable NTAG424 DNA TT"},"content":{"rendered":"<h2>Autocollant NFC inviolable NTAG424 DNA TT<\/h2>\n<table class=\"all magic-15\">\n<tbody>\n<tr>\n<td colspan=\"1\" rowspan=\"1\">\n<div class=\"magic-16\" data-spm-anchor-id=\"a2700.details.0.i75.2d9c3353FQLlpS\">Mat\u00e9riel<\/div>\n<\/td>\n<td colspan=\"4\" rowspan=\"1\">\n<div class=\"magic-17\">Papier fragile + antenne fragile<\/div>\n<\/td>\n<\/tr>\n<tr>\n<td colspan=\"1\" rowspan=\"1\">\n<div class=\"magic-16\">Taille<\/div>\n<\/td>\n<td colspan=\"4\" rowspan=\"1\">\n<div class=\"magic-17\">24*60mm, 20*70mm, 27*77mm, 35*66mm, 35mm*80mm etc.<\/div>\n<\/td>\n<\/tr>\n<tr>\n<td colspan=\"1\" rowspan=\"1\">\n<div class=\"magic-16\">Impression<\/div>\n<\/td>\n<td colspan=\"4\" rowspan=\"1\">\n<div class=\"magic-17\">Impression en couleur<\/div>\n<\/td>\n<\/tr>\n<tr>\n<td colspan=\"1\" rowspan=\"1\">\n<div class=\"magic-16\">Fr\u00e9quence<\/div>\n<\/td>\n<td colspan=\"4\" rowspan=\"1\">\n<div class=\"magic-17\" data-spm-anchor-id=\"a2700.details.0.i74.2d9c3353FQLlpS\">13,56 MHz<\/div>\n<\/td>\n<\/tr>\n<tr>\n<td colspan=\"1\" rowspan=\"1\">\n<div class=\"magic-16\">Protocole<\/div>\n<\/td>\n<td colspan=\"4\" rowspan=\"1\">\n<div class=\"magic-17\">ISO14443A<\/div>\n<\/td>\n<\/tr>\n<tr>\n<td colspan=\"1\" rowspan=\"2\">\n<div class=\"magic-16\">\u00c9br\u00e9cher<\/div>\n<\/td>\n<td colspan=\"4\" rowspan=\"1\">\n<div class=\"magic-17\">\n<p>NTAG213 TT<\/p>\n<p>* 184 octets organis\u00e9s en 46 pages avec 4 octets par page<br \/>\n* 144 octets de zone de lecture\/\u00e9criture librement disponibles pour l&#039;utilisateur (36 pages)<\/p>\n<\/div>\n<\/td>\n<\/tr>\n<tr>\n<td colspan=\"4\" rowspan=\"1\">\n<div class=\"magic-17\">\n<p>NTAG424 DNA TT Tamper (416 octets)<\/p>\n<p>M\u00e9moire de 416 octets organis\u00e9e dans un syst\u00e8me de fichiers ISO\/IEC 7816-4\u00a0:<br \/>\n* Conteneur de capacit\u00e9 de 32 octets<br \/>\n* Fichier NDEF de 256 octets<br \/>\n* Fichier de donn\u00e9es prot\u00e9g\u00e9 de 128 octets<\/p>\n<\/div>\n<\/td>\n<\/tr>\n<tr>\n<td colspan=\"1\" rowspan=\"1\">\n<div class=\"magic-16\">Distance de lecture<\/div>\n<\/td>\n<td colspan=\"4\" rowspan=\"1\">\n<div class=\"magic-17\" data-spm-anchor-id=\"a2700.details.0.i76.2d9c3353FQLlpS\">1-10CM (en rapport avec les performances du lecteur et l&#039;environnement de travail)<\/div>\n<\/td>\n<\/tr>\n<tr>\n<td colspan=\"1\" rowspan=\"1\">\n<div class=\"magic-16\">Fonctionnalit\u00e9<\/div>\n<\/td>\n<td colspan=\"4\" rowspan=\"1\">\n<div class=\"magic-17\">Anti-contrefa\u00e7on, inviolable, \u00e0 usage unique<\/div>\n<\/td>\n<\/tr>\n<tr>\n<td colspan=\"1\" rowspan=\"1\">\n<div class=\"magic-16\">Accompagnement personnalis\u00e9<\/div>\n<\/td>\n<td colspan=\"4\" rowspan=\"1\">\n<div class=\"magic-17\">Mat\u00e9riau, taille, puce, impression, codage, num\u00e9ro de s\u00e9rie, forme, emballage, etc.<\/div>\n<\/td>\n<\/tr>\n<tr>\n<td colspan=\"1\" rowspan=\"1\">\n<div class=\"magic-16\">Certificat<\/div>\n<\/td>\n<td colspan=\"4\" rowspan=\"1\">\n<div class=\"magic-17\">CE RoHS ISO<\/div>\n<\/td>\n<\/tr>\n<\/tbody>\n<\/table>\n<h3>Comment fonctionne TAG (NTAG213 TagTamper \/ 424 DNA TagTamper)<\/h3>\n<p><strong>Principe g\u00e9n\u00e9ral :<\/strong><\/p>\n<p>Le syst\u00e8me TAG utilise\u00a0<strong>Technologie RFID<\/strong>\u00a0avec un sp\u00e9cialiste\u00a0<strong>Alt\u00e9ration d&#039;\u00e9tiquette<\/strong>\u00a0fonctionnalit\u00e9 permettant de d\u00e9tecter l&#039;ouverture non autoris\u00e9e d&#039;un colis. Elle se compose de deux \u00e9l\u00e9ments principaux :<\/p>\n<ol>\n<li><strong>\u00c9tiquette RFID :<\/strong>\n<ul>\n<li><strong>Boucle d&#039;antenne principale :<\/strong>\u00a0Transmet les ondes radio entre le lecteur RFID et la puce IC.<\/li>\n<li><strong>Boucle\/fil de d\u00e9tection :<\/strong>\u00a0Un fil s\u00e9par\u00e9 con\u00e7u pour se rompre en cas de manipulation. Cette rupture est enregistr\u00e9e de mani\u00e8re permanente par la puce du circuit int\u00e9gr\u00e9.<\/li>\n<\/ul>\n<\/li>\n<li><strong>Lecteur RFID :<\/strong>\n<ul>\n<li><strong>Lit les donn\u00e9es de l&#039;\u00e9tiquette RFID<\/strong>, y compris l&#039;\u00e9tat du fil de d\u00e9tection.<\/li>\n<li><strong>Transmet les donn\u00e9es \u00e0 un serveur<\/strong>, o\u00f9 il peut \u00eatre analys\u00e9 et utilis\u00e9 pour diverses applications.<\/li>\n<\/ul>\n<\/li>\n<\/ol>\n<p><strong>Fonctionnalit\u00e9 de falsification d&#039;\u00e9tiquette\u00a0:<\/strong><\/p>\n<ul>\n<li>Le fil de d\u00e9tection est connect\u00e9 \u00e0 la puce IC.<\/li>\n<li>Lorsque le fil est cass\u00e9, la puce\u00a0<strong>stocke un enregistrement permanent de l&#039;\u00e9v\u00e9nement de falsification<\/strong>.<\/li>\n<li>Ces informations peuvent \u00eatre\u00a0<strong>refl\u00e9t\u00e9 en code ASCII dans la m\u00e9moire utilisateur<\/strong>\u00a0et\u00a0<strong>signal\u00e9 au cloud<\/strong>\u00a0pour une analyse plus approfondie.<\/li>\n<\/ul>\n<p><strong>424 DNA TagTamper avec cryptographie AES-128\u00a0:<\/strong><\/p>\n<ul>\n<li><strong>Message d&#039;authentification NFC unique (SUN)\u00a0:<\/strong>\u00a0Chaque fois que le 424 DNA TagTamper est touch\u00e9 avec un mobile ou un lecteur NFC, il g\u00e9n\u00e8re un SUN unique.<\/li>\n<li><strong>Authentification s\u00e9curis\u00e9e :<\/strong>\n<ul>\n<li>Le SUN est envoy\u00e9 \u00e0 un serveur h\u00f4te, accompagn\u00e9 d&#039;une URL unique.<\/li>\n<li>L&#039;h\u00f4te effectue l&#039;authentification \u00e0 l&#039;aide de la cryptographie AES-128.<\/li>\n<li><strong>V\u00e9rification<\/strong>\u00a0est renvoy\u00e9 au lecteur\/appareil mobile.<\/li>\n<\/ul>\n<\/li>\n<\/ul>\n<p><strong>Applications :<\/strong><\/p>\n<ul>\n<li><strong>Anti-contrefa\u00e7on avanc\u00e9e (authentification des produits) :<\/strong>\n<ul>\n<li>V\u00e9rifie l&#039;authenticit\u00e9 des biens physiques.<\/li>\n<li>Identifie les ventes en dehors des march\u00e9s autoris\u00e9s.<\/li>\n<\/ul>\n<\/li>\n<li><strong>D\u00e9tection et inviolabilit\u00e9 (emballage intelligent) :<\/strong>\n<ul>\n<li>D\u00e9tecte l&#039;ouverture non autoris\u00e9e du produit.<\/li>\n<li>Assure l\u2019int\u00e9grit\u00e9 du produit.<\/li>\n<\/ul>\n<\/li>\n<li><strong>Exp\u00e9riences utilisateur exclusives s\u00e9curis\u00e9es en fonction du statut du produit\u00a0:<\/strong>\n<ul>\n<li>Permet des interactions utilisateur avanc\u00e9es (avant et apr\u00e8s-vente).<\/li>\n<li>R\u00e9compensez les clients avec du contenu, des offres et des privil\u00e8ges personnalis\u00e9s.<\/li>\n<\/ul>\n<\/li>\n<li><strong>Applications de donn\u00e9es sensibles s\u00e9curis\u00e9es\u00a0:<\/strong>\n<ul>\n<li>Prot\u00e8ge les donn\u00e9es sensibles des produits et des utilisateurs.<\/li>\n<li>D\u00e9clenche une action lors d&#039;un incident v\u00e9rifi\u00e9 (par exemple, un paiement).<\/li>\n<\/ul>\n<\/li>\n<li><strong>Authentification et configuration s\u00e9curis\u00e9es des p\u00e9riph\u00e9riques en boucle ferm\u00e9e\u00a0:<\/strong>\n<ul>\n<li>Authentifie les consommables et les pi\u00e8ces.<\/li>\n<li>Permet un contr\u00f4le d&#039;int\u00e9grit\u00e9.<\/li>\n<li>Transf\u00e8re automatiquement les param\u00e8tres de l&#039;appareil.<\/li>\n<\/ul>\n<\/li>\n<\/ul>\n<p><strong>Principaux avantages :<\/strong><\/p>\n<ul>\n<li><strong>Haute s\u00e9curit\u00e9 :<\/strong>\u00a0La fonction de d\u00e9tection d&#039;alt\u00e9ration et la cryptographie AES-128 garantissent l&#039;int\u00e9grit\u00e9 des donn\u00e9es et emp\u00eachent tout acc\u00e8s non autoris\u00e9.<\/li>\n<li><strong>Applications polyvalentes :<\/strong>\u00a0Le syst\u00e8me peut \u00eatre utilis\u00e9 \u00e0 diverses fins, de l\u2019authentification des produits \u00e0 la s\u00e9curit\u00e9 des donn\u00e9es.<\/li>\n<li><strong>Suivi en temps r\u00e9el :<\/strong>\u00a0Les informations sont envoy\u00e9es vers le cloud en temps r\u00e9el, permettant une action et un suivi imm\u00e9diats.<\/li>\n<\/ul>","protected":false},"excerpt":{"rendered":"<p>Le NTAG 424 DNA est un autocollant NFC inviolable de haute s\u00e9curit\u00e9 et puissant, fourni par NXP Semiconductors. L&#039;\u00e9tiquette est id\u00e9ale pour prot\u00e9ger les actifs et les informations car elle dispose de fonctionnalit\u00e9s avanc\u00e9es, telles que la cryptographie AES et l&#039;authentification des messages SUN, et prot\u00e8ge le stockage des donn\u00e9es sensibles.<\/p>","protected":false},"featured_media":316,"template":"","meta":{"_kad_post_transparent":"default","_kad_post_title":"","_kad_post_layout":"default","_kad_post_sidebar_id":"","_kad_post_content_style":"default","_kad_post_vertical_padding":"default","_kad_post_feature":"","_kad_post_feature_position":"","_kad_post_header":false,"_kad_post_footer":false,"_kad_post_classname":""},"product_brand":[],"product_cat":[54],"product_tag":[135,134],"class_list":{"0":"post-315","1":"product","2":"type-product","3":"status-publish","4":"has-post-thumbnail","6":"product_cat-hot-selling-rfid-tags","7":"product_tag-tamper-proof-nfc-sticker","8":"product_tag-tamper-proof-nfc-sticker-ntag424-dna-tt","10":"first","11":"instock","12":"shipping-taxable","13":"product-type-simple","14":"entry","15":"content-bg","16":"loop-entry"},"_links":{"self":[{"href":"https:\/\/rfid-laundry-tag.com\/fr\/wp-json\/wp\/v2\/product\/315","targetHints":{"allow":["GET"]}}],"collection":[{"href":"https:\/\/rfid-laundry-tag.com\/fr\/wp-json\/wp\/v2\/product"}],"about":[{"href":"https:\/\/rfid-laundry-tag.com\/fr\/wp-json\/wp\/v2\/types\/product"}],"version-history":[{"count":1,"href":"https:\/\/rfid-laundry-tag.com\/fr\/wp-json\/wp\/v2\/product\/315\/revisions"}],"predecessor-version":[{"id":1566,"href":"https:\/\/rfid-laundry-tag.com\/fr\/wp-json\/wp\/v2\/product\/315\/revisions\/1566"}],"wp:featuredmedia":[{"embeddable":true,"href":"https:\/\/rfid-laundry-tag.com\/fr\/wp-json\/wp\/v2\/media\/316"}],"wp:attachment":[{"href":"https:\/\/rfid-laundry-tag.com\/fr\/wp-json\/wp\/v2\/media?parent=315"}],"wp:term":[{"taxonomy":"product_brand","embeddable":true,"href":"https:\/\/rfid-laundry-tag.com\/fr\/wp-json\/wp\/v2\/product_brand?post=315"},{"taxonomy":"product_cat","embeddable":true,"href":"https:\/\/rfid-laundry-tag.com\/fr\/wp-json\/wp\/v2\/product_cat?post=315"},{"taxonomy":"product_tag","embeddable":true,"href":"https:\/\/rfid-laundry-tag.com\/fr\/wp-json\/wp\/v2\/product_tag?post=315"}],"curies":[{"name":"wp","href":"https:\/\/api.w.org\/{rel}","templated":true}]}}