{"id":313,"date":"2024-06-28T01:43:55","date_gmt":"2024-06-28T01:43:55","guid":{"rendered":"https:\/\/rfid-laundry-tag.com\/?post_type=product&#038;p=313"},"modified":"2024-08-19T15:55:01","modified_gmt":"2024-08-19T15:55:01","slug":"tamper-proof-ntag424-dna-tt-nfc-label","status":"publish","type":"product","link":"https:\/\/rfid-laundry-tag.com\/fr\/tamper-proof-ntag424-dna-tt-nfc-label\/","title":{"rendered":"\u00c9tiquette NFC Ntag424 DNA TT inviolable"},"content":{"rendered":"<table class=\"hight-light-first-column all magic-8\">\n<tbody>\n<tr>\n<td colspan=\"1\" rowspan=\"1\">\n<div class=\"magic-11\"><span class=\"magic-7\" data-spm-anchor-id=\"a2700.details.0.i73.5472537dnd6ZwT\">Nom de l&#039;article<\/span><\/div>\n<\/td>\n<td colspan=\"1\" rowspan=\"1\">\n<div class=\"magic-12\"><span class=\"magic-7\">\u00c9tiquette NFC anti-contrefa\u00e7on<\/span><\/div>\n<\/td>\n<\/tr>\n<tr>\n<td colspan=\"1\" rowspan=\"1\">\n<div class=\"magic-11\"><span class=\"magic-7\">Mot-cl\u00e9<\/span><\/div>\n<\/td>\n<td colspan=\"1\" rowspan=\"1\">\n<div class=\"magic-12\"><span class=\"magic-7\">\u00c9tiquette NFC Ntag424 DNA TT inviolable<\/span><\/div>\n<\/td>\n<\/tr>\n<tr>\n<td colspan=\"1\" rowspan=\"1\">\n<div class=\"magic-11\"><span class=\"magic-7\">Mat\u00e9riel<\/span><\/div>\n<\/td>\n<td colspan=\"1\" rowspan=\"1\">\n<div class=\"magic-12\"><span class=\"magic-7\">AL+PET+Papier<\/span><\/div>\n<\/td>\n<\/tr>\n<tr>\n<td colspan=\"1\" rowspan=\"1\">\n<div class=\"magic-11\"><span class=\"magic-7\">Taille<\/span><\/div>\n<\/td>\n<td colspan=\"1\" rowspan=\"1\">\n<div class=\"magic-12\"><span class=\"magic-7\">24*49*0,2 mm<\/span><\/div>\n<\/td>\n<\/tr>\n<tr>\n<td colspan=\"1\" rowspan=\"1\">\n<div class=\"magic-11\"><span class=\"magic-7\">\u00c9br\u00e9cher<\/span><\/div>\n<\/td>\n<td colspan=\"1\" rowspan=\"1\">\n<div class=\"magic-12\"><span class=\"magic-7\">ADN TT NTag 424<\/span><\/div>\n<\/td>\n<\/tr>\n<tr>\n<td colspan=\"1\" rowspan=\"1\">\n<div class=\"magic-11\"><span class=\"magic-7\">M\u00e9moire<\/span><\/div>\n<\/td>\n<td colspan=\"1\" rowspan=\"1\">\n<div class=\"magic-12\" data-spm-anchor-id=\"a2700.details.0.i72.5472537dnd6ZwT\"><span class=\"magic-7\">416 octets<\/span><\/div>\n<\/td>\n<\/tr>\n<tr>\n<td colspan=\"1\" rowspan=\"1\">\n<div class=\"magic-11\"><span class=\"magic-7\">Fr\u00e9quence<\/span><\/div>\n<\/td>\n<td colspan=\"1\" rowspan=\"1\">\n<div class=\"magic-12\"><span class=\"magic-7\">13,56 MHz<\/span><\/div>\n<\/td>\n<\/tr>\n<tr>\n<td colspan=\"1\" rowspan=\"1\">\n<div class=\"magic-11\"><span class=\"magic-7\">Protocole<\/span><\/div>\n<\/td>\n<td colspan=\"1\" rowspan=\"1\">\n<div class=\"magic-12\"><span class=\"magic-7\">ISO 14443A<\/span><\/div>\n<\/td>\n<\/tr>\n<tr>\n<td colspan=\"1\" rowspan=\"1\">\n<div class=\"magic-11\"><span class=\"magic-7\">Application<\/span><\/div>\n<\/td>\n<td colspan=\"1\" rowspan=\"1\">\n<div class=\"magic-12\"><span class=\"magic-7\">S\u00e9curit\u00e9 de l&#039;alcool, Cosm\u00e9tiques haut de gamme, Joaillerie, Gestion d&#039;actifs, etc.<\/span><\/div>\n<\/td>\n<\/tr>\n<tr>\n<td colspan=\"1\" rowspan=\"1\">\n<div class=\"magic-11\"><span class=\"magic-7\">Fonctionnalit\u00e9<\/span><\/div>\n<\/td>\n<td colspan=\"1\" rowspan=\"1\">\n<div class=\"magic-12\"><span class=\"magic-7\">ANTI-FAUX<\/span><\/div>\n<\/td>\n<\/tr>\n<\/tbody>\n<\/table>\n<p>&nbsp;<\/p>\n<p>Le NTAG 424 DNA est un tag NFC haute s\u00e9curit\u00e9 et puissant fourni par NXP Semiconductors. Le tag est id\u00e9al pour prot\u00e9ger les actifs et les informations car il dispose de fonctionnalit\u00e9s avanc\u00e9es, telles que la cryptographie AES et l&#039;authentification des messages SUN, et prot\u00e8ge le stockage des donn\u00e9es sensibles.<\/p>\n<div class=\"auto-hide-last-sibling-br paragraph_9dc5f paragraph-element\">Le NTAG 424 DNA TT (NT4H2421Tx) repr\u00e9sente une avanc\u00e9e incroyable dans le domaine des applications NFC et IoT. Sa position en mati\u00e8re de s\u00e9curit\u00e9 renforc\u00e9e et de protection de l&#039;int\u00e9grit\u00e9 du produit t\u00e9moigne de sa conception de pointe.<\/div>\n<p>&nbsp;<\/p>\n<div class=\"auto-hide-last-sibling-br paragraph_9dc5f paragraph-element\"><strong>Caract\u00e9ristiques du NTAG 424 DNA TT (NT4H2421Tx) :<\/strong><\/div>\n<div><\/div>\n<ol class=\"auto-hide-last-sibling-br\">\n<li>\n<div class=\"auto-hide-last-sibling-br paragraph_9dc5f paragraph-element\"><strong>Haute s\u00e9curit\u00e9 :<\/strong>\u00a0Gr\u00e2ce \u00e0 des mesures de s\u00e9curit\u00e9 de pointe, cette puce offre une protection avanc\u00e9e contre les acc\u00e8s non autoris\u00e9s et les falsifications.<\/div>\n<\/li>\n<li>\n<div class=\"auto-hide-last-sibling-br paragraph_9dc5f paragraph-element\"><strong>D\u00e9tection d&#039;\u00e9tat :<\/strong>\u00a0La puce utilise des algorithmes de d\u00e9tection d&#039;\u00e9tat pr\u00e9cis pour identifier rapidement toute anomalie. Cette fonctionnalit\u00e9 est particuli\u00e8rement utile pour d\u00e9tecter les tentatives de falsification des produits.<\/div>\n<\/li>\n<li>\n<div class=\"auto-hide-last-sibling-br paragraph_9dc5f paragraph-element\"><strong>Protection de la vie priv\u00e9e :<\/strong>\u00a0\u00c0 une \u00e9poque o\u00f9 la confidentialit\u00e9 est tr\u00e8s valoris\u00e9e, le NTAG 424 DNA TT (NT4H2421Tx) fournit \u00e9galement des m\u00e9canismes de protection de la confidentialit\u00e9 fiables contre les violations potentielles des donn\u00e9es.<\/div>\n<\/li>\n<li>\n<div class=\"auto-hide-last-sibling-br paragraph_9dc5f paragraph-element\"><strong>Conception inviolable :<\/strong>\u00a0Le produit est brillamment con\u00e7u avec des fonctionnalit\u00e9s inviolables telles que l&#039;utilisation de mat\u00e9riaux fragiles dans la fabrication de l&#039;antenne, du papier d\u00e9chiquet\u00e9 et des mesures anti-pelage pour garantir que l&#039;\u00e9tiquette n&#039;est pas transf\u00e9rable.<\/div>\n<\/li>\n<li>\n<div class=\"auto-hide-last-sibling-br paragraph_9dc5f paragraph-element\"><strong>D\u00e9tection efficace :<\/strong>\u00a0Les \u00e9tiquettes compl\u00e8tes et non compromises peuvent \u00eatre rapidement identifi\u00e9es par un lecteur de carte ou un t\u00e9l\u00e9phone portable compatible NFC. En cas de falsification, l&#039;\u00e9tiquette modifie son statut de d\u00e9tection ou devient illisible, indiquant ainsi un probl\u00e8me d&#039;int\u00e9grit\u00e9 du produit.<\/div>\n<\/li>\n<\/ol>\n<div class=\"auto-hide-last-sibling-br paragraph_9dc5f paragraph-element\"><strong>FAQ sur le NTAG 424 DNA TT (NT4H2421Tx)\u00a0:<\/strong><\/div>\n<div><\/div>\n<div class=\"auto-hide-last-sibling-br paragraph_9dc5f paragraph-element\">Q:\u00a0<strong>Quelles applications b\u00e9n\u00e9ficieront le plus du NTAG 424 DNA TT (NT4H2421Tx) ?<\/strong><br class=\"container_21264 wrapper_661ac undefined\" \/>R : Le NTAG 424 DNA TT (NT4H2421Tx) est principalement utilis\u00e9 dans les industries n\u00e9cessitant un niveau de s\u00e9curit\u00e9 \u00e9lev\u00e9, telles que les produits de luxe, les produits pharmaceutiques, les documents importants et d&#039;autres articles n\u00e9cessitant des mesures anti-contrefa\u00e7on strictes.<\/div>\n<div><\/div>\n<div class=\"auto-hide-last-sibling-br paragraph_9dc5f paragraph-element\">Q:\u00a0<strong>Quelle est la fiabilit\u00e9 de la fonction de d\u00e9tection d\u2019effraction ?<\/strong><br class=\"container_21264 wrapper_661ac undefined\" \/>R : L&#039;\u00e9tiquette utilise des mat\u00e9riaux fragiles soigneusement con\u00e7us qui la rendent extr\u00eamement sensible \u00e0 toute tentative de falsification. En cas de falsification, son \u00e9tat de d\u00e9tection change ou devient illisible, signalant ainsi efficacement toute tentative de falsification non autoris\u00e9e.<\/div>\n<div class=\"auto-hide-last-sibling-br paragraph_9dc5f paragraph-element\">Ces fonctionnalit\u00e9s avanc\u00e9es du NTAG 424 DNA TT (NT4H2421Tx) servent \u00e0 renforcer la s\u00e9curit\u00e9, la protection et l&#039;authenticit\u00e9 de tout produit auquel il est associ\u00e9.<\/div>","protected":false},"excerpt":{"rendered":"<p>NTAG 424 DNA TT \u00e9tablit une nouvelle norme dans les applications NFC et IoT s\u00e9curis\u00e9es, en introduisant une nouvelle g\u00e9n\u00e9ration de puces NTAG DNA avec des fonctionnalit\u00e9s de pointe pour la s\u00e9curit\u00e9, la d\u00e9tection d&#039;\u00e9tat et la protection de la vie priv\u00e9e.<\/p>","protected":false},"featured_media":314,"template":"","meta":{"_kad_post_transparent":"default","_kad_post_title":"","_kad_post_layout":"default","_kad_post_sidebar_id":"","_kad_post_content_style":"default","_kad_post_vertical_padding":"default","_kad_post_feature":"","_kad_post_feature_position":"","_kad_post_header":false,"_kad_post_footer":false,"_kad_post_classname":""},"product_brand":[],"product_cat":[54],"product_tag":[130,131],"class_list":{"0":"post-313","1":"product","2":"type-product","3":"status-publish","4":"has-post-thumbnail","6":"product_cat-hot-selling-rfid-tags","7":"product_tag-tamper-proof-ntag424-dna-tt-nfc-sticker","8":"product_tag-tamper-proof-ntag424-tt-nfc-sticker","10":"first","11":"instock","12":"shipping-taxable","13":"product-type-simple","14":"entry","15":"content-bg","16":"loop-entry"},"_links":{"self":[{"href":"https:\/\/rfid-laundry-tag.com\/fr\/wp-json\/wp\/v2\/product\/313","targetHints":{"allow":["GET"]}}],"collection":[{"href":"https:\/\/rfid-laundry-tag.com\/fr\/wp-json\/wp\/v2\/product"}],"about":[{"href":"https:\/\/rfid-laundry-tag.com\/fr\/wp-json\/wp\/v2\/types\/product"}],"version-history":[{"count":3,"href":"https:\/\/rfid-laundry-tag.com\/fr\/wp-json\/wp\/v2\/product\/313\/revisions"}],"predecessor-version":[{"id":1569,"href":"https:\/\/rfid-laundry-tag.com\/fr\/wp-json\/wp\/v2\/product\/313\/revisions\/1569"}],"wp:featuredmedia":[{"embeddable":true,"href":"https:\/\/rfid-laundry-tag.com\/fr\/wp-json\/wp\/v2\/media\/314"}],"wp:attachment":[{"href":"https:\/\/rfid-laundry-tag.com\/fr\/wp-json\/wp\/v2\/media?parent=313"}],"wp:term":[{"taxonomy":"product_brand","embeddable":true,"href":"https:\/\/rfid-laundry-tag.com\/fr\/wp-json\/wp\/v2\/product_brand?post=313"},{"taxonomy":"product_cat","embeddable":true,"href":"https:\/\/rfid-laundry-tag.com\/fr\/wp-json\/wp\/v2\/product_cat?post=313"},{"taxonomy":"product_tag","embeddable":true,"href":"https:\/\/rfid-laundry-tag.com\/fr\/wp-json\/wp\/v2\/product_tag?post=313"}],"curies":[{"name":"wp","href":"https:\/\/api.w.org\/{rel}","templated":true}]}}