{"id":312,"date":"2024-06-26T17:16:17","date_gmt":"2024-06-26T17:16:17","guid":{"rendered":"https:\/\/rfid-laundry-tag.com\/?post_type=product&#038;p=312"},"modified":"2024-06-26T17:19:23","modified_gmt":"2024-06-26T17:19:23","slug":"ntag213-nfc-inlay-dia25mm","status":"publish","type":"product","link":"https:\/\/rfid-laundry-tag.com\/fr\/ntag213-nfc-inlay-dia25mm\/","title":{"rendered":"Incrustation NFC Ntag213 Diam\u00e8tre 25 mm"},"content":{"rendered":"<div class=\"text-title\"><strong><span class=\"magic-26\" style=\"font-family: Arial;\" data-spm-anchor-id=\"a2700.details.0.i47.6f4d7d7dnursE7\">Insert sec NFC<\/span><\/strong><\/div>\n<div class=\"text-content\">\n<p><span class=\"magic-6\" style=\"font-family: Arial;\">En termes simples, l&#039;incrustation s\u00e8che RFID est une combinaison de puce RFID et d&#039;antenne. Elle peut \u00eatre utilis\u00e9e pour fabriquer des autocollants NFC, des \u00e9tiquettes RFID, des tickets RFID et diverses \u00e9tiquettes RFID. <\/span><\/p>\n<div data-spm-anchor-id=\"a2700.details.0.i46.6f4d7d7dnursE7\">\n<p><span class=\"magic-6\" style=\"font-family: Arial;\"> L&#039;antenne \u00e0 incrustation s\u00e8che est grav\u00e9e en aluminium, ce qui est plus fin que la bobine en cuivre. La forme de l&#039;antenne peut \u00eatre personnalis\u00e9e et repens\u00e9e \u00e0 la demande.<\/span><\/p>\n<div><\/div>\n<\/div>\n<\/div>\n<div>\n<div class=\"text-title\"><strong><span class=\"magic-26\" style=\"font-family: Arial;\">Incrustation humide NFC<\/span><\/strong><\/div>\n<div class=\"text-content\">\n<p><span class=\"magic-6\" style=\"font-family: Arial;\" data-spm-anchor-id=\"a2700.details.0.i49.6f4d7d7dnursE7\">L&#039;incrustation s\u00e8che RFID ajout\u00e9e avec un adh\u00e9sif est appel\u00e9e incrustation humide. Elle peut \u00eatre utilis\u00e9e directement comme \u00e9tiquette RFID ou autocollant NFC si vous n&#039;avez pas besoin d&#039;impression sur la surface. Le fait d&#039;\u00eatre coll\u00e9 sur les objets peut r\u00e9duire les co\u00fbts et atteindre le m\u00eame objectif. Elle est \u00e9galement largement utilis\u00e9e dans la fabrication d&#039;\u00e9tiquettes RFID. L&#039;antenne de l&#039;incrustation humide est une gravure en aluminium, qui est plus fine que la bobine de cuivre. La forme de l&#039;antenne peut \u00eatre personnalis\u00e9e et repens\u00e9e \u00e0 la demande.<\/span><\/p>\n<div>\n<h2>Incrustation NFC Ntag213 Diam\u00e8tre 25 mm<\/h2>\n<p>Cette sp\u00e9cification d\u00e9crit un inlay NFC Ntag213 d&#039;un diam\u00e8tre de 25 mm. Il s&#039;agit d&#039;un inlay sec, ce qui signifie qu&#039;il n&#039;a pas de support adh\u00e9sif et n\u00e9cessite des \u00e9tapes suppl\u00e9mentaires pour \u00eatre fix\u00e9 \u00e0 un objet.<\/p>\n<p><strong>Principales caract\u00e9ristiques:<\/strong><\/p>\n<ul>\n<li><strong>\u00c9br\u00e9cher:<\/strong>\u00a0Ntag213<\/li>\n<li><strong>Diam\u00e8tre:<\/strong>\u00a025 mm<\/li>\n<li><strong>Taper:<\/strong>\u00a0Incrustation s\u00e8che<\/li>\n<li><strong>Protocole:<\/strong>\u00a0ISO\/CEI 14443 Type A<\/li>\n<li><strong>Fr\u00e9quence:<\/strong>\u00a013,56 MHz<\/li>\n<li><strong>M\u00e9moire:<\/strong>\u00a0144 octets<\/li>\n<\/ul>\n<p><strong>Avantages :<\/strong><\/p>\n<ul>\n<li><strong>Rentable :<\/strong>\u00a0Ntag213 est une puce NFC largement utilis\u00e9e et abordable.<\/li>\n<li><strong>Polyvalent:<\/strong>\u00a0Adapt\u00e9 \u00e0 une large gamme d&#039;applications en raison de sa taille de m\u00e9moire et de ses fonctionnalit\u00e9s.<\/li>\n<li><strong>Durable:<\/strong>\u00a0Les incrustations s\u00e8ches offrent une meilleure durabilit\u00e9 par rapport aux incrustations humides.<\/li>\n<li><strong>Personnalisable :<\/strong>\u00a0L&#039;antenne peut \u00eatre personnalis\u00e9e pour des applications sp\u00e9cifiques.<\/li>\n<\/ul>\n<p><strong>Applications :<\/strong><\/p>\n<ul>\n<li><strong>Contr\u00f4le d&#039;acc\u00e8s :<\/strong>\u00a0Cartes-cl\u00e9s, badges RFID et autres syst\u00e8mes d&#039;acc\u00e8s s\u00e9curis\u00e9s.<\/li>\n<li><strong>Suivi des actifs :<\/strong>\u00a0Suivi des stocks, des \u00e9quipements et d\u2019autres actifs pr\u00e9cieux.<\/li>\n<li><strong>Marketing et publicit\u00e9 :<\/strong>\u00a0Affiches interactives, mat\u00e9riel promotionnel et programmes de fid\u00e9lit\u00e9.<\/li>\n<li><strong>Syst\u00e8mes de paiement :<\/strong>\u00a0Cartes de paiement sans contact et portefeuilles mobiles.<\/li>\n<li><strong>Stockage des donn\u00e9es :<\/strong>\u00a0Stockage de petites quantit\u00e9s de donn\u00e9es, telles que des informations sur les produits ou des num\u00e9ros de s\u00e9rie.<\/li>\n<\/ul>\n<\/div>\n<div data-spm-anchor-id=\"a2700.details.0.i48.6f4d7d7dnursE7\"><\/div>\n<\/div>\n<\/div>","protected":false},"excerpt":{"rendered":"<p><strong>Incrustations RFID NFC<\/strong> Il existe deux types d&#039;inlays, humides et secs. Un inlay RFID NFC humide est dot\u00e9 d&#039;un support collant, tandis qu&#039;un inlay sec n&#039;en a pas. Ils offrent une option d&#039;\u00e9tiquette fonctionnant \u00e0 13,56 MHz sp\u00e9cialement con\u00e7ue pour les fabricants d&#039;\u00e9quipement d&#039;origine (OEM). Des puces m\u00e9moire NFC ISO 15693 et 14443 sont disponibles pour ces inlays.<\/p>","protected":false},"featured_media":287,"template":"","meta":{"_kad_post_transparent":"default","_kad_post_title":"","_kad_post_layout":"default","_kad_post_sidebar_id":"","_kad_post_content_style":"default","_kad_post_vertical_padding":"default","_kad_post_feature":"","_kad_post_feature_position":"","_kad_post_header":false,"_kad_post_footer":false,"_kad_post_classname":""},"product_brand":[],"product_cat":[54],"product_tag":[111,129],"class_list":{"0":"post-312","1":"product","2":"type-product","3":"status-publish","4":"has-post-thumbnail","6":"product_cat-hot-selling-rfid-tags","7":"product_tag-nfc-inlay","8":"product_tag-ntag213-nfc-inlay-dia25mm","10":"first","11":"instock","12":"shipping-taxable","13":"product-type-simple","14":"entry","15":"content-bg","16":"loop-entry"},"_links":{"self":[{"href":"https:\/\/rfid-laundry-tag.com\/fr\/wp-json\/wp\/v2\/product\/312","targetHints":{"allow":["GET"]}}],"collection":[{"href":"https:\/\/rfid-laundry-tag.com\/fr\/wp-json\/wp\/v2\/product"}],"about":[{"href":"https:\/\/rfid-laundry-tag.com\/fr\/wp-json\/wp\/v2\/types\/product"}],"version-history":[{"count":0,"href":"https:\/\/rfid-laundry-tag.com\/fr\/wp-json\/wp\/v2\/product\/312\/revisions"}],"wp:featuredmedia":[{"embeddable":true,"href":"https:\/\/rfid-laundry-tag.com\/fr\/wp-json\/wp\/v2\/media\/287"}],"wp:attachment":[{"href":"https:\/\/rfid-laundry-tag.com\/fr\/wp-json\/wp\/v2\/media?parent=312"}],"wp:term":[{"taxonomy":"product_brand","embeddable":true,"href":"https:\/\/rfid-laundry-tag.com\/fr\/wp-json\/wp\/v2\/product_brand?post=312"},{"taxonomy":"product_cat","embeddable":true,"href":"https:\/\/rfid-laundry-tag.com\/fr\/wp-json\/wp\/v2\/product_cat?post=312"},{"taxonomy":"product_tag","embeddable":true,"href":"https:\/\/rfid-laundry-tag.com\/fr\/wp-json\/wp\/v2\/product_tag?post=312"}],"curies":[{"name":"wp","href":"https:\/\/api.w.org\/{rel}","templated":true}]}}