{"id":3117,"date":"2025-12-18T12:06:28","date_gmt":"2025-12-18T12:06:28","guid":{"rendered":"https:\/\/rfid-laundry-tag.com\/?post_type=product&#038;p=3117"},"modified":"2026-01-04T12:40:55","modified_gmt":"2026-01-04T12:40:55","slug":"textile-iron-durable-heat-sealed-rfid-laundry-tag","status":"publish","type":"product","link":"https:\/\/rfid-laundry-tag.com\/fr\/textile-iron-durable-heat-sealed-rfid-laundry-tag\/","title":{"rendered":"\u00c9tiquette RFID thermoscellable et r\u00e9sistante pour le linge, en fer \u00e0 repasser."},"content":{"rendered":"<div>\n<div>\n<h2>\u00c9tiquette RFID thermoscellable et r\u00e9sistante pour le linge, en fer \u00e0 repasser.<\/h2>\n<p>&nbsp;<\/p>\n<p><strong><a href=\"https:\/\/rfid-laundry-tag.com\/fr\/textile-rfid-laundry-tag\/\">\u00c9tiquette RFID thermoscellable pour le linge<\/a>\u00a0\u2013 Solution de suivi textile durable et r\u00e9sistante aux hautes temp\u00e9ratures<\/strong><\/p>\n<p>Notre \u00e9tiquette RFID thermocollante pour le linge offre une solution robuste et fiable pour l&#039;identification et le suivi des textiles dans les secteurs de la sant\u00e9, du linge industriel et de la gestion des uniformes en Europe, aux \u00c9tats-Unis et au Canada. \u00c9galement appel\u00e9e \u00e9tiquette \u00e0 transfert thermique\u00a0<a href=\"https:\/\/rfid-laundry-tag.com\/fr\/textile-rfid-laundry-tag\/\">\u00c9tiquette de blanchisserie RFID<\/a>, ou \u00e9tiquette de linge RFID thermoscell\u00e9e, elle offre des performances exceptionnelles m\u00eame dans des conditions de lavage difficiles.<\/p>\n<h2>Avantages :<\/h2>\n<p align=\"left\" data-spm-anchor-id=\"a2700.details-description.0.i1.404eTMiRTMiR6E\">1) \u00c9tanch\u00e9it\u00e9 et r\u00e9sistance \u00e0 la chaleur<br \/>\n2) 200 cycles de lavage ou 300 fois<br \/>\n3) Distance de lecture de 8 \u00e0 12 m\u00e8tres<br \/>\n4) D\u00e9lai de livraison : 3 jours<\/p>\n<\/div>\n<h3>Caract\u00e9ristiques principales<\/h3>\n<ul>\n<li>Imperm\u00e9able et r\u00e9sistant aux produits chimiques : con\u00e7u pour r\u00e9sister aux d\u00e9tergents, aux adoucissants, \u00e0 l&#039;eau de Javel (oxyg\u00e8ne\/chlore) et aux traitements alcalins.<\/li>\n<li>\u00c9tiquette RFID activ\u00e9e par la chaleur\u00a0: s\u2019int\u00e8gre parfaitement aux machines de thermoscellage pour une fixation rapide et ferme.<\/li>\n<li>\u00c9tiquette de linge RFID thermocollante\u00a0: application facile par presse \u00e0 chaud ou techniques de couture standard, id\u00e9ale pour l\u2019int\u00e9gration dans les bords des textiles ou les \u00e9tiquettes d\u2019entretien.<\/li>\n<li>\u00c9tiquette RFID portable thermocoll\u00e9e : assure une adh\u00e9rence durable, r\u00e9duisant ainsi la perte d&#039;\u00e9tiquettes tout au long de leur cycle de vie.<\/li>\n<li>\u00c9tiquette RFID haute temp\u00e9rature pour le lavage : con\u00e7ue pour r\u00e9sister \u00e0 la chaleur intense et aux contraintes m\u00e9caniques des processus de lavage industriels.<\/li>\n<\/ul>\n<div>\n<table width=\"637\">\n<tbody>\n<tr>\n<td width=\"328\">Nom de l&#039;article:<\/td>\n<td width=\"309\">\u00c9tiquette RFID thermoscellable et r\u00e9sistante pour le linge, en fer \u00e0 repasser.<\/td>\n<\/tr>\n<tr>\n<td width=\"328\">Norme RFID\u00a0:<\/td>\n<td width=\"309\">ISO\/IEC 18000-6 TypeC (EPC Gen2)<\/td>\n<\/tr>\n<tr>\n<td width=\"328\">Taille poids:<\/td>\n<td width=\"309\">\u00a035 mm x 15 mm ; 58 mm x 15 mm ; 70 mm x 10 mm ; 70 mm x 15 mm ; 75 mm x 12 mm ; 75 mm x 15 mm ou sur mesure<\/td>\n<\/tr>\n<tr>\n<td width=\"328\">Type de puce\u00a0:<\/td>\n<td width=\"309\">Monza 4QT, NXP U CODE 9, Alien H9, etc.<\/td>\n<\/tr>\n<tr>\n<td width=\"328\">M\u00e9moire CPE\u00a0:<\/td>\n<td width=\"309\">128 bits<\/td>\n<\/tr>\n<tr>\n<td width=\"328\">M\u00e9moire utilisateur\u00a0:<\/td>\n<td width=\"309\">512 bits<\/td>\n<\/tr>\n<tr>\n<td width=\"328\">Plage de lecture (2 W ERP FCC)\u00a0:<\/td>\n<td width=\"309\">8M~10M<\/td>\n<\/tr>\n<tr>\n<td width=\"328\">Plage de lecture (ERP ETSI 2 W)\u00a0:<\/td>\n<td width=\"309\">8M~10M<\/td>\n<\/tr>\n<tr>\n<td width=\"328\">Marquage\u00a0:<\/td>\n<td width=\"309\">Adh\u00e9sif pour marquage \u00e0 chaud, scellage thermique, perforation, etc.<\/td>\n<\/tr>\n<tr>\n<td width=\"328\">Dur\u00e9e de vie estim\u00e9e\u00a0:<\/td>\n<td width=\"309\">200 cycles de lavage ou 300 fois<\/td>\n<\/tr>\n<tr>\n<td width=\"328\">M\u00e9thode de lavage\u00a0:<\/td>\n<td width=\"309\">Blanchisserie, Nettoyage \u00e0 sec<\/td>\n<\/tr>\n<tr>\n<td width=\"328\">Pression d&#039;extraction d&#039;eau\u00a0:<\/td>\n<td width=\"309\">60 barres<\/td>\n<\/tr>\n<tr>\n<td width=\"328\">R\u00e9sistance \u00e0 l&#039;eau:<\/td>\n<td width=\"309\">R\u00e9sistant \u00e0 l&#039;eau<\/td>\n<\/tr>\n<tr>\n<td width=\"328\">R\u00e9sistance chimique:<\/td>\n<td width=\"309\">D\u00e9tergent, adoucissant, agent de blanchiment (oxyg\u00e8ne\/chlore), alcalin<\/td>\n<\/tr>\n<tr>\n<td width=\"328\">Pr\u00e9-s\u00e9chage au Tumbler :<\/td>\n<td width=\"309\">125 \u00baC pendant 15-20 minutes<\/td>\n<\/tr>\n<tr>\n<td width=\"328\">Temp\u00e9rature de st\u00e9rilisation\u00a0:<\/td>\n<td width=\"309\">135\u00b0C pendant 15-20 minutes<\/td>\n<\/tr>\n<tr>\n<td width=\"328\">Temp\u00e9rature de lavage\u00a0:<\/td>\n<td width=\"309\">90\u00b0C, jusqu&#039;\u00e0 15min.<\/td>\n<\/tr>\n<tr>\n<td width=\"328\">Humidit\u00e9\/temp\u00e9rature de fonctionnement\u00a0:<\/td>\n<td width=\"309\">-20 \u00e0 110\u00b0C, 8 \u00e0 95%RH<\/td>\n<\/tr>\n<tr>\n<td width=\"328\">Humidit\u00e9\/temp\u00e9rature-stockage\u00a0:<\/td>\n<td width=\"309\">-40 \u00e0 110\u00b0C, 8 \u00e0 95%RH<\/td>\n<\/tr>\n<\/tbody>\n<\/table>\n<\/div>\n<\/div>\n<figure id=\"attachment_3280\" class=\"wp-caption alignnone\" aria-describedby=\"caption-attachment-3280\"><figcaption id=\"caption-attachment-3280\" class=\"wp-caption-text\">\n<figure id=\"attachment_3085\" aria-describedby=\"caption-attachment-3085\" style=\"width: 750px\" class=\"wp-caption alignnone\"><a href=\"https:\/\/rfid-laundry-tag.com\/fr\/textile-rfid-laundry-tag\/\"><img fetchpriority=\"high\" decoding=\"async\" class=\"size-full wp-image-3085\" src=\"https:\/\/rfid-laundry-tag.com\/wp-content\/uploads\/2025\/12\/UHF-RFID-washable-laundry-tag-11.jpg\" alt=\"Washable RFID Tags for Laundry Uniform\" width=\"750\" height=\"750\" srcset=\"https:\/\/rfid-laundry-tag.com\/wp-content\/uploads\/2025\/12\/UHF-RFID-washable-laundry-tag-11.jpg 750w, https:\/\/rfid-laundry-tag.com\/wp-content\/uploads\/2025\/12\/UHF-RFID-washable-laundry-tag-11-300x300.jpg 300w, https:\/\/rfid-laundry-tag.com\/wp-content\/uploads\/2025\/12\/UHF-RFID-washable-laundry-tag-11-150x150.jpg 150w, https:\/\/rfid-laundry-tag.com\/wp-content\/uploads\/2025\/12\/UHF-RFID-washable-laundry-tag-11-12x12.jpg 12w, https:\/\/rfid-laundry-tag.com\/wp-content\/uploads\/2025\/12\/UHF-RFID-washable-laundry-tag-11-600x600.jpg 600w, https:\/\/rfid-laundry-tag.com\/wp-content\/uploads\/2025\/12\/UHF-RFID-washable-laundry-tag-11-100x100.jpg 100w\" sizes=\"(max-width: 750px) 100vw, 750px\" \/><\/a><figcaption id=\"caption-attachment-3085\" class=\"wp-caption-text\">\u00c9tiquettes RFID lavables pour le lavage des uniformes<\/figcaption><\/figure>\n<\/figcaption><\/figure>\n<p>Fabriqu\u00e9e en polyester tiss\u00e9 et dot\u00e9e d&#039;adh\u00e9sifs thermocollants de haute qualit\u00e9, cette \u00e9tiquette RFID thermocollante pour le linge adh\u00e8re solidement au coton, au polyester et aux textiles m\u00e9lang\u00e9s. R\u00e9sistante aux lavages intensifs, y compris \u00e0 la st\u00e9rilisation \u00e0 haute temp\u00e9rature, elle est id\u00e9ale pour les syst\u00e8mes de gestion du linge RFID largement utilis\u00e9s dans les h\u00f4pitaux et les blanchisseries industrielles.<\/p>\n<div class=\"entry-content-asset videofit\"><iframe title=\"Pourquoi utiliser la RFID dans le secteur du blanchiment textile\u00a0?\" src=\"https:\/\/www.youtube.com\/embed\/X_P3EuhS_hE?feature=oembed\" width=\"720\" height=\"405\" frameborder=\"0\" allowfullscreen=\"allowfullscreen\" data-mce-fragment=\"1\"><\/iframe><\/div>\n<div>\n<h3><strong><b>Applications sur les march\u00e9s mondiaux<\/b><\/strong><\/h3>\n<p>Notre\u00a0<strong>\u00c9tiquette RFID pour linge destin\u00e9 au secteur de la sant\u00e9<\/strong>\u00a0Permet un suivi pr\u00e9cis des draps, serviettes et uniformes, contribuant ainsi \u00e0 la pr\u00e9vention des infections et \u00e0 l&#039;exactitude des stocks dans les h\u00f4pitaux d&#039;Am\u00e9rique du Nord et d&#039;Europe. Les \u00e9tiquettes RFID textiles pour h\u00f4pitaux optimisent la gestion du cycle de vie du linge, r\u00e9duisent les pertes et am\u00e9liorent l&#039;efficacit\u00e9 op\u00e9rationnelle dans un contexte de conformit\u00e9 r\u00e9glementaire stricte.<\/p>\n<p>Dans les blanchisseries industrielles,\u00a0<strong>\u00c9tiquette RFID lavable pour le lavage industriel<\/strong>\u00a0est crucial pour la gestion du traitement du linge \u00e0 grande \u00e9chelle, offrant une int\u00e9gration transparente dans\u00a0<strong>Syst\u00e8mes de gestion de blanchisserie RFID<\/strong>\u00a0Con\u00e7u pour r\u00e9sister \u00e0 des conditions de lavage rigoureuses.\u00a0<strong>puce de suivi RFID uniforme<\/strong>\u00a0L&#039;int\u00e9gration de puces RFID durables dans les uniformes aide les multinationales et les \u00e9tablissements de sant\u00e9 \u00e0 assurer la tra\u00e7abilit\u00e9 et \u00e0 optimiser la circulation des uniformes.<\/p>\n<h3><strong><b>Installation et utilisation<\/b><\/strong><\/h3>\n<ul>\n<li><strong>\u00c9tiquetage des points\u00a0:<\/strong>Cousez dans les ourlets du v\u00eatement, loin des plis, pour \u00e9viter de les ab\u00eemer.<\/li>\n<li><strong>Scellage \u00e0 chaud :<\/strong>Appliquer \u00e0 200 \u00b0C (392 \u00b0F) pendant 12 \u00e0 14 secondes \u00e0 l&#039;aide d&#039;appareils de thermoscellage standard.<\/li>\n<li><strong>Dans la pochette :<\/strong>Coudre \u00e0 l&#039;int\u00e9rieur les \u00e9tiquettes d&#039;entretien standard pour pr\u00e9server l&#039;esth\u00e9tique du v\u00eatement.<\/li>\n<\/ul>\n<figure id=\"attachment_3407\" class=\"wp-caption alignnone\" aria-describedby=\"caption-attachment-3407\"><figcaption id=\"caption-attachment-3407\" class=\"wp-caption-text\">\n<figure id=\"attachment_2970\" aria-describedby=\"caption-attachment-2970\" style=\"width: 1000px\" class=\"wp-caption alignnone\"><a href=\"https:\/\/rfid-laundry-tag.com\/fr\/textile-rfid-laundry-tag\/\"><img decoding=\"async\" class=\"size-full wp-image-2970\" src=\"https:\/\/rfid-laundry-tag.com\/wp-content\/uploads\/2025\/11\/UHF-RFID-washable-laundry-tag-08.jpg\" alt=\"Textile UHF RFID Tags Labels\" width=\"1000\" height=\"1000\" srcset=\"https:\/\/rfid-laundry-tag.com\/wp-content\/uploads\/2025\/11\/UHF-RFID-washable-laundry-tag-08.jpg 1000w, https:\/\/rfid-laundry-tag.com\/wp-content\/uploads\/2025\/11\/UHF-RFID-washable-laundry-tag-08-300x300.jpg 300w, https:\/\/rfid-laundry-tag.com\/wp-content\/uploads\/2025\/11\/UHF-RFID-washable-laundry-tag-08-150x150.jpg 150w, https:\/\/rfid-laundry-tag.com\/wp-content\/uploads\/2025\/11\/UHF-RFID-washable-laundry-tag-08-768x768.jpg 768w, https:\/\/rfid-laundry-tag.com\/wp-content\/uploads\/2025\/11\/UHF-RFID-washable-laundry-tag-08-12x12.jpg 12w, https:\/\/rfid-laundry-tag.com\/wp-content\/uploads\/2025\/11\/UHF-RFID-washable-laundry-tag-08-600x600.jpg 600w, https:\/\/rfid-laundry-tag.com\/wp-content\/uploads\/2025\/11\/UHF-RFID-washable-laundry-tag-08-100x100.jpg 100w\" sizes=\"(max-width: 1000px) 100vw, 1000px\" \/><\/a><figcaption id=\"caption-attachment-2970\" class=\"wp-caption-text\">\u00c9tiquettes RFID UHF pour textiles<\/figcaption><\/figure>\n<\/figcaption><\/figure>\n<p>Dot\u00e9es d&#039;une technologie de thermoscellage avanc\u00e9e, ces \u00e9tiquettes assurent une pression constante et un retour d&#039;information automatique pour une application impeccable.<\/p>\n<p>&nbsp;<\/p>\n<\/div>","protected":false},"excerpt":{"rendered":"<p>Nous figurons parmi les 5 premiers fabricants d&#039;\u00e9tiquettes de linge RFID UHF.<strong>.\u00c9tiquette RFID thermoscell\u00e9e et r\u00e9sistante pour le linge en fer \u00e0 repasser <\/strong>assure un suivi textile durable dans les secteurs de la sant\u00e9, de la blanchisserie et des uniformes en Europe, aux \u00c9tats-Unis et au Canada, r\u00e9sistant aux cycles de lavage agressifs.<\/p>","protected":false},"featured_media":3118,"template":"","meta":{"_kad_post_transparent":"default","_kad_post_title":"","_kad_post_layout":"default","_kad_post_sidebar_id":"","_kad_post_content_style":"default","_kad_post_vertical_padding":"default","_kad_post_feature":"","_kad_post_feature_position":"","_kad_post_header":false,"_kad_post_footer":false,"_kad_post_classname":""},"product_brand":[],"product_cat":[16],"product_tag":[24,375,342,339,65,368,30,374,373],"class_list":{"0":"post-3117","1":"product","2":"type-product","3":"status-publish","4":"has-post-thumbnail","6":"product_cat-uhf-rfid-laundry-tags","7":"product_tag-laundry-rfid-tags","8":"product_tag-rfid-laundry-tag-7015mm","9":"product_tag-rfid-laundry-tags","10":"product_tag-rfid-washable-tags","11":"product_tag-textile-rfid-laundry-tags","12":"product_tag-textile-uhf-rfid-tags-labels","13":"product_tag-uhf-rfid-laundry-tag","14":"product_tag-washable-uhf-rfid-labels","15":"product_tag-washable-uhf-rfid-laundry-textile-labels","17":"first","18":"instock","19":"featured","20":"shipping-taxable","21":"product-type-simple","22":"entry","23":"content-bg","24":"loop-entry"},"_links":{"self":[{"href":"https:\/\/rfid-laundry-tag.com\/fr\/wp-json\/wp\/v2\/product\/3117","targetHints":{"allow":["GET"]}}],"collection":[{"href":"https:\/\/rfid-laundry-tag.com\/fr\/wp-json\/wp\/v2\/product"}],"about":[{"href":"https:\/\/rfid-laundry-tag.com\/fr\/wp-json\/wp\/v2\/types\/product"}],"version-history":[{"count":3,"href":"https:\/\/rfid-laundry-tag.com\/fr\/wp-json\/wp\/v2\/product\/3117\/revisions"}],"predecessor-version":[{"id":3168,"href":"https:\/\/rfid-laundry-tag.com\/fr\/wp-json\/wp\/v2\/product\/3117\/revisions\/3168"}],"wp:featuredmedia":[{"embeddable":true,"href":"https:\/\/rfid-laundry-tag.com\/fr\/wp-json\/wp\/v2\/media\/3118"}],"wp:attachment":[{"href":"https:\/\/rfid-laundry-tag.com\/fr\/wp-json\/wp\/v2\/media?parent=3117"}],"wp:term":[{"taxonomy":"product_brand","embeddable":true,"href":"https:\/\/rfid-laundry-tag.com\/fr\/wp-json\/wp\/v2\/product_brand?post=3117"},{"taxonomy":"product_cat","embeddable":true,"href":"https:\/\/rfid-laundry-tag.com\/fr\/wp-json\/wp\/v2\/product_cat?post=3117"},{"taxonomy":"product_tag","embeddable":true,"href":"https:\/\/rfid-laundry-tag.com\/fr\/wp-json\/wp\/v2\/product_tag?post=3117"}],"curies":[{"name":"wp","href":"https:\/\/api.w.org\/{rel}","templated":true}]}}