{"id":310,"date":"2024-06-26T17:12:34","date_gmt":"2024-06-26T17:12:34","guid":{"rendered":"https:\/\/rfid-laundry-tag.com\/?post_type=product&#038;p=310"},"modified":"2024-06-26T17:15:58","modified_gmt":"2024-06-26T17:15:58","slug":"anti-metal-uhf-rfid-tag","status":"publish","type":"product","link":"https:\/\/rfid-laundry-tag.com\/fr\/anti-metal-uhf-rfid-tag\/","title":{"rendered":"\u00c9tiquette RFID UHF anti-m\u00e9tal"},"content":{"rendered":"<h2>\u00c9tiquette RFID UHF anti-m\u00e9tal<\/h2>\n<h2>Personnalisations disponibles :<\/h2>\n<p><strong>Impression:<\/strong><\/p>\n<ul>\n<li><strong>Options de couleur :<\/strong>\n<ul>\n<li>Impression monochrome<\/li>\n<li>Impression offset 4 couleurs<\/li>\n<\/ul>\n<\/li>\n<li><strong>Saisir:<\/strong>\n<ul>\n<li>Mise en page graphique fournie par le client au format vectoriel<\/li>\n<\/ul>\n<\/li>\n<li><strong>Contenu:<\/strong>\n<ul>\n<li>Impression du code EPC<\/li>\n<li>Impression progressive du code s\u00e9rie :\n<ul>\n<li>\u00c0 partir de la base de donn\u00e9es<\/li>\n<li>\u00c0 partir du fichier .xls<\/li>\n<\/ul>\n<\/li>\n<li>Impression de codes \u00e0 barres<\/li>\n<li>Impression de QRCode<\/li>\n<\/ul>\n<\/li>\n<li><strong>D&#039;autres options de personnalisation sont disponibles sur demande.<\/strong><\/li>\n<\/ul>\n<p><strong>Codage de la m\u00e9moire de la puce :<\/strong><\/p>\n<ul>\n<li><strong>Codage du transpondeur RFID UHF :<\/strong>\n<ul>\n<li>Codage du code EPC<\/li>\n<li>\u00c9criture de la m\u00e9moire de l&#039;\u00e9tiquette UHF\u00a0:\n<ul>\n<li>\u00c0 partir de la base de donn\u00e9es fournie par le client<\/li>\n<\/ul>\n<\/li>\n<\/ul>\n<\/li>\n<li><strong>Verrouillage de la m\u00e9moire\u00a0:<\/strong>\n<ul>\n<li>Verrouillage temporaire ou permanent par mot de passe<\/li>\n<\/ul>\n<\/li>\n<li><strong>Association de donn\u00e9es\u00a0:<\/strong>\n<ul>\n<li>Association du code EPC et du code TID dans la base de donn\u00e9es<\/li>\n<li>Code TID et association code progressif\/code-barres<\/li>\n<\/ul>\n<\/li>\n<\/ul>\n<table class=\"has-title all magic-4\">\n<tbody>\n<tr>\n<td colspan=\"1\" rowspan=\"1\">\n<div class=\"magic-5\" data-spm-anchor-id=\"a2700.details.0.i72.6b4c1284vyugjJ\">Mat\u00e9riel<\/div>\n<\/td>\n<td colspan=\"1\" rowspan=\"1\">\n<div class=\"magic-6\">ABS<\/div>\n<\/td>\n<\/tr>\n<tr>\n<td colspan=\"1\" rowspan=\"1\">\n<div class=\"magic-5\">Taille<\/div>\n<\/td>\n<td colspan=\"1\" rowspan=\"1\">\n<div class=\"magic-6\">78x31x10mm ou personnalis\u00e9<\/div>\n<\/td>\n<\/tr>\n<tr>\n<td colspan=\"1\" rowspan=\"1\">\n<div class=\"magic-5\">Fr\u00e9quence<\/div>\n<\/td>\n<td colspan=\"1\" rowspan=\"1\">\n<div class=\"magic-6\">860-960Mhz<\/div>\n<\/td>\n<\/tr>\n<tr>\n<td colspan=\"1\" rowspan=\"1\">\n<div class=\"magic-5\">Type de circuit int\u00e9gr\u00e9 (puce)<\/div>\n<\/td>\n<td colspan=\"1\" rowspan=\"1\">\n<div class=\"magic-6\">Impinj Monza R6P<\/div>\n<\/td>\n<\/tr>\n<tr>\n<td colspan=\"1\" rowspan=\"1\">\n<div class=\"magic-5\">Protocole<\/div>\n<\/td>\n<td colspan=\"1\" rowspan=\"1\">\n<div class=\"magic-6\">EPC Classe mondiale 1 Gen2 et ISO18000-6C<\/div>\n<\/td>\n<\/tr>\n<tr>\n<td colspan=\"1\" rowspan=\"1\">\n<div class=\"magic-7\">M\u00e9moire<\/div>\n<\/td>\n<td colspan=\"1\" rowspan=\"1\">\n<div class=\"magic-6\">EPC 128 bits, utilisateur 32 bits<\/div>\n<\/td>\n<\/tr>\n<tr>\n<td colspan=\"1\" rowspan=\"1\">\n<div class=\"magic-5\">Facteur de forme de la balise<\/div>\n<\/td>\n<td colspan=\"1\" rowspan=\"1\">\n<div class=\"magic-6\">\u00c9tiquette rigide<\/div>\n<\/td>\n<\/tr>\n<tr>\n<td colspan=\"1\" rowspan=\"1\">\n<div class=\"magic-5\">M\u00e9thode de fixation<\/div>\n<\/td>\n<td colspan=\"1\" rowspan=\"1\">\n<div class=\"magic-6\" data-spm-anchor-id=\"a2700.details.0.i73.6b4c1284vyugjJ\">Fixation par vis, film adh\u00e9sif<\/div>\n<\/td>\n<\/tr>\n<tr>\n<td colspan=\"1\" rowspan=\"1\">\n<div class=\"magic-5\">Temp\u00e9rature de fonctionnement<\/div>\n<\/td>\n<td colspan=\"1\" rowspan=\"1\">\n<div class=\"magic-6\">-35 \u00b0C \/ +90 \u00b0C<\/div>\n<\/td>\n<\/tr>\n<tr>\n<td colspan=\"1\" rowspan=\"1\">\n<div class=\"magic-5\">Lire la distance<\/div>\n<\/td>\n<td colspan=\"1\" rowspan=\"1\">\n<div class=\"magic-6\" data-spm-anchor-id=\"a2700.details.0.i67.6b4c1284vyugjJ\">Jusqu&#039;\u00e0 10 m<\/div>\n<\/td>\n<\/tr>\n<tr>\n<td colspan=\"1\" rowspan=\"1\">\n<div class=\"magic-8\">Mat\u00e9riaux de surface applicables<\/div>\n<\/td>\n<td colspan=\"1\" rowspan=\"1\">\n<div class=\"magic-6\">Substrats m\u00e9talliques et non m\u00e9talliques<\/div>\n<\/td>\n<\/tr>\n<tr>\n<td colspan=\"1\" rowspan=\"1\">\n<div class=\"magic-7\">Indice IP<\/div>\n<\/td>\n<td colspan=\"1\" rowspan=\"1\">\n<div class=\"magic-6\">IP68<\/div>\n<\/td>\n<\/tr>\n<tr>\n<td colspan=\"1\" rowspan=\"1\">\n<div class=\"magic-7\">Application<\/div>\n<\/td>\n<td colspan=\"1\" rowspan=\"1\">\n<div class=\"magic-6\">Pour les actifs, l&#039;industrie lourde et l&#039;utilisation en ext\u00e9rieur<\/div>\n<\/td>\n<\/tr>\n<\/tbody>\n<\/table>\n<p>&nbsp;<\/p>\n<p><strong>Conclusion:<\/strong><\/p>\n<p>L&#039;\u00e9tiquette RFID ABS est une solution polyvalente et personnalisable pour diverses applications, offrant une combinaison de performances robustes et d&#039;options flexibles pour r\u00e9pondre \u00e0 des besoins sp\u00e9cifiques.<\/p>","protected":false},"excerpt":{"rendered":"<p>L&#039;\u00e9tiquette RFID UHF anti-m\u00e9tal est une \u00e9tiquette RFID UHF passive longue port\u00e9e puissante con\u00e7ue pour exceller dans les environnements exigeants. Elle peut \u00eatre lue de mani\u00e8re fiable sur, hors et m\u00eame \u00e0 proximit\u00e9 de surfaces m\u00e9talliques, offrant une flexibilit\u00e9 exceptionnelle pour le suivi des actifs. Sa taille compacte et sa construction robuste et \u00e9tanche garantissent des performances durables dans les applications ext\u00e9rieures et industrielles.<\/p>","protected":false},"featured_media":311,"template":"","meta":{"_kad_post_transparent":"default","_kad_post_title":"","_kad_post_layout":"default","_kad_post_sidebar_id":"","_kad_post_content_style":"default","_kad_post_vertical_padding":"default","_kad_post_feature":"","_kad_post_feature_position":"","_kad_post_header":false,"_kad_post_footer":false,"_kad_post_classname":""},"product_brand":[],"product_cat":[54],"product_tag":[128,119],"class_list":{"0":"post-310","1":"product","2":"type-product","3":"status-publish","4":"has-post-thumbnail","6":"product_cat-hot-selling-rfid-tags","7":"product_tag-anti-metal-uhf-rfid-tag","8":"product_tag-on-metal-abs-uhf-rfid-tag","10":"first","11":"instock","12":"shipping-taxable","13":"product-type-simple","14":"entry","15":"content-bg","16":"loop-entry"},"_links":{"self":[{"href":"https:\/\/rfid-laundry-tag.com\/fr\/wp-json\/wp\/v2\/product\/310","targetHints":{"allow":["GET"]}}],"collection":[{"href":"https:\/\/rfid-laundry-tag.com\/fr\/wp-json\/wp\/v2\/product"}],"about":[{"href":"https:\/\/rfid-laundry-tag.com\/fr\/wp-json\/wp\/v2\/types\/product"}],"version-history":[{"count":0,"href":"https:\/\/rfid-laundry-tag.com\/fr\/wp-json\/wp\/v2\/product\/310\/revisions"}],"wp:featuredmedia":[{"embeddable":true,"href":"https:\/\/rfid-laundry-tag.com\/fr\/wp-json\/wp\/v2\/media\/311"}],"wp:attachment":[{"href":"https:\/\/rfid-laundry-tag.com\/fr\/wp-json\/wp\/v2\/media?parent=310"}],"wp:term":[{"taxonomy":"product_brand","embeddable":true,"href":"https:\/\/rfid-laundry-tag.com\/fr\/wp-json\/wp\/v2\/product_brand?post=310"},{"taxonomy":"product_cat","embeddable":true,"href":"https:\/\/rfid-laundry-tag.com\/fr\/wp-json\/wp\/v2\/product_cat?post=310"},{"taxonomy":"product_tag","embeddable":true,"href":"https:\/\/rfid-laundry-tag.com\/fr\/wp-json\/wp\/v2\/product_tag?post=310"}],"curies":[{"name":"wp","href":"https:\/\/api.w.org\/{rel}","templated":true}]}}