{"id":3084,"date":"2025-12-18T10:22:25","date_gmt":"2025-12-18T10:22:25","guid":{"rendered":"https:\/\/rfid-laundry-tag.com\/?post_type=product&#038;p=3084"},"modified":"2025-12-18T10:22:26","modified_gmt":"2025-12-18T10:22:26","slug":"washable-rfid-tags-for-laundry-uniform","status":"publish","type":"product","link":"https:\/\/rfid-laundry-tag.com\/fr\/washable-rfid-tags-for-laundry-uniform\/","title":{"rendered":"\u00c9tiquettes RFID lavables pour le lavage des uniformes"},"content":{"rendered":"<h2>\u00c9tiquettes RFID lavables pour le lavage des uniformes<\/h2>\n<div class=\"auto-hide-last-sibling-br paragraph_1252f paragraph-element\">\n<div class=\"auto-hide-last-sibling-br paragraph_1252f paragraph-element\">Les v\u00eatements <a href=\"https:\/\/rfid-laundry-tag.com\/fr\/uhf-rfid-laundry-tags\/\">\u00c9tiquette RFID lavable<\/a> Cette \u00e9tiquette RFID est une alternative polyvalente aux \u00e9tiquettes de lavage traditionnelles. Con\u00e7ue pour r\u00e9sister \u00e0 plus de 50 cycles de lavage domestiques, elle ne pr\u00e9sente qu&#039;une l\u00e9g\u00e8re diminution de ses performances RFID (de 10% \u00e0 15%). Solution id\u00e9ale et \u00e9conomique, cette \u00e9tiquette RFID \u00e9tanche est parfaite pour la location et la vente de v\u00eatements, de chaussures et de draps.<\/div>\n<div><\/div>\n<div class=\"auto-hide-last-sibling-br paragraph_1252f paragraph-element\">Dot\u00e9e d&#039;une structure unique et d&#039;un m\u00e9canisme de protection pour la puce RFID, cette \u00e9tiquette peut r\u00e9sister \u00e0 plus de 50 cycles de lavage domestique. Elle peut \u00eatre discr\u00e8tement gliss\u00e9e dans une couture ou gliss\u00e9e dans une \u00e9tiquette d&#039;entretien, ce qui la rend pratiquement inaper\u00e7ue.<\/div>\n<p>&nbsp;<\/p>\n<div class=\"auto-hide-last-sibling-br paragraph_1252f paragraph-element\">Ce qui distingue cette \u00e9tiquette RFID UHF des autres \u00e9tiquettes lavables pour linge est sa conception fine et transparente de 0,55 mm, ce qui en fait la plus fine du march\u00e9. Au total, il s&#039;agit d&#039;une solution RFID UHF innovante pour les v\u00eatements qui offre rentabilit\u00e9, durabilit\u00e9 et discr\u00e9tion.<\/div>\n<div><\/div>\n<div data-spm-anchor-id=\"a2700.details.0.i57.23b419c7xXORP0\"><span data-spm-anchor-id=\"a2700.details.0.i75.23b419c7xXORP0\"><b>Fonctionnalit\u00e9:<\/b><br \/>\n1) Technologie UHF pour lire des centaines de tags simultan\u00e9ment.<br \/>\n2) Distance de lecture sup\u00e9rieure \u00e0 8 pieds.<br \/>\n3) Nouvelle conception m\u00e9canique pour des performances am\u00e9lior\u00e9es pour le linge plat.<br \/>\n4) Convient aux extracteurs haute pression jusqu&#039;\u00e0 60 bars.<br \/>\n5) Convient pour la st\u00e9rilisation en autoclave.<br \/>\n6) Mat\u00e9riau petit, doux et flexible, id\u00e9al pour les textiles, le linge de maison, les v\u00eatements et les accessoires.<\/span><\/div>\n<div data-spm-anchor-id=\"a2700.details.0.i57.23b419c7xXORP0\">7) Fer \u00e0 repasser adh\u00e9sif, \u00e0 coudre, avec trou, etc.<\/div>\n<\/div>\n<div data-spm-anchor-id=\"a2700.details.0.i57.23b419c7xXORP0\">\n<figure id=\"attachment_3030\" aria-describedby=\"caption-attachment-3030\" style=\"width: 790px\" class=\"wp-caption alignnone\"><a href=\"https:\/\/rfid-laundry-tag.com\/fr\/uhf-rfid-laundry-tags\/\"><img fetchpriority=\"high\" decoding=\"async\" class=\"size-full wp-image-3030\" src=\"https:\/\/rfid-laundry-tag.com\/wp-content\/uploads\/2025\/12\/RFID-Laundry-Tag-Installation-Guide.png\" alt=\"RFID Laundry Tag Installation Guide\" width=\"790\" height=\"777\" srcset=\"https:\/\/rfid-laundry-tag.com\/wp-content\/uploads\/2025\/12\/RFID-Laundry-Tag-Installation-Guide.png 790w, https:\/\/rfid-laundry-tag.com\/wp-content\/uploads\/2025\/12\/RFID-Laundry-Tag-Installation-Guide-300x295.png 300w, https:\/\/rfid-laundry-tag.com\/wp-content\/uploads\/2025\/12\/RFID-Laundry-Tag-Installation-Guide-768x755.png 768w, https:\/\/rfid-laundry-tag.com\/wp-content\/uploads\/2025\/12\/RFID-Laundry-Tag-Installation-Guide-12x12.png 12w, https:\/\/rfid-laundry-tag.com\/wp-content\/uploads\/2025\/12\/RFID-Laundry-Tag-Installation-Guide-600x590.png 600w\" sizes=\"(max-width: 790px) 100vw, 790px\" \/><\/a><figcaption id=\"caption-attachment-3030\" class=\"wp-caption-text\">Guide d&#039;installation des \u00e9tiquettes RFID pour le linge<\/figcaption><\/figure>\n<\/div>\n<div data-spm-anchor-id=\"a2700.details.0.i57.23b419c7xXORP0\">\n<div class=\"text-content\" data-spm-anchor-id=\"a2700.details.0.i54.23b419c7xXORP0\">\n<h2>Physique:<\/h2>\n<div>Mati\u00e8re : polyester 100%<br \/>\nTaille : 70 mm \u00d7 15 mm x 1,5 mm<br \/>\nPuce : UHF<br \/>\nM\u00e9thode d&#039;installation de l&#039;\u00e9tiquette : couture, repassage<br \/>\nProtocole : ISO18ooo-6C EPC C1G2<br \/>\nRepassage : 15 secondes, \u00e0 210\u2103<br \/>\nExposition : 2,5 bar<br \/>\nS\u00e9chage : 15 minutes \u00e0 180\u00b0C<br \/>\nLavage : 15 minutes \u00e0 90\u2103<br \/>\nCycles de lavage : 200 cycles ou 3 ans<br \/>\nConditions de stockage\u00a0: -20 \u00e0 80\u00a0\u00b0C, 5 \u00e0 95% HR<\/div>\n<\/div>\n<\/div>\n<div>\n<figure id=\"attachment_2943\" aria-describedby=\"caption-attachment-2943\" style=\"width: 800px\" class=\"wp-caption alignnone\"><a href=\"https:\/\/rfid-laundry-tag.com\/fr\/uhf-rfid-laundry-tags\/\"><img decoding=\"async\" class=\"size-full wp-image-2943\" src=\"https:\/\/rfid-laundry-tag.com\/wp-content\/uploads\/2025\/10\/1-1.jpg\" alt=\"Textile UHF RFID Tags Labels\" width=\"800\" height=\"800\" srcset=\"https:\/\/rfid-laundry-tag.com\/wp-content\/uploads\/2025\/10\/1-1.jpg 800w, https:\/\/rfid-laundry-tag.com\/wp-content\/uploads\/2025\/10\/1-1-300x300.jpg 300w, https:\/\/rfid-laundry-tag.com\/wp-content\/uploads\/2025\/10\/1-1-150x150.jpg 150w, https:\/\/rfid-laundry-tag.com\/wp-content\/uploads\/2025\/10\/1-1-768x768.jpg 768w, https:\/\/rfid-laundry-tag.com\/wp-content\/uploads\/2025\/10\/1-1-12x12.jpg 12w, https:\/\/rfid-laundry-tag.com\/wp-content\/uploads\/2025\/10\/1-1-600x600.jpg 600w, https:\/\/rfid-laundry-tag.com\/wp-content\/uploads\/2025\/10\/1-1-100x100.jpg 100w\" sizes=\"(max-width: 800px) 100vw, 800px\" \/><\/a><figcaption id=\"caption-attachment-2943\" class=\"wp-caption-text\">\u00c9tiquettes RFID UHF pour textiles<\/figcaption><\/figure>\n<\/div>\n<div>\n<h2>Avantages des \u00e9tiquettes RFID lavables pour le lavage des uniformes<\/h2>\n<p>Choisir des \u00e9tiquettes RFID lavables pour le linge, c&#039;est investir dans une solution qui simplifie la gestion du linge. Ces \u00e9tiquettes sp\u00e9cialis\u00e9es sont con\u00e7ues pour r\u00e9sister aux processus de blanchisserie industrielle sans compromettre leurs performances. Leurs principaux avantages sont les suivants\u00a0:<\/p>\n<ol>\n<li><strong>Suivi am\u00e9lior\u00e9<\/strong>La technologie RFID permet le suivi en temps r\u00e9el de chaque v\u00eatement, garantissant une gestion pr\u00e9cise des stocks et r\u00e9duisant les pertes.<\/li>\n<li><strong>Durabilit\u00e9<\/strong>Con\u00e7ues pour r\u00e9sister aux hautes temp\u00e9ratures et aux conditions de lavage difficiles, ces \u00e9tiquettes RFID durables garantissent une longue dur\u00e9e de vie, ce qui en fait un choix rentable.<\/li>\n<li><strong>Efficacit\u00e9 am\u00e9lior\u00e9e<\/strong>L&#039;automatisation des flux de travail en blanchisserie r\u00e9duit les erreurs manuelles et acc\u00e9l\u00e8re les processus d&#039;enregistrement et de d\u00e9part, am\u00e9liorant ainsi l&#039;efficacit\u00e9 globale des blanchisseries.<\/li>\n<\/ol>\n<p>Gr\u00e2ce \u00e0 une compr\u00e9hension approfondie des avantages et des capacit\u00e9s des \u00e9tiquettes RFID lavables, vous pourrez prendre une d\u00e9cision \u00e9clair\u00e9e pour vos besoins en mati\u00e8re de gestion du linge.<\/p>\n<h3>Que sont les \u00e9tiquettes RFID lavables\u00a0?<\/h3>\n<p>Les \u00e9tiquettes RFID lavables sont un type sp\u00e9cialis\u00e9 de\u00a0<strong>\u00c9tiquette RFID<\/strong>\u00a0Con\u00e7ues sp\u00e9cifiquement pour les applications de blanchisserie. Ces \u00e9tiquettes utilisent\u00a0<strong>technologie RFID haute performance<\/strong>\u00a0Pour permettre un suivi et une gestion pr\u00e9cis des articles textiles tout au long de leur cycle de vie, les \u00e9tiquettes RFID lavables, fabriqu\u00e9es \u00e0 partir de mat\u00e9riaux durables, r\u00e9sistent aux contraintes du lavage industriel, notamment aux hautes temp\u00e9ratures et aux cycles de lavage r\u00e9p\u00e9t\u00e9s.<\/p>\n<h3>Avantages de l&#039;utilisation des \u00e9tiquettes RFID dans la gestion du linge<\/h3>\n<p>Int\u00e9gration\u00a0<strong>Technologie RFID<\/strong>\u00a0L&#039;int\u00e9gration de ces \u00e9tiquettes dans les processus de blanchisserie offre des avantages consid\u00e9rables. Elles am\u00e9liorent non seulement la pr\u00e9cision du suivi du linge, mais permettent \u00e9galement aux \u00e9tablissements d&#039;automatiser la gestion des stocks, r\u00e9duisant ainsi les co\u00fbts de main-d&#039;\u0153uvre et minimisant les erreurs humaines. De plus,\u00a0<strong>blanchisserie RFID<\/strong>\u00a0Ces syst\u00e8mes permettent une int\u00e9gration transparente avec les logiciels de gestion existants, fournissant des analyses qui contribuent \u00e0 am\u00e9liorer l&#039;efficacit\u00e9 op\u00e9rationnelle.<\/p>\n<h3>Comment utiliser les \u00e9tiquettes RFID lavables<\/h3>\n<p>L&#039;utilisation d&#039;\u00e9tiquettes RFID lavables est simple. Chaque \u00e9tiquette peut \u00eatre cousue sur\u00a0<strong>habits<\/strong>\u00a0ou du linge, en fournissant des identifiants clairs qui peuvent \u00eatre facilement scann\u00e9s par\u00a0<strong>Lecteurs RFID<\/strong>. Pour des performances optimales, il est crucial de s&#039;assurer que les \u00e9tiquettes sont correctement plac\u00e9es sur les articles et qu&#039;elles sont compatibles avec le syst\u00e8me.\u00a0<strong>syst\u00e8me de blanchisserie RFID<\/strong>\u00a0En cours d&#039;utilisation. Des audits r\u00e9guliers des articles \u00e9tiquet\u00e9s RFID permettent de maintenir des registres d&#039;inventaire pr\u00e9cis.<\/p>\n<h3>Avis des clients<\/h3>\n<p>Les t\u00e9moignages clients soulignent l&#039;impact transformateur de nos \u00e9tiquettes RFID lavables. De nombreux utilisateurs font \u00e9tat d&#039;am\u00e9liorations significatives dans la gestion des stocks et d&#039;une r\u00e9duction des pertes d&#039;articles. Un client satisfait t\u00e9moigne\u00a0: \u201c\u00a0La mise en \u0153uvre\u2026\u00a0\u00bb\u00a0<strong>\u00c9tiquettes RFID<\/strong>\u00a0L&#039;am\u00e9lioration de nos op\u00e9rations de blanchisserie a consid\u00e9rablement rationalis\u00e9 nos processus, augmentant ainsi notre productivit\u00e9 globale. \u201d<\/p>\n<\/div>\n<h3 class=\"wp-block-heading\">Installation<\/h3>\n<p><strong>Marquage des points<\/strong>: A coudre dans l&#039;ourlet d&#039;un textile. Cousez l&#039;\u00e9tiquette de linge loin des lignes de pliage.<br \/>\n<strong>Thermoscellage<\/strong>: A thermosceller directement sur le textile \u00e0 +200\u00b0C (392\u00b0F), pendant 12~14s.<br \/>\n<strong>Dans une pochette<\/strong>: A coudre comme une \u00e9tiquette d&#039;entretien standard. Cousez l&#039;\u00e9tiquette de linge loin des lignes de pliage.<\/p>\n<figure id=\"attachment_3036\" aria-describedby=\"caption-attachment-3036\" style=\"width: 1024px\" class=\"wp-caption alignnone\"><a href=\"https:\/\/rfid-laundry-tag.com\/fr\/uhf-rfid-laundry-tags\/\"><img decoding=\"async\" class=\"size-large wp-image-3036\" src=\"https:\/\/rfid-laundry-tag.com\/wp-content\/uploads\/2025\/12\/RFID-Laundry-Tag-Installation-Guide-03--1024x590.png\" alt=\"How to Sew RFID Laundry Tags into Linens and Garments\" width=\"1024\" height=\"590\" srcset=\"https:\/\/rfid-laundry-tag.com\/wp-content\/uploads\/2025\/12\/RFID-Laundry-Tag-Installation-Guide-03--1024x590.png 1024w, https:\/\/rfid-laundry-tag.com\/wp-content\/uploads\/2025\/12\/RFID-Laundry-Tag-Installation-Guide-03--300x173.png 300w, https:\/\/rfid-laundry-tag.com\/wp-content\/uploads\/2025\/12\/RFID-Laundry-Tag-Installation-Guide-03--768x442.png 768w, https:\/\/rfid-laundry-tag.com\/wp-content\/uploads\/2025\/12\/RFID-Laundry-Tag-Installation-Guide-03--18x10.png 18w, https:\/\/rfid-laundry-tag.com\/wp-content\/uploads\/2025\/12\/RFID-Laundry-Tag-Installation-Guide-03--600x345.png 600w, https:\/\/rfid-laundry-tag.com\/wp-content\/uploads\/2025\/12\/RFID-Laundry-Tag-Installation-Guide-03-.png 1148w\" sizes=\"(max-width: 1024px) 100vw, 1024px\" \/><\/a><figcaption id=\"caption-attachment-3036\" class=\"wp-caption-text\">Comment coudre des \u00e9tiquettes RFID pour le linge de maison et les v\u00eatements<\/figcaption><\/figure>\n<div class=\"auto-hide-last-sibling-br paragraph_1252f paragraph-element\"><strong>\u00c9tiquettes RFID lavables<\/strong>\u00a0Les solutions de gestion de stock sont indispensables \u00e0 de nombreux secteurs d&#039;activit\u00e9, car elles permettent un suivi efficace des actifs, une gestion des stocks et une am\u00e9lioration de la productivit\u00e9 op\u00e9rationnelle globale. Voici quelques-unes de ses applications dans diff\u00e9rents secteurs :<\/div>\n<ol class=\"auto-hide-last-sibling-br\">\n<li>\n<div class=\"auto-hide-last-sibling-br paragraph_1252f paragraph-element\"><strong>Soins de sant\u00e9<\/strong>:Les h\u00f4pitaux et autres \u00e9tablissements m\u00e9dicaux utilisent des \u00e9tiquettes RFID pour g\u00e9rer d&#039;\u00e9normes stocks de draps, de serviettes, de tenues de bloc, d&#039;uniformes et de linge chirurgical. Cela permet de r\u00e9duire les pertes, de g\u00e9rer les cycles de lavage et de garantir que du linge propre et frais est toujours disponible selon les besoins.<\/div>\n<\/li>\n<li>\n<div class=\"auto-hide-last-sibling-br paragraph_1252f paragraph-element\"><strong>H\u00f4tels<\/strong>:La gestion du linge est une t\u00e2che \u00e9norme dans le secteur h\u00f4telier, o\u00f9 des milliers d&#039;articles, de la literie aux serviettes en passant par les rideaux et les peignoirs, sont en circulation. Les \u00e9tiquettes RFID pour le linge simplifient le suivi, garantissent un nettoyage et un remplacement rapides et aident \u00e0 d\u00e9tecter et \u00e0 pr\u00e9venir le vol.<\/div>\n<\/li>\n<li>\n<div class=\"auto-hide-last-sibling-br paragraph_1252f paragraph-element\"><strong>Restaurants<\/strong>Dans le secteur de la restauration, les \u00e9tiquettes RFID permettent de contr\u00f4ler l&#039;utilisation et le nettoyage des uniformes, nappes, serviettes et tabliers de cuisine. Cela contribue \u00e0 am\u00e9liorer les normes d&#039;hygi\u00e8ne et \u00e0 maintenir une image soign\u00e9e et professionnelle.<\/div>\n<\/li>\n<li>\n<div class=\"auto-hide-last-sibling-br paragraph_1252f paragraph-element\"><strong>Industries de l&#039;habillement et de la mode<\/strong>:Les \u00e9tiquettes RFID jouent un r\u00f4le essentiel dans le suivi des articles tout au long de la cha\u00eene d&#039;approvisionnement, de la production \u00e0 la vente au d\u00e9tail. Elles peuvent fournir des informations pr\u00e9cieuses telles que l&#039;origine, l&#039;historique des d\u00e9placements et m\u00eame des d\u00e9tails sur le tissu et les instructions d&#039;entretien.<\/div>\n<\/li>\n<li>\n<div class=\"auto-hide-last-sibling-br paragraph_1252f paragraph-element\"><strong>V\u00eatements de travail\/V\u00eatements ignifuges<\/strong>:Les entreprises peuvent utiliser des \u00e9tiquettes RFID pour suivre et g\u00e9rer les v\u00eatements sp\u00e9ciaux. Cela peut inclure la garantie que les v\u00eatements ignifuges ou autres v\u00eatements de protection sont inspect\u00e9s r\u00e9guli\u00e8rement, correctement nettoy\u00e9s et remplac\u00e9s si n\u00e9cessaire.<\/div>\n<\/li>\n<li>\n<div class=\"auto-hide-last-sibling-br paragraph_1252f paragraph-element\"><strong>Chaussures et masques<\/strong>:Particuli\u00e8rement important dans les secteurs comme la sant\u00e9 et la construction o\u00f9 la s\u00e9curit\u00e9 est essentielle, le suivi de l&#039;utilisation, du nettoyage et de l&#039;entretien d&#039;articles tels que les masques et les chaussures de s\u00e9curit\u00e9 peut \u00eatre simplifi\u00e9 gr\u00e2ce \u00e0 l&#039;utilisation d&#039;\u00e9tiquettes RFID.<\/div>\n<\/li>\n<li>\n<div class=\"auto-hide-last-sibling-br paragraph_1252f paragraph-element\"><strong>Tapis et serpill\u00e8res<\/strong>:Pour les entreprises fournissant des services de nettoyage ou g\u00e9rant de grandes installations, les \u00e9tiquettes RFID sur les tapis et les serpill\u00e8res peuvent aider \u00e0 suivre l&#039;utilisation et l&#039;entretien, garantissant ainsi des outils propres et efficaces \u00e0 tout moment.<\/div>\n<\/li>\n<\/ol>\n<h3>FAQ sur les \u00e9tiquettes RFID lavables<\/h3>\n<p><strong>Q : Les \u00e9tiquettes RFID sont-elles \u00e9tanches ?<\/strong><br \/>\nR : Oui, nos \u00e9tiquettes RFID pour le linge sont con\u00e7ues pour \u00eatre \u00e9tanches, ce qui garantit leur durabilit\u00e9 en milieu humide.<\/p>\n<p><strong>Q : Combien de cycles de lavage ces \u00e9tiquettes peuvent-elles supporter ?<\/strong><br \/>\nA: Nos \u00e9tiquettes RFID lavables peuvent g\u00e9n\u00e9ralement r\u00e9sister \u00e0 une temp\u00e9rature allant jusqu&#039;\u00e0\u00a0<strong>200 cycles de lavage<\/strong>\u00a0tout en conservant leurs fonctionnalit\u00e9s de suivi.<\/p>\n<p><strong>Q : Puis-je personnaliser les \u00e9tiquettes en fonction de mes besoins sp\u00e9cifiques ?<\/strong><br \/>\nA : Absolument ! Nous proposons\u00a0<strong>solutions RFID personnalis\u00e9es<\/strong>\u00a0adapt\u00e9 \u00e0 vos besoins sp\u00e9cifiques en mati\u00e8re de gestion du linge.<\/p>","protected":false},"excerpt":{"rendered":"<p><strong>\u00c9tiquettes RFID lavables<\/strong>, Ces \u00e9tiquettes, souvent appel\u00e9es \u00e9tiquettes RFID pour linge, sont fabriqu\u00e9es avec un rev\u00eatement ext\u00e9rieur en caoutchouc souple et r\u00e9sistant. Con\u00e7ues pour \u00eatre flexibles et robustes, elles supportent jusqu&#039;\u00e0 200 cycles de lavage et une pression de 60 bars. Nos \u00e9tiquettes RFID UHF pour le linge excellent dans la lecture de masse et sont d\u00e9tect\u00e9es efficacement \u00e0 plusieurs m\u00e8tres de distance. Elles sont disponibles en diff\u00e9rentes dimensions, de 3,8 \u00e0 7,6 cm de longueur et de 1,3 \u00e0 2,5 cm de largeur. Ces \u00e9tiquettes RFID lavables sont largement utilis\u00e9es dans le secteur m\u00e9dical, notamment sur les blouses des m\u00e9decins et des infirmi\u00e8res, ainsi que sur d&#039;autres uniformes professionnels, costumes et articles de location comme les tapis.<\/p>","protected":false},"featured_media":3085,"template":"","meta":{"_kad_post_transparent":"default","_kad_post_title":"","_kad_post_layout":"default","_kad_post_sidebar_id":"","_kad_post_content_style":"default","_kad_post_vertical_padding":"default","_kad_post_feature":"","_kad_post_feature_position":"","_kad_post_header":false,"_kad_post_footer":false,"_kad_post_classname":""},"product_brand":[],"product_cat":[16],"product_tag":[24,375,342,339,65,368,30,374,373],"class_list":{"0":"post-3084","1":"product","2":"type-product","3":"status-publish","4":"has-post-thumbnail","6":"product_cat-uhf-rfid-laundry-tags","7":"product_tag-laundry-rfid-tags","8":"product_tag-rfid-laundry-tag-7015mm","9":"product_tag-rfid-laundry-tags","10":"product_tag-rfid-washable-tags","11":"product_tag-textile-rfid-laundry-tags","12":"product_tag-textile-uhf-rfid-tags-labels","13":"product_tag-uhf-rfid-laundry-tag","14":"product_tag-washable-uhf-rfid-labels","15":"product_tag-washable-uhf-rfid-laundry-textile-labels","17":"first","18":"instock","19":"featured","20":"shipping-taxable","21":"product-type-simple","22":"entry","23":"content-bg","24":"loop-entry"},"_links":{"self":[{"href":"https:\/\/rfid-laundry-tag.com\/fr\/wp-json\/wp\/v2\/product\/3084","targetHints":{"allow":["GET"]}}],"collection":[{"href":"https:\/\/rfid-laundry-tag.com\/fr\/wp-json\/wp\/v2\/product"}],"about":[{"href":"https:\/\/rfid-laundry-tag.com\/fr\/wp-json\/wp\/v2\/types\/product"}],"version-history":[{"count":1,"href":"https:\/\/rfid-laundry-tag.com\/fr\/wp-json\/wp\/v2\/product\/3084\/revisions"}],"predecessor-version":[{"id":3087,"href":"https:\/\/rfid-laundry-tag.com\/fr\/wp-json\/wp\/v2\/product\/3084\/revisions\/3087"}],"wp:featuredmedia":[{"embeddable":true,"href":"https:\/\/rfid-laundry-tag.com\/fr\/wp-json\/wp\/v2\/media\/3085"}],"wp:attachment":[{"href":"https:\/\/rfid-laundry-tag.com\/fr\/wp-json\/wp\/v2\/media?parent=3084"}],"wp:term":[{"taxonomy":"product_brand","embeddable":true,"href":"https:\/\/rfid-laundry-tag.com\/fr\/wp-json\/wp\/v2\/product_brand?post=3084"},{"taxonomy":"product_cat","embeddable":true,"href":"https:\/\/rfid-laundry-tag.com\/fr\/wp-json\/wp\/v2\/product_cat?post=3084"},{"taxonomy":"product_tag","embeddable":true,"href":"https:\/\/rfid-laundry-tag.com\/fr\/wp-json\/wp\/v2\/product_tag?post=3084"}],"curies":[{"name":"wp","href":"https:\/\/api.w.org\/{rel}","templated":true}]}}