{"id":3079,"date":"2025-12-18T10:10:20","date_gmt":"2025-12-18T10:10:20","guid":{"rendered":"https:\/\/rfid-laundry-tag.com\/?post_type=product&#038;p=3079"},"modified":"2026-01-04T13:08:46","modified_gmt":"2026-01-04T13:08:46","slug":"rfid-laundry-tag-7015mm","status":"publish","type":"product","link":"https:\/\/rfid-laundry-tag.com\/fr\/rfid-laundry-tag-7015mm\/","title":{"rendered":"\u00c9tiquette RFID pour le linge - 70 x 15 mm"},"content":{"rendered":"<h2>\u00c9tiquette RFID pour le linge - 70 x 15 mm<\/h2>\n<p><b>Utiliser<a href=\"https:\/\/rfid-laundry-tag.com\/fr\/textile-rfid-laundry-tag\/\">\u00a0\u00c9tiquettes de blanchisserie RFID<\/a>\u00a0avantages :<\/b><br \/>\n1) R\u00e9duction des co\u00fbts de main-d&#039;\u0153uvre : gr\u00e2ce au lecteur UHF portable, le scanner conna\u00eetra la quantit\u00e9.<br \/>\n2) Trier les v\u00eatements provenant de diff\u00e9rents h\u00f4tels ou entreprises.<br \/>\n3) Analyse des donn\u00e9es : apr\u00e8s la collecte des donn\u00e9es, vous pouvez en savoir plus, par exemple\u00a0:<br \/>\n* Si vous choisissez une entreprise textile de meilleure qualit\u00e9, vous pourrez r\u00e9aliser des \u00e9conomies sur vos prochaines commandes.<br \/>\nQuels h\u00f4tels ou entreprises ont des textiles plus susceptibles de s&#039;ab\u00eemer\u00a0? etc.<\/p>\n<div class=\"entry-content-asset videofit\"><iframe title=\"Pourquoi utiliser la RFID dans le secteur du blanchiment textile\u00a0?\" src=\"https:\/\/www.youtube.com\/embed\/X_P3EuhS_hE?feature=oembed\" width=\"720\" height=\"405\" frameborder=\"0\" allowfullscreen=\"allowfullscreen\" data-mce-fragment=\"1\"><\/iframe><\/div>\n<div class=\"table-with-header rounded-lg border border-solid border-grey-line2-normal w-fit max-w-full mb-2\">\n<div class=\"overflow-x-auto custom-scrollbar custom-scrollbar-float max-w-full\">\n<table class=\"w-fit !mb-0 !max-w-none\">\n<thead>\n<tr>\n<th>Fonctionnalit\u00e9<\/th>\n<th>Sp\u00e9cification<\/th>\n<\/tr>\n<\/thead>\n<tbody>\n<tr>\n<td><strong>Nom de l&#039;article<\/strong><\/td>\n<td><strong>\u00c9tiquette de blanchisserie RFID<\/strong><\/td>\n<\/tr>\n<tr>\n<td><strong>Norme RFID<\/strong><\/td>\n<td>ISO\/IEC 18000-6 TypeC (EPC Gen2)<\/td>\n<\/tr>\n<tr>\n<td><strong>Taille et poids<\/strong><\/td>\n<td>70 \u00d7 15 mm, 0,6 g<\/td>\n<\/tr>\n<tr>\n<td><strong>Type de puce<\/strong><\/td>\n<td>NXP U CODE 8, NXP U CODE 9<\/td>\n<\/tr>\n<tr>\n<td><strong>M\u00e9moire EPC<\/strong><\/td>\n<td>128 bits<\/td>\n<\/tr>\n<tr>\n<td><strong>M\u00e9moire utilisateur<\/strong><\/td>\n<td>512 bits<\/td>\n<\/tr>\n<tr>\n<td><strong>Plage de lecture<\/strong><\/td>\n<td>8 m (2 W ERP FCC\/ETSI)<\/td>\n<\/tr>\n<tr>\n<td><strong>Marquage<\/strong><\/td>\n<td>Couture, adh\u00e9sif de marquage \u00e0 chaud<\/td>\n<\/tr>\n<tr>\n<td><strong>Dur\u00e9e de vie estim\u00e9e<\/strong><\/td>\n<td>200 cycles de lavage ou 3 ans<\/td>\n<\/tr>\n<tr>\n<td><strong>M\u00e9thode de lavage<\/strong><\/td>\n<td>Blanchisserie, Nettoyage \u00e0 sec<\/td>\n<\/tr>\n<tr>\n<td><strong>Pression d&#039;extraction d&#039;eau<\/strong><\/td>\n<td>60 barres<\/td>\n<\/tr>\n<tr>\n<td><strong>R\u00e9sistance \u00e0 l&#039;eau<\/strong><\/td>\n<td>R\u00e9sistant \u00e0 l&#039;eau<\/td>\n<\/tr>\n<tr>\n<td><strong>R\u00e9sistance chimique<\/strong><\/td>\n<td>D\u00e9tergent, adoucissant, agent de blanchiment (oxyg\u00e8ne\/chlore), alcali<\/td>\n<\/tr>\n<tr>\n<td>\u00a0Fer \u00e0 repasser:<\/td>\n<td>190 \u00b0C ~ 225 \u00b0C pendant 10 \u00e0 15 secondes<\/td>\n<\/tr>\n<\/tbody>\n<\/table>\n<\/div>\n<\/div>\n<h3 class=\"wp-block-heading\">Installation<\/h3>\n<p><strong>Marquage des points<\/strong>: A coudre dans l&#039;ourlet d&#039;un textile. Cousez l&#039;\u00e9tiquette de linge loin des lignes de pliage.<br \/>\n<strong>Thermoscellage<\/strong>: A thermosceller directement sur le textile \u00e0 +200\u00b0C (392\u00b0F), pendant 12~14s.<br \/>\n<strong>Dans une pochette<\/strong>: A coudre comme une \u00e9tiquette d&#039;entretien standard. Cousez l&#039;\u00e9tiquette de linge loin des lignes de pliage.<\/p>\n<p>&nbsp;<\/p>\n<p><strong>Pr\u00e9sentation du produit\u00a0:<\/strong><br \/>\n*Plus de 200 lavages industriels.<br \/>\n*100% Test d&#039;\u00e9criture m\u00e9moire\u00a0;<br \/>\n*Les mat\u00e9riaux et la conception ont \u00e9t\u00e9 test\u00e9s pour leur fiabilit\u00e9 ;<br \/>\n*Le produit a \u00e9t\u00e9 inspect\u00e9 pour v\u00e9rifier la coh\u00e9rence RF 100% par l&#039;\u00e9quipement Finland Tagformace.<br \/>\n* VRAI lavage industriel 200 fois.<br \/>\n* Souple et flexible ;<br \/>\n* R\u00e9siste \u00e0 une pression de 60 atmosph\u00e8res.<\/p>\n<figure id=\"attachment_3434\" class=\"wp-caption alignnone\" aria-describedby=\"caption-attachment-3434\">\n<p><figure id=\"attachment_3081\" aria-describedby=\"caption-attachment-3081\" style=\"width: 1000px\" class=\"wp-caption alignnone\"><a href=\"https:\/\/rfid-laundry-tag.com\/fr\/textile-rfid-laundry-tag\/\"><img fetchpriority=\"high\" decoding=\"async\" class=\"size-full wp-image-3081\" src=\"https:\/\/rfid-laundry-tag.com\/wp-content\/uploads\/2025\/12\/UHF-RFID-washable-laundry-tag-08.jpg\" alt=\"RFID Laundry Tag-70*15mm\" width=\"1000\" height=\"1000\" srcset=\"https:\/\/rfid-laundry-tag.com\/wp-content\/uploads\/2025\/12\/UHF-RFID-washable-laundry-tag-08.jpg 1000w, https:\/\/rfid-laundry-tag.com\/wp-content\/uploads\/2025\/12\/UHF-RFID-washable-laundry-tag-08-300x300.jpg 300w, https:\/\/rfid-laundry-tag.com\/wp-content\/uploads\/2025\/12\/UHF-RFID-washable-laundry-tag-08-150x150.jpg 150w, https:\/\/rfid-laundry-tag.com\/wp-content\/uploads\/2025\/12\/UHF-RFID-washable-laundry-tag-08-768x768.jpg 768w, https:\/\/rfid-laundry-tag.com\/wp-content\/uploads\/2025\/12\/UHF-RFID-washable-laundry-tag-08-12x12.jpg 12w, https:\/\/rfid-laundry-tag.com\/wp-content\/uploads\/2025\/12\/UHF-RFID-washable-laundry-tag-08-600x600.jpg 600w, https:\/\/rfid-laundry-tag.com\/wp-content\/uploads\/2025\/12\/UHF-RFID-washable-laundry-tag-08-100x100.jpg 100w\" sizes=\"(max-width: 1000px) 100vw, 1000px\" \/><\/a><figcaption id=\"caption-attachment-3081\" class=\"wp-caption-text\">\u00c9tiquette RFID pour le linge - 70 x 15 mm<\/figcaption><\/figure><figcaption id=\"caption-attachment-3434\" class=\"wp-caption-text\">\u00a0<\/figcaption><\/figure>\n<p><strong>Application du produit\u00a0:<\/strong><br \/>\n* Lavage industriel ;<br \/>\n* Gestion des uniformes des employ\u00e9s et des uniformes scolaires ;<br \/>\n* Gestion des v\u00eatements m\u00e9dicaux ;<br \/>\n* Gestion des patrouilles du personnel ;<br \/>\n* Gestion de la production dans les usines de confection.<\/p>\n<h2 data-spm-anchor-id=\"a2700.details-description.0.i0.40e8juJgjuJgsa\"><b><span class=\"magic-29\" data-spm-anchor-id=\"a2700.details-description.0.i4.40e8juJgjuJgsa\">Principaux avantages\u00a0:<\/span><\/b><\/h2>\n<div data-spm-anchor-id=\"a2700.details-description.0.i0.40e8juJgjuJgsa\">\n<div data-spm-anchor-id=\"a2700.details-description.0.i3.40e8juJgjuJgsa\"><span class=\"magic-30\"><span class=\"magic-31\">* Install\u00e9 sur des surfaces m\u00e9talliques et non m\u00e9talliques, il offre de bonnes performances en mati\u00e8re de radiofr\u00e9quence, 100% gr\u00e2ce \u00e0 l&#039;\u00e9tiquette d&#039;importation europ\u00e9enne\u00a0;<br \/>\nTest de conformit\u00e9 du syst\u00e8me * apr\u00e8s validation et utilisation par des clients internationaux de renom\u00a0;<\/span><\/span><\/div>\n<\/div>\n<div class=\"auto-hide-last-sibling-br paragraph_1252f paragraph-element\">\n<figure id=\"attachment_3033\" aria-describedby=\"caption-attachment-3033\" style=\"width: 768px\" class=\"wp-caption alignnone\"><a href=\"https:\/\/rfid-laundry-tag.com\/fr\/textile-rfid-laundry-tag\/\"><img decoding=\"async\" class=\"size-large wp-image-3033\" src=\"https:\/\/rfid-laundry-tag.com\/wp-content\/uploads\/2025\/12\/RFID-Laundry-Tag-Installation-Guide-01-768x1024.png\" alt=\"RFID Laundry Tags\" width=\"768\" height=\"1024\" srcset=\"https:\/\/rfid-laundry-tag.com\/wp-content\/uploads\/2025\/12\/RFID-Laundry-Tag-Installation-Guide-01-768x1025.png 768w, https:\/\/rfid-laundry-tag.com\/wp-content\/uploads\/2025\/12\/RFID-Laundry-Tag-Installation-Guide-01-225x300.png 225w, https:\/\/rfid-laundry-tag.com\/wp-content\/uploads\/2025\/12\/RFID-Laundry-Tag-Installation-Guide-01-9x12.png 9w, https:\/\/rfid-laundry-tag.com\/wp-content\/uploads\/2025\/12\/RFID-Laundry-Tag-Installation-Guide-01-600x801.png 600w, https:\/\/rfid-laundry-tag.com\/wp-content\/uploads\/2025\/12\/RFID-Laundry-Tag-Installation-Guide-01.png 790w\" sizes=\"(max-width: 768px) 100vw, 768px\" \/><\/a><figcaption id=\"caption-attachment-3033\" class=\"wp-caption-text\">\u00c9tiquettes de blanchisserie RFID<\/figcaption><\/figure>\n<\/div>\n<div>\n<div class=\"J_module\">\n<h2 id=\"ali-anchor-AliMagic-0o5zmv\" class=\"magic-0\" data-section=\"AliMagic-0o5zmv\" data-section-title=\"FAQ\" data-spm-anchor-id=\"a2700.details-description.0.i2.40e8juJgjuJgsa\"><strong>Questions fr\u00e9quemment pos\u00e9es<\/strong><\/h2>\n<div data-section=\"AliMagic-0o5zmv\" data-section-title=\"FAQ\" data-spm-anchor-id=\"a2700.details-description.0.i2.40e8juJgjuJgsa\"><\/div>\n<\/div>\n<div class=\"J_module\">\n<div class=\"detail-decorate-json-renderer-container\">\n<div class=\"magic-17\">\n<div class=\"magic-18\">\n<div class=\"magic-19\">\n<div class=\"magic-20\">\n<div data-spm-anchor-id=\"a2700.details-description.0.i5.40e8juJgjuJgsa\"><b class=\"magic-32\">1. Pouvez-vous nous fournir quelques \u00e9chantillons ?<\/b><\/div>\n<div data-spm-anchor-id=\"a2700.details-description.0.i5.40e8juJgjuJgsa\">Une fois que nous aurons bien cern\u00e9 vos besoins, nous pourrons vous proposer un \u00e9chantillon similaire existant. L&#039;\u00e9chantillon est gratuit, les frais de port \u00e9tant \u00e0 votre charge. Si vous souhaitez un \u00e9chantillon d&#039;\u00e9tiquette personnalis\u00e9 selon votre design et vos exigences, des frais d&#039;\u00e9chantillonnage raisonnables seront appliqu\u00e9s.<\/div>\n<div data-spm-anchor-id=\"a2700.details-description.0.i5.40e8juJgjuJgsa\"><\/div>\n<div data-spm-anchor-id=\"a2700.details-description.0.i5.40e8juJgjuJgsa\"><b class=\"magic-32\">2. Nous ne sommes pas un acheteur expert dans votre technologie, de quelles informations avez-vous besoin de notre part pour \u00e9tablir un devis ?<\/b><\/div>\n<div data-spm-anchor-id=\"a2700.details-description.0.i5.40e8juJgjuJgsa\">Cher ami, veuillez nous indiquer clairement l&#039;application pr\u00e9vue pour l&#039;\u00e9tiquette RFID et le but recherch\u00e9. Nous vous proposerons le produit adapt\u00e9 \u00e0 un prix avantageux.<\/div>\n<div data-spm-anchor-id=\"a2700.details-description.0.i5.40e8juJgjuJgsa\"><\/div>\n<div data-spm-anchor-id=\"a2700.details-description.0.i5.40e8juJgjuJgsa\"><b class=\"magic-32\">3. Nous sommes pr\u00e9occup\u00e9s car nous avons pay\u00e9, mais vous ne nous avez pas envoy\u00e9 les marchandises. .<\/b>\u00a0Nous sommes une entreprise leader dans le domaine des \u00e9tiquettes RFID, exer\u00e7ant nos activit\u00e9s sur le march\u00e9 international avec int\u00e9grit\u00e9 depuis des ann\u00e9es. Nous recevons r\u00e9guli\u00e8rement des retours positifs de nos clients du monde entier.<\/div>\n<div data-spm-anchor-id=\"a2700.details-description.0.i5.40e8juJgjuJgsa\"><\/div>\n<div data-spm-anchor-id=\"a2700.details-description.0.i5.40e8juJgjuJgsa\"><span class=\"magic-32\"><b><span class=\"magic-30\">4. Pouvons-nous visiter votre usine ?<\/span><\/b><\/span>\u00a0Oui, nous serons ravis de vous accueillir pour la visite de notre usine. C&#039;est un honneur pour nous de vous servir de guide lors de votre voyage en Chine.<\/div>\n<\/div>\n<div data-spm-anchor-id=\"a2700.details-description.0.i5.40e8juJgjuJgsa\">\n<figure id=\"attachment_3036\" aria-describedby=\"caption-attachment-3036\" style=\"width: 1024px\" class=\"wp-caption alignnone\"><a href=\"https:\/\/rfid-laundry-tag.com\/fr\/textile-rfid-laundry-tag\/\"><img decoding=\"async\" class=\"size-large wp-image-3036\" src=\"https:\/\/rfid-laundry-tag.com\/wp-content\/uploads\/2025\/12\/RFID-Laundry-Tag-Installation-Guide-03--1024x590.png\" alt=\"How to Sew RFID Laundry Tags into Linens and Garments\" width=\"1024\" height=\"590\" srcset=\"https:\/\/rfid-laundry-tag.com\/wp-content\/uploads\/2025\/12\/RFID-Laundry-Tag-Installation-Guide-03--1024x590.png 1024w, https:\/\/rfid-laundry-tag.com\/wp-content\/uploads\/2025\/12\/RFID-Laundry-Tag-Installation-Guide-03--300x173.png 300w, https:\/\/rfid-laundry-tag.com\/wp-content\/uploads\/2025\/12\/RFID-Laundry-Tag-Installation-Guide-03--768x442.png 768w, https:\/\/rfid-laundry-tag.com\/wp-content\/uploads\/2025\/12\/RFID-Laundry-Tag-Installation-Guide-03--18x10.png 18w, https:\/\/rfid-laundry-tag.com\/wp-content\/uploads\/2025\/12\/RFID-Laundry-Tag-Installation-Guide-03--600x345.png 600w, https:\/\/rfid-laundry-tag.com\/wp-content\/uploads\/2025\/12\/RFID-Laundry-Tag-Installation-Guide-03-.png 1148w\" sizes=\"(max-width: 1024px) 100vw, 1024px\" \/><\/a><figcaption id=\"caption-attachment-3036\" class=\"wp-caption-text\">Comment coudre des \u00e9tiquettes RFID pour le linge de maison et les v\u00eatements<\/figcaption><\/figure>\n<\/div>\n<\/div>\n<\/div>\n<\/div>\n<\/div>\n<\/div>\n<\/div>","protected":false},"excerpt":{"rendered":"<div class=\"elementor-element elementor-element-4f79c63 e-flex e-con-boxed e-con e-parent e-lazyloaded\" data-id=\"4f79c63\" data-element_type=\"container\" data-settings=\"{&quot;_ha_eqh_enable&quot;:false}\">\n<div class=\"e-con-inner\">\n<div class=\"elementor-element elementor-element-be3873c elementor-widget elementor-widget-woocommerce-product-short-description\" data-id=\"be3873c\" data-element_type=\"widget\" data-widget_type=\"woocommerce-product-short-description.default\">\n<div class=\"elementor-widget-container\">\n<div class=\"woocommerce-product-details__short-description\"><\/div>\n<\/div>\n<\/div>\n<\/div>\n<\/div>\n<div class=\"elementor-element elementor-element-3ad806e e-flex e-con-boxed e-con e-parent e-lazyloaded\" data-id=\"3ad806e\" data-element_type=\"container\" data-settings=\"{&quot;_ha_eqh_enable&quot;:false}\">\n<div class=\"e-con-inner\">\n<div class=\"elementor-element elementor-element-362020f elementor-widget elementor-widget-woocommerce-product-data-tabs\" data-id=\"362020f\" data-element_type=\"widget\" data-widget_type=\"woocommerce-product-data-tabs.default\">\n<div class=\"elementor-widget-container\">\n<div class=\"woocommerce-tabs wc-tabs-wrapper\">\n<h3 class=\"wp-block-heading\">\u00c9tiquette RFID pour le linge - 70 x 15 mm<\/h3>\n<p>1. Dimensions : 70 x 15 mm<br \/>\n2. Garanti pour 200 ou 300 cycles de lavage fonctionnant par st\u00e9rilisation, d\u00e9shydratation, traitement thermique sous pression de 60 bars, chauffage \u00e0 200 \u00b0C.<br \/>\n3. D\u00e9lai de livraison : 1 \u00e0 2 jours<\/p>\n<\/div>\n<\/div>\n<\/div>\n<\/div>\n<\/div>","protected":false},"featured_media":3080,"template":"","meta":{"_kad_post_transparent":"default","_kad_post_title":"","_kad_post_layout":"default","_kad_post_sidebar_id":"","_kad_post_content_style":"default","_kad_post_vertical_padding":"default","_kad_post_feature":"","_kad_post_feature_position":"","_kad_post_header":false,"_kad_post_footer":false,"_kad_post_classname":""},"product_brand":[],"product_cat":[16],"product_tag":[378,24,375,342,339,380,65,368,30,379,374,373],"class_list":{"0":"post-3079","1":"product","2":"type-product","3":"status-publish","4":"has-post-thumbnail","6":"product_cat-uhf-rfid-laundry-tags","7":"product_tag-laundry-management","8":"product_tag-laundry-rfid-tags","9":"product_tag-rfid-laundry-tag-7015mm","10":"product_tag-rfid-laundry-tags","11":"product_tag-rfid-washable-tags","12":"product_tag-smart-textile","13":"product_tag-textile-rfid-laundry-tags","14":"product_tag-textile-uhf-rfid-tags-labels","15":"product_tag-uhf-rfid-laundry-tag","16":"product_tag-uniform-management","17":"product_tag-washable-uhf-rfid-labels","18":"product_tag-washable-uhf-rfid-laundry-textile-labels","20":"first","21":"instock","22":"featured","23":"shipping-taxable","24":"product-type-simple","25":"entry","26":"content-bg","27":"loop-entry"},"_links":{"self":[{"href":"https:\/\/rfid-laundry-tag.com\/fr\/wp-json\/wp\/v2\/product\/3079","targetHints":{"allow":["GET"]}}],"collection":[{"href":"https:\/\/rfid-laundry-tag.com\/fr\/wp-json\/wp\/v2\/product"}],"about":[{"href":"https:\/\/rfid-laundry-tag.com\/fr\/wp-json\/wp\/v2\/types\/product"}],"version-history":[{"count":3,"href":"https:\/\/rfid-laundry-tag.com\/fr\/wp-json\/wp\/v2\/product\/3079\/revisions"}],"predecessor-version":[{"id":3170,"href":"https:\/\/rfid-laundry-tag.com\/fr\/wp-json\/wp\/v2\/product\/3079\/revisions\/3170"}],"wp:featuredmedia":[{"embeddable":true,"href":"https:\/\/rfid-laundry-tag.com\/fr\/wp-json\/wp\/v2\/media\/3080"}],"wp:attachment":[{"href":"https:\/\/rfid-laundry-tag.com\/fr\/wp-json\/wp\/v2\/media?parent=3079"}],"wp:term":[{"taxonomy":"product_brand","embeddable":true,"href":"https:\/\/rfid-laundry-tag.com\/fr\/wp-json\/wp\/v2\/product_brand?post=3079"},{"taxonomy":"product_cat","embeddable":true,"href":"https:\/\/rfid-laundry-tag.com\/fr\/wp-json\/wp\/v2\/product_cat?post=3079"},{"taxonomy":"product_tag","embeddable":true,"href":"https:\/\/rfid-laundry-tag.com\/fr\/wp-json\/wp\/v2\/product_tag?post=3079"}],"curies":[{"name":"wp","href":"https:\/\/api.w.org\/{rel}","templated":true}]}}