{"id":3076,"date":"2025-12-18T09:52:47","date_gmt":"2025-12-18T09:52:47","guid":{"rendered":"https:\/\/rfid-laundry-tag.com\/?post_type=product&#038;p=3076"},"modified":"2026-01-04T13:40:48","modified_gmt":"2026-01-04T13:40:48","slug":"fabric-washable-uhf-rfid-laundry-tags","status":"publish","type":"product","link":"https:\/\/rfid-laundry-tag.com\/fr\/fabric-washable-uhf-rfid-laundry-tags\/","title":{"rendered":"\u00c9tiquettes de lavage RFID UHF lavables en tissu"},"content":{"rendered":"<div class=\"auto-hide-last-sibling-br paragraph_1252f paragraph-element\">\n<h2 class=\"auto-hide-last-sibling-br paragraph_1252f paragraph-element\">\u00c9tiquettes de lavage RFID UHF lavables en tissu<\/h2>\n<p><a href=\"https:\/\/rfid-laundry-tag.com\/fr\/textile-rfid-laundry-tag\/\">\u00c9tiquettes de lavage UHF pour textiles\u00a0<\/a>Con\u00e7ues pour r\u00e9pondre aux besoins de suivi du secteur de la blanchisserie, notamment dans les h\u00f4tels et les h\u00f4pitaux, ces machines sont robustes et adapt\u00e9es \u00e0 divers proc\u00e9d\u00e9s\u00a0: lavage, s\u00e9chage, nettoyage \u00e0 sec et repassage.<\/p>\n<p>Ces \u00e9tiquettes se distinguent par leur haute sensibilit\u00e9, permettant la lecture simultan\u00e9e de plusieurs \u00e9tiquettes et un fonctionnement efficace m\u00eame en pr\u00e9sence de diff\u00e9rentes interf\u00e9rences de signaux.<\/p>\n<div data-spm-anchor-id=\"a2700.details.0.i57.23b419c7xXORP0\"><span data-spm-anchor-id=\"a2700.details.0.i75.23b419c7xXORP0\"><b>Caract\u00e9ristiques des \u00e9tiquettes de lavage RFID UHF lavables en tissu\u00a0:<\/b><br \/>\n1) Technologie UHF pour lire des centaines de tags simultan\u00e9ment.<br \/>\n2) Distance de lecture sup\u00e9rieure \u00e0 8 m~12 m.<br \/>\n3) Lavable 200 \u00e0 300 fois<\/span><\/div>\n<div data-spm-anchor-id=\"a2700.details.0.i57.23b419c7xXORP0\">\n<div class=\"entry-content-asset videofit\"><iframe title=\"\u00c9tiquettes de linge RFID UHF adh\u00e9sives chauffantes en usine, test\u00e9es \u00e0 une distance de lecture de 12 m\" src=\"https:\/\/www.youtube.com\/embed\/cOnG5fgEIs4?feature=oembed\" width=\"720\" height=\"405\" frameborder=\"0\" allowfullscreen=\"allowfullscreen\" data-mce-fragment=\"1\"><\/iframe><\/div>\n<\/div>\n<\/div>\n<div data-spm-anchor-id=\"a2700.details.0.i57.23b419c7xXORP0\"><\/div>\n<div data-spm-anchor-id=\"a2700.details.0.i57.23b419c7xXORP0\">\n<div class=\"text-content\" data-spm-anchor-id=\"a2700.details.0.i54.23b419c7xXORP0\">\n<table>\n<tbody>\n<tr>\n<td width=\"139\">Nom du produit<\/td>\n<td width=\"600\">\u00c9tiquettes de lavage RFID UHF lavables en tissu<\/td>\n<\/tr>\n<tr>\n<td width=\"139\">Mat\u00e9riel<\/td>\n<td width=\"600\">Tissu\/Tiss\u00e9 etc.<\/td>\n<\/tr>\n<tr>\n<td width=\"139\">Mod\u00e8le de puce<\/td>\n<td width=\"600\">UCODE\u00ae 9<\/td>\n<\/tr>\n<tr>\n<td width=\"139\">M\u00e9moire<\/td>\n<td width=\"600\">EPC: 96 bits<\/td>\n<\/tr>\n<tr>\n<td width=\"139\">Protocole<\/td>\n<td width=\"600\">EPC C1 G2<\/td>\n<\/tr>\n<tr>\n<td width=\"139\">Taille<\/td>\n<td width=\"600\">70 x 15 mm, 86 x 16 mm, 50 x 20 mm, 72 x 16 mm, 35 x 15 mm, etc.<\/td>\n<\/tr>\n<tr>\n<td width=\"139\">Couleur<\/td>\n<td width=\"600\">Blanc<\/td>\n<\/tr>\n<tr>\n<td width=\"139\">Horaires de travail<\/td>\n<td width=\"600\">La moyenne est de 200 fois, certains peuvent d\u00e9passer les 300 fois.<\/td>\n<\/tr>\n<tr>\n<td width=\"139\">Temp\u00e9rature de fonctionnement<\/td>\n<td width=\"600\">-25\u2103 \u00e0 +150\u2103<\/td>\n<\/tr>\n<tr>\n<td width=\"139\">Lire la distance<\/td>\n<td width=\"600\">3-10M<\/td>\n<\/tr>\n<tr>\n<td width=\"139\">Application<\/td>\n<td width=\"600\">Solutions de blanchisserie, laverie automatique, lavage industriel, gestion du linge d&#039;h\u00f4tel, gestion de supermarch\u00e9s\/magasins de v\u00eatements, etc.<\/td>\n<\/tr>\n<\/tbody>\n<\/table>\n<\/div>\n<\/div>\n<div><\/div>\n<h3 class=\"wp-block-heading\">Comment installer des \u00e9tiquettes de lavage RFID UHF lavables en tissu<\/h3>\n<p><strong>Marquage des points<\/strong>: A coudre dans l&#039;ourlet d&#039;un textile. Cousez l&#039;\u00e9tiquette de linge loin des lignes de pliage.<br \/>\n<strong>Thermoscellage<\/strong>: A thermosceller directement sur le textile \u00e0 +200\u00b0C (392\u00b0F), pendant 12~14s.<br \/>\n<strong>Dans une pochette<\/strong>: A coudre comme une \u00e9tiquette d&#039;entretien standard. Cousez l&#039;\u00e9tiquette de linge loin des lignes de pliage.<\/p>\n<p><b>Les \u00e9tiquettes RFID pour le linge peuvent \u00eatre largement utilis\u00e9es dans les domaines suivants\u00a0:<br \/>\n<\/b>1) Gestion du suivi<br \/>\n2) Usine\/entrep\u00f4t\/h\u00f4tel\/h\u00f4pital\/parc d&#039;attractions<br \/>\n3) Uniformes d&#039;h\u00f4pital\/Linge de maison\/Palettes\/Sacs en toile<br \/>\n4) Nettoyage \u00e0 sec<br \/>\n5) Utilisation : draps d&#039;h\u00f4tel \/ fixation sur textile \/ v\u00eatements de travail<br \/>\n6) Blanchisseurs<\/p>\n<h2>Que sont les puces RFID pour linge ?<\/h2>\n<p><a href=\"https:\/\/rfid-laundry-tag.com\/fr\/textile-rfid-laundry-tag\/\">puces RFID pour linge<\/a> Ces \u00e9tiquettes compactes et r\u00e9sistantes int\u00e8grent une puce d&#039;identification par radiofr\u00e9quence (RFID) et une antenne. Elles sont sp\u00e9cialement con\u00e7ues pour le suivi des textiles tels que les draps, les serviettes et les uniformes en milieu industriel. Ces puces peuvent \u00eatre thermoscell\u00e9es ou cousues sur les articles textiles, permettant ainsi une identification et un suivi automatiques tout au long de leur cycle de vie. Contrairement aux codes-barres traditionnels, les puces RFID ne n\u00e9cessitent pas de vis\u00e9e directe pour la lecture, ce qui permet un suivi efficace m\u00eame lorsque les articles sont empil\u00e9s ou emball\u00e9s.<\/p>\n<h2>Avantages de la RFID dans le secteur du blanchiment textile\u00a0:<\/h2>\n<p>Avec la croissance des secteurs du blanchissage industriel et de la location de v\u00eatements, le besoin d&#039;automatisation et d&#039;une gestion pr\u00e9cise des stocks s&#039;accro\u00eet. Actuellement, moins de 11\u00a0000 tonnes du secteur mondial du blanchissage utilisent la technologie RFID, mais ceux qui l&#039;ont adopt\u00e9e constatent des avantages significatifs. La RFID est consid\u00e9r\u00e9e comme essentielle \u00e0 la modernisation technologique du secteur, et son d\u00e9ploiement devrait s&#039;intensifier dans les prochaines ann\u00e9es. La baisse des co\u00fbts et l&#039;am\u00e9lioration de la qualit\u00e9 des dispositifs RFID et des \u00e9tiquettes textiles constituent un atout concurrentiel qui favorise l&#039;innovation.<\/p>\n<ol>\n<li><strong>Classification simplifi\u00e9e des v\u00eatements\u00a0:<\/strong>\u00a0Les \u00e9tiquettes RFID appos\u00e9es sur les v\u00eatements permettent un tri automatis\u00e9 lors du lavage et du traitement, r\u00e9duisant ainsi le besoin de main-d&#039;\u0153uvre manuelle et am\u00e9liorant l&#039;efficacit\u00e9.<\/li>\n<li><strong>Enregistrements pr\u00e9cis des cycles de lavage\u00a0:<\/strong>\u00a0Le suivi des cycles de lavage permet de pr\u00e9voir la dur\u00e9e de vie des v\u00eatements. Le syst\u00e8me alerte les utilisateurs lorsque les articles arrivent en fin de vie, facilitant ainsi le r\u00e9approvisionnement et la gestion des stocks.<\/li>\n<li><strong>Visibilit\u00e9 rapide des stocks\u00a0:<\/strong>\u00a0Les \u00e9tiquettes RFID permettent des contr\u00f4les d&#039;inventaire rapides, contribuant \u00e0 pr\u00e9venir les pertes ou les vols et \u00e0 garantir l&#039;efficacit\u00e9 op\u00e9rationnelle.<\/li>\n<li><strong>Minimiser les pertes et les vols\u00a0:<\/strong>\u00a0Chaque \u00e9tiquette RFID poss\u00e8de un identifiant unique, permettant un suivi pr\u00e9cis des objets perdus ou vol\u00e9s, ce qui peut contribuer \u00e0 recouvrer les co\u00fbts.<\/li>\n<\/ol>\n<h2>Comment fonctionnent les puces RFID pour le linge dans les blanchisseries industrielles\u00a0:<\/h2>\n<ul>\n<li><strong>\u00c9tiquetage et enregistrement\u00a0:<\/strong>\u00a0Chaque article est dot\u00e9 d&#039;une puce RFID reli\u00e9e \u00e0 une base de donn\u00e9es contenant ses informations.<\/li>\n<li><strong>Suivi automatis\u00e9\u00a0:<\/strong>\u00a0Des lecteurs RFID plac\u00e9s \u00e0 des points cl\u00e9s du processus de blanchisserie capturent des donn\u00e9es en temps r\u00e9el \u00e0 mesure que les articles passent par la collecte, le lavage et la distribution.<\/li>\n<li><strong>Tri et traitement :<\/strong>\u00a0Le syst\u00e8me automatise le tri par type ou par client, r\u00e9duisant ainsi les co\u00fbts de main-d&#039;\u0153uvre.<\/li>\n<li><strong>Gestion des stocks :<\/strong>\u00a0La mise \u00e0 jour continue des donn\u00e9es permet de mieux comprendre les niveaux de stock et les habitudes d&#039;utilisation, garantissant ainsi la disponibilit\u00e9 des produits et \u00e9vitant le surstockage.<\/li>\n<\/ul>\n<p>Dans l&#039;ensemble, <a href=\"https:\/\/rfid-laundry-tag.com\/fr\/rfid-chips-for-uniform-and-linen\/\">puces RFID pour linge<\/a> Optimiser les op\u00e9rations de blanchisserie industrielle gr\u00e2ce \u00e0 un suivi am\u00e9lior\u00e9, une efficacit\u00e9 accrue et une pr\u00e9vention des pertes renforc\u00e9e.<\/p>","protected":false},"excerpt":{"rendered":"<div class=\"elementor-element elementor-element-4f79c63 e-flex e-con-boxed e-con e-parent e-lazyloaded\" data-id=\"4f79c63\" data-element_type=\"container\" data-settings=\"{&quot;_ha_eqh_enable&quot;:false}\">\n<div class=\"e-con-inner\">\n<div class=\"elementor-element elementor-element-be3873c elementor-widget elementor-widget-woocommerce-product-short-description\" data-id=\"be3873c\" data-element_type=\"widget\" data-widget_type=\"woocommerce-product-short-description.default\">\n<div class=\"elementor-widget-container\">\n<div class=\"woocommerce-product-details__short-description\"><\/div>\n<\/div>\n<\/div>\n<\/div>\n<\/div>\n<div class=\"elementor-element elementor-element-3ad806e e-flex e-con-boxed e-con e-parent e-lazyloaded\" data-id=\"3ad806e\" data-element_type=\"container\" data-settings=\"{&quot;_ha_eqh_enable&quot;:false}\">\n<div class=\"e-con-inner\">\n<div class=\"elementor-element elementor-element-362020f elementor-widget elementor-widget-woocommerce-product-data-tabs\" data-id=\"362020f\" data-element_type=\"widget\" data-widget_type=\"woocommerce-product-data-tabs.default\">\n<div class=\"elementor-widget-container\">\n<div class=\"woocommerce-tabs wc-tabs-wrapper\"><strong>\u00c9tiquettes de lavage RFID UHF lavables en tissu<\/strong> Pour les h\u00f4tels et les h\u00f4pitaux, lavable 200 \u00e0 300 fois, lecture simultan\u00e9e de centaines d&#039;\u00e9tiquettes \u00e0 une distance de 8 \u00e0 12 m, id\u00e9al pour un suivi efficace.<\/div>\n<\/div>\n<\/div>\n<\/div>\n<\/div>","protected":false},"featured_media":3077,"template":"","meta":{"_kad_post_transparent":"default","_kad_post_title":"","_kad_post_layout":"default","_kad_post_sidebar_id":"","_kad_post_content_style":"default","_kad_post_vertical_padding":"default","_kad_post_feature":"","_kad_post_feature_position":"","_kad_post_header":false,"_kad_post_footer":false,"_kad_post_classname":""},"product_brand":[],"product_cat":[19],"product_tag":[381,378,24,342,339,380,65,368,30,379,374,373],"class_list":{"0":"post-3076","1":"product","2":"type-product","3":"status-publish","4":"has-post-thumbnail","6":"product_cat-textile-rfid-laundry-tag","7":"product_tag-industrial-iot","8":"product_tag-laundry-management","9":"product_tag-laundry-rfid-tags","10":"product_tag-rfid-laundry-tags","11":"product_tag-rfid-washable-tags","12":"product_tag-smart-textile","13":"product_tag-textile-rfid-laundry-tags","14":"product_tag-textile-uhf-rfid-tags-labels","15":"product_tag-uhf-rfid-laundry-tag","16":"product_tag-uniform-management","17":"product_tag-washable-uhf-rfid-labels","18":"product_tag-washable-uhf-rfid-laundry-textile-labels","20":"first","21":"instock","22":"featured","23":"shipping-taxable","24":"product-type-simple","25":"entry","26":"content-bg","27":"loop-entry"},"_links":{"self":[{"href":"https:\/\/rfid-laundry-tag.com\/fr\/wp-json\/wp\/v2\/product\/3076","targetHints":{"allow":["GET"]}}],"collection":[{"href":"https:\/\/rfid-laundry-tag.com\/fr\/wp-json\/wp\/v2\/product"}],"about":[{"href":"https:\/\/rfid-laundry-tag.com\/fr\/wp-json\/wp\/v2\/types\/product"}],"version-history":[{"count":3,"href":"https:\/\/rfid-laundry-tag.com\/fr\/wp-json\/wp\/v2\/product\/3076\/revisions"}],"predecessor-version":[{"id":3172,"href":"https:\/\/rfid-laundry-tag.com\/fr\/wp-json\/wp\/v2\/product\/3076\/revisions\/3172"}],"wp:featuredmedia":[{"embeddable":true,"href":"https:\/\/rfid-laundry-tag.com\/fr\/wp-json\/wp\/v2\/media\/3077"}],"wp:attachment":[{"href":"https:\/\/rfid-laundry-tag.com\/fr\/wp-json\/wp\/v2\/media?parent=3076"}],"wp:term":[{"taxonomy":"product_brand","embeddable":true,"href":"https:\/\/rfid-laundry-tag.com\/fr\/wp-json\/wp\/v2\/product_brand?post=3076"},{"taxonomy":"product_cat","embeddable":true,"href":"https:\/\/rfid-laundry-tag.com\/fr\/wp-json\/wp\/v2\/product_cat?post=3076"},{"taxonomy":"product_tag","embeddable":true,"href":"https:\/\/rfid-laundry-tag.com\/fr\/wp-json\/wp\/v2\/product_tag?post=3076"}],"curies":[{"name":"wp","href":"https:\/\/api.w.org\/{rel}","templated":true}]}}