{"id":3074,"date":"2025-12-18T09:36:02","date_gmt":"2025-12-18T09:36:02","guid":{"rendered":"https:\/\/rfid-laundry-tag.com\/?post_type=product&#038;p=3074"},"modified":"2025-12-18T09:36:03","modified_gmt":"2025-12-18T09:36:03","slug":"washable-uhf-rfid-laundry-textile-labels","status":"publish","type":"product","link":"https:\/\/rfid-laundry-tag.com\/fr\/washable-uhf-rfid-laundry-textile-labels\/","title":{"rendered":"\u00c9tiquettes textiles lavables UHF RFID pour le lavage"},"content":{"rendered":"<div class=\"auto-hide-last-sibling-br paragraph_1252f paragraph-element\">\n<h2 class=\"auto-hide-last-sibling-br paragraph_1252f paragraph-element\">\u00c9tiquettes textiles lavables UHF RFID pour le lavage<\/h2>\n<div><\/div>\n<div data-spm-anchor-id=\"a2700.details.0.i57.23b419c7xXORP0\"><span data-spm-anchor-id=\"a2700.details.0.i75.23b419c7xXORP0\"><b>Fonctionnalit\u00e9:<\/b><br \/>\n1) Technologie UHF pour lire des centaines de tags simultan\u00e9ment.<br \/>\n2) Distance de lecture sup\u00e9rieure \u00e0 8 m~12 m.<br \/>\n3) Nouvelle conception m\u00e9canique pour des performances am\u00e9lior\u00e9es pour le linge plat.<br \/>\n4) Convient aux extracteurs haute pression jusqu&#039;\u00e0 60 bars.<br \/>\n5) Convient pour la st\u00e9rilisation en autoclave.<br \/>\n6) Mat\u00e9riau petit, doux et flexible, id\u00e9al pour les textiles, le linge de maison, les v\u00eatements et les accessoires.<\/span><\/div>\n<div data-spm-anchor-id=\"a2700.details.0.i57.23b419c7xXORP0\">\n<div class=\"entry-content-asset videofit\"><iframe title=\"\u00c9tiquettes de linge RFID UHF adh\u00e9sives chauffantes en usine, test\u00e9es \u00e0 une distance de lecture de 12 m\" src=\"https:\/\/www.youtube.com\/embed\/cOnG5fgEIs4?feature=oembed\" width=\"720\" height=\"405\" frameborder=\"0\" allowfullscreen=\"allowfullscreen\" data-mce-fragment=\"1\"><\/iframe><\/div>\n<\/div>\n<\/div>\n<div data-spm-anchor-id=\"a2700.details.0.i57.23b419c7xXORP0\"><\/div>\n<div data-spm-anchor-id=\"a2700.details.0.i57.23b419c7xXORP0\">\n<div class=\"text-content\" data-spm-anchor-id=\"a2700.details.0.i54.23b419c7xXORP0\">\n<table>\n<tbody>\n<tr>\n<td width=\"139\">Nom du produit<\/td>\n<td width=\"600\">\u00c9tiquettes textiles lavables UHF RFID pour le lavage<\/td>\n<\/tr>\n<tr>\n<td width=\"139\">Mat\u00e9riel<\/td>\n<td width=\"600\">Tissu\/Tiss\u00e9 etc.<\/td>\n<\/tr>\n<tr>\n<td width=\"139\">Mod\u00e8le de puce<\/td>\n<td width=\"600\">UCODE\u00ae 9<\/td>\n<\/tr>\n<tr>\n<td width=\"139\">M\u00e9moire<\/td>\n<td width=\"600\">EPC: 96 bits<\/td>\n<\/tr>\n<tr>\n<td width=\"139\">Protocole<\/td>\n<td width=\"600\">EPC C1 G2<\/td>\n<\/tr>\n<tr>\n<td width=\"139\">Taille<\/td>\n<td width=\"600\">70 x 15 mm, 86 x 16 mm, 50 x 20 mm, 72 x 16 mm, 35 x 15 mm, etc.<\/td>\n<\/tr>\n<tr>\n<td width=\"139\">Couleur<\/td>\n<td width=\"600\">Blanc<\/td>\n<\/tr>\n<tr>\n<td width=\"139\">Horaires de travail<\/td>\n<td width=\"600\">La moyenne est de 200 fois, certains peuvent d\u00e9passer les 300 fois.<\/td>\n<\/tr>\n<tr>\n<td width=\"139\">Temp\u00e9rature de fonctionnement<\/td>\n<td width=\"600\">-25\u2103 \u00e0 +150\u2103<\/td>\n<\/tr>\n<tr>\n<td width=\"139\">Lire la distance<\/td>\n<td width=\"600\">3-10M<\/td>\n<\/tr>\n<tr>\n<td width=\"139\">Application<\/td>\n<td width=\"600\">Solutions de blanchisserie, laverie automatique, lavage industriel, gestion du linge d&#039;h\u00f4tel, gestion de supermarch\u00e9s\/magasins de v\u00eatements, etc.<\/td>\n<\/tr>\n<\/tbody>\n<\/table>\n<\/div>\n<\/div>\n<div><\/div>\n<div>\n<p>&nbsp;<\/p>\n<h3>Que sont les \u00e9tiquettes textiles lavables RFID UHF pour le lavage\u00a0?<\/h3>\n<p>Les \u00e9tiquettes RFID lavables sont un type sp\u00e9cialis\u00e9 de\u00a0<strong>\u00c9tiquette RFID<\/strong>\u00a0Con\u00e7ues sp\u00e9cifiquement pour les applications de blanchisserie. Ces \u00e9tiquettes utilisent\u00a0<strong>technologie RFID haute performance<\/strong>\u00a0Pour permettre un suivi et une gestion pr\u00e9cis des articles textiles tout au long de leur cycle de vie, les \u00e9tiquettes RFID lavables, fabriqu\u00e9es \u00e0 partir de mat\u00e9riaux durables, r\u00e9sistent aux contraintes du lavage industriel, notamment aux hautes temp\u00e9ratures et aux cycles de lavage r\u00e9p\u00e9t\u00e9s.<\/p>\n<\/div>\n<h3 class=\"wp-block-heading\">Comment installer<\/h3>\n<p><strong>Marquage des points<\/strong>: A coudre dans l&#039;ourlet d&#039;un textile. Cousez l&#039;\u00e9tiquette de linge loin des lignes de pliage.<br \/>\n<strong>Thermoscellage<\/strong>: A thermosceller directement sur le textile \u00e0 +200\u00b0C (392\u00b0F), pendant 12~14s.<br \/>\n<strong>Dans une pochette<\/strong>: A coudre comme une \u00e9tiquette d&#039;entretien standard. Cousez l&#039;\u00e9tiquette de linge loin des lignes de pliage.<\/p>\n<h2>Foire aux questions (FAQ) \u2013 \u00c9tiquettes textiles lavables RFID UHF pour le lavage<\/h2>\n<p>1. Comment les \u00e9tiquettes textiles lavables RFID UHF am\u00e9liorent-elles la gestion des stocks ?<br \/>\nLes \u00e9tiquettes textiles lavables RFID UHF permettent un suivi pr\u00e9cis des v\u00eatements et automatisent la gestion des stocks. Gr\u00e2ce aux puces UCODE\u00ae 9, les entreprises peuvent suivre instantan\u00e9ment la localisation et l&#039;\u00e9tat de chaque v\u00eatement, ce qui am\u00e9liore l&#039;efficacit\u00e9 op\u00e9rationnelle et r\u00e9duit les erreurs manuelles.<\/p>\n<p>2. Quelle est la durabilit\u00e9 des \u00e9tiquettes textiles lavables RFID UHF pour le linge\u00a0?<br \/>\nNos \u00e9tiquettes RFID lavables sont con\u00e7ues pour r\u00e9sister \u00e0 200 cycles de lavage, et dans certains cas, \u00e0 plus de 300. Cette durabilit\u00e9 garantit leur fonctionnalit\u00e9 tout au long de la dur\u00e9e de vie du v\u00eatement, r\u00e9duisant ainsi les co\u00fbts de remplacement.<\/p>\n<p>3. Quel est l&#039;avantage de la technologie RFID longue port\u00e9e UHF\u00a0?<br \/>\nGr\u00e2ce aux \u00e9tiquettes RFID UHF longue port\u00e9e, le suivi des v\u00eatements est possible sur de plus grandes distances, ce qui acc\u00e9l\u00e8re les d\u00e9lais de traitement dans les environnements \u00e0 haut volume comme les blanchisseries industrielles. Cette technologie renforce l&#039;automatisation, am\u00e9liorant ainsi la qualit\u00e9 de service et la productivit\u00e9 op\u00e9rationnelle.<\/p>\n<p>4. Comment l&#039;\u00e9tiquetage RFID permet-il de r\u00e9soudre les probl\u00e8mes courants du secteur de la blanchisserie\u00a0?<br \/>\nLes \u00e9tiquettes RFID r\u00e9duisent les erreurs de suivi manuel, garantissent une gestion pr\u00e9cise des actifs et am\u00e9liorent la durabilit\u00e9 des v\u00eatements. En automatisant le suivi, les entreprises peuvent gagner du temps, r\u00e9duire les pertes et accro\u00eetre leur rentabilit\u00e9.<\/p>\n<p>5. Pourquoi choisir vos \u00e9tiquettes RFID plut\u00f4t que d&#039;autres ?<br \/>\nFigurant parmi les 5 premiers fabricants d&#039;\u00e9tiquettes RFID avec plus de 15 ans d&#039;exp\u00e9rience, nous proposons des solutions durables et de haute qualit\u00e9, adapt\u00e9es \u00e0 la gestion \u00e0 grande \u00e9chelle de l&#039;industrie textile, garantissant des op\u00e9rations rentables et efficaces.<\/p>","protected":false},"excerpt":{"rendered":"<div class=\"elementor-element elementor-element-4f79c63 e-flex e-con-boxed e-con e-parent e-lazyloaded\" data-id=\"4f79c63\" data-element_type=\"container\" data-settings=\"{&quot;_ha_eqh_enable&quot;:false}\">\n<div class=\"e-con-inner\">\n<div class=\"elementor-element elementor-element-be3873c elementor-widget elementor-widget-woocommerce-product-short-description\" data-id=\"be3873c\" data-element_type=\"widget\" data-widget_type=\"woocommerce-product-short-description.default\">\n<div class=\"elementor-widget-container\">\n<div class=\"woocommerce-product-details__short-description\">\n<p><strong>\u00c9tiquettes textiles lavables UHF RFID pour le lavage<\/strong>, Ces \u00e9tiquettes, souvent appel\u00e9es \u00e9tiquettes RFID pour le linge, sont fabriqu\u00e9es avec un rev\u00eatement ext\u00e9rieur en caoutchouc souple et r\u00e9sistant. Con\u00e7ues pour \u00eatre flexibles et robustes, elles r\u00e9sistent \u00e0 200 cycles de lavage et \u00e0 une pression allant jusqu&#039;\u00e0 60 bars.<\/p>\n<\/div>\n<\/div>\n<\/div>\n<\/div>\n<\/div>\n<div class=\"elementor-element elementor-element-3ad806e e-flex e-con-boxed e-con e-parent e-lazyloaded\" data-id=\"3ad806e\" data-element_type=\"container\" data-settings=\"{&quot;_ha_eqh_enable&quot;:false}\">\n<div class=\"e-con-inner\">\n<div class=\"elementor-element elementor-element-362020f elementor-widget elementor-widget-woocommerce-product-data-tabs\" data-id=\"362020f\" data-element_type=\"widget\" data-widget_type=\"woocommerce-product-data-tabs.default\">\n<div class=\"elementor-widget-container\">\n<div class=\"woocommerce-tabs wc-tabs-wrapper\"><\/div>\n<\/div>\n<\/div>\n<\/div>\n<\/div>","protected":false},"featured_media":2870,"template":"","meta":{"_kad_post_transparent":"default","_kad_post_title":"","_kad_post_layout":"default","_kad_post_sidebar_id":"","_kad_post_content_style":"default","_kad_post_vertical_padding":"default","_kad_post_feature":"","_kad_post_feature_position":"","_kad_post_header":false,"_kad_post_footer":false,"_kad_post_classname":""},"product_brand":[],"product_cat":[19],"product_tag":[24,342,339,65,368,30,374,373],"class_list":{"0":"post-3074","1":"product","2":"type-product","3":"status-publish","4":"has-post-thumbnail","6":"product_cat-textile-rfid-laundry-tag","7":"product_tag-laundry-rfid-tags","8":"product_tag-rfid-laundry-tags","9":"product_tag-rfid-washable-tags","10":"product_tag-textile-rfid-laundry-tags","11":"product_tag-textile-uhf-rfid-tags-labels","12":"product_tag-uhf-rfid-laundry-tag","13":"product_tag-washable-uhf-rfid-labels","14":"product_tag-washable-uhf-rfid-laundry-textile-labels","16":"first","17":"instock","18":"featured","19":"shipping-taxable","20":"product-type-simple","21":"entry","22":"content-bg","23":"loop-entry"},"_links":{"self":[{"href":"https:\/\/rfid-laundry-tag.com\/fr\/wp-json\/wp\/v2\/product\/3074","targetHints":{"allow":["GET"]}}],"collection":[{"href":"https:\/\/rfid-laundry-tag.com\/fr\/wp-json\/wp\/v2\/product"}],"about":[{"href":"https:\/\/rfid-laundry-tag.com\/fr\/wp-json\/wp\/v2\/types\/product"}],"version-history":[{"count":1,"href":"https:\/\/rfid-laundry-tag.com\/fr\/wp-json\/wp\/v2\/product\/3074\/revisions"}],"predecessor-version":[{"id":3075,"href":"https:\/\/rfid-laundry-tag.com\/fr\/wp-json\/wp\/v2\/product\/3074\/revisions\/3075"}],"wp:featuredmedia":[{"embeddable":true,"href":"https:\/\/rfid-laundry-tag.com\/fr\/wp-json\/wp\/v2\/media\/2870"}],"wp:attachment":[{"href":"https:\/\/rfid-laundry-tag.com\/fr\/wp-json\/wp\/v2\/media?parent=3074"}],"wp:term":[{"taxonomy":"product_brand","embeddable":true,"href":"https:\/\/rfid-laundry-tag.com\/fr\/wp-json\/wp\/v2\/product_brand?post=3074"},{"taxonomy":"product_cat","embeddable":true,"href":"https:\/\/rfid-laundry-tag.com\/fr\/wp-json\/wp\/v2\/product_cat?post=3074"},{"taxonomy":"product_tag","embeddable":true,"href":"https:\/\/rfid-laundry-tag.com\/fr\/wp-json\/wp\/v2\/product_tag?post=3074"}],"curies":[{"name":"wp","href":"https:\/\/api.w.org\/{rel}","templated":true}]}}