{"id":304,"date":"2024-06-26T16:50:11","date_gmt":"2024-06-26T16:50:11","guid":{"rendered":"https:\/\/rfid-laundry-tag.com\/?post_type=product&#038;p=304"},"modified":"2024-06-26T17:00:07","modified_gmt":"2024-06-26T17:00:07","slug":"on-duty-ntag215-nfc-patrol-tag","status":"publish","type":"product","link":"https:\/\/rfid-laundry-tag.com\/fr\/on-duty-ntag215-nfc-patrol-tag\/","title":{"rendered":"\u00c9tiquette de patrouille NFC Ntag215 en service"},"content":{"rendered":"<p><strong>\u00c9tiquette de patrouille NFC Ntag215 en service <\/strong><\/p>\n<p>Les puces NTAG215 ont \u00e9t\u00e9 d\u00e9velopp\u00e9es par NXP Semiconductors comme puces NFC standard \u00e0 utiliser dans des applications grand public telles que la vente au d\u00e9tail, les jeux et l&#039;\u00e9lectronique grand public, en combinaison avec des appareils NFC ou des dispositifs de couplage de proximit\u00e9 compatibles NFC. Les puces NTAG215 (d\u00e9sormais appel\u00e9es g\u00e9n\u00e9ralement NTAG21x) sont con\u00e7ues pour \u00eatre enti\u00e8rement conformes aux sp\u00e9cifications NFC Forum Type 2 Tag et ISO\/IEC14443 Type A. La m\u00e9moire est de 504 octets.<\/p>\n<table class=\"hight-light-first-column all magic-11\">\n<tbody>\n<tr>\n<td colspan=\"1\" rowspan=\"1\">\n<div class=\"magic-12\" data-spm-anchor-id=\"a2700.details.0.i57.12287cd6Tl6d8d\">Taille<\/div>\n<\/td>\n<td colspan=\"4\" rowspan=\"1\">\n<div class=\"magic-13\">Diam\u00e8tre 25 mm<\/div>\n<\/td>\n<\/tr>\n<tr>\n<td colspan=\"1\" rowspan=\"1\">\n<div class=\"magic-12\">Couleur<\/div>\n<\/td>\n<td colspan=\"4\" rowspan=\"1\">\n<div class=\"magic-16\">Noir, blanc, jaune, rouge ou personnalis\u00e9<\/div>\n<\/td>\n<\/tr>\n<tr>\n<td colspan=\"1\" rowspan=\"1\">\n<div class=\"magic-12\">\u00c9br\u00e9cher<\/div>\n<\/td>\n<td colspan=\"4\" rowspan=\"1\">\n<div class=\"magic-13\">NTAG215<\/div>\n<\/td>\n<\/tr>\n<tr>\n<td colspan=\"1\" rowspan=\"1\">\n<div class=\"magic-12\">Fr\u00e9quence<\/div>\n<\/td>\n<td colspan=\"4\" rowspan=\"1\">\n<div class=\"magic-13\">13,56 MHz<\/div>\n<\/td>\n<\/tr>\n<tr>\n<td colspan=\"1\" rowspan=\"1\">\n<div class=\"magic-12\">Protocole<\/div>\n<\/td>\n<td colspan=\"4\" rowspan=\"1\">\n<div class=\"magic-13\">ISO14443A, NFC Forum Type 2<\/div>\n<\/td>\n<\/tr>\n<tr>\n<td colspan=\"1\" rowspan=\"1\">\n<div class=\"magic-12\">Mat\u00e9riel<\/div>\n<\/td>\n<td colspan=\"4\" rowspan=\"1\">\n<div class=\"magic-13\">ABS<\/div>\n<\/td>\n<\/tr>\n<tr>\n<td colspan=\"1\" rowspan=\"1\">\n<div class=\"magic-12\">Temp\u00e9rature de fonctionnement<\/div>\n<\/td>\n<td colspan=\"4\" rowspan=\"1\">\n<div class=\"magic-13\">-20 \u00e0 85 degr\u00e9s C<\/div>\n<\/td>\n<\/tr>\n<tr>\n<td colspan=\"1\" rowspan=\"1\">\n<div class=\"magic-12\">Application<\/div>\n<\/td>\n<td colspan=\"4\" rowspan=\"1\">\n<div class=\"magic-16\">Cha\u00eene de blanchisserie, produits chimiques agressifs, dispositif de paiement, utilisation en ext\u00e9rieur, produits chimiques, industriels, logistique, patrouille de s\u00e9curit\u00e9, adh\u00e9sion, conteneurs d&#039;exp\u00e9dition, palettes, etc.<\/div>\n<\/td>\n<\/tr>\n<tr>\n<td colspan=\"1\" rowspan=\"1\">\n<div class=\"magic-12\">Indice d&#039;\u00e9tanch\u00e9it\u00e9<\/div>\n<\/td>\n<td colspan=\"4\" rowspan=\"1\">\n<div class=\"magic-16\">IP67<\/div>\n<\/td>\n<\/tr>\n<tr>\n<td colspan=\"1\" rowspan=\"1\">\n<div class=\"magic-12\">Plage de lecture<\/div>\n<\/td>\n<td colspan=\"4\" rowspan=\"1\">\n<div class=\"magic-16\">5-10 cm, selon le lecteur<\/div>\n<\/td>\n<\/tr>\n<tr>\n<td colspan=\"1\" rowspan=\"1\">\n<div class=\"magic-12\">Artisanat<\/div>\n<\/td>\n<td colspan=\"4\" rowspan=\"1\">\n<div class=\"magic-16\">Num\u00e9ro de s\u00e9rie grav\u00e9 au laser, code-barres, etc.<\/div>\n<\/td>\n<\/tr>\n<tr>\n<td colspan=\"1\" rowspan=\"1\">\n<div class=\"magic-12\">Montage<\/div>\n<\/td>\n<td colspan=\"4\" rowspan=\"1\">\n<div class=\"magic-16\">Par adh\u00e9sif ou par vis, ou par rivets<\/div>\n<\/td>\n<\/tr>\n<\/tbody>\n<\/table>\n<p>&nbsp;<\/p>\n<h2>Application de la balise de patrouille NFC Ntag215 en service<\/h2>\n<p>Ce document d\u00e9crit une application potentielle de l&#039;\u00e9tiquette NFC Ntag215 dans un contexte de patrouille.<\/p>\n<p><strong>Sc\u00e9nario:<\/strong><\/p>\n<p>Un agent de s\u00e9curit\u00e9 ou un patrouilleur doit effectuer des contr\u00f4les \u00e0 des endroits pr\u00e9cis tout au long de son service. L&#039;objectif est d&#039;automatiser le processus d&#039;enregistrement de ces contr\u00f4les, de fournir des donn\u00e9es de localisation en temps r\u00e9el et de d\u00e9clencher potentiellement des actions suppl\u00e9mentaires.<\/p>\n<p><strong>Application:<\/strong><\/p>\n<ol>\n<li><strong>Balises de patrouille NFC\u00a0:<\/strong>\n<ul>\n<li>Les \u00e9tiquettes NFC Ntag215 sont fix\u00e9es \u00e0 des emplacements strat\u00e9giques autour de l&#039;itin\u00e9raire de patrouille (par exemple, entr\u00e9es de b\u00e2timents, points de contr\u00f4le de s\u00e9curit\u00e9, zones d\u00e9sign\u00e9es).<\/li>\n<li>\u00c0 chaque balise est attribu\u00e9 un identifiant unique et potentiellement un identifiant de localisation.<\/li>\n<\/ul>\n<\/li>\n<li><strong>Application mobile :<\/strong>\n<ul>\n<li>Le personnel de s\u00e9curit\u00e9 utilise un smartphone ou une tablette avec une application d\u00e9di\u00e9e.<\/li>\n<li>L&#039;application se connecte au tag NFC via un simple tapotement ou une d\u00e9tection de proximit\u00e9.<\/li>\n<li>Au contact d&#039;un tag, l&#039;application :\n<ul>\n<li>Enregistre l&#039;heure et la date de l&#039;enregistrement.<\/li>\n<li>Enregistre l&#039;ID de la balise et potentiellement son emplacement.<\/li>\n<li>Met \u00e0 jour automatiquement le statut et l&#039;emplacement de l&#039;agent de patrouille sur un tableau de bord central.<\/li>\n<\/ul>\n<\/li>\n<\/ul>\n<\/li>\n<li><strong>Tableau de bord central :<\/strong>\n<ul>\n<li>Une plateforme Web ou bas\u00e9e sur le cloud affiche des informations en temps r\u00e9el sur les agents de patrouille.<\/li>\n<li>Il visualise leur emplacement, leurs heures d&#039;enregistrement et toutes les alertes.<\/li>\n<li>Ce tableau de bord peut \u00e9galement \u00eatre utilis\u00e9 pour\u00a0:\n<ul>\n<li>D\u00e9clenchez des notifications pour les enregistrements tardifs ou les arr\u00eats manqu\u00e9s.<\/li>\n<li>Surveiller l\u2019activit\u00e9 pour la gestion des performances.<\/li>\n<li>G\u00e9n\u00e9rer automatiquement des rapports et des journaux.<\/li>\n<\/ul>\n<\/li>\n<\/ul>\n<\/li>\n<\/ol>\n<p><strong>Avantages:<\/strong><\/p>\n<ul>\n<li><strong>Enregistrement automatique :<\/strong>\u00a0\u00c9limine les entr\u00e9es de journal manuelles et les erreurs potentielles.<\/li>\n<li><strong>Suivi de localisation en temps r\u00e9el :<\/strong>\u00a0Fournit une connaissance imm\u00e9diate des positions des agents de patrouille.<\/li>\n<li><strong>Responsabilit\u00e9 am\u00e9lior\u00e9e :<\/strong>\u00a0Offre une piste d\u2019audit fiable des activit\u00e9s de patrouille.<\/li>\n<li><strong>S\u00e9curit\u00e9 renforc\u00e9e :<\/strong>\u00a0Permet une r\u00e9ponse rapide aux incidents et aux alertes.<\/li>\n<li><strong>Informations bas\u00e9es sur les donn\u00e9es :<\/strong>\u00a0Prend en charge l&#039;analyse des performances et l&#039;optimisation des itin\u00e9raires de patrouille.<\/li>\n<\/ul>\n<p><strong>D\u00e9tails de mise en \u0153uvre :<\/strong><\/p>\n<ul>\n<li><strong>Programmation des balises\u00a0:<\/strong>\u00a0Les tags Ntag215 sont facilement programmables \u00e0 l&#039;aide d&#039;outils NFC et peuvent stocker des informations telles que des identifiants de localisation, des codes d&#039;acc\u00e8s ou des alertes.<\/li>\n<li><strong>D\u00e9veloppement d&#039;applications mobiles :<\/strong>\u00a0L&#039;application doit exploiter la fonctionnalit\u00e9 NFC de l&#039;appareil, permettant une communication s\u00e9curis\u00e9e avec les tags.<\/li>\n<li><strong>Int\u00e9gration du tableau de bord\u00a0:<\/strong>\u00a0Les donn\u00e9es collect\u00e9es \u00e0 partir des balises peuvent \u00eatre int\u00e9gr\u00e9es \u00e0 une plateforme bas\u00e9e sur le cloud ou \u00e0 des syst\u00e8mes de s\u00e9curit\u00e9 existants.<\/li>\n<li><strong>Cryptage des donn\u00e9es :<\/strong>\u00a0Les donn\u00e9es sensibles peuvent \u00eatre crypt\u00e9es pour des raisons de s\u00e9curit\u00e9 et de confidentialit\u00e9.<\/li>\n<\/ul>\n<p><strong>Consid\u00e9rations :<\/strong><\/p>\n<ul>\n<li><strong>Durabilit\u00e9 de l&#039;\u00e9tiquette :<\/strong>\u00a0Les \u00e9tiquettes Ntag215 r\u00e9sistent aux facteurs environnementaux mais doivent \u00eatre install\u00e9es de mani\u00e8re appropri\u00e9e pour une utilisation \u00e0 long terme.<\/li>\n<li><strong>Connectivit\u00e9 r\u00e9seau :<\/strong>\u00a0Une connectivit\u00e9 Internet ou r\u00e9seau fiable est n\u00e9cessaire pour la transmission des donn\u00e9es et l&#039;acc\u00e8s au tableau de bord.<\/li>\n<li><strong>Confidentialit\u00e9 et s\u00e9curit\u00e9 :<\/strong>\u00a0Mettre en \u0153uvre des mesures de s\u00e9curit\u00e9 et des protocoles de confidentialit\u00e9 des donn\u00e9es appropri\u00e9s.<\/li>\n<li><strong>Analyse des co\u00fbts :<\/strong>\u00a0Tenez compte des co\u00fbts des balises, du d\u00e9veloppement d\u2019applications et de l\u2019infrastructure cloud potentielle.<\/li>\n<\/ul>\n<p>&nbsp;<\/p>\n<p>&nbsp;<\/p>","protected":false},"excerpt":{"rendered":"<p>L&#039;\u00e9tiquette NFC Ntag215 constitue un outil pr\u00e9cieux pour am\u00e9liorer l&#039;efficacit\u00e9 et la s\u00e9curit\u00e9 des patrouilles. Cette application peut rationaliser les processus de patrouille, am\u00e9liorer la responsabilisation et fournir des informations pr\u00e9cieuses sur les donn\u00e9es pour une meilleure prise de d\u00e9cision.<\/p>","protected":false},"featured_media":305,"template":"","meta":{"_kad_post_transparent":"default","_kad_post_title":"","_kad_post_layout":"default","_kad_post_sidebar_id":"","_kad_post_content_style":"default","_kad_post_vertical_padding":"default","_kad_post_feature":"","_kad_post_feature_position":"","_kad_post_header":false,"_kad_post_footer":false,"_kad_post_classname":""},"product_brand":[],"product_cat":[54],"product_tag":[118,124],"class_list":{"0":"post-304","1":"product","2":"type-product","3":"status-publish","4":"has-post-thumbnail","6":"product_cat-hot-selling-rfid-tags","7":"product_tag-anti-metal-nfc-patrol-tag","8":"product_tag-on-duty-ntag215-nfc-patrol-tag","10":"first","11":"instock","12":"shipping-taxable","13":"product-type-simple","14":"entry","15":"content-bg","16":"loop-entry"},"_links":{"self":[{"href":"https:\/\/rfid-laundry-tag.com\/fr\/wp-json\/wp\/v2\/product\/304","targetHints":{"allow":["GET"]}}],"collection":[{"href":"https:\/\/rfid-laundry-tag.com\/fr\/wp-json\/wp\/v2\/product"}],"about":[{"href":"https:\/\/rfid-laundry-tag.com\/fr\/wp-json\/wp\/v2\/types\/product"}],"version-history":[{"count":0,"href":"https:\/\/rfid-laundry-tag.com\/fr\/wp-json\/wp\/v2\/product\/304\/revisions"}],"wp:featuredmedia":[{"embeddable":true,"href":"https:\/\/rfid-laundry-tag.com\/fr\/wp-json\/wp\/v2\/media\/305"}],"wp:attachment":[{"href":"https:\/\/rfid-laundry-tag.com\/fr\/wp-json\/wp\/v2\/media?parent=304"}],"wp:term":[{"taxonomy":"product_brand","embeddable":true,"href":"https:\/\/rfid-laundry-tag.com\/fr\/wp-json\/wp\/v2\/product_brand?post=304"},{"taxonomy":"product_cat","embeddable":true,"href":"https:\/\/rfid-laundry-tag.com\/fr\/wp-json\/wp\/v2\/product_cat?post=304"},{"taxonomy":"product_tag","embeddable":true,"href":"https:\/\/rfid-laundry-tag.com\/fr\/wp-json\/wp\/v2\/product_tag?post=304"}],"curies":[{"name":"wp","href":"https:\/\/api.w.org\/{rel}","templated":true}]}}