{"id":3020,"date":"2025-12-02T09:39:21","date_gmt":"2025-12-02T09:39:21","guid":{"rendered":"https:\/\/rfid-laundry-tag.com\/?post_type=product&#038;p=3020"},"modified":"2025-12-02T09:41:12","modified_gmt":"2025-12-02T09:41:12","slug":"uhf-rfid-chips","status":"publish","type":"product","link":"https:\/\/rfid-laundry-tag.com\/fr\/uhf-rfid-chips\/","title":{"rendered":"Puces RFID UHF"},"content":{"rendered":"<div>\n<div class=\"auto-hide-last-sibling-br paragraph_1252f paragraph-element\">\n<h2>Puces RFID UHF pour le suivi des uniformes, v\u00eatements et linge<\/h2>\n<p><strong>Puces RFID UHF pour le suivi des uniformes, v\u00eatements et linge<\/strong>\u00a0Nous proposons aux entreprises une solution performante pour la gestion de leurs textiles, garantissant pr\u00e9cision et r\u00e9duction des pertes. Cet article explore en d\u00e9tail les avantages de son utilisation. <a href=\"https:\/\/rfid-laundry-tag.com\/fr\/uhf-rfid-laundry-tags\/\">\u00c9tiquettes de blanchisserie RFID<\/a>, leur fonctionnement et pourquoi ils constituent un investissement judicieux pour toute blanchisserie.<\/p>\n<table width=\"637\">\n<tbody>\n<tr>\n<td width=\"328\">Nom de l&#039;article:<\/td>\n<td width=\"309\">Puces RFID UHF pour uniformes et v\u00eatements<\/td>\n<\/tr>\n<tr>\n<td width=\"328\">Norme RFID\u00a0:<\/td>\n<td width=\"309\">ISO\/CEI 18000-6 Type C (EPC Gen2)<\/td>\n<\/tr>\n<tr>\n<td width=\"328\">Taille poids:<\/td>\n<td width=\"309\">70 \u00d7 15 mm, 0,6 g<\/td>\n<\/tr>\n<tr>\n<td width=\"328\">Type de puce\u00a0:<\/td>\n<td width=\"309\">Impinj Monza 4QT, NXP U CODE 8, NXP U CODE 9<\/td>\n<\/tr>\n<tr>\n<td width=\"328\">M\u00e9moire CPE\u00a0:<\/td>\n<td width=\"309\">128 bits<\/td>\n<\/tr>\n<tr>\n<td width=\"328\">M\u00e9moire utilisateur\u00a0:<\/td>\n<td width=\"309\">512 bits<\/td>\n<\/tr>\n<tr>\n<td width=\"328\">Plage de lecture (2 W ERP FCC)\u00a0:<\/td>\n<td width=\"309\">8m<\/td>\n<\/tr>\n<tr>\n<td width=\"328\">Plage de lecture (ERP ETSI 2 W)\u00a0:<\/td>\n<td width=\"309\">8m<\/td>\n<\/tr>\n<tr>\n<td width=\"328\">Marquage\u00a0:<\/td>\n<td width=\"309\">Couture, adh\u00e9sif de marquage \u00e0 chaud<\/td>\n<\/tr>\n<tr>\n<td width=\"328\">Dur\u00e9e de vie estim\u00e9e\u00a0:<\/td>\n<td width=\"309\">200 cycles de lavage ou 3 ans, selon la premi\u00e8re \u00e9ventualit\u00e9<\/td>\n<\/tr>\n<tr>\n<td width=\"328\">M\u00e9thode de lavage\u00a0:<\/td>\n<td width=\"309\">Blanchisserie, Nettoyage \u00e0 sec<\/td>\n<\/tr>\n<tr>\n<td width=\"328\">Pression d&#039;extraction d&#039;eau\u00a0:<\/td>\n<td width=\"309\">60 barres<\/td>\n<\/tr>\n<tr>\n<td width=\"328\">R\u00e9sistance \u00e0 l&#039;eau:<\/td>\n<td width=\"309\">R\u00e9sistant \u00e0 l&#039;eau<\/td>\n<\/tr>\n<tr>\n<td width=\"328\">R\u00e9sistance chimique:<\/td>\n<td width=\"309\">D\u00e9tergent, adoucissant, agent de blanchiment (oxyg\u00e8ne\/chlore), alcalin<\/td>\n<\/tr>\n<tr>\n<td width=\"328\">Pr\u00e9-s\u00e9chage au Tumbler :<\/td>\n<td width=\"309\">125 \u00baC pendant 15-20 minutes<\/td>\n<\/tr>\n<tr>\n<td width=\"328\">Temp\u00e9rature de st\u00e9rilisation\u00a0:<\/td>\n<td width=\"309\">135\u00b0C pendant 15-20 minutes<\/td>\n<\/tr>\n<tr>\n<td width=\"328\">Temp\u00e9rature de lavage\u00a0:<\/td>\n<td width=\"309\">90\u00b0C, jusqu&#039;\u00e0 15min.<\/td>\n<\/tr>\n<tr>\n<td width=\"328\">Humidit\u00e9\/temp\u00e9rature de fonctionnement\u00a0:<\/td>\n<td width=\"309\">-20 \u00e0 110\u00b0C, 8 \u00e0 95%RH<\/td>\n<\/tr>\n<tr>\n<td width=\"328\">Humidit\u00e9\/temp\u00e9rature-stockage\u00a0:<\/td>\n<td width=\"309\">-40 \u00e0 110\u00b0C, 8 \u00e0 95%RH<\/td>\n<\/tr>\n<\/tbody>\n<\/table>\n<\/div>\n<div class=\"auto-hide-last-sibling-br paragraph_1252f paragraph-element\"><\/div>\n<\/div>\n<div data-spm-anchor-id=\"a2700.details.0.i57.23b419c7xXORP0\">\n<div class=\"auto-hide-last-sibling-br paragraph_1252f paragraph-element\"><a href=\"https:\/\/www.rfidtaglaundry.com\/uhf-rfid-laundry-tags\/\" target=\"_blank\" rel=\"noopener\">Puces RFID UHF<\/a>\u00a0Les solutions de suivi pour uniformes, v\u00eatements et linge sont des \u00e9tiquettes RFID \u00e0 usage sp\u00e9cifique cr\u00e9\u00e9es sp\u00e9cialement pour les textiles qui subissent des proc\u00e9dures de lavage industriel rigoureuses, y compris la st\u00e9rilisation et le repassage.<\/div>\n<\/div>\n<div><\/div>\n<div>\n<div class=\"entry-content-asset videofit\"><iframe title=\"Pourquoi utiliser la RFID dans le secteur du blanchiment textile\u00a0?\" src=\"https:\/\/www.youtube.com\/embed\/X_P3EuhS_hE?feature=oembed\" width=\"720\" height=\"405\" frameborder=\"0\" allowfullscreen=\"allowfullscreen\" data-mce-fragment=\"1\"><\/iframe><\/div>\n<\/div>\n<h3 class=\"wp-block-heading\">Installation de puces RFID UHF sur les uniformes<\/h3>\n<p><strong>Marquage des points<\/strong>: A coudre dans l&#039;ourlet d&#039;un textile. Cousez l&#039;\u00e9tiquette de linge loin des lignes de pliage.<br \/>\n<strong>Thermoscellage<\/strong>: A thermosceller directement sur le textile \u00e0 +200\u00b0C (392\u00b0F), pendant 12~14s.<br \/>\n<strong>Dans une pochette<\/strong>: A coudre comme une \u00e9tiquette d&#039;entretien standard. Cousez l&#039;\u00e9tiquette de linge loin des lignes de pliage.<\/p>\n<div class=\"auto-hide-last-sibling-br paragraph_1252f paragraph-element\">\n<p><span data-spm-anchor-id=\"a2700.details.0.i52.7e74253fSAfL7T\">Comment\u00a0<\/span><b><strong>FORT<\/strong><\/b>\u00a0ils sont ?<\/p>\n<p><b><strong>\u2460<\/strong><\/b>.Les puces RFID peuvent-elles \u00eatre endommag\u00e9es par les hautes temp\u00e9ratures\u00a0?<b><strong>\u2714 Nos \u00e9tiquettes RFID pour le linge textile sont con\u00e7ues pour \u00eatre utilis\u00e9es \u00e0 200 \u00b0C.<\/strong><\/b>.<\/p>\n<p><b><strong>\u2461<\/strong><\/b>Combien de fois pouvons-nous laver les \u00e9tiquettes attach\u00e9es aux produits textiles des uniformes\u00a0?\u00a0<b><strong>\u2013 \u2714Notre \u00e9tiquette textile RFID peut \u00eatre lav\u00e9e plus de 200 fois, garantie 2 ans apr\u00e8s l&#039;exp\u00e9dition.<\/strong><\/b><\/p>\n<p><b><strong>\u2462<\/strong><\/b>Allons-nous d\u00e9penser des uniformes prestigieux en produits textiles, continuer \u00e0 travailler en cas d&#039;\u00e9crasement des copeaux ?\u00a0<b><strong>\u2013 \u2714Nous avons con\u00e7u notre \u00e9tiquette \u00e0 linge textile pour r\u00e9sister \u00e0 60 bars de pression lors du processus de pressage de vos produits textiles.<\/strong><\/b><\/p>\n<p><b><strong>\u2463<\/strong><\/b>O\u00f9 placez-vous les \u00e9tiquettes RFID pour le linge textile sur les textiles des uniformes\u00a0?\u00a0<b><strong>\u2013 \u2714Les \u00e9tiquettes RFID pour le linge textile sont install\u00e9es en fonction de la disponibilit\u00e9 des uniformes.<\/strong><\/b><\/p>\n<h2 class=\"AnswerParser_AnswerParserH2__SIHnF\">Qu&#039;est-ce que le suivi du linge RFID ?<\/h2>\n<p><span class=\"AnswerParser_TextContainer__z_Iiv\" data-testid=\"youchat-text\">Le suivi du linge RFID (Radio Frequency Identification) est une technologie qui utilise\u00a0<strong>\u00c9tiquettes RFID<\/strong>\u00a0attach\u00e9es aux textiles pour surveiller et g\u00e9rer les articles de lessive tout au long de leur cycle de vie. Ces \u00e9tiquettes, souvent appel\u00e9es\u00a0<strong>\u00c9tiquettes de blanchisserie RFID<\/strong>, utilisent des ondes radio pour transmettre des donn\u00e9es aux lecteurs RFID, permettant un suivi en temps r\u00e9el et une gestion des stocks.<\/span><span class=\"AnswerParser_TextContainer__z_Iiv\" data-testid=\"youchat-text\">Cette technologie am\u00e9liore les op\u00e9rations de blanchisserie en automatisant le processus de suivi, garantissant que les v\u00eatements et le linge sont comptabilis\u00e9s \u00e0 chaque \u00e9tape, du lavage \u00e0 la livraison. En mettant en \u0153uvre un syst\u00e8me de suivi du linge RFID, les entreprises peuvent r\u00e9duire consid\u00e9rablement les erreurs humaines et am\u00e9liorer l&#039;efficacit\u00e9 globale.<\/span><\/p>\n<h2 class=\"AnswerParser_AnswerParserH2__SIHnF\">Avantages des \u00e9tiquettes de blanchisserie RFID<\/h2>\n<h3 class=\"AnswerParser_AnswerParserH3__Mpe4s\">Gestion am\u00e9lior\u00e9e des stocks<\/h3>\n<p><span class=\"AnswerParser_TextContainer__z_Iiv\" data-testid=\"youchat-text\">Les \u00e9tiquettes RFID pour le linge facilitent la gestion pr\u00e9cise des stocks en fournissant des donn\u00e9es instantan\u00e9es sur l&#039;emplacement et le statut de chaque v\u00eatement ou article de linge. Cette capacit\u00e9 permet aux blanchisseries de suivre efficacement les articles, garantissant que tous les uniformes et le linge sont disponibles en cas de besoin, am\u00e9liorant ainsi le flux op\u00e9rationnel.<\/span><\/p>\n<h3 class=\"AnswerParser_AnswerParserH3__Mpe4s\">R\u00e9duction des pertes et des vols<\/h3>\n<p><span class=\"AnswerParser_TextContainer__z_Iiv\" data-testid=\"youchat-text\">L\u2019un des principaux avantages de l\u2019utilisation d\u2019\u00e9tiquettes RFID dans les op\u00e9rations de blanchisserie est la r\u00e9duction des pertes et des vols. Chaque article \u00e9tiquet\u00e9 peut \u00eatre facilement identifi\u00e9 et suivi, ce qui rend presque impossible la disparition d\u2019articles. Les entreprises peuvent surveiller leur inventaire en temps r\u00e9el, en s\u2019assurant que tout est pris en compte.<\/span><\/p>\n<h3 class=\"AnswerParser_AnswerParserH3__Mpe4s\">Efficacit\u00e9 op\u00e9rationnelle am\u00e9lior\u00e9e<\/h3>\n<p><span class=\"AnswerParser_TextContainer__z_Iiv\" data-testid=\"youchat-text\">Gr\u00e2ce \u00e0 la technologie RFID, les op\u00e9rations de blanchisserie peuvent automatiser divers processus, ce qui accro\u00eet l&#039;efficacit\u00e9. Des t\u00e2ches telles que le tri, le suivi et la gestion du linge peuvent \u00eatre rationalis\u00e9es, ce qui permet au personnel de se concentrer sur des fonctions plus critiques. Cette technologie peut \u00e9galement r\u00e9duire consid\u00e9rablement le temps consacr\u00e9 aux contr\u00f4les manuels des stocks.<\/span><\/p>\n<h2 class=\"AnswerParser_AnswerParserH2__SIHnF\">Comment fonctionnent les \u00e9tiquettes RFID\u00a0?<\/h2>\n<h3 class=\"AnswerParser_AnswerParserH3__Mpe4s\">Les composants du syst\u00e8me RFID<\/h3>\n<p><span class=\"AnswerParser_TextContainer__z_Iiv\" data-testid=\"youchat-text\">Un syst\u00e8me RFID comprend trois composants principaux :\u00a0<strong>\u00c9tiquettes RFID<\/strong>,\u00a0<strong>Lecteurs RFID<\/strong>, et\u00a0<strong>logiciel<\/strong>\u00a0pour la gestion des donn\u00e9es. Les \u00e9tiquettes RFID sont fix\u00e9es aux v\u00eatements et au linge, tandis que les lecteurs scannent et collectent les donn\u00e9es de ces \u00e9tiquettes. Les donn\u00e9es collect\u00e9es sont ensuite trait\u00e9es par un logiciel de gestion pour le suivi et la cr\u00e9ation de rapports d&#039;inventaire.<\/span><\/p>\n<h3 class=\"AnswerParser_AnswerParserH3__Mpe4s\">Transmission de donn\u00e9es<\/h3>\n<p><span class=\"AnswerParser_TextContainer__z_Iiv\" data-testid=\"youchat-text\">Lorsqu&#039;une \u00e9tiquette RFID passe \u00e0 port\u00e9e d&#039;un lecteur RFID, ce dernier \u00e9met des ondes radio qui alimentent l&#039;\u00e9tiquette, l&#039;incitant \u00e0 transmettre son num\u00e9ro d&#039;identification unique. Ces informations sont envoy\u00e9es au logiciel, qui enregistre la position et l&#039;\u00e9tat de l&#039;objet, permettant ainsi un suivi en temps r\u00e9el.<\/span><\/p>\n<h3 class=\"AnswerParser_AnswerParserH3__Mpe4s\">Compatibilit\u00e9 avec les op\u00e9rations de blanchisserie<\/h3>\n<p><span class=\"AnswerParser_TextContainer__z_Iiv\" data-testid=\"youchat-text\">Les \u00e9tiquettes RFID con\u00e7ues pour les applications de blanchisserie sont durables et lavables, ce qui garantit qu&#039;elles peuvent r\u00e9sister aux cycles de lavage \u00e0 haute temp\u00e9rature sans perdre leur fonctionnalit\u00e9. Elles fonctionnent efficacement m\u00eame dans des environnements de blanchisserie difficiles, ce qui les rend id\u00e9ales pour les op\u00e9rations de blanchisserie industrielle.<\/span><\/p>\n<h2 class=\"AnswerParser_AnswerParserH2__SIHnF\">Principales caract\u00e9ristiques des \u00e9tiquettes de blanchisserie RFID<\/h2>\n<h3 class=\"AnswerParser_AnswerParserH3__Mpe4s\">Lavable et durable<\/h3>\n<p><span class=\"AnswerParser_TextContainer__z_Iiv\" data-testid=\"youchat-text\">Les \u00e9tiquettes de blanchisserie RFID sont con\u00e7ues pour \u00eatre\u00a0<strong>lavable<\/strong>, leur permettant de supporter plusieurs cycles de lavage sans d\u00e9gradation. Ils sont fabriqu\u00e9s \u00e0 partir de mat\u00e9riaux durables qui peuvent r\u00e9sister \u00e0 des temp\u00e9ratures \u00e9lev\u00e9es et \u00e0 des d\u00e9tergents agressifs, garantissant des performances durables.<\/span><\/p>\n<h3 class=\"AnswerParser_AnswerParserH3__Mpe4s\">Technologie UHF<\/h3>\n<p><span class=\"AnswerParser_TextContainer__z_Iiv\" data-testid=\"youchat-text\">La plupart des \u00e9tiquettes de blanchisserie RFID utilisent\u00a0<strong>UHF (Ultra Haute Fr\u00e9quence)<\/strong>\u00a0technologie qui permet une port\u00e9e de lecture de plusieurs m\u00e8tres. Cette capacit\u00e9 am\u00e9liore l&#039;efficacit\u00e9 du suivi, permettant de scanner plusieurs articles simultan\u00e9ment et sans ligne de vue directe.<\/span><\/p>\n<h3 class=\"AnswerParser_AnswerParserH3__Mpe4s\">Options de personnalisation<\/h3>\n<p><span class=\"AnswerParser_TextContainer__z_Iiv\" data-testid=\"youchat-text\">Les \u00e9tiquettes RFID pour le linge peuvent \u00eatre personnalis\u00e9es dans diff\u00e9rentes formes, tailles et capacit\u00e9s de m\u00e9moire pour r\u00e9pondre \u00e0 des besoins op\u00e9rationnels sp\u00e9cifiques. Cette flexibilit\u00e9 permet aux entreprises de choisir les \u00e9tiquettes qui correspondent le mieux \u00e0 leurs besoins en mati\u00e8re de gestion des v\u00eatements ou du linge.<\/span><\/p>\n<h2 class=\"AnswerParser_AnswerParserH2__SIHnF\">Comprendre la technologie RFID UHF<\/h2>\n<h3 class=\"AnswerParser_AnswerParserH3__Mpe4s\">Qu&#039;est-ce que la RFID UHF ?<\/h3>\n<p><span class=\"AnswerParser_TextContainer__z_Iiv\" data-testid=\"youchat-text\"><strong>RFID UHF<\/strong>\u00a0fonctionne dans la gamme de fr\u00e9quences de 300 MHz \u00e0 3 GHz, offrant plusieurs avantages par rapport aux autres fr\u00e9quences, notamment des port\u00e9es de lecture plus longues et des taux de transmission de donn\u00e9es plus rapides. Cette technologie est particuli\u00e8rement avantageuse pour les applications de blanchisserie, o\u00f9 le suivi simultan\u00e9 de plusieurs articles est essentiel.<\/span><\/p>\n<h3 class=\"AnswerParser_AnswerParserH3__Mpe4s\">Avantages de la RFID UHF dans la gestion du linge<\/h3>\n<p><span class=\"AnswerParser_TextContainer__z_Iiv\" data-testid=\"youchat-text\">La technologie RFID UHF offre des capacit\u00e9s de suivi am\u00e9lior\u00e9es, permettant une gestion efficace des stocks importants. Sa capacit\u00e9 \u00e0 transmettre des donn\u00e9es sur de plus longues distances signifie que les laveries peuvent am\u00e9liorer leur flux de travail en minimisant le besoin de num\u00e9risation manuelle.<\/span><\/p>\n<h2 class=\"AnswerParser_AnswerParserH2__SIHnF\">Impact environnemental des \u00e9tiquettes RFID pour le linge<\/h2>\n<h3 class=\"AnswerParser_AnswerParserH3__Mpe4s\">Consid\u00e9rations sur la durabilit\u00e9<\/h3>\n<p><span class=\"AnswerParser_TextContainer__z_Iiv\" data-testid=\"youchat-text\">La mise en \u0153uvre de la technologie RFID dans les op\u00e9rations de blanchisserie peut contribuer aux efforts de d\u00e9veloppement durable. En r\u00e9duisant les pertes de textiles et en optimisant les processus de blanchisserie, les entreprises peuvent minimiser les d\u00e9chets et am\u00e9liorer l&#039;efficacit\u00e9 des ressources.<\/span><\/p>\n<h2 class=\"AnswerParser_AnswerParserH2__SIHnF\">Avis et t\u00e9moignages de clients<\/h2>\n<h3 class=\"AnswerParser_AnswerParserH3__Mpe4s\">Exp\u00e9riences du monde r\u00e9el<\/h3>\n<p><span class=\"AnswerParser_TextContainer__z_Iiv\" data-testid=\"youchat-text\">De nombreuses laveries ont constat\u00e9 des am\u00e9liorations significatives en termes d&#039;efficacit\u00e9 et de pr\u00e9cision des stocks apr\u00e8s l&#039;installation d&#039;\u00e9tiquettes RFID pour le linge. Les clients appr\u00e9cient la r\u00e9duction du nombre d&#039;articles perdus et la facilit\u00e9 de suivi de leurs uniformes et de leur linge.<\/span><\/p>\n<blockquote><p><span class=\"AnswerParser_TextContainer__z_Iiv\" data-testid=\"youchat-text\">\u201c Depuis que nous avons adopt\u00e9 le suivi du linge par RFID, notre efficacit\u00e9 op\u00e9rationnelle a explos\u00e9 ! Nous pouvons d\u00e9sormais suivre notre linge en temps r\u00e9el, ce qui a consid\u00e9rablement r\u00e9duit nos pertes. \u201d\u00a0<em>Jane D., Responsable de la blanchisserie<\/em><\/span><\/p><\/blockquote>\n<h3 class=\"AnswerParser_AnswerParserH3__Mpe4s\">Commentaires positifs<\/h3>\n<p><span class=\"AnswerParser_TextContainer__z_Iiv\" data-testid=\"youchat-text\">Les retours des utilisateurs soulignent l&#039;efficacit\u00e9 et la fiabilit\u00e9 des \u00e9tiquettes RFID pour blanchisserie, ce qui en fait un choix privil\u00e9gi\u00e9 parmi les services de blanchisserie. Les clients appr\u00e9cient les \u00e9conomies \u00e0 long terme associ\u00e9es \u00e0 la r\u00e9duction des pertes de stock et \u00e0 une meilleure gestion.<\/span><\/p>\n<h2 class=\"AnswerParser_AnswerParserH2__SIHnF\">Questions fr\u00e9quemment pos\u00e9es<\/h2>\n<h3 class=\"AnswerParser_AnswerParserH3__Mpe4s\">Combien de temps durent les \u00e9tiquettes de blanchisserie RFID ?<\/h3>\n<p><span class=\"AnswerParser_TextContainer__z_Iiv\" data-testid=\"youchat-text\">Les \u00e9tiquettes de blanchisserie RFID sont con\u00e7ues pour r\u00e9sister jusqu&#039;\u00e0\u00a0<strong>200 cycles de lavage<\/strong>, en fonction de l&#039;\u00e9tiquette sp\u00e9cifique et des conditions de lavage. Leur durabilit\u00e9 garantit qu&#039;ils restent fonctionnels tout au long de leur cycle de vie.<\/span><\/p>\n<h3 class=\"AnswerParser_AnswerParserH3__Mpe4s\">Les \u00e9tiquettes de blanchisserie RFID peuvent-elles \u00eatre personnalis\u00e9es ?<\/h3>\n<p><span class=\"AnswerParser_TextContainer__z_Iiv\" data-testid=\"youchat-text\">Oui, les \u00e9tiquettes de blanchisserie RFID peuvent \u00eatre personnalis\u00e9es dans diff\u00e9rentes formes et capacit\u00e9s de m\u00e9moire pour r\u00e9pondre aux besoins sp\u00e9cifiques de vos op\u00e9rations de blanchisserie.<\/span><\/p>\n<h3 class=\"AnswerParser_AnswerParserH3__Mpe4s\">Quelle est la port\u00e9e de lecture des \u00e9tiquettes RFID UHF ?<\/h3>\n<p><span class=\"AnswerParser_TextContainer__z_Iiv\" data-testid=\"youchat-text\">Les \u00e9tiquettes RFID UHF ont g\u00e9n\u00e9ralement une port\u00e9e de lecture allant jusqu&#039;\u00e0\u00a0<strong>6 \u00e0 12 m\u00e8tres<\/strong>, permettant un suivi efficace de plusieurs \u00e9l\u00e9ments simultan\u00e9ment.<\/span><\/p>\n<h2 class=\"AnswerParser_AnswerParserH2__SIHnF\">Conclusion<\/h2>\n<p><span class=\"AnswerParser_TextContainer__z_Iiv\" data-testid=\"youchat-text\">Les puces RFID UHF pour le suivi des uniformes, v\u00eatements et linge repr\u00e9sentent une avanc\u00e9e majeure dans la gestion du linge. En investissant dans des \u00e9tiquettes RFID pour le linge, les entreprises peuvent am\u00e9liorer leur efficacit\u00e9 op\u00e9rationnelle, r\u00e9duire les pertes et optimiser la gestion de leurs stocks.<\/span><\/p>\n<\/div>","protected":false},"excerpt":{"rendered":"<div class=\"elementor-element elementor-element-4f79c63 e-flex e-con-boxed e-con e-parent e-lazyloaded\" data-id=\"4f79c63\" data-element_type=\"container\" data-settings=\"{&quot;_ha_eqh_enable&quot;:false}\">\n<div class=\"e-con-inner\">\n<div class=\"elementor-element elementor-element-be3873c elementor-widget elementor-widget-woocommerce-product-short-description\" data-id=\"be3873c\" data-element_type=\"widget\" data-widget_type=\"woocommerce-product-short-description.default\">\n<div class=\"elementor-widget-container\">\n<div class=\"woocommerce-product-details__short-description\">\n<p><strong>Puces RFID UHF pour uniformes<\/strong>\u00a0Le suivi du linge r\u00e9volutionne la gestion des blanchisseries. Nous figurons parmi les 5 premiers fabricants d&#039;\u00e9tiquettes RFID UHF pour le linge.<\/p>\n<\/div>\n<\/div>\n<\/div>\n<\/div>\n<\/div>\n<div class=\"elementor-element elementor-element-3ad806e e-flex e-con-boxed e-con e-parent e-lazyloaded\" data-id=\"3ad806e\" data-element_type=\"container\" data-settings=\"{&quot;_ha_eqh_enable&quot;:false}\">\n<div class=\"e-con-inner\">\n<div class=\"elementor-element elementor-element-362020f elementor-widget elementor-widget-woocommerce-product-data-tabs\" data-id=\"362020f\" data-element_type=\"widget\" data-widget_type=\"woocommerce-product-data-tabs.default\">\n<div class=\"elementor-widget-container\">\n<div class=\"woocommerce-tabs wc-tabs-wrapper\"><\/div>\n<\/div>\n<\/div>\n<\/div>\n<\/div>","protected":false},"featured_media":2963,"template":"","meta":{"_kad_post_transparent":"default","_kad_post_title":"","_kad_post_layout":"default","_kad_post_sidebar_id":"","_kad_post_content_style":"default","_kad_post_vertical_padding":"default","_kad_post_feature":"","_kad_post_feature_position":"","_kad_post_header":false,"_kad_post_footer":false,"_kad_post_classname":""},"product_brand":[],"product_cat":[19],"product_tag":[24,342,339,65,368,372,30],"class_list":{"0":"post-3020","1":"product","2":"type-product","3":"status-publish","4":"has-post-thumbnail","6":"product_cat-textile-rfid-laundry-tag","7":"product_tag-laundry-rfid-tags","8":"product_tag-rfid-laundry-tags","9":"product_tag-rfid-washable-tags","10":"product_tag-textile-rfid-laundry-tags","11":"product_tag-textile-uhf-rfid-tags-labels","12":"product_tag-uhf-rfid-chips","13":"product_tag-uhf-rfid-laundry-tag","15":"first","16":"instock","17":"featured","18":"shipping-taxable","19":"product-type-simple","20":"entry","21":"content-bg","22":"loop-entry"},"_links":{"self":[{"href":"https:\/\/rfid-laundry-tag.com\/fr\/wp-json\/wp\/v2\/product\/3020","targetHints":{"allow":["GET"]}}],"collection":[{"href":"https:\/\/rfid-laundry-tag.com\/fr\/wp-json\/wp\/v2\/product"}],"about":[{"href":"https:\/\/rfid-laundry-tag.com\/fr\/wp-json\/wp\/v2\/types\/product"}],"version-history":[{"count":1,"href":"https:\/\/rfid-laundry-tag.com\/fr\/wp-json\/wp\/v2\/product\/3020\/revisions"}],"predecessor-version":[{"id":3021,"href":"https:\/\/rfid-laundry-tag.com\/fr\/wp-json\/wp\/v2\/product\/3020\/revisions\/3021"}],"wp:featuredmedia":[{"embeddable":true,"href":"https:\/\/rfid-laundry-tag.com\/fr\/wp-json\/wp\/v2\/media\/2963"}],"wp:attachment":[{"href":"https:\/\/rfid-laundry-tag.com\/fr\/wp-json\/wp\/v2\/media?parent=3020"}],"wp:term":[{"taxonomy":"product_brand","embeddable":true,"href":"https:\/\/rfid-laundry-tag.com\/fr\/wp-json\/wp\/v2\/product_brand?post=3020"},{"taxonomy":"product_cat","embeddable":true,"href":"https:\/\/rfid-laundry-tag.com\/fr\/wp-json\/wp\/v2\/product_cat?post=3020"},{"taxonomy":"product_tag","embeddable":true,"href":"https:\/\/rfid-laundry-tag.com\/fr\/wp-json\/wp\/v2\/product_tag?post=3020"}],"curies":[{"name":"wp","href":"https:\/\/api.w.org\/{rel}","templated":true}]}}