{"id":302,"date":"2024-06-26T16:45:35","date_gmt":"2024-06-26T16:45:35","guid":{"rendered":"https:\/\/rfid-laundry-tag.com\/?post_type=product&#038;p=302"},"modified":"2024-06-26T16:49:46","modified_gmt":"2024-06-26T16:49:46","slug":"on-duty-ntag213-nfc-patrol-tag","status":"publish","type":"product","link":"https:\/\/rfid-laundry-tag.com\/fr\/on-duty-ntag213-nfc-patrol-tag\/","title":{"rendered":"\u00c9tiquette de patrouille NFC Ntag213 en service"},"content":{"rendered":"<p><strong>\u00c9tiquette de patrouille NFC Ntag213 en service<\/strong><\/p>\n<p>Les NTAG213, NTAG215 et NTAG216 ont \u00e9t\u00e9 d\u00e9velopp\u00e9s par NXP Semiconductors comme circuits int\u00e9gr\u00e9s d&#039;\u00e9tiquettes NFC standard destin\u00e9s \u00e0 \u00eatre utilis\u00e9s dans des applications grand public telles que la vente au d\u00e9tail, les jeux et l&#039;\u00e9lectronique grand public, en combinaison avec des appareils NFC ou des dispositifs de couplage de proximit\u00e9 compatibles NFC. Les NTAG213, NTAG215 et NTAG216 (ci-apr\u00e8s, g\u00e9n\u00e9ralement appel\u00e9s NTAG21x) sont con\u00e7us pour \u00eatre enti\u00e8rement conformes aux sp\u00e9cifications NFC Forum Type 2 Tag et ISO\/IEC14443 Type A.<\/p>\n<table class=\"hight-light-first-column all magic-11\">\n<tbody>\n<tr>\n<td colspan=\"1\" rowspan=\"1\">\n<div class=\"magic-12\" data-spm-anchor-id=\"a2700.details.0.i57.12287cd6Tl6d8d\">Taille<\/div>\n<\/td>\n<td colspan=\"4\" rowspan=\"1\">\n<div class=\"magic-13\">Diam\u00e8tre 25 mm<\/div>\n<\/td>\n<\/tr>\n<tr>\n<td colspan=\"1\" rowspan=\"1\">\n<div class=\"magic-12\">Couleur<\/div>\n<\/td>\n<td colspan=\"4\" rowspan=\"1\">\n<div class=\"magic-16\">Noir, blanc, jaune, rouge ou personnalis\u00e9<\/div>\n<\/td>\n<\/tr>\n<tr>\n<td colspan=\"1\" rowspan=\"1\">\n<div class=\"magic-12\">\u00c9br\u00e9cher<\/div>\n<\/td>\n<td colspan=\"4\" rowspan=\"1\">\n<div class=\"magic-13\">NTAG213, NTAG215, NTAG216<\/div>\n<\/td>\n<\/tr>\n<tr>\n<td colspan=\"1\" rowspan=\"1\">\n<div class=\"magic-12\">Fr\u00e9quence<\/div>\n<\/td>\n<td colspan=\"4\" rowspan=\"1\">\n<div class=\"magic-13\">13,56 MHz<\/div>\n<\/td>\n<\/tr>\n<tr>\n<td colspan=\"1\" rowspan=\"1\">\n<div class=\"magic-12\">Protocole<\/div>\n<\/td>\n<td colspan=\"4\" rowspan=\"1\">\n<div class=\"magic-13\">ISO14443A, NFC Forum Type 2<\/div>\n<\/td>\n<\/tr>\n<tr>\n<td colspan=\"1\" rowspan=\"1\">\n<div class=\"magic-12\">Mat\u00e9riel<\/div>\n<\/td>\n<td colspan=\"4\" rowspan=\"1\">\n<div class=\"magic-13\">ABS<\/div>\n<\/td>\n<\/tr>\n<tr>\n<td colspan=\"1\" rowspan=\"1\">\n<div class=\"magic-12\">Temp\u00e9rature de fonctionnement<\/div>\n<\/td>\n<td colspan=\"4\" rowspan=\"1\">\n<div class=\"magic-13\">-20 \u00e0 85 degr\u00e9s C<\/div>\n<\/td>\n<\/tr>\n<tr>\n<td colspan=\"1\" rowspan=\"1\">\n<div class=\"magic-12\">Application<\/div>\n<\/td>\n<td colspan=\"4\" rowspan=\"1\">\n<div class=\"magic-16\">Cha\u00eene de blanchisserie, produits chimiques agressifs, dispositif de paiement, utilisation en ext\u00e9rieur, produits chimiques, industriels, logistique, patrouille de s\u00e9curit\u00e9, adh\u00e9sion, conteneurs d&#039;exp\u00e9dition, palettes, etc.<\/div>\n<\/td>\n<\/tr>\n<tr>\n<td colspan=\"1\" rowspan=\"1\">\n<div class=\"magic-12\">Indice d&#039;\u00e9tanch\u00e9it\u00e9<\/div>\n<\/td>\n<td colspan=\"4\" rowspan=\"1\">\n<div class=\"magic-16\">IP67<\/div>\n<\/td>\n<\/tr>\n<tr>\n<td colspan=\"1\" rowspan=\"1\">\n<div class=\"magic-12\">Plage de lecture<\/div>\n<\/td>\n<td colspan=\"4\" rowspan=\"1\">\n<div class=\"magic-16\">5-10 cm, selon le lecteur<\/div>\n<\/td>\n<\/tr>\n<tr>\n<td colspan=\"1\" rowspan=\"1\">\n<div class=\"magic-12\">Artisanat<\/div>\n<\/td>\n<td colspan=\"4\" rowspan=\"1\">\n<div class=\"magic-16\">Num\u00e9ro de s\u00e9rie grav\u00e9 au laser, code-barres, etc.<\/div>\n<\/td>\n<\/tr>\n<tr>\n<td colspan=\"1\" rowspan=\"1\">\n<div class=\"magic-12\">Montage<\/div>\n<\/td>\n<td colspan=\"4\" rowspan=\"1\">\n<div class=\"magic-16\">Par adh\u00e9sif ou par vis, ou par rivets<\/div>\n<\/td>\n<\/tr>\n<\/tbody>\n<\/table>\n<h2>Applications de l&#039;\u00e9tiquette de patrouille NFC NTAG213 en service<\/h2>\n<p>L&#039;\u00e9tiquette de patrouille NFC On Duty NTAG213 est un outil polyvalent qui permet d&#039;am\u00e9liorer la s\u00e9curit\u00e9, l&#039;efficacit\u00e9 et le suivi dans diverses applications. Voici quelques exemples\u00a0:<\/p>\n<p><strong>S\u00e9curit\u00e9 et contr\u00f4le d&#039;acc\u00e8s :<\/strong><\/p>\n<ul>\n<li><strong>Patrouille de garde :<\/strong>\u00a0Des \u00e9tiquettes peuvent \u00eatre attribu\u00e9es \u00e0 des agents de s\u00e9curit\u00e9 individuels, ce qui permet de suivre en temps r\u00e9el leur localisation et leur activit\u00e9. Cela permet de surveiller les itin\u00e9raires des patrouilles, de garantir des r\u00e9ponses rapides et de fournir une preuve de pr\u00e9sence aux points de contr\u00f4le d\u00e9sign\u00e9s.<\/li>\n<li><strong>Contr\u00f4le d&#039;acc\u00e8s :<\/strong>\u00a0Int\u00e9gr\u00e9es \u00e0 un syst\u00e8me de lecture NFC, les \u00e9tiquettes peuvent accorder ou refuser l&#039;acc\u00e8s \u00e0 des zones ou des ressources sp\u00e9cifiques en fonction de l&#039;identit\u00e9 de l&#039;utilisateur et des niveaux d&#039;autorisation. Cela renforce la s\u00e9curit\u00e9 et limite les entr\u00e9es non autoris\u00e9es.<\/li>\n<li><strong>Suivi des actifs :<\/strong>\u00a0Fixez des \u00e9tiquettes sur les \u00e9quipements ou les biens de valeur pour surveiller leur emplacement, leur d\u00e9placement et leur utilisation. Cela permet de pr\u00e9venir le vol, d&#039;optimiser la gestion des stocks et de suivre les calendriers de maintenance des \u00e9quipements.<\/li>\n<\/ul>\n<p><strong>Flux de travail et efficacit\u00e9 :<\/strong><\/p>\n<ul>\n<li><strong>Suivi des bons de travail :<\/strong>\u00a0Les balises peuvent \u00eatre utilis\u00e9es pour enregistrer et suivre les bons de travail, fournissant des mises \u00e0 jour de statut en temps r\u00e9el et facilitant une gestion efficace du flux de travail.<\/li>\n<li><strong>Heures et pr\u00e9sences :<\/strong>\u00a0Int\u00e9grez des \u00e9tiquettes aux horloges de pointage compatibles NFC pour enregistrer les heures d&#039;arriv\u00e9e et de d\u00e9part des employ\u00e9s, am\u00e9liorant ainsi la pr\u00e9cision et \u00e9liminant les erreurs de chronom\u00e9trage manuelles.<\/li>\n<li><strong>Gestion des stocks :<\/strong>\u00a0Attachez des \u00e9tiquettes aux articles de l&#039;inventaire pour une gestion automatis\u00e9e des stocks, r\u00e9duisant ainsi le comptage manuel et offrant une visibilit\u00e9 en temps r\u00e9el des niveaux de stock.<\/li>\n<\/ul>\n<p><strong>Autres applications :<\/strong><\/p>\n<ul>\n<li><strong>Billetterie \u00e9v\u00e9nementielle :<\/strong>\u00a0Les tags peuvent servir de tickets d&#039;\u00e9v\u00e9nement, offrant un contr\u00f4le d&#039;entr\u00e9e, permettant aux participants d&#039;acc\u00e9der \u00e0 du contenu exclusif et permettant des transactions transparentes.<\/li>\n<li><strong>Programmes de fid\u00e9lit\u00e9 :<\/strong>\u00a0Int\u00e9grez des balises aux programmes de fid\u00e9lit\u00e9 pour offrir des r\u00e9compenses personnalis\u00e9es, des remises et des avantages exclusifs aux clients fid\u00e8les.<\/li>\n<li><strong>Stockage des donn\u00e9es :<\/strong>\u00a0La m\u00e9moire de l&#039;\u00e9tiquette peut \u00eatre utilis\u00e9e pour stocker des informations telles que les sp\u00e9cifications du produit, les enregistrements de maintenance ou l&#039;origine du produit. Cela permet un acc\u00e8s facile aux donn\u00e9es pertinentes via des appareils compatibles NFC.<\/li>\n<\/ul>\n<p><strong>Avantages de l\u2019utilisation des balises de patrouille NFC NTAG213\u00a0:<\/strong><\/p>\n<ul>\n<li><strong>S\u00e9curit\u00e9 renforc\u00e9e :<\/strong>\u00a0Contr\u00f4le accru sur l&#039;acc\u00e8s, le suivi des actifs et l&#039;activit\u00e9 des employ\u00e9s.<\/li>\n<li><strong>Efficacit\u00e9 am\u00e9lior\u00e9e :<\/strong>\u00a0Flux de travail rationalis\u00e9s, capture de donn\u00e9es automatis\u00e9e et processus manuels r\u00e9duits.<\/li>\n<li><strong>Suivi en temps r\u00e9el :<\/strong>\u00a0Surveillance constante des actifs, du personnel et des activit\u00e9s.<\/li>\n<li><strong>Rentabilit\u00e9 :<\/strong>\u00a0R\u00e9duit la d\u00e9pendance aux processus manuels, ce qui permet potentiellement d\u2019\u00e9conomiser du temps et des ressources.<\/li>\n<li><strong>Convivial:<\/strong>\u00a0Int\u00e9gration facile avec les syst\u00e8mes existants et interaction conviviale via des appareils compatibles NFC.<\/li>\n<\/ul>\n<p><strong>Dans l\u2019ensemble, la balise de patrouille NFC NTAG213 offre une solution robuste et polyvalente pour une large gamme d\u2019applications, permettant aux organisations d\u2019am\u00e9liorer la s\u00e9curit\u00e9, d\u2019optimiser les flux de travail et d\u2019am\u00e9liorer l\u2019efficacit\u00e9 op\u00e9rationnelle.<\/strong><\/p>","protected":false},"excerpt":{"rendered":"<p>\u00c9tiquette NFC Patrol Ntag213 en service : les \u00e9tiquettes NFC classiques ne fonctionnent pas bien sur les surfaces m\u00e9talliques. En effet, le m\u00e9tal perturbe les signaux \u00e9lectromagn\u00e9tiques utilis\u00e9s pour la communication. Cependant, une nouvelle g\u00e9n\u00e9ration d&#039;\u00e9tiquettes, appel\u00e9es <strong>Tags NFC sur m\u00e9tal<\/strong>, r\u00e9sout ce probl\u00e8me. Ces \u00e9tiquettes sont sp\u00e9cialement con\u00e7ues pour fonctionner parfaitement sur du m\u00e9tal ou tout autre mat\u00e9riau conducteur. Elles repr\u00e9sentent une avanc\u00e9e majeure pour les applications NFC dans les environnements o\u00f9 le m\u00e9tal est abondant.<\/p>","protected":false},"featured_media":303,"template":"","meta":{"_kad_post_transparent":"default","_kad_post_title":"","_kad_post_layout":"default","_kad_post_sidebar_id":"","_kad_post_content_style":"default","_kad_post_vertical_padding":"default","_kad_post_feature":"","_kad_post_feature_position":"","_kad_post_header":false,"_kad_post_footer":false,"_kad_post_classname":""},"product_brand":[],"product_cat":[54],"product_tag":[118,123],"class_list":{"0":"post-302","1":"product","2":"type-product","3":"status-publish","4":"has-post-thumbnail","6":"product_cat-hot-selling-rfid-tags","7":"product_tag-anti-metal-nfc-patrol-tag","8":"product_tag-on-duty-ntag213-nfc-patrol-tag","10":"first","11":"instock","12":"shipping-taxable","13":"product-type-simple","14":"entry","15":"content-bg","16":"loop-entry"},"_links":{"self":[{"href":"https:\/\/rfid-laundry-tag.com\/fr\/wp-json\/wp\/v2\/product\/302","targetHints":{"allow":["GET"]}}],"collection":[{"href":"https:\/\/rfid-laundry-tag.com\/fr\/wp-json\/wp\/v2\/product"}],"about":[{"href":"https:\/\/rfid-laundry-tag.com\/fr\/wp-json\/wp\/v2\/types\/product"}],"version-history":[{"count":0,"href":"https:\/\/rfid-laundry-tag.com\/fr\/wp-json\/wp\/v2\/product\/302\/revisions"}],"wp:featuredmedia":[{"embeddable":true,"href":"https:\/\/rfid-laundry-tag.com\/fr\/wp-json\/wp\/v2\/media\/303"}],"wp:attachment":[{"href":"https:\/\/rfid-laundry-tag.com\/fr\/wp-json\/wp\/v2\/media?parent=302"}],"wp:term":[{"taxonomy":"product_brand","embeddable":true,"href":"https:\/\/rfid-laundry-tag.com\/fr\/wp-json\/wp\/v2\/product_brand?post=302"},{"taxonomy":"product_cat","embeddable":true,"href":"https:\/\/rfid-laundry-tag.com\/fr\/wp-json\/wp\/v2\/product_cat?post=302"},{"taxonomy":"product_tag","embeddable":true,"href":"https:\/\/rfid-laundry-tag.com\/fr\/wp-json\/wp\/v2\/product_tag?post=302"}],"curies":[{"name":"wp","href":"https:\/\/api.w.org\/{rel}","templated":true}]}}