{"id":299,"date":"2024-06-26T15:49:09","date_gmt":"2024-06-26T15:49:09","guid":{"rendered":"https:\/\/rfid-laundry-tag.com\/?post_type=product&#038;p=299"},"modified":"2024-06-26T15:49:09","modified_gmt":"2024-06-26T15:49:09","slug":"uhf-industrial-on-metal-rfid-tags","status":"publish","type":"product","link":"https:\/\/rfid-laundry-tag.com\/fr\/uhf-industrial-on-metal-rfid-tags\/","title":{"rendered":"\u00c9tiquettes RFID industrielles UHF sur m\u00e9tal"},"content":{"rendered":"<table class=\"has-title all magic-4\">\n<tbody>\n<tr>\n<td colspan=\"1\" rowspan=\"1\">\n<div class=\"magic-5\" data-spm-anchor-id=\"a2700.details.0.i63.6b4c1284UGSrnr\">Mat\u00e9riel<\/div>\n<\/td>\n<td colspan=\"1\" rowspan=\"1\">\n<div class=\"magic-6\">ABS<\/div>\n<\/td>\n<\/tr>\n<tr>\n<td colspan=\"1\" rowspan=\"1\">\n<div class=\"magic-5\">Taille<\/div>\n<\/td>\n<td colspan=\"1\" rowspan=\"1\">\n<div class=\"magic-6\">78x31x10mm ou personnalis\u00e9<\/div>\n<\/td>\n<\/tr>\n<tr>\n<td colspan=\"1\" rowspan=\"1\">\n<div class=\"magic-5\">Fr\u00e9quence<\/div>\n<\/td>\n<td colspan=\"1\" rowspan=\"1\">\n<div class=\"magic-6\">860-960Mhz<\/div>\n<\/td>\n<\/tr>\n<tr>\n<td colspan=\"1\" rowspan=\"1\">\n<div class=\"magic-5\">Type de circuit int\u00e9gr\u00e9 (puce)<\/div>\n<\/td>\n<td colspan=\"1\" rowspan=\"1\">\n<div class=\"magic-6\">Impinj Monza R6P<\/div>\n<\/td>\n<\/tr>\n<tr>\n<td colspan=\"1\" rowspan=\"1\">\n<div class=\"magic-5\">Protocole<\/div>\n<\/td>\n<td colspan=\"1\" rowspan=\"1\">\n<div class=\"magic-6\" data-spm-anchor-id=\"a2700.details.0.i64.6b4c1284UGSrnr\">EPC Classe mondiale 1 Gen2 et ISO18000-6C<\/div>\n<\/td>\n<\/tr>\n<tr>\n<td colspan=\"1\" rowspan=\"1\">\n<div class=\"magic-7\">M\u00e9moire<\/div>\n<\/td>\n<td colspan=\"1\" rowspan=\"1\">\n<div class=\"magic-6\">EPC 128 bits, utilisateur 32 bits<\/div>\n<\/td>\n<\/tr>\n<tr>\n<td colspan=\"1\" rowspan=\"1\">\n<div class=\"magic-5\">Facteur de forme de la balise<\/div>\n<\/td>\n<td colspan=\"1\" rowspan=\"1\">\n<div class=\"magic-6\">\u00c9tiquette rigide<\/div>\n<\/td>\n<\/tr>\n<tr>\n<td colspan=\"1\" rowspan=\"1\">\n<div class=\"magic-5\">M\u00e9thode de fixation<\/div>\n<\/td>\n<td colspan=\"1\" rowspan=\"1\">\n<div class=\"magic-6\">Fixation par vis, film adh\u00e9sif<\/div>\n<\/td>\n<\/tr>\n<tr>\n<td colspan=\"1\" rowspan=\"1\">\n<div class=\"magic-5\">Temp\u00e9rature de fonctionnement<\/div>\n<\/td>\n<td colspan=\"1\" rowspan=\"1\">\n<div class=\"magic-6\">-35 \u00b0C \/ +90 \u00b0C<\/div>\n<\/td>\n<\/tr>\n<tr>\n<td colspan=\"1\" rowspan=\"1\">\n<div class=\"magic-5\">Lire la distance<\/div>\n<\/td>\n<td colspan=\"1\" rowspan=\"1\">\n<div class=\"magic-6\">Jusqu&#039;\u00e0 10 m<\/div>\n<\/td>\n<\/tr>\n<tr>\n<td colspan=\"1\" rowspan=\"1\">\n<div class=\"magic-8\">Mat\u00e9riaux de surface applicables<\/div>\n<\/td>\n<td colspan=\"1\" rowspan=\"1\">\n<div class=\"magic-6\">Substrats m\u00e9talliques et non m\u00e9talliques<\/div>\n<\/td>\n<\/tr>\n<tr>\n<td colspan=\"1\" rowspan=\"1\">\n<div class=\"magic-7\">Indice IP<\/div>\n<\/td>\n<td colspan=\"1\" rowspan=\"1\">\n<div class=\"magic-6\">IP68<\/div>\n<\/td>\n<\/tr>\n<tr>\n<td colspan=\"1\" rowspan=\"1\">\n<div class=\"magic-7\">Application<\/div>\n<\/td>\n<td colspan=\"1\" rowspan=\"1\">\n<div class=\"magic-6\" data-spm-anchor-id=\"a2700.details.0.i62.6b4c1284UGSrnr\">Pour les actifs, l&#039;industrie lourde et l&#039;utilisation en ext\u00e9rieur<\/div>\n<\/td>\n<\/tr>\n<\/tbody>\n<\/table>\n<p>&nbsp;<\/p>\n<h2>\u00c9tiquettes RFID UHF pour environnements industriels<\/h2>\n<p><strong>Caract\u00e9ristiques:<\/strong><\/p>\n<ul>\n<li><strong>Compatibilit\u00e9 avec les normes de l&#039;industrie :<\/strong>\u00a0Conforme \u00e0 la norme ISO18000-6C (EPC C1G2), garantissant une int\u00e9gration transparente avec les syst\u00e8mes RFID UHF existants.<\/li>\n<li><strong>Compatibilit\u00e9 universelle des surfaces :<\/strong>\u00a0Capables d&#039;\u00eatre fix\u00e9s sur diverses surfaces comme le m\u00e9tal, le plastique et m\u00eame les liquides, ce qui les rend id\u00e9aux pour une vari\u00e9t\u00e9 d&#039;applications.<\/li>\n<li><strong>Durabilit\u00e9 sup\u00e9rieure :<\/strong>\u00a0Indice de protection IP68 pour une r\u00e9sistance exceptionnelle contre la p\u00e9n\u00e9tration de poussi\u00e8re et d&#039;eau, garantissant un fonctionnement fiable dans des environnements difficiles.<\/li>\n<li><strong>Des performances sans compromis :<\/strong>\u00a0Con\u00e7u pour \u00eatre \u00e0 la fois \u00e9tanche et anti-collision, garantissant des lectures pr\u00e9cises et coh\u00e9rentes m\u00eame dans des conditions exigeantes.<\/li>\n<\/ul>\n<p><strong>Applications :<\/strong><\/p>\n<ul>\n<li><strong>Gestion d&#039;actifs :<\/strong>\u00a0Suivez l\u2019emplacement et l\u2019\u00e9tat des \u00e9quipements et des actifs de valeur.<\/li>\n<li><strong>Optimisation de la cha\u00eene d&#039;approvisionnement :<\/strong>\u00a0Optimisez les processus logistiques et automobiles en suivant efficacement les stocks, les v\u00e9hicules et les pi\u00e8ces.<\/li>\n<li><strong>Efficacit\u00e9 de la production :<\/strong>\u00a0Optimisez les processus de fabrication et surveillez la productivit\u00e9 des travailleurs pour une efficacit\u00e9 accrue.<\/li>\n<li><strong>Gestion des ressources et s\u00e9curit\u00e9 :<\/strong>\u00a0Permet un suivi fiable des \u00e9quipements et des ressources dans des environnements exigeants tels que le p\u00e9trole, le gaz et l&#039;exploitation mini\u00e8re, tout en am\u00e9liorant la s\u00e9curit\u00e9 des travailleurs.<\/li>\n<\/ul>\n<p><strong>Avantages:<\/strong><\/p>\n<ul>\n<li><strong>Donn\u00e9es pr\u00e9cises et en temps r\u00e9el :<\/strong>\u00a0Obtenez un aper\u00e7u imm\u00e9diat des op\u00e9rations, facilitant une meilleure prise de d\u00e9cision.<\/li>\n<li><strong>Contr\u00f4le des stocks am\u00e9lior\u00e9\u00a0:<\/strong>\u00a0Minimisez les pertes et le gaspillage en maintenant une visibilit\u00e9 compl\u00e8te des actifs.<\/li>\n<li><strong>Op\u00e9rations rationalis\u00e9es :<\/strong>\u00a0Optimisez les flux de travail et minimisez les temps d&#039;arr\u00eat pour une efficacit\u00e9 am\u00e9lior\u00e9e.<\/li>\n<li><strong>S\u00e9curit\u00e9 accrue :<\/strong>\u00a0Identifiez les risques potentiels et prot\u00e9gez les travailleurs dans des environnements exigeants.<\/li>\n<\/ul>","protected":false},"excerpt":{"rendered":"<p>L&#039;\u00e9tiquette RFID ABS est une \u00e9tiquette RFID UHF passive longue port\u00e9e capable de lire sur, hors et \u00e0 proximit\u00e9 de surfaces m\u00e9talliques. Con\u00e7ue dans un format compact, elle est dot\u00e9e d&#039;une encapsulation \u00e9tanche durable pour une utilisation \u00e0 long terme dans les environnements ext\u00e9rieurs et industriels.<\/p>","protected":false},"featured_media":300,"template":"","meta":{"_kad_post_transparent":"default","_kad_post_title":"","_kad_post_layout":"default","_kad_post_sidebar_id":"","_kad_post_content_style":"default","_kad_post_vertical_padding":"default","_kad_post_feature":"","_kad_post_feature_position":"","_kad_post_header":false,"_kad_post_footer":false,"_kad_post_classname":""},"product_brand":[],"product_cat":[54],"product_tag":[122,121],"class_list":{"0":"post-299","1":"product","2":"type-product","3":"status-publish","4":"has-post-thumbnail","6":"product_cat-hot-selling-rfid-tags","7":"product_tag-on-metal-rfid-tags","8":"product_tag-uhf-industrial-on-metal-rfid-tags","10":"first","11":"instock","12":"shipping-taxable","13":"product-type-simple","14":"entry","15":"content-bg","16":"loop-entry"},"_links":{"self":[{"href":"https:\/\/rfid-laundry-tag.com\/fr\/wp-json\/wp\/v2\/product\/299","targetHints":{"allow":["GET"]}}],"collection":[{"href":"https:\/\/rfid-laundry-tag.com\/fr\/wp-json\/wp\/v2\/product"}],"about":[{"href":"https:\/\/rfid-laundry-tag.com\/fr\/wp-json\/wp\/v2\/types\/product"}],"version-history":[{"count":0,"href":"https:\/\/rfid-laundry-tag.com\/fr\/wp-json\/wp\/v2\/product\/299\/revisions"}],"wp:featuredmedia":[{"embeddable":true,"href":"https:\/\/rfid-laundry-tag.com\/fr\/wp-json\/wp\/v2\/media\/300"}],"wp:attachment":[{"href":"https:\/\/rfid-laundry-tag.com\/fr\/wp-json\/wp\/v2\/media?parent=299"}],"wp:term":[{"taxonomy":"product_brand","embeddable":true,"href":"https:\/\/rfid-laundry-tag.com\/fr\/wp-json\/wp\/v2\/product_brand?post=299"},{"taxonomy":"product_cat","embeddable":true,"href":"https:\/\/rfid-laundry-tag.com\/fr\/wp-json\/wp\/v2\/product_cat?post=299"},{"taxonomy":"product_tag","embeddable":true,"href":"https:\/\/rfid-laundry-tag.com\/fr\/wp-json\/wp\/v2\/product_tag?post=299"}],"curies":[{"name":"wp","href":"https:\/\/api.w.org\/{rel}","templated":true}]}}