{"id":2961,"date":"2025-11-22T13:55:10","date_gmt":"2025-11-22T13:55:10","guid":{"rendered":"https:\/\/rfid-laundry-tag.com\/?post_type=product&#038;p=2961"},"modified":"2025-11-22T13:55:11","modified_gmt":"2025-11-22T13:55:11","slug":"laundry-rfid-tags-top-5-manufacturer","status":"publish","type":"product","link":"https:\/\/rfid-laundry-tag.com\/fr\/laundry-rfid-tags-top-5-manufacturer\/","title":{"rendered":"TOP 5 des fabricants d&#039;\u00e9tiquettes RFID pour le linge"},"content":{"rendered":"<p><a href=\"https:\/\/rfid-laundry-tag.com\/fr\/uhf-rfid-laundry-tags\/\"><strong>\u00c9tiquettes RFID pour le linge<\/strong><\/a>\u00a0Ces transpondeurs RFID constituent une solution de pointe pour le suivi et la gestion des textiles tout au long de leur cycle de vie. Durables et flexibles, ils sont fabriqu\u00e9s dans un tissu r\u00e9sistant \u00e0 la chaleur, \u00e0 la pression et \u00e0 l&#039;\u00e9tirement, ce qui les rend id\u00e9aux pour le suivi d&#039;articles tels que les v\u00eatements de travail, les uniformes et le linge de maison. Dot\u00e9s d&#039;un identifiant unique, ces transpondeurs facilitent la gestion du linge sans contact et am\u00e9liorent la transparence num\u00e9rique. Int\u00e9gr\u00e9e aux syst\u00e8mes de gestion informatique, la technologie RFID permet un suivi continu des textiles, de la collecte du linge sale au lavage et \u00e0 la distribution.<\/p>\n<table class=\"has-title is-zebra hight-light-first-column all magic-19\">\n<tbody>\n<tr>\n<td colspan=\"1\" rowspan=\"1\">\n<div class=\"magic-20\"><strong><span class=\"magic-21\">Article<\/span><\/strong><\/div>\n<\/td>\n<td colspan=\"1\" rowspan=\"1\">\n<div class=\"magic-22\">\u00a0\u00c9tiquettes RFID pour blanchisserie<\/div>\n<\/td>\n<\/tr>\n<tr>\n<td colspan=\"1\" rowspan=\"1\">\n<div class=\"magic-20\"><span class=\"magic-21\">Taille<\/span><\/div>\n<\/td>\n<td colspan=\"1\" rowspan=\"1\">\n<div class=\"magic-22\"><span class=\"magic-21\">55 x 12 mm, 70 x 15 mm, 87 x 17 mm<\/span><\/div>\n<\/td>\n<\/tr>\n<tr>\n<td colspan=\"1\" rowspan=\"1\">\n<div class=\"magic-20\"><span class=\"magic-21\">Fr\u00e9quence de fonctionnement<\/span><\/div>\n<\/td>\n<td colspan=\"1\" rowspan=\"1\">\n<div class=\"magic-22\"><span class=\"magic-21\" data-spm-anchor-id=\"a2700.details.0.i69.56bf53e8OmNXev\">865-928 MHz<\/span><\/div>\n<\/td>\n<\/tr>\n<tr>\n<td colspan=\"1\" rowspan=\"1\">\n<div class=\"magic-20\"><span class=\"magic-21\">\u00c9tiquettes<\/span><\/div>\n<\/td>\n<td colspan=\"1\" rowspan=\"1\">\n<div class=\"magic-22\"><span class=\"magic-21\">Polyester\u00a0<\/span><\/div>\n<\/td>\n<\/tr>\n<tr>\n<td colspan=\"1\" rowspan=\"1\">\n<div class=\"magic-20\"><span class=\"magic-21\">Puces<\/span><\/div>\n<\/td>\n<td colspan=\"1\" rowspan=\"1\">\n<div class=\"magic-22\"><span class=\"magic-21\">U8, U9, etc<\/span><\/div>\n<\/td>\n<\/tr>\n<tr>\n<td colspan=\"1\" rowspan=\"1\">\n<div class=\"magic-20\"><span class=\"magic-21\">Garantie de l&#039;\u00e9tiquette<\/span><\/div>\n<\/td>\n<td colspan=\"1\" rowspan=\"1\">\n<div class=\"magic-22\"><span class=\"magic-21\">Premier cycle de lavage sur 200 ou 300, ou 3 ans \u00e0 compter de la date d&#039;exp\u00e9dition<\/span><\/div>\n<\/td>\n<\/tr>\n<tr>\n<td colspan=\"1\" rowspan=\"1\">\n<div class=\"magic-20\"><span class=\"magic-21\">Lire la distance<\/span><\/div>\n<\/td>\n<td colspan=\"1\" rowspan=\"1\">\n<div class=\"magic-22\"><span class=\"magic-21\">Jusqu&#039;\u00e0 8 m\u00e8tres (jusqu&#039;\u00e0 9 pieds), \u00e0 tester avec votre lecteur<\/span><\/div>\n<\/td>\n<\/tr>\n<tr>\n<td colspan=\"1\" rowspan=\"1\">\n<div class=\"magic-20\"><span class=\"magic-21\">Temp\u00e9rature de stockage<\/span><\/div>\n<\/td>\n<td colspan=\"1\" rowspan=\"1\">\n<div class=\"magic-22\"><span class=\"magic-21\">-40 \u2103 \u00e0 +120 \u2103 (-40 \u2109 \u00e0 +248 \u2109)<\/span><\/div>\n<\/td>\n<\/tr>\n<tr>\n<td colspan=\"1\" rowspan=\"1\">\n<div class=\"magic-20\"><span class=\"magic-21\">lroner<\/span><\/div>\n<\/td>\n<td colspan=\"1\" rowspan=\"1\">\n<div class=\"magic-22\"><span class=\"magic-21\">+195 \u00b0C (+383 \u00b0F) 30 secondes &lt;18 bars<\/span><\/div>\n<\/td>\n<\/tr>\n<tr>\n<td colspan=\"1\" rowspan=\"1\">\n<div class=\"magic-20\"><span class=\"magic-21\">Extracteur d&#039;eau<\/span><\/div>\n<\/td>\n<td colspan=\"1\" rowspan=\"1\">\n<div class=\"magic-22\"><span class=\"magic-21\">60 barres, 80 secondes<\/span><\/div>\n<\/td>\n<\/tr>\n<tr>\n<td colspan=\"1\" rowspan=\"1\">\n<div class=\"magic-20\"><span class=\"magic-21\">Autoclave<\/span><\/div>\n<\/td>\n<td colspan=\"1\" rowspan=\"1\">\n<div class=\"magic-22\"><span class=\"magic-21\">\u00c9limination de l&#039;air : +100 \u00b0C (+212 \u00b0F), 5 minutes, 0,1 bar,<\/span><\/div>\n<\/td>\n<\/tr>\n<tr>\n<td colspan=\"1\" rowspan=\"1\">\n<div class=\"magic-20\"><span class=\"magic-21\">S\u00e9chage<\/span><\/div>\n<\/td>\n<td colspan=\"1\" rowspan=\"1\">\n<div class=\"magic-22\"><span class=\"magic-21\">+45 \u00b0C (+113 \u00b0F), 0,15 minute, 0,2 bar<\/span><\/div>\n<\/td>\n<\/tr>\n<tr>\n<td colspan=\"1\" rowspan=\"1\">\n<div class=\"magic-20\"><span class=\"magic-21\">R\u00e9sistance chimique<\/span><\/div>\n<\/td>\n<td colspan=\"1\" rowspan=\"1\">\n<div class=\"magic-22\" data-spm-anchor-id=\"a2700.details.0.i68.56bf53e8OmNXev\"><span class=\"magic-21\">Tous les produits chimiques couramment utilis\u00e9s dans le processus de lavage<\/span><\/div>\n<\/td>\n<\/tr>\n<\/tbody>\n<\/table>\n<div>\n<figure id=\"attachment_2928\" class=\"wp-caption alignnone\" aria-describedby=\"caption-attachment-2928\"><a href=\"https:\/\/rfid-laundry-tag.com\/fr\/uhf-rfid-laundry-tags\/\"><img fetchpriority=\"high\" decoding=\"async\" class=\"size-full wp-image-2928\" title=\"\u00c9tiquettes RFID pour le linge\u00a0: TOP 5 des fabricants\" src=\"https:\/\/www.rfidtaglaundry.com\/wp-content\/uploads\/2024\/11\/6_H39416607c5cf4905b542e69b55e844a5b.jpg\" sizes=\"(max-width: 800px) 100vw, 800px\" srcset=\"https:\/\/www.rfidtaglaundry.com\/wp-content\/uploads\/2024\/11\/6_H39416607c5cf4905b542e69b55e844a5b.jpg 800w, https:\/\/www.rfidtaglaundry.com\/wp-content\/uploads\/2024\/11\/6_H39416607c5cf4905b542e69b55e844a5b-300x300.jpg 300w, https:\/\/www.rfidtaglaundry.com\/wp-content\/uploads\/2024\/11\/6_H39416607c5cf4905b542e69b55e844a5b-150x150.jpg 150w, https:\/\/www.rfidtaglaundry.com\/wp-content\/uploads\/2024\/11\/6_H39416607c5cf4905b542e69b55e844a5b-768x768.jpg 768w, https:\/\/www.rfidtaglaundry.com\/wp-content\/uploads\/2024\/11\/6_H39416607c5cf4905b542e69b55e844a5b-12x12.jpg 12w, https:\/\/www.rfidtaglaundry.com\/wp-content\/uploads\/2024\/11\/6_H39416607c5cf4905b542e69b55e844a5b-600x600.jpg 600w, https:\/\/www.rfidtaglaundry.com\/wp-content\/uploads\/2024\/11\/6_H39416607c5cf4905b542e69b55e844a5b-100x100.jpg 100w\" alt=\"Laundry RFID Tags\" width=\"800\" height=\"800\" \/><\/a><figcaption id=\"caption-attachment-2928\" class=\"wp-caption-text\">\u00c9tiquettes RFID pour blanchisserie<\/figcaption><\/figure>\n<\/div>\n<div>\n<h3>Foire aux questions (FAQ) sur les \u00e9tiquettes RFID pour le lavage du linge<\/h3>\n<p><strong>Q1 : Quels probl\u00e8mes les \u00e9tiquettes RFID pour le linge permettent-elles de r\u00e9soudre pendant le processus de lavage ?<\/strong><br \/>\n<strong>A1:<\/strong>\u00a0L&#039;un des principaux probl\u00e8mes r\u00e9side dans la fragilit\u00e9 des \u00e9tiquettes, pouvant entra\u00eener des pertes de donn\u00e9es. Notre solution utilise du polyester de qualit\u00e9 industrielle et une technologie de polym\u00e9risation \u00e0 haute temp\u00e9rature, permettant aux \u00e9tiquettes de r\u00e9sister au repassage \u00e0 195 \u00b0C et \u00e0 une pression d&#039;eau de 60 bars, ce qui les rend parfaitement adapt\u00e9es aux processus de st\u00e9rilisation du linge h\u00f4telier. Notre rev\u00eatement unique r\u00e9sistant aux produits chimiques prot\u00e8ge contre l&#039;eau de Javel et les d\u00e9tergents alcalins puissants, garantissant l&#039;int\u00e9grit\u00e9 de la puce U8 apr\u00e8s plus de 300 lavages, fruit de 15 ans d&#039;exp\u00e9rience.<\/p>\n<p><strong>Q2 : Comment vos \u00e9tiquettes am\u00e9liorent-elles l&#039;efficacit\u00e9 du tri ?<\/strong><br \/>\n<strong>A2:<\/strong>\u00a0Les \u00e9tiquettes traditionnelles ont souvent une port\u00e9e de lecture limit\u00e9e, ce qui peut nuire \u00e0 l&#039;efficacit\u00e9 du tri. Notre technologie RFID offre une port\u00e9e impressionnante de 9 m\u00e8tres, contre 5 m\u00e8tres en moyenne dans le secteur. Associ\u00e9e \u00e0 des antennes directionnelles, elle optimise le balayage par lots sur les convoyeurs de blanchisserie, am\u00e9liorant ainsi l&#039;efficacit\u00e9 du tri. Nos \u00e9tiquettes prennent \u00e9galement en charge une gamme de fr\u00e9quences compl\u00e8te de 865 \u00e0 928 MHz et sont compatibles avec les principaux appareils RFID du monde entier.<\/p>\n<p><strong>Q3\u00a0: Comment vos \u00e9tiquettes permettent-elles de r\u00e9duire les co\u00fbts op\u00e9rationnels\u00a0?<\/strong><br \/>\n<strong>A3:<\/strong>\u00a0Le remplacement fr\u00e9quent des \u00e9tiquettes augmente les co\u00fbts d&#039;exploitation. Nous proposons une garantie double in\u00e9dite de \u201c\u00a03 ans ou 300 lavages\u00a0\u201d, r\u00e9duisant ainsi les co\u00fbts du cycle de vie de 42% par rapport aux \u00e9tiquettes standard. La conception modulaire de notre puce permet une mise \u00e0 niveau fluide des versions U8 vers U9, \u00e9vitant ainsi le remplacement complet des \u00e9tiquettes lors de changements d&#039;\u00e9quipement. Nos \u00e9tiquettes ont \u00e9t\u00e9 certifi\u00e9es apr\u00e8s 2\u00a0000 tests de lavage industriels, ce qui les rend id\u00e9ales pour les environnements \u00e0 forte rotation de linge dans les entreprises de location.<\/p>\n<p><strong>Avantage usine :<\/strong>\u00a0Figurant parmi les 5 premiers fabricants mondiaux d&#039;\u00e9tiquettes RFID pour le linge, forts de 15 ans d&#039;expertise en technologie RF, nous proposons des solutions compl\u00e8tes, de l&#039;encapsulation des puces aux tests de sc\u00e9narios. Nous avons livr\u00e9 plus de 200 millions d&#039;\u00e9tiquettes sp\u00e9cialis\u00e9es pour le linge \u00e0 des clients tels que Hilton et la Mayo Clinic, gr\u00e2ce au soutien d&#039;une \u00e9quipe de professionnels d\u00e9di\u00e9e au d\u00e9veloppement sur mesure.<\/p>\n<\/div>\n<div class=\"auto-hide-last-sibling-br paragraph_1252f paragraph-element\">\n<p>&nbsp;<\/p>\n<h2>Donn\u00e9es variables pour les \u00e9tiquettes RFID de blanchisserie<\/h2>\n<p>Chaque<a href=\"https:\/\/rfid-laundry-tag.com\/fr\/uhf-rfid-laundry-tags\/\">\u00a0\u00e9tiquette RFID pour blanchisserie<\/a>\u00a0est \u00e9quip\u00e9 de donn\u00e9es variables, notamment\u00a0:<\/p>\n<ul>\n<li><strong>Informations imprim\u00e9es au laser<\/strong>Cela inclut les codes EPC, les codes-barres 1D et 2D, les codes QR et les logos.<\/li>\n<li><strong>Programmation des donn\u00e9es de la puce RFID<\/strong>Les \u00e9tiquettes peuvent \u00eatre programm\u00e9es avec un codage EPC et verrouill\u00e9es par un mot de passe d&#039;acc\u00e8s.<\/li>\n<li><strong>Tests complets<\/strong>Toutes les donn\u00e9es, y compris l&#039;encodage EPC et le TID, sont test\u00e9es 100% pour garantir une correspondance pr\u00e9cise pour chaque \u00e9tiquette sp\u00e9cifique.<\/li>\n<\/ul>\n<h2>M\u00e9thodes d&#039;installation<\/h2>\n<ul>\n<li><strong>Marquage des points<\/strong>Id\u00e9al pour coudre dans l&#039;ourlet des textiles, garantissant ainsi que les \u00e9tiquettes soient plac\u00e9es \u00e0 l&#039;\u00e9cart des lignes de pliage pour une durabilit\u00e9 optimale.<\/li>\n<li><strong>Thermoscellage<\/strong>Les \u00e9tiquettes peuvent \u00eatre thermoscell\u00e9es directement sur les textiles \u00e0 +200\u00b0C (392\u00b0F) pendant 12 \u00e0 14 secondes.<\/li>\n<li><strong>Dans une pochette<\/strong>Similaires aux \u00e9tiquettes d&#039;entretien classiques, ces \u00e9tiquettes peuvent \u00eatre cousues dans une pochette, ce qui les garde en s\u00e9curit\u00e9 et facilement accessibles.<\/li>\n<\/ul>\n<h2>Applications des \u00e9tiquettes RFID pour le lavage<\/h2>\n<p>Les \u00e9tiquettes RFID pour le linge sont polyvalentes et peuvent \u00eatre utilis\u00e9es dans divers secteurs pour le suivi des actifs textiles, notamment\u00a0:<\/p>\n<ul>\n<li><strong>Soins de sant\u00e9<\/strong>: Surveillance du linge, des uniformes, des masques et des serpilli\u00e8res.<\/li>\n<li><strong>Hospitalit\u00e9<\/strong>Gestion du linge de maison et des uniformes pour les h\u00f4tels et restaurants.<\/li>\n<li><strong>V\u00eatements de mode<\/strong>Am\u00e9lioration de la gestion et du suivi des stocks de v\u00eatements et d&#039;accessoires.<\/li>\n<\/ul>\n<p>Avec l&#039;\u00e9volution du secteur de la mode et de l&#039;habillement, la demande en solutions technologiques avanc\u00e9es s&#039;accro\u00eet. La technologie RFID s&#039;est impos\u00e9e comme un outil essentiel pour am\u00e9liorer l&#039;efficacit\u00e9 op\u00e9rationnelle, enrichir l&#039;exp\u00e9rience client et soutenir les initiatives de d\u00e9veloppement durable. La mise en \u0153uvre de\u00a0<strong>\u00e9tiquettes RFID pour le linge<\/strong>\u00a0La gestion des v\u00eatements et des textiles a transform\u00e9 la mani\u00e8re dont les organisations supervisent leurs op\u00e9rations de blanchisserie, permettant un suivi en temps r\u00e9el, une meilleure gestion des stocks, une visibilit\u00e9 accrue de la cha\u00eene d&#039;approvisionnement et une plus grande durabilit\u00e9.<\/p>\n<p>En adoptant ces solutions innovantes, les entreprises peuvent rationaliser leurs processus et r\u00e9pondre aux exigences croissantes d&#039;un march\u00e9 dynamique.<\/p>\n<\/div>","protected":false},"excerpt":{"rendered":"<p>En tant que fabricant mondial de premier plan d&#039;\u00e9tiquettes RFID, nous sommes sp\u00e9cialis\u00e9s dans <strong>\u00c9tiquettes RFID pour blanchisserie<\/strong>, offrant des solutions sur mesure s&#039;appuyant sur 15 ans d&#039;expertise et plus de 200 millions d&#039;\u00e9tiquettes livr\u00e9es.<\/p>","protected":false},"featured_media":2964,"template":"","meta":{"_kad_post_transparent":"default","_kad_post_title":"","_kad_post_layout":"default","_kad_post_sidebar_id":"","_kad_post_content_style":"default","_kad_post_vertical_padding":"default","_kad_post_feature":"","_kad_post_feature_position":"","_kad_post_header":false,"_kad_post_footer":false,"_kad_post_classname":""},"product_brand":[],"product_cat":[16,19],"product_tag":[24,367,342,339,65,30],"class_list":{"0":"post-2961","1":"product","2":"type-product","3":"status-publish","4":"has-post-thumbnail","6":"product_cat-uhf-rfid-laundry-tags","7":"product_cat-textile-rfid-laundry-tag","8":"product_tag-laundry-rfid-tags","9":"product_tag-laundry-rfid-tags-top-5-manufacturer","10":"product_tag-rfid-laundry-tags","11":"product_tag-rfid-washable-tags","12":"product_tag-textile-rfid-laundry-tags","13":"product_tag-uhf-rfid-laundry-tag","15":"first","16":"instock","17":"featured","18":"shipping-taxable","19":"product-type-simple","20":"entry","21":"content-bg","22":"loop-entry"},"_links":{"self":[{"href":"https:\/\/rfid-laundry-tag.com\/fr\/wp-json\/wp\/v2\/product\/2961","targetHints":{"allow":["GET"]}}],"collection":[{"href":"https:\/\/rfid-laundry-tag.com\/fr\/wp-json\/wp\/v2\/product"}],"about":[{"href":"https:\/\/rfid-laundry-tag.com\/fr\/wp-json\/wp\/v2\/types\/product"}],"version-history":[{"count":1,"href":"https:\/\/rfid-laundry-tag.com\/fr\/wp-json\/wp\/v2\/product\/2961\/revisions"}],"predecessor-version":[{"id":2966,"href":"https:\/\/rfid-laundry-tag.com\/fr\/wp-json\/wp\/v2\/product\/2961\/revisions\/2966"}],"wp:featuredmedia":[{"embeddable":true,"href":"https:\/\/rfid-laundry-tag.com\/fr\/wp-json\/wp\/v2\/media\/2964"}],"wp:attachment":[{"href":"https:\/\/rfid-laundry-tag.com\/fr\/wp-json\/wp\/v2\/media?parent=2961"}],"wp:term":[{"taxonomy":"product_brand","embeddable":true,"href":"https:\/\/rfid-laundry-tag.com\/fr\/wp-json\/wp\/v2\/product_brand?post=2961"},{"taxonomy":"product_cat","embeddable":true,"href":"https:\/\/rfid-laundry-tag.com\/fr\/wp-json\/wp\/v2\/product_cat?post=2961"},{"taxonomy":"product_tag","embeddable":true,"href":"https:\/\/rfid-laundry-tag.com\/fr\/wp-json\/wp\/v2\/product_tag?post=2961"}],"curies":[{"name":"wp","href":"https:\/\/api.w.org\/{rel}","templated":true}]}}