{"id":296,"date":"2024-06-26T15:26:44","date_gmt":"2024-06-26T15:26:44","guid":{"rendered":"https:\/\/rfid-laundry-tag.com\/?post_type=product&#038;p=296"},"modified":"2024-08-14T16:29:49","modified_gmt":"2024-08-14T16:29:49","slug":"on-metal-abs-uhf-rfid-tag","status":"publish","type":"product","link":"https:\/\/rfid-laundry-tag.com\/fr\/on-metal-abs-uhf-rfid-tag\/","title":{"rendered":"\u00c9tiquette RFID UHF en m\u00e9tal ABS"},"content":{"rendered":"<p><b class=\"magic-15\"><span class=\"magic-16\" data-spm-anchor-id=\"a2700.details.0.i71.6b4c1284vyugjJ\">Les personnalisations disponibles sont les suivantes\u00a0:<\/span><\/b> * Impression : impression monochrome ou 4 couleurs en offset, \u00e0 partir d&#039;une maquette graphique fournie par le client au format vectoriel. Impression de code EPC, code s\u00e9rie progressif \u00e0 partir d&#039;une base de donn\u00e9es ou non, ou fichier .xls ; impression de codes \u00e0 barres, QRCode. D&#039;autres options de personnalisation sont disponibles sur demande. * Codage de la m\u00e9moire de la puce : Codage du code EPC des transpondeurs RFID UHF, \u00e9criture de la m\u00e9moire des \u00e9tiquettes UHF, \u00e9galement \u00e0 partir d&#039;une base de donn\u00e9es fournie par le client. Le contenu peut \u00eatre, temporairement ou d\u00e9finitivement, verrouill\u00e9 par un mot de passe. Association code EPC et code TID en base de donn\u00e9es. Association code TID et progressif\/code \u00e0 barres.<\/p>\n<p><img fetchpriority=\"high\" decoding=\"async\" class=\"alignnone wp-image-297\" src=\"https:\/\/rfid-laundry-tag.com\/wp-content\/uploads\/2024\/06\/on-metal-UHF-tag-235x300.png\" alt=\"\" width=\"486\" height=\"621\" srcset=\"https:\/\/rfid-laundry-tag.com\/wp-content\/uploads\/2024\/06\/on-metal-UHF-tag-235x300.png 235w, https:\/\/rfid-laundry-tag.com\/wp-content\/uploads\/2024\/06\/on-metal-UHF-tag-9x12.png 9w\" sizes=\"(max-width: 486px) 100vw, 486px\" \/><\/p>\n<table class=\"has-title all magic-4\">\n<tbody>\n<tr>\n<td colspan=\"1\" rowspan=\"1\">\n<div class=\"magic-5\" data-spm-anchor-id=\"a2700.details.0.i72.6b4c1284vyugjJ\">Mat\u00e9riel<\/div>\n<\/td>\n<td colspan=\"1\" rowspan=\"1\">\n<div class=\"magic-6\">ABS<\/div>\n<\/td>\n<\/tr>\n<tr>\n<td colspan=\"1\" rowspan=\"1\">\n<div class=\"magic-5\">Taille<\/div>\n<\/td>\n<td colspan=\"1\" rowspan=\"1\">\n<div class=\"magic-6\">78x31x10mm ou personnalis\u00e9<\/div>\n<\/td>\n<\/tr>\n<tr>\n<td colspan=\"1\" rowspan=\"1\">\n<div class=\"magic-5\">Fr\u00e9quence<\/div>\n<\/td>\n<td colspan=\"1\" rowspan=\"1\">\n<div class=\"magic-6\">860-960Mhz<\/div>\n<\/td>\n<\/tr>\n<tr>\n<td colspan=\"1\" rowspan=\"1\">\n<div class=\"magic-5\">Type de circuit int\u00e9gr\u00e9 (puce)<\/div>\n<\/td>\n<td colspan=\"1\" rowspan=\"1\">\n<div class=\"magic-6\">Impinj Monza R6P<\/div>\n<\/td>\n<\/tr>\n<tr>\n<td colspan=\"1\" rowspan=\"1\">\n<div class=\"magic-5\">Protocole<\/div>\n<\/td>\n<td colspan=\"1\" rowspan=\"1\">\n<div class=\"magic-6\">EPC Classe mondiale 1 Gen2 et ISO18000-6C<\/div>\n<\/td>\n<\/tr>\n<tr>\n<td colspan=\"1\" rowspan=\"1\">\n<div class=\"magic-7\">M\u00e9moire<\/div>\n<\/td>\n<td colspan=\"1\" rowspan=\"1\">\n<div class=\"magic-6\">EPC 128 bits, utilisateur 32 bits<\/div>\n<\/td>\n<\/tr>\n<tr>\n<td colspan=\"1\" rowspan=\"1\">\n<div class=\"magic-5\">Facteur de forme de la balise<\/div>\n<\/td>\n<td colspan=\"1\" rowspan=\"1\">\n<div class=\"magic-6\">\u00c9tiquette rigide<\/div>\n<\/td>\n<\/tr>\n<tr>\n<td colspan=\"1\" rowspan=\"1\">\n<div class=\"magic-5\">M\u00e9thode de fixation<\/div>\n<\/td>\n<td colspan=\"1\" rowspan=\"1\">\n<div class=\"magic-6\" data-spm-anchor-id=\"a2700.details.0.i73.6b4c1284vyugjJ\">Fixation par vis, film adh\u00e9sif<\/div>\n<\/td>\n<\/tr>\n<tr>\n<td colspan=\"1\" rowspan=\"1\">\n<div class=\"magic-5\">Temp\u00e9rature de fonctionnement<\/div>\n<\/td>\n<td colspan=\"1\" rowspan=\"1\">\n<div class=\"magic-6\">-35 \u00b0C \/ +90 \u00b0C<\/div>\n<\/td>\n<\/tr>\n<tr>\n<td colspan=\"1\" rowspan=\"1\">\n<div class=\"magic-5\">Lire la distance<\/div>\n<\/td>\n<td colspan=\"1\" rowspan=\"1\">\n<div class=\"magic-6\" data-spm-anchor-id=\"a2700.details.0.i67.6b4c1284vyugjJ\">Jusqu&#039;\u00e0 10 m<\/div>\n<\/td>\n<\/tr>\n<tr>\n<td colspan=\"1\" rowspan=\"1\">\n<div class=\"magic-8\">Mat\u00e9riaux de surface applicables<\/div>\n<\/td>\n<td colspan=\"1\" rowspan=\"1\">\n<div class=\"magic-6\">Substrats m\u00e9talliques et non m\u00e9talliques<\/div>\n<\/td>\n<\/tr>\n<tr>\n<td colspan=\"1\" rowspan=\"1\">\n<div class=\"magic-7\">Indice IP<\/div>\n<\/td>\n<td colspan=\"1\" rowspan=\"1\">\n<div class=\"magic-6\">IP68<\/div>\n<\/td>\n<\/tr>\n<tr>\n<td colspan=\"1\" rowspan=\"1\">\n<div class=\"magic-7\">Application<\/div>\n<\/td>\n<td colspan=\"1\" rowspan=\"1\">\n<div class=\"magic-6\">Pour les actifs, l&#039;industrie lourde et l&#039;utilisation en ext\u00e9rieur<\/div>\n<\/td>\n<\/tr>\n<\/tbody>\n<\/table>\n<p>&nbsp;<\/p>\n<ul>\n<li><strong>Codage de la m\u00e9moire de la puce :<\/strong>\n<ul>\n<li><strong>Codage du code EPC :<\/strong>\u00a0Prend en charge l&#039;encodage des codes EPC pour les transpondeurs UHF.<\/li>\n<li><strong>\u00c9criture de la m\u00e9moire de l&#039;\u00e9tiquette UHF\u00a0:<\/strong>\u00a0Permet d&#039;\u00e9crire des donn\u00e9es dans la m\u00e9moire de l&#039;\u00e9tiquette UHF, y compris les donn\u00e9es d&#039;une base de donn\u00e9es fournie par le client.<\/li>\n<li><strong>Donn\u00e9es prot\u00e9g\u00e9es par mot de passe :<\/strong>\u00a0Les donn\u00e9es peuvent \u00eatre verrouill\u00e9es temporairement ou d\u00e9finitivement gr\u00e2ce \u00e0 un mot de passe.<\/li>\n<li><strong>Association de base de donn\u00e9es\u00a0:<\/strong>\u00a0Prend en charge l&#039;association de codes EPC et TID dans les bases de donn\u00e9es, ainsi que l&#039;association de codes TID et de codes progressifs\/\u00e0 barres.<\/li>\n<\/ul>\n<\/li>\n<\/ul>\n<p><strong>Formules :<\/strong><\/p>\n<ul>\n<li><strong>Code EPC :<\/strong>\u00a0<span class=\"math math-inline\"><span class=\"katex\"><span class=\"katex-mathml\">\ud835\udc38\ud835\udc43\ud835\udc36={\u00c9toile,\u00c9toile de mer}<\/span><span class=\"katex-html\" aria-hidden=\"true\"><span class=\"base\"><span class=\"mord mathnormal\">CBE<\/span><span class=\"mrel\">=<\/span><\/span><span class=\"base\"><span class=\"mopen\">{<\/span><span class=\"mord mathnormal\">Tu<\/span><span class=\"mord mathnormal\">je<\/span><span class=\"mord mathnormal\">D<\/span><span class=\"mpunct\">,<\/span><span class=\"mord mathnormal\">UN<\/span><span class=\"mord mathnormal\">les gens<\/span><span class=\"mord mathnormal\">je<\/span><span class=\"mord mathnormal\">c<\/span><span class=\"mord mathnormal\">un<\/span><span class=\"mord mathnormal\">t<\/span><span class=\"mord mathnormal\">je<\/span><span class=\"mord mathnormal\">ou<\/span><span class=\"mord mathnormal\">n<\/span><span class=\"mord mathnormal\">D<\/span><span class=\"mord mathnormal\">un<\/span><span class=\"mord mathnormal\">t<\/span><span class=\"mord mathnormal\">un<\/span><span class=\"mclose\">}<\/span><\/span><\/span><\/span><\/span><\/li>\n<li><strong>Code TID:<\/strong>\u00a0<span class=\"math math-inline\"><span class=\"katex\"><span class=\"katex-mathml\">\ud835\udc47\ud835\udc3c\ud835\udc37={\ud835\udc04\ud835\udc27\ud835\udc2c\ud835\udc28\ud835\udc27\ud835\udc2d,\ud835\udc1e\ud835\udc27\ud835\udc2d \ud835\udc29\ud835\udc2b\ud835\udc22\ud835\udc1e\ud835\udc27\ud835\udc2d \ud835\udc1e\ud835\udc27\ud835\udc2d \ud835\udc29\ud835\udc28\ud835\udc2e\ud835\udc2b \ud835\udc29\ud835\udc28\ud835\udc2e\ud835\udc2b \ud835\udc1e\ud835\udc27\ud835\udc2d ...<\/span><span class=\"katex-html\" aria-hidden=\"true\"><span class=\"base\"><span class=\"mord mathnormal\">T<\/span><span class=\"mord mathnormal\">je<\/span><span class=\"mord mathnormal\">D<\/span><span class=\"mrel\">=<\/span><\/span><span class=\"base\"><span class=\"mopen\">{<\/span><span class=\"mord mathnormal\">T<\/span><span class=\"mord mathnormal\">un<\/span><span class=\"mord mathnormal\">g<\/span><span class=\"mord mathnormal\">je<\/span><span class=\"mord mathnormal\">D<\/span><span class=\"mpunct\">,<\/span><span class=\"mord mathnormal\">M<\/span><span class=\"mord mathnormal\">un<\/span><span class=\"mord mathnormal\">toi<\/span><span class=\"mord mathnormal\">f<\/span><span class=\"mord mathnormal\">un<\/span><span class=\"mord mathnormal\">c<\/span><span class=\"mord mathnormal\">t<\/span><span class=\"mord mathnormal\">toi<\/span><span class=\"mord mathnormal\">rerD<\/span><span class=\"mord mathnormal\">un<\/span><span class=\"mord mathnormal\">t<\/span><span class=\"mord mathnormal\">un<\/span><span class=\"mclose\">}<\/span><\/span><\/span><\/span><\/span><\/li>\n<\/ul>\n<p><strong>O\u00f9:<\/strong><\/p>\n<ul>\n<li><strong>ID utilisateur\u00a0:<\/strong>\u00a0Identifiant unique<\/li>\n<li><strong>Donn\u00e9es d&#039;application\u00a0:<\/strong>\u00a0Donn\u00e9es sp\u00e9cifiques \u00e0 l&#039;application<\/li>\n<li><strong>ID de balise\u00a0:<\/strong>\u00a0ID de balise unique<\/li>\n<li><strong>Donn\u00e9es du fabricant :<\/strong>\u00a0Donn\u00e9es fournies par le fabricant<\/li>\n<\/ul>\n<p><strong>Conclusion:<\/strong><\/p>\n<p>L&#039;\u00e9tiquette RFID ABS est une solution polyvalente et personnalisable pour diverses applications, offrant une combinaison de performances robustes et d&#039;options flexibles pour r\u00e9pondre \u00e0 des besoins sp\u00e9cifiques.<\/p>","protected":false},"excerpt":{"rendered":"<p>L&#039;\u00e9tiquette RFID UHF On Metal ABS est une \u00e9tiquette RFID UHF passive longue port\u00e9e puissante con\u00e7ue pour exceller dans les environnements exigeants.<\/p>","protected":false},"featured_media":298,"template":"","meta":{"_kad_post_transparent":"default","_kad_post_title":"","_kad_post_layout":"default","_kad_post_sidebar_id":"","_kad_post_content_style":"default","_kad_post_vertical_padding":"default","_kad_post_feature":"","_kad_post_feature_position":"","_kad_post_header":false,"_kad_post_footer":false,"_kad_post_classname":""},"product_brand":[],"product_cat":[54],"product_tag":[120,119],"class_list":{"0":"post-296","1":"product","2":"type-product","3":"status-publish","4":"has-post-thumbnail","6":"product_cat-hot-selling-rfid-tags","7":"product_tag-on-metal-abs-rfid-tag","8":"product_tag-on-metal-abs-uhf-rfid-tag","10":"first","11":"instock","12":"shipping-taxable","13":"product-type-simple","14":"entry","15":"content-bg","16":"loop-entry"},"_links":{"self":[{"href":"https:\/\/rfid-laundry-tag.com\/fr\/wp-json\/wp\/v2\/product\/296","targetHints":{"allow":["GET"]}}],"collection":[{"href":"https:\/\/rfid-laundry-tag.com\/fr\/wp-json\/wp\/v2\/product"}],"about":[{"href":"https:\/\/rfid-laundry-tag.com\/fr\/wp-json\/wp\/v2\/types\/product"}],"version-history":[{"count":1,"href":"https:\/\/rfid-laundry-tag.com\/fr\/wp-json\/wp\/v2\/product\/296\/revisions"}],"predecessor-version":[{"id":1322,"href":"https:\/\/rfid-laundry-tag.com\/fr\/wp-json\/wp\/v2\/product\/296\/revisions\/1322"}],"wp:featuredmedia":[{"embeddable":true,"href":"https:\/\/rfid-laundry-tag.com\/fr\/wp-json\/wp\/v2\/media\/298"}],"wp:attachment":[{"href":"https:\/\/rfid-laundry-tag.com\/fr\/wp-json\/wp\/v2\/media?parent=296"}],"wp:term":[{"taxonomy":"product_brand","embeddable":true,"href":"https:\/\/rfid-laundry-tag.com\/fr\/wp-json\/wp\/v2\/product_brand?post=296"},{"taxonomy":"product_cat","embeddable":true,"href":"https:\/\/rfid-laundry-tag.com\/fr\/wp-json\/wp\/v2\/product_cat?post=296"},{"taxonomy":"product_tag","embeddable":true,"href":"https:\/\/rfid-laundry-tag.com\/fr\/wp-json\/wp\/v2\/product_tag?post=296"}],"curies":[{"name":"wp","href":"https:\/\/api.w.org\/{rel}","templated":true}]}}