{"id":2942,"date":"2025-10-27T13:54:59","date_gmt":"2025-10-27T13:54:59","guid":{"rendered":"https:\/\/rfid-laundry-tag.com\/?post_type=product&#038;p=2942"},"modified":"2025-10-27T14:13:32","modified_gmt":"2025-10-27T14:13:32","slug":"iron-heating-sealed-rfid-laundry-tag","status":"publish","type":"product","link":"https:\/\/rfid-laundry-tag.com\/fr\/iron-heating-sealed-rfid-laundry-tag\/","title":{"rendered":"\u00c9tiquette RFID scell\u00e9e pour le linge chauffant en fer"},"content":{"rendered":"<div>\n<div class=\"auto-hide-last-sibling-br paragraph_1252f paragraph-element\">\n<h2 data-start=\"0\" data-end=\"75\"><strong data-start=\"0\" data-end=\"75\">\u00c9tiquette RFID scell\u00e9e pour le linge, \u00e0 repasser \u2013 Durable, efficace et fiable<\/strong><\/h2>\n<p data-start=\"77\" data-end=\"443\">Le <strong data-start=\"81\" data-end=\"121\">\u00c9tiquette RFID scell\u00e9e pour le linge chauffant en fer<\/strong> Cette solution haute performance d&#039;identification et de suivi des textiles est sp\u00e9cialement con\u00e7ue pour les blanchisseries industrielles, le secteur de la sant\u00e9 et la gestion des uniformes. Gr\u00e2ce \u00e0 sa durabilit\u00e9 exceptionnelle, elle excelle m\u00eame dans les conditions de blanchisserie les plus difficiles, garantissant un suivi continu et sans faille des articles de linge en Europe, aux \u00c9tats-Unis et au Canada.<\/p>\n<h3 data-start=\"445\" data-end=\"462\">Principaux avantages :<\/h3>\n<ul data-start=\"463\" data-end=\"937\">\n<li data-start=\"463\" data-end=\"616\">\n<p data-start=\"465\" data-end=\"616\"><strong data-start=\"465\" data-end=\"496\">Imperm\u00e9able et r\u00e9sistant \u00e0 la chaleur<\/strong>R\u00e9siste \u00e0 l&#039;exposition aux d\u00e9tergents, \u00e0 l&#039;eau de Javel et aux hautes temp\u00e9ratures, assurant ainsi sa durabilit\u00e9 dans les processus de blanchisserie industrielle.<\/p>\n<\/li>\n<li data-start=\"617\" data-end=\"731\">\n<p data-start=\"619\" data-end=\"731\"><strong data-start=\"619\" data-end=\"647\">Performance durable<\/strong>: R\u00e9siste \u00e0 <strong data-start=\"663\" data-end=\"685\">200 cycles de lavage<\/strong> ou <strong data-start=\"689\" data-end=\"703\">300 lavages<\/strong>, garantissant une utilisation prolong\u00e9e.<\/p>\n<\/li>\n<li data-start=\"732\" data-end=\"829\">\n<p data-start=\"734\" data-end=\"829\"><strong data-start=\"734\" data-end=\"757\">Plage de lecture sup\u00e9rieure<\/strong>: Offre une distance de lecture de <strong data-start=\"785\" data-end=\"800\">8 \u00e0 12 m\u00e8tres<\/strong> pour une num\u00e9risation rapide et pr\u00e9cise.<\/p>\n<\/li>\n<li data-start=\"830\" data-end=\"937\">\n<p data-start=\"832\" data-end=\"937\"><strong data-start=\"832\" data-end=\"852\">D\u00e9lai d&#039;ex\u00e9cution rapide<\/strong>D\u00e9lai de livraison rapide de seulement <strong data-start=\"877\" data-end=\"887\">3 jours<\/strong>, vous assurant ainsi d&#039;obtenir ce dont vous avez besoin, au moment o\u00f9 vous en avez besoin.<\/p>\n<\/li>\n<\/ul>\n<h3 data-start=\"939\" data-end=\"956\">Principales caract\u00e9ristiques:<\/h3>\n<ul data-start=\"957\" data-end=\"1499\">\n<li data-start=\"957\" data-end=\"1123\">\n<p data-start=\"959\" data-end=\"1123\"><strong data-start=\"959\" data-end=\"990\">R\u00e9sistance chimique et \u00e0 l&#039;eau<\/strong>Con\u00e7ue pour r\u00e9sister aux d\u00e9tergents, aux adoucissants, \u00e0 l&#039;eau de Javel et aux traitements alcalins, cette \u00e9tiquette RFID reste op\u00e9rationnelle m\u00eame dans des conditions exigeantes.<\/p>\n<\/li>\n<li data-start=\"1124\" data-end=\"1248\">\n<p data-start=\"1126\" data-end=\"1248\"><strong data-start=\"1126\" data-end=\"1152\">Technologie de thermoscellage<\/strong>: S&#039;int\u00e8gre facilement aux machines de thermoscellage, assurant une fixation ferme et permanente aux tissus.<\/p>\n<\/li>\n<li data-start=\"1249\" data-end=\"1388\">\n<p data-start=\"1251\" data-end=\"1388\"><strong data-start=\"1251\" data-end=\"1272\">Thermocollant et \u00e0 coudre<\/strong>Application flexible par thermocollage ou couture, id\u00e9ale pour int\u00e9grer des \u00e9tiquettes dans les bords des textiles ou des \u00e9tiquettes d&#039;entretien.<\/p>\n<\/li>\n<li data-start=\"1389\" data-end=\"1499\">\n<p data-start=\"1391\" data-end=\"1499\"><strong data-start=\"1391\" data-end=\"1421\">R\u00e9sistant aux hautes temp\u00e9ratures<\/strong>Con\u00e7u pour r\u00e9sister \u00e0 la chaleur intense et aux contraintes m\u00e9caniques des blanchisseries industrielles.<\/p>\n<\/li>\n<\/ul>\n<h3 data-start=\"1501\" data-end=\"1530\">Sp\u00e9cifications techniques :<\/h3>\n<ul data-start=\"1531\" data-end=\"2169\">\n<li data-start=\"1531\" data-end=\"1653\">\n<p data-start=\"1533\" data-end=\"1653\"><strong data-start=\"1533\" data-end=\"1549\">Options de taille<\/strong>: 35 mm x 15 mm, 58 mm x 15 mm, 70 mm x 10 mm, 70 mm x 15 mm, 75 mm x 12 mm, 75 mm x 15 mm (tailles personnalis\u00e9es disponibles).<\/p>\n<\/li>\n<li data-start=\"1654\" data-end=\"1710\">\n<p data-start=\"1656\" data-end=\"1710\"><strong data-start=\"1656\" data-end=\"1674\">Normes RFID<\/strong>: ISO\/IEC 18000-6 Type C (EPC Gen2).<\/p>\n<\/li>\n<li data-start=\"1711\" data-end=\"1770\">\n<p data-start=\"1713\" data-end=\"1770\"><strong data-start=\"1713\" data-end=\"1729\">Options de puces<\/strong>: NXP U CODE 9, Alien H9, etc.<\/p>\n<\/li>\n<li data-start=\"1771\" data-end=\"1813\">\n<p data-start=\"1773\" data-end=\"1813\"><strong data-start=\"1773\" data-end=\"1783\">M\u00e9moire<\/strong>: EPC 128 bits, Utilisateur 512 bits.<\/p>\n<\/li>\n<li data-start=\"1814\" data-end=\"1852\">\n<p data-start=\"1816\" data-end=\"1852\"><strong data-start=\"1816\" data-end=\"1830\">Plage de lecture<\/strong>: 8M \u2013 10M (FCC\/ETSI).<\/p>\n<\/li>\n<li data-start=\"1853\" data-end=\"1927\">\n<p data-start=\"1855\" data-end=\"1927\"><strong data-start=\"1855\" data-end=\"1874\">M\u00e9thodes de marquage<\/strong>: Scellage \u00e0 chaud, adh\u00e9sif de marquage \u00e0 chaud ou perforation.<\/p>\n<\/li>\n<li data-start=\"1928\" data-end=\"2042\">\n<p data-start=\"1930\" data-end=\"2042\"><strong data-start=\"1930\" data-end=\"1956\">Temp\u00e9rature et humidit\u00e9<\/strong>: Fonctionne entre <strong data-start=\"1975\" data-end=\"1993\">-20\u00b0C \u00e0 110\u00b0C<\/strong>; plage de stockage <strong data-start=\"2009\" data-end=\"2027\">-40\u00b0C \u00e0 110\u00b0C<\/strong> avec 8-95% RH.<\/p>\n<\/li>\n<li data-start=\"2043\" data-end=\"2169\">\n<p data-start=\"2045\" data-end=\"2169\"><strong data-start=\"2045\" data-end=\"2072\">Lavage et st\u00e9rilisation<\/strong>: Supporte des temp\u00e9ratures de lavage jusqu&#039;\u00e0 <strong data-start=\"2111\" data-end=\"2119\">90\u00b0C<\/strong> et la st\u00e9rilisation \u00e0 <strong data-start=\"2141\" data-end=\"2168\">135\u00b0C pendant 15 \u00e0 20 minutes<\/strong>.<\/p>\n<\/li>\n<\/ul>\n<\/div>\n<\/div>\n<h2 data-start=\"2812\" data-end=\"3015\"><strong>Fiche de donn\u00e9es<\/strong><\/h2>\n<div>\n<div class=\"auto-hide-last-sibling-br paragraph_1252f paragraph-element\">\n<div>\n<table width=\"637\">\n<tbody>\n<tr>\n<td width=\"328\">Nom de l&#039;article:<\/td>\n<td width=\"309\">\u00c9tiquette RFID scell\u00e9e pour le linge chauffant en fer<\/td>\n<\/tr>\n<tr>\n<td width=\"328\">Norme RFID\u00a0:<\/td>\n<td width=\"309\">ISO\/IEC 18000-6 TypeC (EPC Gen2)<\/td>\n<\/tr>\n<tr>\n<td width=\"328\">Taille poids:<\/td>\n<td width=\"309\">\u00a035 mm x 15 mm ; 58 mm x 15 mm ; 70 mm x 10 mm ; 70 mm x 15 mm ; 75 mm x 12 mm ; 75 mm x 15 mm ou sur mesure<\/td>\n<\/tr>\n<tr>\n<td width=\"328\">Type de puce\u00a0:<\/td>\n<td width=\"309\">Monza 4QT, NXP U CODE 9, Alien H9, etc.<\/td>\n<\/tr>\n<tr>\n<td width=\"328\">M\u00e9moire CPE\u00a0:<\/td>\n<td width=\"309\">128 bits<\/td>\n<\/tr>\n<tr>\n<td width=\"328\">M\u00e9moire utilisateur\u00a0:<\/td>\n<td width=\"309\">512 bits<\/td>\n<\/tr>\n<tr>\n<td width=\"328\">Plage de lecture (2 W ERP FCC)\u00a0:<\/td>\n<td width=\"309\">8M~10M<\/td>\n<\/tr>\n<tr>\n<td width=\"328\">Plage de lecture (ERP ETSI 2 W)\u00a0:<\/td>\n<td width=\"309\">8M~10M<\/td>\n<\/tr>\n<tr>\n<td width=\"328\">Marquage\u00a0:<\/td>\n<td width=\"309\">Adh\u00e9sif pour marquage \u00e0 chaud, scellage thermique, perforation, etc.<\/td>\n<\/tr>\n<tr>\n<td width=\"328\">Dur\u00e9e de vie estim\u00e9e\u00a0:<\/td>\n<td width=\"309\">200 cycles de lavage ou 300 fois<\/td>\n<\/tr>\n<tr>\n<td width=\"328\">M\u00e9thode de lavage\u00a0:<\/td>\n<td width=\"309\">Blanchisserie, Nettoyage \u00e0 sec<\/td>\n<\/tr>\n<tr>\n<td width=\"328\">Pression d&#039;extraction d&#039;eau\u00a0:<\/td>\n<td width=\"309\">60 barres<\/td>\n<\/tr>\n<tr>\n<td width=\"328\">R\u00e9sistance \u00e0 l&#039;eau:<\/td>\n<td width=\"309\">R\u00e9sistant \u00e0 l&#039;eau<\/td>\n<\/tr>\n<tr>\n<td width=\"328\">R\u00e9sistance chimique:<\/td>\n<td width=\"309\">D\u00e9tergent, adoucissant, agent de blanchiment (oxyg\u00e8ne\/chlore), alcalin<\/td>\n<\/tr>\n<tr>\n<td width=\"328\">Pr\u00e9-s\u00e9chage au Tumbler :<\/td>\n<td width=\"309\">125 \u00baC pendant 15-20 minutes<\/td>\n<\/tr>\n<tr>\n<td width=\"328\">Temp\u00e9rature de st\u00e9rilisation\u00a0:<\/td>\n<td width=\"309\">135\u00b0C pendant 15-20 minutes<\/td>\n<\/tr>\n<tr>\n<td width=\"328\">Temp\u00e9rature de lavage\u00a0:<\/td>\n<td width=\"309\">90\u00b0C, jusqu&#039;\u00e0 15min.<\/td>\n<\/tr>\n<tr>\n<td width=\"328\">Humidit\u00e9\/temp\u00e9rature de fonctionnement\u00a0:<\/td>\n<td width=\"309\">-20 \u00e0 110\u00b0C, 8 \u00e0 95%RH<\/td>\n<\/tr>\n<tr>\n<td width=\"328\">Humidit\u00e9\/temp\u00e9rature-stockage\u00a0:<\/td>\n<td width=\"309\">-40 \u00e0 110\u00b0C, 8 \u00e0 95%RH<\/td>\n<\/tr>\n<\/tbody>\n<\/table>\n<\/div>\n<\/div>\n<\/div>\n<div><\/div>\n<div class=\"auto-hide-last-sibling-br paragraph_1252f paragraph-element\"><span class=\"AnswerParser_TextContainer__z_Iiv\" data-testid=\"youchat-text\"><strong>\u00c9tiquettes de blanchisserie RFID UHF<\/strong> sont la solution id\u00e9ale pour g\u00e9rer efficacement les v\u00eatements de travail, les serviettes d&#039;h\u00f4tel et les draps d&#039;h\u00f4pital. Ces \u00e9tiquettes durables sont con\u00e7ues pour r\u00e9sister aux temp\u00e9ratures \u00e9lev\u00e9es et aux produits chimiques agressifs g\u00e9n\u00e9ralement utilis\u00e9s dans les processus de lavage industriels. Leur construction robuste garantit qu&#039;elles restent fonctionnelles m\u00eame apr\u00e8s plusieurs cycles de lavage, ce qui en fait un atout inestimable dans toute op\u00e9ration de blanchisserie.<\/span><span class=\"AnswerParser_TextContainer__z_Iiv\" data-testid=\"youchat-text\">En int\u00e9grant la technologie RFID dans votre syst\u00e8me de gestion de blanchisserie, vous pouvez r\u00e9duire consid\u00e9rablement les co\u00fbts de manutention. Les passerelles et compteurs RFID rationalisent le processus de suivi, vous permettant de localiser et d&#039;identifier rapidement les articles de blanchisserie. Cela permet non seulement de gagner du temps, mais aussi d&#039;am\u00e9liorer la pr\u00e9cision de l&#039;inventaire, vous permettant de suivre facilement les cycles de lavage. Avec les \u00e9tiquettes de blanchisserie RFID UHF, vous am\u00e9liorerez votre efficacit\u00e9 op\u00e9rationnelle et vous assurerez que vos articles de blanchisserie sont toujours comptabilis\u00e9s.<\/span><\/div>\n<div><\/div>\n<div>\n<h3 data-start=\"2171\" data-end=\"2219\">Optimis\u00e9 pour les op\u00e9rations de blanchisserie industrielle\u00a0:<\/h3>\n<p data-start=\"2220\" data-end=\"2515\">Les \u00e9tiquettes RFID UHF pour le linge permettent une gestion efficace des uniformes de travail, du linge d&#039;h\u00f4tel, des textiles hospitaliers, etc. R\u00e9sistantes aux hautes temp\u00e9ratures et aux produits chimiques agressifs, elles restent fonctionnelles m\u00eame apr\u00e8s de nombreux lavages, garantissant ainsi le bon fonctionnement de votre blanchisserie.<\/p>\n<p data-start=\"2517\" data-end=\"2583\">En int\u00e9grant la RFID \u00e0 votre syst\u00e8me de gestion de blanchisserie, vous b\u00e9n\u00e9ficiez de\u00a0:<\/p>\n<ul data-start=\"2584\" data-end=\"2810\">\n<li data-start=\"2584\" data-end=\"2675\">\n<p data-start=\"2586\" data-end=\"2675\"><strong data-start=\"2586\" data-end=\"2609\">Efficacit\u00e9 accrue<\/strong>Un suivi des stocks plus rapide et plus pr\u00e9cis r\u00e9duit les co\u00fbts de manutention.<\/p>\n<\/li>\n<li data-start=\"2676\" data-end=\"2810\">\n<p data-start=\"2678\" data-end=\"2810\"><strong data-start=\"2678\" data-end=\"2699\">Pr\u00e9cision am\u00e9lior\u00e9e<\/strong>La technologie RFID assure un suivi pr\u00e9cis de la localisation, r\u00e9duisant les erreurs et garantissant le recensement des articles.<\/p>\n<\/li>\n<\/ul>\n<p data-start=\"2812\" data-end=\"3015\"><strong data-start=\"2812\" data-end=\"2853\">\u00c9tiquettes RFID scell\u00e9es pour le linge chauffant au fer<\/strong> Optimisez vos op\u00e9rations de blanchisserie pour les rendre plus rapides, plus fiables et plus rentables, rationalisez votre flux de travail et assurez la tra\u00e7abilit\u00e9 de vos articles \u00e0 chaque lavage.<\/p>\n<\/div>\n<div data-spm-anchor-id=\"a2700.details.0.i57.23b419c7xXORP0\"><\/div>\n<div class=\"auto-hide-last-sibling-br paragraph_1252f paragraph-element\"><\/div>\n<div class=\"auto-hide-last-sibling-br paragraph_1252f paragraph-element\"><\/div>","protected":false},"excerpt":{"rendered":"<p>Nous figurons parmi les 5 premiers fabricants d&#039;\u00e9tiquettes RFID scell\u00e9es par chauffage pour le linge<strong>.\u00c9tiquette de blanchisserie RFID<\/strong>\u00a0assure un suivi textile durable dans les secteurs de la sant\u00e9, de la blanchisserie et des uniformes en Europe, aux \u00c9tats-Unis et au Canada, r\u00e9sistant aux cycles de lavage agressifs.<\/p>","protected":false},"featured_media":2943,"template":"","meta":{"_kad_post_transparent":"default","_kad_post_title":"","_kad_post_layout":"default","_kad_post_sidebar_id":"","_kad_post_content_style":"default","_kad_post_vertical_padding":"default","_kad_post_feature":"","_kad_post_feature_position":"","_kad_post_header":false,"_kad_post_footer":false,"_kad_post_classname":""},"product_brand":[],"product_cat":[16],"product_tag":[364,363,338,342,339,65,30],"class_list":{"0":"post-2942","1":"product","2":"type-product","3":"status-publish","4":"has-post-thumbnail","6":"product_cat-uhf-rfid-laundry-tags","7":"product_tag-heating-sealed-rfid-laundry-tag","8":"product_tag-iron-heating-sealed-rfid-laundry-tag","9":"product_tag-rfid-chips-for-uniforms","10":"product_tag-rfid-laundry-tags","11":"product_tag-rfid-washable-tags","12":"product_tag-textile-rfid-laundry-tags","13":"product_tag-uhf-rfid-laundry-tag","15":"first","16":"instock","17":"featured","18":"shipping-taxable","19":"product-type-simple","20":"entry","21":"content-bg","22":"loop-entry"},"_links":{"self":[{"href":"https:\/\/rfid-laundry-tag.com\/fr\/wp-json\/wp\/v2\/product\/2942","targetHints":{"allow":["GET"]}}],"collection":[{"href":"https:\/\/rfid-laundry-tag.com\/fr\/wp-json\/wp\/v2\/product"}],"about":[{"href":"https:\/\/rfid-laundry-tag.com\/fr\/wp-json\/wp\/v2\/types\/product"}],"version-history":[{"count":2,"href":"https:\/\/rfid-laundry-tag.com\/fr\/wp-json\/wp\/v2\/product\/2942\/revisions"}],"predecessor-version":[{"id":2948,"href":"https:\/\/rfid-laundry-tag.com\/fr\/wp-json\/wp\/v2\/product\/2942\/revisions\/2948"}],"wp:featuredmedia":[{"embeddable":true,"href":"https:\/\/rfid-laundry-tag.com\/fr\/wp-json\/wp\/v2\/media\/2943"}],"wp:attachment":[{"href":"https:\/\/rfid-laundry-tag.com\/fr\/wp-json\/wp\/v2\/media?parent=2942"}],"wp:term":[{"taxonomy":"product_brand","embeddable":true,"href":"https:\/\/rfid-laundry-tag.com\/fr\/wp-json\/wp\/v2\/product_brand?post=2942"},{"taxonomy":"product_cat","embeddable":true,"href":"https:\/\/rfid-laundry-tag.com\/fr\/wp-json\/wp\/v2\/product_cat?post=2942"},{"taxonomy":"product_tag","embeddable":true,"href":"https:\/\/rfid-laundry-tag.com\/fr\/wp-json\/wp\/v2\/product_tag?post=2942"}],"curies":[{"name":"wp","href":"https:\/\/api.w.org\/{rel}","templated":true}]}}